{"id":3696,"date":"2024-12-04T03:40:53","date_gmt":"2024-12-04T03:40:53","guid":{"rendered":"https:\/\/istorijskaistrazivanja.com\/?page_id=3696"},"modified":"2026-02-13T09:16:47","modified_gmt":"2026-02-13T09:16:47","slug":"specijalni-tuzioci","status":"publish","type":"page","link":"https:\/\/tuzilastvo.me\/en\/sdt\/sdt-o-nama\/specijalni-tuzioci\/","title":{"rendered":"Special Prosecutors"},"content":{"rendered":"<div data-elementor-type=\"wp-page\" data-elementor-id=\"3696\" class=\"elementor elementor-3696\" data-elementor-post-type=\"page\">\n\t\t\t\t<div class=\"elementor-element elementor-element-e462040 e-flex e-con-boxed e-con e-parent\" data-id=\"e462040\" data-element_type=\"container\">\n\t\t\t\t\t<div class=\"e-con-inner\">\n\t\t\t\t<div class=\"elementor-element elementor-element-029aa24 elementor-widget elementor-widget-template\" data-id=\"029aa24\" data-element_type=\"widget\" data-widget_type=\"template.default\">\n\t\t\t\t<div class=\"elementor-widget-container\">\n\t\t\t\t\t\t\t<div class=\"elementor-template\">\n\t\t\t\t\t<div data-elementor-type=\"container\" data-elementor-id=\"61566\" class=\"elementor elementor-61566\" data-elementor-post-type=\"elementor_library\">\n\t\t\t\t<div class=\"elementor-element elementor-element-6a327246 e-flex e-con-boxed e-con e-parent\" data-id=\"6a327246\" data-element_type=\"container\" data-settings=\"{&quot;background_background&quot;:&quot;classic&quot;,&quot;sticky&quot;:&quot;top&quot;,&quot;sticky_on&quot;:[&quot;desktop&quot;,&quot;tablet&quot;,&quot;mobile&quot;],&quot;sticky_offset&quot;:0,&quot;sticky_effects_offset&quot;:0,&quot;sticky_anchor_link_offset&quot;:0}\">\n\t\t\t\t\t<div class=\"e-con-inner\">\n\t\t\t\t<div class=\"elementor-element elementor-element-3962a333 elementor-widget elementor-widget-heading\" data-id=\"3962a333\" data-element_type=\"widget\" data-widget_type=\"heading.default\">\n\t\t\t\t<div class=\"elementor-widget-container\">\n\t\t\t\t\t<h1 class=\"elementor-heading-title elementor-size-default\">SPECIAL STATE PROSECUTOR'S OFFICE <\/h1>\t\t\t\t<\/div>\n\t\t\t\t<\/div>\n\t\t\t\t<div class=\"elementor-element elementor-element-5e94c51a elementor-search-form--skin-classic elementor-search-form--button-type-icon elementor-search-form--icon-search elementor-widget elementor-widget-search-form\" data-id=\"5e94c51a\" data-element_type=\"widget\" data-settings=\"{&quot;skin&quot;:&quot;classic&quot;}\" data-widget_type=\"search-form.default\">\n\t\t\t\t<div class=\"elementor-widget-container\">\n\t\t\t\t\t\t\t<search role=\"search\">\n\t\t\t<form class=\"elementor-search-form\" action=\"https:\/\/tuzilastvo.me\/en\/\" method=\"get\" data-trp-original-action=\"https:\/\/tuzilastvo.me\/en\">\n\t\t\t\t\t\t\t\t\t\t\t\t<div class=\"elementor-search-form__container\">\n\t\t\t\t\t<label class=\"elementor-screen-only\" for=\"elementor-search-form-5e94c51a\">Search<\/label>\n\n\t\t\t\t\t\n\t\t\t\t\t<input id=\"elementor-search-form-5e94c51a\" placeholder=\"Search\" class=\"elementor-search-form__input\" type=\"search\" name=\"s\" value=\"\">\n\t\t\t\t\t\n\t\t\t\t\t\t\t\t\t\t\t<button class=\"elementor-search-form__submit\" type=\"submit\" aria-label=\"Search\">\n\t\t\t\t\t\t\t\t\t\t\t\t\t\t\t<div class=\"e-font-icon-svg-container\"><svg class=\"fa fa-search e-font-icon-svg e-fas-search\" viewbox=\"0 0 512 512\" xmlns=\"http:\/\/www.w3.org\/2000\/svg\"><path d=\"M505 442.7L405.3 343c-4.5-4.5-10.6-7-17-7H372c27.6-35.3 44-79.7 44-128C416 93.1 322.9 0 208 0S0 93.1 0 208s93.1 208 208 208c48.3 0 92.7-16.4 128-44v16.3c0 6.4 2.5 12.5 7 17l99.7 99.7c9.4 9.4 24.6 9.4 33.9 0l28.3-28.3c9.4-9.4 9.4-24.6.1-34zM208 336c-70.7 0-128-57.2-128-128 0-70.7 57.2-128 128-128 70.7 0 128 57.2 128 128 0 70.7-57.2 128-128 128z\"><\/path><\/svg><\/div>\t\t\t\t\t\t\t\t\t\t\t\t\t<\/button>\n\t\t\t\t\t\n\t\t\t\t\t\t\t\t\t<\/div>\n\t\t\t<input type=\"hidden\" name=\"trp-form-language\" value=\"en\"\/><\/form>\n\t\t<\/search>\n\t\t\t\t\t\t<\/div>\n\t\t\t\t<\/div>\n\t\t<div class=\"elementor-element elementor-element-203f86ff e-con-full header-row e-flex e-con e-child\" data-id=\"203f86ff\" data-element_type=\"container\">\n\t\t\t\t<div class=\"elementor-element elementor-element-42d13f83 title elementor-widget elementor-widget-heading\" data-id=\"42d13f83\" data-element_type=\"widget\" data-widget_type=\"heading.default\">\n\t\t\t\t<div class=\"elementor-widget-container\">\n\t\t\t\t\t<h3 class=\"elementor-heading-title elementor-size-default\"><a href=\"https:\/\/tuzilastvo.me\/en\/sdt\/\">Front Page<\/a><\/h3>\t\t\t\t<\/div>\n\t\t\t\t<\/div>\n\t\t\t\t<div class=\"elementor-element elementor-element-2afaafcc title elementor-widget elementor-widget-heading\" data-id=\"2afaafcc\" data-element_type=\"widget\" data-widget_type=\"heading.default\">\n\t\t\t\t<div class=\"elementor-widget-container\">\n\t\t\t\t\t<h3 class=\"elementor-heading-title elementor-size-default\"><a href=\"https:\/\/tuzilastvo.me\/en\/sdt\/sdt-o-nama\/\">About us<\/a><\/h3>\t\t\t\t<\/div>\n\t\t\t\t<\/div>\n\t\t\t\t<div class=\"elementor-element elementor-element-5e07584f title elementor-widget elementor-widget-heading\" data-id=\"5e07584f\" data-element_type=\"widget\" data-widget_type=\"heading.default\">\n\t\t\t\t<div class=\"elementor-widget-container\">\n\t\t\t\t\t<h3 class=\"elementor-heading-title elementor-size-default\"><a href=\"https:\/\/tuzilastvo.me\/en\/sdt\/biblioteka\/\">Library<\/a><\/h3>\t\t\t\t<\/div>\n\t\t\t\t<\/div>\n\t\t\t\t<div class=\"elementor-element elementor-element-10cd73b5 title elementor-widget elementor-widget-heading\" data-id=\"10cd73b5\" data-element_type=\"widget\" data-widget_type=\"heading.default\">\n\t\t\t\t<div class=\"elementor-widget-container\">\n\t\t\t\t\t<h3 class=\"elementor-heading-title elementor-size-default\"><a href=\"https:\/\/tuzilastvo.me\/en\/sdt\/odluke\/\">Decisions<\/a><\/h3>\t\t\t\t<\/div>\n\t\t\t\t<\/div>\n\t\t\t\t<div class=\"elementor-element elementor-element-21a5ce1 title elementor-widget elementor-widget-heading\" data-id=\"21a5ce1\" data-element_type=\"widget\" data-widget_type=\"heading.default\">\n\t\t\t\t<div class=\"elementor-widget-container\">\n\t\t\t\t\t<h3 class=\"elementor-heading-title elementor-size-default\"><a href=\"https:\/\/tuzilastvo.me\/en\/sdt\/odnosi-s-javnoscu\/\">Public Relations<\/a><\/h3>\t\t\t\t<\/div>\n\t\t\t\t<\/div>\n\t\t\t\t<div class=\"elementor-element elementor-element-79463fc3 title elementor-widget elementor-widget-heading\" data-id=\"79463fc3\" data-element_type=\"widget\" data-widget_type=\"heading.default\">\n\t\t\t\t<div class=\"elementor-widget-container\">\n\t\t\t\t\t<h3 class=\"elementor-heading-title elementor-size-default\"><a href=\"https:\/\/tuzilastvo.me\/en\/sdt\/oglasi\/\">Advertisements<\/a><\/h3>\t\t\t\t<\/div>\n\t\t\t\t<\/div>\n\t\t\t\t<div class=\"elementor-element elementor-element-66e8a843 title elementor-widget elementor-widget-heading\" data-id=\"66e8a843\" data-element_type=\"widget\" data-widget_type=\"heading.default\">\n\t\t\t\t<div class=\"elementor-widget-container\">\n\t\t\t\t\t<h3 class=\"elementor-heading-title elementor-size-default\"><a href=\"https:\/\/tuzilastvo.me\/en\/sdt\/kontakt\/\">Contact<\/a><\/h3>\t\t\t\t<\/div>\n\t\t\t\t<\/div>\n\t\t\t\t<\/div>\n\t\t\t\t\t<\/div>\n\t\t\t\t<\/div>\n\t\t\t\t<\/div>\n\t\t\t\t<\/div>\n\t\t\t\t\t\t<\/div>\n\t\t\t\t<\/div>\n\t\t\t\t\t<\/div>\n\t\t\t\t<\/div>\n\t\t<div class=\"elementor-element elementor-element-1e0ef57 e-flex e-con-boxed e-con e-parent\" data-id=\"1e0ef57\" data-element_type=\"container\">\n\t\t\t\t\t<div class=\"e-con-inner\">\n\t\t<div class=\"elementor-element elementor-element-c018861 e-con-full e-flex e-con e-child\" data-id=\"c018861\" data-element_type=\"container\">\n\t\t\t\t<div class=\"elementor-element elementor-element-0052f80 elementor-widget elementor-widget-heading\" data-id=\"0052f80\" data-element_type=\"widget\" data-widget_type=\"heading.default\">\n\t\t\t\t<div class=\"elementor-widget-container\">\n\t\t\t\t\t<h2 class=\"elementor-heading-title elementor-size-default\">Special Prosecutors<\/h2>\t\t\t\t<\/div>\n\t\t\t\t<\/div>\n\t\t<div class=\"elementor-element elementor-element-d653682 e-flex e-con-boxed e-con e-child\" data-id=\"d653682\" data-element_type=\"container\">\n\t\t\t\t\t<div class=\"e-con-inner\">\n\t\t\t\t<div class=\"elementor-element elementor-element-ac8922f elementor-widget elementor-widget-heading\" data-id=\"ac8922f\" data-element_type=\"widget\" data-widget_type=\"heading.default\">\n\t\t\t\t<div class=\"elementor-widget-container\">\n\t\t\t\t\t<h3 class=\"elementor-heading-title elementor-size-default\">\n<\/h3>\t\t\t\t<\/div>\n\t\t\t\t<\/div>\n\t\t<div class=\"elementor-element elementor-element-841f9bf e-con-full e-flex e-con e-child\" data-id=\"841f9bf\" data-element_type=\"container\">\n\t\t<div class=\"elementor-element elementor-element-bc7b332 e-con-full e-flex e-con e-child\" data-id=\"bc7b332\" data-element_type=\"container\">\n\t\t\t\t<div class=\"elementor-element elementor-element-582a12c elementor-position-top elementor-widget elementor-widget-image-box\" data-id=\"582a12c\" data-element_type=\"widget\" data-widget_type=\"image-box.default\">\n\t\t\t\t<div class=\"elementor-widget-container\">\n\t\t\t\t\t<div class=\"elementor-image-box-wrapper\"><figure class=\"elementor-image-box-img\"><a href=\"https:\/\/tuzilastvo.me\/en\/sdt\/sdt-o-nama\/glavni-specijalni-tuzilac\/\" tabindex=\"-1\"><img decoding=\"async\" width=\"200\" height=\"198\" src=\"https:\/\/tuzilastvo.me\/wp-content\/uploads\/2025\/07\/GST-e1753445742222.jpeg\" class=\"attachment-full size-full wp-image-54785\" alt=\"\" \/><\/a><\/figure><div class=\"elementor-image-box-content\"><h3 class=\"elementor-image-box-title\"><a href=\"https:\/\/tuzilastvo.me\/en\/sdt\/sdt-o-nama\/glavni-specijalni-tuzilac\/\">Vladimir Novovi\u0107<\/a><\/h3><p class=\"elementor-image-box-description\">chief special prosecutor\n\n<\/p><\/div><\/div>\t\t\t\t<\/div>\n\t\t\t\t<\/div>\n\t\t\t\t<\/div>\n\t\t\t\t<\/div>\n\t\t\t\t\t<\/div>\n\t\t\t\t<\/div>\n\t\t<div class=\"elementor-element elementor-element-43af539 e-con-full e-flex e-con e-child\" data-id=\"43af539\" data-element_type=\"container\">\n\t\t<div class=\"elementor-element elementor-element-7fec4eb e-con-full e-flex e-con e-child\" data-id=\"7fec4eb\" data-element_type=\"container\">\n\t\t<div class=\"elementor-element elementor-element-c632646 e-con-full e-flex e-con e-child\" data-id=\"c632646\" data-element_type=\"container\">\n\t\t\t\t<div class=\"elementor-element elementor-element-39a2ee0 elementor-vertical-align-top elementor-widget elementor-widget-image-box\" data-id=\"39a2ee0\" data-element_type=\"widget\" data-widget_type=\"image-box.default\">\n\t\t\t\t<div class=\"elementor-widget-container\">\n\t\t\t\t\t<div class=\"elementor-image-box-wrapper\"><div class=\"elementor-image-box-content\"><h3 class=\"elementor-image-box-title\">Milo\u0161 \u0160o\u0161ki\u0107<\/h3><p class=\"elementor-image-box-description\">special prosecutor<\/p><\/div><\/div>\t\t\t\t<\/div>\n\t\t\t\t<\/div>\n\t\t\t\t<\/div>\n\t\t<div class=\"elementor-element elementor-element-0c20835 e-con-full e-flex e-con e-child\" data-id=\"0c20835\" data-element_type=\"container\">\n\t\t\t\t<div class=\"elementor-element elementor-element-c9bb171 elementor-vertical-align-top elementor-widget elementor-widget-image-box\" data-id=\"c9bb171\" data-element_type=\"widget\" data-widget_type=\"image-box.default\">\n\t\t\t\t<div class=\"elementor-widget-container\">\n\t\t\t\t\t<div class=\"elementor-image-box-wrapper\"><div class=\"elementor-image-box-content\"><h3 class=\"elementor-image-box-title\">Sanja Jovi\u0107evi\u0107<\/h3><p class=\"elementor-image-box-description\">special prosecutor<\/p><\/div><\/div>\t\t\t\t<\/div>\n\t\t\t\t<\/div>\n\t\t\t\t<\/div>\n\t\t\t\t<div class=\"elementor-element elementor-element-0ee9fb8 elementor-vertical-align-top elementor-widget elementor-widget-image-box\" data-id=\"0ee9fb8\" data-element_type=\"widget\" data-widget_type=\"image-box.default\">\n\t\t\t\t<div class=\"elementor-widget-container\">\n\t\t\t\t\t<div class=\"elementor-image-box-wrapper\"><div class=\"elementor-image-box-content\"><h3 class=\"elementor-image-box-title\">Miroslav Turkovi\u0107<\/h3><p class=\"elementor-image-box-description\">special prosecutor<\/p><\/div><\/div>\t\t\t\t<\/div>\n\t\t\t\t<\/div>\n\t\t\t\t<\/div>\n\t\t\t\t<\/div>\n\t\t<div class=\"elementor-element elementor-element-9c03922 e-con-full e-flex e-con e-child\" data-id=\"9c03922\" data-element_type=\"container\">\n\t\t<div class=\"elementor-element elementor-element-772b819 e-con-full e-flex e-con e-child\" data-id=\"772b819\" data-element_type=\"container\">\n\t\t\t\t<div class=\"elementor-element elementor-element-951f31f elementor-vertical-align-top elementor-widget elementor-widget-image-box\" data-id=\"951f31f\" data-element_type=\"widget\" data-widget_type=\"image-box.default\">\n\t\t\t\t<div class=\"elementor-widget-container\">\n\t\t\t\t\t<div class=\"elementor-image-box-wrapper\"><div class=\"elementor-image-box-content\"><h3 class=\"elementor-image-box-title\">Zoran Vu\u010dini\u0107<\/h3><p class=\"elementor-image-box-description\">special prosecutor<\/p><\/div><\/div>\t\t\t\t<\/div>\n\t\t\t\t<\/div>\n\t\t\t\t<\/div>\n\t\t<div class=\"elementor-element elementor-element-8d1b219 e-con-full e-flex e-con e-child\" data-id=\"8d1b219\" data-element_type=\"container\">\n\t\t\t\t<div class=\"elementor-element elementor-element-08d8c73 elementor-vertical-align-top elementor-widget elementor-widget-image-box\" data-id=\"08d8c73\" data-element_type=\"widget\" data-widget_type=\"image-box.default\">\n\t\t\t\t<div class=\"elementor-widget-container\">\n\t\t\t\t\t<div class=\"elementor-image-box-wrapper\"><div class=\"elementor-image-box-content\"><h3 class=\"elementor-image-box-title\">Ljiljana Laki\u0107 <\/h3><p class=\"elementor-image-box-description\">specijalna tu\u017eiteljka - Predsjednica Upravnog odbora Centra za edukaciju u sudstvu i dr\u017eavnom tu\u017eila\u0161tvu<\/p><\/div><\/div>\t\t\t\t<\/div>\n\t\t\t\t<\/div>\n\t\t\t\t<\/div>\n\t\t<div class=\"elementor-element elementor-element-24daf6c e-con-full e-flex e-con e-child\" data-id=\"24daf6c\" data-element_type=\"container\">\n\t\t\t\t<div class=\"elementor-element elementor-element-d0e07f0 elementor-vertical-align-top elementor-widget elementor-widget-image-box\" data-id=\"d0e07f0\" data-element_type=\"widget\" data-widget_type=\"image-box.default\">\n\t\t\t\t<div class=\"elementor-widget-container\">\n\t\t\t\t\t<div class=\"elementor-image-box-wrapper\"><div class=\"elementor-image-box-content\"><h3 class=\"elementor-image-box-title\">Tanja \u010colan Dereti\u0107<\/h3><p class=\"elementor-image-box-description\">special prosecutor<\/p><\/div><\/div>\t\t\t\t<\/div>\n\t\t\t\t<\/div>\n\t\t\t\t<\/div>\n\t\t\t\t<\/div>\n\t\t<div class=\"elementor-element elementor-element-bdaaab1 e-con-full e-flex e-con e-child\" data-id=\"bdaaab1\" data-element_type=\"container\">\n\t\t<div class=\"elementor-element elementor-element-4f663d2 e-con-full e-flex e-con e-child\" data-id=\"4f663d2\" data-element_type=\"container\">\n\t\t\t\t<div class=\"elementor-element elementor-element-27ef02b elementor-vertical-align-top elementor-widget elementor-widget-image-box\" data-id=\"27ef02b\" data-element_type=\"widget\" data-widget_type=\"image-box.default\">\n\t\t\t\t<div class=\"elementor-widget-container\">\n\t\t\t\t\t<div class=\"elementor-image-box-wrapper\"><div class=\"elementor-image-box-content\"><h3 class=\"elementor-image-box-title\">Ivan Medojevi\u0107<\/h3><p class=\"elementor-image-box-description\">special prosecutor<\/p><\/div><\/div>\t\t\t\t<\/div>\n\t\t\t\t<\/div>\n\t\t<div class=\"elementor-element elementor-element-d4cbf92 e-con-full e-flex e-con e-child\" data-id=\"d4cbf92\" data-element_type=\"container\">\n\t\t\t\t<div class=\"elementor-element elementor-element-941cae9 elementor-vertical-align-top elementor-widget elementor-widget-image-box\" data-id=\"941cae9\" data-element_type=\"widget\" data-widget_type=\"image-box.default\">\n\t\t\t\t<div class=\"elementor-widget-container\">\n\t\t\t\t\t<div class=\"elementor-image-box-wrapper\"><div class=\"elementor-image-box-content\"><h3 class=\"elementor-image-box-title\">Marko Ivanovi\u0107<\/h3><p class=\"elementor-image-box-description\">State Prosecutor<\/p><\/div><\/div>\t\t\t\t<\/div>\n\t\t\t\t<\/div>\n\t\t\t\t<\/div>\n\t\t<div class=\"elementor-element elementor-element-5a5c9da e-con-full e-flex e-con e-child\" data-id=\"5a5c9da\" data-element_type=\"container\">\n\t\t\t\t<div class=\"elementor-element elementor-element-30f1590 elementor-vertical-align-top elementor-widget elementor-widget-image-box\" data-id=\"30f1590\" data-element_type=\"widget\" data-widget_type=\"image-box.default\">\n\t\t\t\t<div class=\"elementor-widget-container\">\n\t\t\t\t\t<div class=\"elementor-image-box-wrapper\"><div class=\"elementor-image-box-content\"><h3 class=\"elementor-image-box-title\">Sini\u0161a Mili\u0107<\/h3><p class=\"elementor-image-box-description\">State Prosecutor <\/p><\/div><\/div>\t\t\t\t<\/div>\n\t\t\t\t<\/div>\n\t\t\t\t<\/div>\n\t\t\t\t<\/div>\n\t\t<div class=\"elementor-element elementor-element-2fec4e2 e-con-full e-flex e-con e-child\" data-id=\"2fec4e2\" data-element_type=\"container\">\n\t\t\t\t<div class=\"elementor-element elementor-element-2400d10 elementor-vertical-align-top elementor-widget elementor-widget-image-box\" data-id=\"2400d10\" data-element_type=\"widget\" data-widget_type=\"image-box.default\">\n\t\t\t\t<div class=\"elementor-widget-container\">\n\t\t\t\t\t<div class=\"elementor-image-box-wrapper\"><div class=\"elementor-image-box-content\"><h3 class=\"elementor-image-box-title\">Ana Perovi\u0107 Vojinovi\u0107<\/h3><p class=\"elementor-image-box-description\">special prosecutor<\/p><\/div><\/div>\t\t\t\t<\/div>\n\t\t\t\t<\/div>\n\t\t<div class=\"elementor-element elementor-element-f82e889 e-con-full e-flex e-con e-child\" data-id=\"f82e889\" data-element_type=\"container\">\n\t\t\t\t<div class=\"elementor-element elementor-element-e627fce elementor-vertical-align-top elementor-widget elementor-widget-image-box\" data-id=\"e627fce\" data-element_type=\"widget\" data-widget_type=\"image-box.default\">\n\t\t\t\t<div class=\"elementor-widget-container\">\n\t\t\t\t\t<div class=\"elementor-image-box-wrapper\"><div class=\"elementor-image-box-content\"><h3 class=\"elementor-image-box-title\">Maja Jankovi\u0107<\/h3><p class=\"elementor-image-box-description\">State Prosecutor<\/p><\/div><\/div>\t\t\t\t<\/div>\n\t\t\t\t<\/div>\n\t\t\t\t<\/div>\n\t\t<div class=\"elementor-element elementor-element-48e8faf e-con-full e-flex e-con e-child\" data-id=\"48e8faf\" data-element_type=\"container\">\n\t\t\t\t<div class=\"elementor-element elementor-element-00edf03 elementor-vertical-align-top elementor-widget elementor-widget-image-box\" data-id=\"00edf03\" data-element_type=\"widget\" data-widget_type=\"image-box.default\">\n\t\t\t\t<div class=\"elementor-widget-container\">\n\t\t\t\t\t<div class=\"elementor-image-box-wrapper\"><div class=\"elementor-image-box-content\"><h3 class=\"elementor-image-box-title\">Milo\u0161 Pipovi\u0107<\/h3><p class=\"elementor-image-box-description\">State Prosecutor <\/p><\/div><\/div>\t\t\t\t<\/div>\n\t\t\t\t<\/div>\n\t\t\t\t<\/div>\n\t\t\t\t<\/div>\n\t\t<div class=\"elementor-element elementor-element-e037e96 e-con-full e-flex e-con e-child\" data-id=\"e037e96\" data-element_type=\"container\">\n\t\t\t\t<div class=\"elementor-element elementor-element-c30821c elementor-vertical-align-top elementor-widget elementor-widget-image-box\" data-id=\"c30821c\" data-element_type=\"widget\" data-widget_type=\"image-box.default\">\n\t\t\t\t<div class=\"elementor-widget-container\">\n\t\t\t\t\t<div class=\"elementor-image-box-wrapper\"><div class=\"elementor-image-box-content\"><h3 class=\"elementor-image-box-title\">Vukas Radonji\u0107<\/h3><p class=\"elementor-image-box-description\">special prosecutor<\/p><\/div><\/div>\t\t\t\t<\/div>\n\t\t\t\t<\/div>\n\t\t<div class=\"elementor-element elementor-element-0a463bb e-con-full e-flex e-con e-child\" data-id=\"0a463bb\" data-element_type=\"container\">\n\t\t\t\t<div class=\"elementor-element elementor-element-c08cdf2 elementor-vertical-align-top elementor-widget elementor-widget-image-box\" data-id=\"c08cdf2\" data-element_type=\"widget\" data-widget_type=\"image-box.default\">\n\t\t\t\t<div class=\"elementor-widget-container\">\n\t\t\t\t\t<div class=\"elementor-image-box-wrapper\"><div class=\"elementor-image-box-content\"><h3 class=\"elementor-image-box-title\">Jovan Vukoti\u0107<\/h3><p class=\"elementor-image-box-description\">State Prosecutor <\/p><\/div><\/div>\t\t\t\t<\/div>\n\t\t\t\t<\/div>\n\t\t\t\t<\/div>\n\t\t<div class=\"elementor-element elementor-element-b12fa2a e-con-full e-flex e-con e-child\" data-id=\"b12fa2a\" data-element_type=\"container\">\n\t\t\t\t<div class=\"elementor-element elementor-element-a1b50e6 elementor-vertical-align-top elementor-widget elementor-widget-image-box\" data-id=\"a1b50e6\" data-element_type=\"widget\" data-widget_type=\"image-box.default\">\n\t\t\t\t<div class=\"elementor-widget-container\">\n\t\t\t\t\t<div class=\"elementor-image-box-wrapper\"><div class=\"elementor-image-box-content\"><h3 class=\"elementor-image-box-title\">Ivana Petru\u0161i\u0107 Vuka\u0161evi\u0107<\/h3><p class=\"elementor-image-box-description\">State Prosecutor \n<\/p><\/div><\/div>\t\t\t\t<\/div>\n\t\t\t\t<\/div>\n\t\t\t\t<\/div>\n\t\t\t\t<\/div>\n\t\t\t\t<\/div>\n\t\t\t\t<\/div>\n\t\t\t\t\t<\/div>\n\t\t\t\t<\/div>\n\t\t\t\t<\/div>","protected":false},"excerpt":{"rendered":"<p>Specijalni tu\u017eioci Vladimir Novovi\u0107 glavni specijalni tu\u017eilac Milo\u0161 \u0160o\u0161ki\u0107 specijalni tu\u017eilac Sanja Jovi\u0107evi\u0107 specijalna tu\u017eiteljka Miroslav Turkovi\u0107 specijalni tu\u017eilac Zoran [&hellip;]<\/p>","protected":false},"author":24,"featured_media":0,"parent":3671,"menu_order":0,"comment_status":"closed","ping_status":"closed","template":"","meta":{"_acf_changed":false,"site-sidebar-layout":"no-sidebar","site-content-layout":"","ast-site-content-layout":"full-width-container","site-content-style":"default","site-sidebar-style":"default","ast-global-header-display":"","ast-banner-title-visibility":"","ast-main-header-display":"","ast-hfb-above-header-display":"","ast-hfb-below-header-display":"","ast-hfb-mobile-header-display":"","site-post-title":"disabled","ast-breadcrumbs-content":"","ast-featured-img":"disabled","footer-sml-layout":"","theme-transparent-header-meta":"","adv-header-id-meta":"","stick-header-meta":"","header-above-stick-meta":"","header-main-stick-meta":"","header-below-stick-meta":"","astra-migrate-meta-layouts":"default","ast-page-background-enabled":"default","ast-page-background-meta":{"desktop":{"background-color":"var(--ast-global-color-4)","background-image":"","background-repeat":"repeat","background-position":"center center","background-size":"auto","background-attachment":"scroll","background-type":"","background-media":"","overlay-type":"","overlay-color":"","overlay-opacity":"","overlay-gradient":""},"tablet":{"background-color":"","background-image":"","background-repeat":"repeat","background-position":"center center","background-size":"auto","background-attachment":"scroll","background-type":"","background-media":"","overlay-type":"","overlay-color":"","overlay-opacity":"","overlay-gradient":""},"mobile":{"background-color":"","background-image":"","background-repeat":"repeat","background-position":"center center","background-size":"auto","background-attachment":"scroll","background-type":"","background-media":"","overlay-type":"","overlay-color":"","overlay-opacity":"","overlay-gradient":""}},"ast-content-background-meta":{"desktop":{"background-color":"var(--ast-global-color-5)","background-image":"","background-repeat":"repeat","background-position":"center center","background-size":"auto","background-attachment":"scroll","background-type":"","background-media":"","overlay-type":"","overlay-color":"","overlay-opacity":"","overlay-gradient":""},"tablet":{"background-color":"var(--ast-global-color-5)","background-image":"","background-repeat":"repeat","background-position":"center center","background-size":"auto","background-attachment":"scroll","background-type":"","background-media":"","overlay-type":"","overlay-color":"","overlay-opacity":"","overlay-gradient":""},"mobile":{"background-color":"var(--ast-global-color-5)","background-image":"","background-repeat":"repeat","background-position":"center center","background-size":"auto","background-attachment":"scroll","background-type":"","background-media":"","overlay-type":"","overlay-color":"","overlay-opacity":"","overlay-gradient":""}},"footnotes":""},"class_list":["post-3696","page","type-page","status-publish","hentry"],"acf":[],"_links":{"self":[{"href":"https:\/\/tuzilastvo.me\/en\/wp-json\/wp\/v2\/pages\/3696","targetHints":{"allow":["GET"]}}],"collection":[{"href":"https:\/\/tuzilastvo.me\/en\/wp-json\/wp\/v2\/pages"}],"about":[{"href":"https:\/\/tuzilastvo.me\/en\/wp-json\/wp\/v2\/types\/page"}],"author":[{"embeddable":true,"href":"https:\/\/tuzilastvo.me\/en\/wp-json\/wp\/v2\/users\/24"}],"replies":[{"embeddable":true,"href":"https:\/\/tuzilastvo.me\/en\/wp-json\/wp\/v2\/comments?post=3696"}],"version-history":[{"count":85,"href":"https:\/\/tuzilastvo.me\/en\/wp-json\/wp\/v2\/pages\/3696\/revisions"}],"predecessor-version":[{"id":73829,"href":"https:\/\/tuzilastvo.me\/en\/wp-json\/wp\/v2\/pages\/3696\/revisions\/73829"}],"up":[{"embeddable":true,"href":"https:\/\/tuzilastvo.me\/en\/wp-json\/wp\/v2\/pages\/3671"}],"wp:attachment":[{"href":"https:\/\/tuzilastvo.me\/en\/wp-json\/wp\/v2\/media?parent=3696"}],"curies":[{"name":"wp","href":"https:\/\/api.w.org\/{rel}","templated":true}]}}