{"id":48137,"date":"2025-04-30T11:46:56","date_gmt":"2025-04-30T11:46:56","guid":{"rendered":"https:\/\/wp.amplitudo.me\/?page_id=48137"},"modified":"2026-01-12T07:30:37","modified_gmt":"2026-01-12T07:30:37","slug":"kontakt","status":"publish","type":"page","link":"https:\/\/tuzilastvo.me\/en\/kontakt\/","title":{"rendered":"Contact"},"content":{"rendered":"<div data-elementor-type=\"wp-page\" data-elementor-id=\"48137\" class=\"elementor elementor-48137\" data-elementor-post-type=\"page\">\n\t\t\t\t<div class=\"elementor-element elementor-element-5e7dfb2 e-flex e-con-boxed e-con e-parent\" data-id=\"5e7dfb2\" data-element_type=\"container\" data-settings=\"{&quot;background_background&quot;:&quot;classic&quot;,&quot;sticky&quot;:&quot;top&quot;,&quot;sticky_on&quot;:[&quot;desktop&quot;,&quot;tablet&quot;,&quot;mobile&quot;],&quot;sticky_offset&quot;:0,&quot;sticky_effects_offset&quot;:0,&quot;sticky_anchor_link_offset&quot;:0}\">\n\t\t\t\t\t<div class=\"e-con-inner\">\n\t\t\t\t<div class=\"elementor-element elementor-element-9f66835 elementor-widget elementor-widget-heading\" data-id=\"9f66835\" data-element_type=\"widget\" data-widget_type=\"heading.default\">\n\t\t\t\t<div class=\"elementor-widget-container\">\n\t\t\t\t\t<h1 class=\"elementor-heading-title elementor-size-default\">STATE PROSECUTOR'S OFFICE MONTENEGRO<\/h1>\t\t\t\t<\/div>\n\t\t\t\t<\/div>\n\t\t\t\t<div class=\"elementor-element elementor-element-cad8321 elementor-search-form--skin-classic elementor-search-form--button-type-icon elementor-search-form--icon-search elementor-widget elementor-widget-search-form\" data-id=\"cad8321\" data-element_type=\"widget\" data-settings=\"{&quot;skin&quot;:&quot;classic&quot;}\" data-widget_type=\"search-form.default\">\n\t\t\t\t<div class=\"elementor-widget-container\">\n\t\t\t\t\t\t\t<search role=\"search\">\n\t\t\t<form class=\"elementor-search-form\" action=\"https:\/\/tuzilastvo.me\/en\/\" method=\"get\" data-trp-original-action=\"https:\/\/tuzilastvo.me\/en\">\n\t\t\t\t\t\t\t\t\t\t\t\t<div class=\"elementor-search-form__container\">\n\t\t\t\t\t<label class=\"elementor-screen-only\" for=\"elementor-search-form-cad8321\">Search<\/label>\n\n\t\t\t\t\t\n\t\t\t\t\t<input id=\"elementor-search-form-cad8321\" placeholder=\"Search\" class=\"elementor-search-form__input\" type=\"search\" name=\"s\" value=\"\">\n\t\t\t\t\t\n\t\t\t\t\t\t\t\t\t\t\t<button class=\"elementor-search-form__submit\" type=\"submit\" aria-label=\"Search\">\n\t\t\t\t\t\t\t\t\t\t\t\t\t\t\t<div class=\"e-font-icon-svg-container\"><svg class=\"fa fa-search e-font-icon-svg e-fas-search\" viewbox=\"0 0 512 512\" xmlns=\"http:\/\/www.w3.org\/2000\/svg\"><path d=\"M505 442.7L405.3 343c-4.5-4.5-10.6-7-17-7H372c27.6-35.3 44-79.7 44-128C416 93.1 322.9 0 208 0S0 93.1 0 208s93.1 208 208 208c48.3 0 92.7-16.4 128-44v16.3c0 6.4 2.5 12.5 7 17l99.7 99.7c9.4 9.4 24.6 9.4 33.9 0l28.3-28.3c9.4-9.4 9.4-24.6.1-34zM208 336c-70.7 0-128-57.2-128-128 0-70.7 57.2-128 128-128 70.7 0 128 57.2 128 128 0 70.7-57.2 128-128 128z\"><\/path><\/svg><\/div>\t\t\t\t\t\t\t\t\t\t\t\t\t<\/button>\n\t\t\t\t\t\n\t\t\t\t\t\t\t\t\t<\/div>\n\t\t\t<input type=\"hidden\" name=\"trp-form-language\" value=\"en\"\/><\/form>\n\t\t<\/search>\n\t\t\t\t\t\t<\/div>\n\t\t\t\t<\/div>\n\t\t\t\t<div class=\"elementor-element elementor-element-871ce1a elementor-absolute elementor-widget elementor-widget-image\" data-id=\"871ce1a\" data-element_type=\"widget\" data-settings=\"{&quot;_position&quot;:&quot;absolute&quot;}\" data-widget_type=\"image.default\">\n\t\t\t\t<div class=\"elementor-widget-container\">\n\t\t\t\t\t\t\t\t\t\t\t\t\t\t\t<img decoding=\"async\" src=\"https:\/\/tuzilastvo.me\/wp-content\/uploads\/2024\/07\/drzavno-tuzilastvo.jpg\" title=\"\" alt=\"drzavno-tuzilastvo\" loading=\"lazy\" \/>\t\t\t\t\t\t\t\t\t\t\t\t\t\t\t<\/div>\n\t\t\t\t<\/div>\n\t\t<div class=\"elementor-element elementor-element-a3c265d e-con-full e-flex e-con e-child\" data-id=\"a3c265d\" data-element_type=\"container\" data-settings=\"{&quot;position&quot;:&quot;absolute&quot;}\">\n\t\t\t\t<\/div>\n\t\t<div class=\"elementor-element elementor-element-ea3aff9 e-con-full header-row e-flex e-con e-child\" data-id=\"ea3aff9\" data-element_type=\"container\">\n\t\t\t\t<div class=\"elementor-element elementor-element-960bb9b title elementor-widget elementor-widget-heading\" data-id=\"960bb9b\" data-element_type=\"widget\" data-widget_type=\"heading.default\">\n\t\t\t\t<div class=\"elementor-widget-container\">\n\t\t\t\t\t<h3 class=\"elementor-heading-title elementor-size-default\"><a href=\"https:\/\/tuzilastvo.me\/en\/vrhovno-drzavno-tuzilastvo\/\">SUPREME STATE PROSECUTOR'S OFFICE<\/a><\/h3>\t\t\t\t<\/div>\n\t\t\t\t<\/div>\n\t\t\t\t<div class=\"elementor-element elementor-element-47a4e67 title elementor-widget elementor-widget-heading\" data-id=\"47a4e67\" data-element_type=\"widget\" data-widget_type=\"heading.default\">\n\t\t\t\t<div class=\"elementor-widget-container\">\n\t\t\t\t\t<h3 class=\"elementor-heading-title elementor-size-default\"><a href=\"https:\/\/tuzilastvo.me\/en\/sdt\/\">SPECIAL STATE PROSECUTOR'S OFFICE<\/a><\/h3>\t\t\t\t<\/div>\n\t\t\t\t<\/div>\n\t\t\t\t<div class=\"elementor-element elementor-element-4e17713 title elementor-widget elementor-widget-heading\" data-id=\"4e17713\" data-element_type=\"widget\" data-widget_type=\"heading.default\">\n\t\t\t\t<div class=\"elementor-widget-container\">\n\t\t\t\t\t<h3 class=\"elementor-heading-title elementor-size-default\"><a href=\"https:\/\/tuzilastvo.me\/en\/visa-drzavna-tuzilastva\/\">HIGH STATE  PROSECUTOR'S OFFICES<\/a><\/h3>\t\t\t\t<\/div>\n\t\t\t\t<\/div>\n\t\t\t\t<div class=\"elementor-element elementor-element-b540c57 title elementor-widget elementor-widget-heading\" data-id=\"b540c57\" data-element_type=\"widget\" data-widget_type=\"heading.default\">\n\t\t\t\t<div class=\"elementor-widget-container\">\n\t\t\t\t\t<h3 class=\"elementor-heading-title elementor-size-default\"><a href=\"https:\/\/tuzilastvo.me\/en\/osnovna-drzavna-tuzilastva\/\">BASIC STATE PROSECUTOR'S OFFICES<\/a><\/h3>\t\t\t\t<\/div>\n\t\t\t\t<\/div>\n\t\t\t\t<div class=\"elementor-element elementor-element-2d99f1a title elementor-widget elementor-widget-heading\" data-id=\"2d99f1a\" data-element_type=\"widget\" data-widget_type=\"heading.default\">\n\t\t\t\t<div class=\"elementor-widget-container\">\n\t\t\t\t\t<h3 class=\"elementor-heading-title elementor-size-default\"><a href=\"https:\/\/tuzilastvo.me\/en\/tuzilacki-savjet\/\">PROSECUTORIAL COUNCIL<\/a><\/h3>\t\t\t\t<\/div>\n\t\t\t\t<\/div>\n\t\t\t\t<div class=\"elementor-element elementor-element-e4e804f title elementor-widget elementor-widget-heading\" data-id=\"e4e804f\" data-element_type=\"widget\" data-widget_type=\"heading.default\">\n\t\t\t\t<div class=\"elementor-widget-container\">\n\t\t\t\t\t<h3 class=\"elementor-heading-title elementor-size-default\"><a href=\"https:\/\/tuzilastvo.me\/en\/za-stranke\/\">FOR CLIENTS<\/a><\/h3>\t\t\t\t<\/div>\n\t\t\t\t<\/div>\n\t\t\t\t<\/div>\n\t\t\t\t\t<\/div>\n\t\t\t\t<\/div>\n\t\t<div class=\"elementor-element elementor-element-d25ad97 e-con-full e-flex e-con e-parent\" data-id=\"d25ad97\" data-element_type=\"container\">\n\t\t\t\t<div class=\"elementor-element elementor-element-7830e1f elementor-widget elementor-widget-text-editor\" data-id=\"7830e1f\" data-element_type=\"widget\" data-widget_type=\"text-editor.default\">\n\t\t\t\t<div class=\"elementor-widget-container\">\n\t\t\t\t\t\t\t\t\t<h3 style=\"text-align: center;\"><strong>Working hours: <\/strong><strong>Monday-Friday from 7 a.m. to 3 p.m<\/strong><\/h3>\t\t\t\t\t\t\t\t<\/div>\n\t\t\t\t<\/div>\n\t\t\t\t<div class=\"elementor-element elementor-element-85ab170 elementor-widget__width-initial elementor-widget elementor-widget-text-editor\" data-id=\"85ab170\" data-element_type=\"widget\" data-widget_type=\"text-editor.default\">\n\t\t\t\t<div class=\"elementor-widget-container\">\n\t\t\t\t\t\t\t\t\t<table width=\"696\">\n<tbody>\n<tr>\n<td width=\"348\"><strong>SUPREME STATE PROSECUTOR'S OFFICE<\/strong><br>Street slobode  20, 81000 Podgorica<br>Tel: +382 (20) 230 624, +382 (20) 230 375<br>Mail:&nbsp;<a href=\"mailto:vdtcg@tuzilastvo.me\">vdtcg@tuzilastvo.me<\/a><\/td>\n<td width=\"348\"><strong>SECRETARIAT OF THE PROSECUTORIAL COUNCIL<\/strong><br>Ul. Novaka Milo\u0161eva br.46\/1, 81000 Podgorica<br>Tel:&nbsp;+382 (20) 672 622,&nbsp;+382 (20) 672 345<br>Mail:&nbsp;<a href=\"mailto:tuzilacki.savjet@tuzilastvo.me\">tuzilacki.savjet@tuzilastvo.me<\/a><\/td>\n<\/tr>\n<tr>\n<td width=\"348\"><strong>HIGH STATE PROSECUTOR'S OFFICE IN PODGORICA<\/strong><br>Street slobode  20, 81000 Podgorica<br>Tel:\u00a0+382 (20) 230 644, +382 (20) 230 645<br>Mail:&nbsp;<a href=\"mailto:vdtpg@tuzilastvo.me\">vdtpg@tuzilastvo.me<\/a><\/td>\n<td width=\"348\"><strong>HIGH STATE PROSECUTOR'S OFFICE IN BIJELO POLJE<\/strong><br>Radomira Medojevi\u0107a Street bb. \n84000 Bijelo Polje<br>Tel: +382 (50) 432 798<br>Mail:&nbsp;<a href=\"mailto:vdtbp@tuzilastvo.me\">vdtbp@tuzilastvo.me<\/a><\/td>\n<\/tr>\n<tr>\n<td width=\"348\"><strong>SPECIAL STATE PROSECUTOR'S OFFICE<\/strong><br>Street slobode  20, 81000 Podgorica<br>Tel:&nbsp;+382 (20)&nbsp;230 641, +382 (20) 230 355, +382 (20) 230 354<br>Mail:&nbsp;<a href=\"mailto:specijalno@tuzilastvo.me\">specijalno@tuzilastvo.me<\/a><\/td>\n<td width=\"348\"><strong>&nbsp;<\/strong><\/td>\n<\/tr>\n<tr>\n<td width=\"348\"><strong>BASIC STATE PROSECUTOR'S OFFICE PODGORICA<\/strong><br>Street 13. jula bb, 81000 Podgorica<br>Tel: +382 (20) 243 223<br>Mail:&nbsp;<a href=\"mailto:odtpg@tuzilastvo.me\">odtpg@tuzilastvo.me<\/a><\/td>\n<td width=\"348\"><strong>BASIC STATE PROSECUTOR'S OFFICE CETINJE<\/strong><br>Bajova Street No. 2 81250 Cetinje<br>Tel:&nbsp;+382 (41) 231 072<br>Mail:&nbsp;<a href=\"mailto:odtct@tuzilastvo.me\">odtct@tuzilastvo.me<\/a><\/td>\n<\/tr>\n<tr>\n<td width=\"348\"><strong>BASIC STATE PROSECUTOR'S OFFICE NIK\u0160I\u0106<\/strong><br>Nikole Tesla Street bb, 81400 Nik\u0161i\u0107<br>Tel:&nbsp;+382 (40) 244 727, +382 (40) 244 868<br>Mail:&nbsp;<a href=\"mailto:odtnk@tuzilastvo.me\">odtnk@tuzilastvo.me<\/a><\/td>\n<td width=\"348\"><strong>BASIC STATE PROSECUTOR'S OFFICE HERCEG NOVI<\/strong><br>Mi\u0107a Pavlovi\u0107a Square no.4, 85340 Herceg Novi<br>Tel:&nbsp;+382 (31) 323 462<br>Mail:&nbsp;<a href=\"mailto:odthn@tuzilastvo.me\">odthn@tuzilastvo.me<\/a><\/td>\n<\/tr>\n<tr>\n<td width=\"348\"><strong>BASIC STATE PROSECUTOR'S OFFICE BAR<\/strong><br>Bulevar revolucije no. 5, 85000 Bar<br>Tel:&nbsp;+382 (30) 312 216,&nbsp;+382 (30) 313 977<br>Mail:&nbsp;<a href=\"mailto:odtbr@tuzilastvo.me\">odtbr@tuzilastvo.me<\/a><\/td>\n<td width=\"348\"><strong>BASIC STATE PROSECUTOR'S OFFICE KOTOR<\/strong><br>Benovo Street bb, 85330 Kotor<br>Tel:&nbsp;+382 (32) 302 645, +382 (32) 325 201<br>Mail:&nbsp;<a href=\"mailto:odtko@tuzilastvo.me\">odtko@tuzilastvo.me<\/a><\/td>\n<\/tr>\n<tr>\n<td width=\"348\"><strong>BASIC STATE PROSECUTOR'S OFFICE ULCINJ<\/strong><br>26 Novembar Street, 85360 Ulcinj<br>Tel:&nbsp;+382 (30) 412 043<br>Mail:&nbsp;<a href=\"mailto:odtul@tuzilastvo.me\">odtul@tuzilastvo.me<\/a><\/td>\n<td width=\"348\"><strong>BASIC STATE PROSECUTOR'S OFFICE KOLA\u0160IN<\/strong><br>Generala An\u0111eli\u0107 Street bb. \n81210 Kola\u0161in<br>Tel:&nbsp;+382 (20) 865 559<br>Mail:&nbsp;<a href=\"mailto:odtkl@tuzilastvo.me\">odtkl@tuzilastvo.me<\/a><\/td>\n<\/tr>\n<tr>\n<td width=\"348\"><strong>BASIC STATE PROSECUTOR'S OFFICE BIJELO POLJE<\/strong><br>Radomira Medojevi\u0107a Street bb. \n84000 Bijelo Polje<br>Tel:&nbsp;+382 (50) 432 020<br>Mail:&nbsp;<a href=\"mailto:odtbp@tuzilastvo.me\">odtbp@tuzilastvo.me<\/a><\/td>\n<td width=\"348\"><strong>BASIC STATE PROSECUTOR'S OFFICE BERANE<\/strong><br>1 Mojsija Ze\u010devi\u0107 Street, 84300 Berane<br>Tel:&nbsp;+382 (51) 233 559<br>Mail:&nbsp;<a href=\"mailto:odtba@tuzilastvo.me\">odtba@tuzilastvo.me<\/a><\/td>\n<\/tr>\n<tr>\n<td width=\"348\"><strong>BASIC STATE PROSECUTOR'S OFFICE PLJEVLJA<\/strong><br>Mehmeda Zekerijaha \u0106inare Street bb, 84 210\u00a0Pljevlja<br>Tel:&nbsp;+382 (52) 322 807,&nbsp;+382 (52) 322 301<br>Mail:&nbsp;<a href=\"mailto:odtpv@tuzilastvo.me\">odtpv@tuzilastvo.me<\/a><\/td>\n<td width=\"348\"><strong>BASIC STATE PROSECUTOR'S OFFICE RO\u017dAJE<\/strong><br>St. 30. Septembar no.2, 84310 Ro\u017eaje<br>Tel:&nbsp;+382 (51) 271 199<br>Mail:&nbsp;<a href=\"mailto:odtro@tuzilastvo.me\">odtro@tuzilastvo.me<\/a><\/td>\n<\/tr>\n<tr>\n<td width=\"348\"><strong>BASIC STATE PROSECUTOR'S OFFICE PLAV<\/strong><br>Jezerska Street 21 A, 84325 Plav<br>Tel:&nbsp;+382 (51) 251 363<br>Mail:&nbsp;<a href=\"mailto:odtpl@tuzilastvo.me\">odtpl@tuzilastvo.me<\/a><\/td>\n<td width=\"348\"><strong>&nbsp;<\/strong><\/td>\n<\/tr>\n<\/tbody>\n<\/table>\t\t\t\t\t\t\t\t<\/div>\n\t\t\t\t<\/div>\n\t\t\t\t<\/div>\n\t\t\t\t<\/div>","protected":false},"excerpt":{"rendered":"<p>DR\u017dAVNO TU\u017dILA\u0160TVO CRNE GORE Vrhovno dr\u017eavno tu\u017eila\u0161tvo Specijalno dr\u017eavno tu\u017eila\u0161tvo Vi\u0161a dr\u017eavna tu\u017eila\u0161tva Osnovna dr\u017eavna tu\u017eila\u0161tva Tu\u017eila\u010dki savjet Za stranke [&hellip;]<\/p>","protected":false},"author":23,"featured_media":0,"parent":0,"menu_order":0,"comment_status":"closed","ping_status":"closed","template":"","meta":{"_acf_changed":false,"site-sidebar-layout":"no-sidebar","site-content-layout":"","ast-site-content-layout":"full-width-container","site-content-style":"default","site-sidebar-style":"default","ast-global-header-display":"","ast-banner-title-visibility":"","ast-main-header-display":"","ast-hfb-above-header-display":"","ast-hfb-below-header-display":"","ast-hfb-mobile-header-display":"","site-post-title":"disabled","ast-breadcrumbs-content":"","ast-featured-img":"disabled","footer-sml-layout":"","theme-transparent-header-meta":"","adv-header-id-meta":"","stick-header-meta":"","header-above-stick-meta":"","header-main-stick-meta":"","header-below-stick-meta":"","astra-migrate-meta-layouts":"default","ast-page-background-enabled":"default","ast-page-background-meta":{"desktop":{"background-color":"var(--ast-global-color-4)","background-image":"","background-repeat":"repeat","background-position":"center center","background-size":"auto","background-attachment":"scroll","background-type":"","background-media":"","overlay-type":"","overlay-color":"","overlay-opacity":"","overlay-gradient":""},"tablet":{"background-color":"","background-image":"","background-repeat":"repeat","background-position":"center center","background-size":"auto","background-attachment":"scroll","background-type":"","background-media":"","overlay-type":"","overlay-color":"","overlay-opacity":"","overlay-gradient":""},"mobile":{"background-color":"","background-image":"","background-repeat":"repeat","background-position":"center center","background-size":"auto","background-attachment":"scroll","background-type":"","background-media":"","overlay-type":"","overlay-color":"","overlay-opacity":"","overlay-gradient":""}},"ast-content-background-meta":{"desktop":{"background-color":"var(--ast-global-color-5)","background-image":"","background-repeat":"repeat","background-position":"center center","background-size":"auto","background-attachment":"scroll","background-type":"","background-media":"","overlay-type":"","overlay-color":"","overlay-opacity":"","overlay-gradient":""},"tablet":{"background-color":"var(--ast-global-color-5)","background-image":"","background-repeat":"repeat","background-position":"center center","background-size":"auto","background-attachment":"scroll","background-type":"","background-media":"","overlay-type":"","overlay-color":"","overlay-opacity":"","overlay-gradient":""},"mobile":{"background-color":"var(--ast-global-color-5)","background-image":"","background-repeat":"repeat","background-position":"center center","background-size":"auto","background-attachment":"scroll","background-type":"","background-media":"","overlay-type":"","overlay-color":"","overlay-opacity":"","overlay-gradient":""}},"footnotes":""},"class_list":["post-48137","page","type-page","status-publish","hentry"],"acf":[],"_links":{"self":[{"href":"https:\/\/tuzilastvo.me\/en\/wp-json\/wp\/v2\/pages\/48137","targetHints":{"allow":["GET"]}}],"collection":[{"href":"https:\/\/tuzilastvo.me\/en\/wp-json\/wp\/v2\/pages"}],"about":[{"href":"https:\/\/tuzilastvo.me\/en\/wp-json\/wp\/v2\/types\/page"}],"author":[{"embeddable":true,"href":"https:\/\/tuzilastvo.me\/en\/wp-json\/wp\/v2\/users\/23"}],"replies":[{"embeddable":true,"href":"https:\/\/tuzilastvo.me\/en\/wp-json\/wp\/v2\/comments?post=48137"}],"version-history":[{"count":55,"href":"https:\/\/tuzilastvo.me\/en\/wp-json\/wp\/v2\/pages\/48137\/revisions"}],"predecessor-version":[{"id":72908,"href":"https:\/\/tuzilastvo.me\/en\/wp-json\/wp\/v2\/pages\/48137\/revisions\/72908"}],"wp:attachment":[{"href":"https:\/\/tuzilastvo.me\/en\/wp-json\/wp\/v2\/media?parent=48137"}],"curies":[{"name":"wp","href":"https:\/\/api.w.org\/{rel}","templated":true}]}}