{"id":4931,"date":"2024-12-27T02:23:05","date_gmt":"2024-12-27T02:23:05","guid":{"rendered":"https:\/\/istorijskaistrazivanja.com\/?page_id=4931"},"modified":"2025-10-20T06:39:59","modified_gmt":"2025-10-20T06:39:59","slug":"drzavni-tuzioci","status":"publish","type":"page","link":"https:\/\/tuzilastvo.me\/en\/osnovna-drzavna-tuzilastva\/odt-niksic\/o-nama\/drzavni-tuzioci\/","title":{"rendered":"State Prosecutors"},"content":{"rendered":"<div data-elementor-type=\"wp-page\" data-elementor-id=\"4931\" class=\"elementor elementor-4931\" data-elementor-post-type=\"page\">\n\t\t\t\t<div class=\"elementor-element elementor-element-31ced3d e-con-full e-flex e-con e-parent\" data-id=\"31ced3d\" data-element_type=\"container\">\n\t\t\t\t<div class=\"elementor-element elementor-element-ac9fda5 elementor-widget elementor-widget-template\" data-id=\"ac9fda5\" data-element_type=\"widget\" data-widget_type=\"template.default\">\n\t\t\t\t<div class=\"elementor-widget-container\">\n\t\t\t\t\t\t\t<div class=\"elementor-template\">\n\t\t\t\t\t<div data-elementor-type=\"container\" data-elementor-id=\"62086\" class=\"elementor elementor-62086\" data-elementor-post-type=\"elementor_library\">\n\t\t\t\t<div class=\"elementor-element elementor-element-24986961 e-flex e-con-boxed e-con e-parent\" data-id=\"24986961\" data-element_type=\"container\" data-settings=\"{&quot;background_background&quot;:&quot;classic&quot;,&quot;sticky&quot;:&quot;top&quot;,&quot;sticky_on&quot;:[&quot;desktop&quot;,&quot;tablet&quot;,&quot;mobile&quot;],&quot;sticky_offset&quot;:0,&quot;sticky_effects_offset&quot;:0,&quot;sticky_anchor_link_offset&quot;:0}\">\n\t\t\t\t\t<div class=\"e-con-inner\">\n\t\t\t\t<div class=\"elementor-element elementor-element-559be44e elementor-widget elementor-widget-heading\" data-id=\"559be44e\" data-element_type=\"widget\" data-widget_type=\"heading.default\">\n\t\t\t\t<div class=\"elementor-widget-container\">\n\t\t\t\t\t<h1 class=\"elementor-heading-title elementor-size-default\">BSPO Nik\u0161i\u0107<\/h1>\t\t\t\t<\/div>\n\t\t\t\t<\/div>\n\t\t\t\t<div class=\"elementor-element elementor-element-234072e5 elementor-search-form--skin-classic elementor-search-form--button-type-icon elementor-search-form--icon-search elementor-widget elementor-widget-search-form\" data-id=\"234072e5\" data-element_type=\"widget\" data-settings=\"{&quot;skin&quot;:&quot;classic&quot;}\" data-widget_type=\"search-form.default\">\n\t\t\t\t<div class=\"elementor-widget-container\">\n\t\t\t\t\t\t\t<search role=\"search\">\n\t\t\t<form class=\"elementor-search-form\" action=\"https:\/\/tuzilastvo.me\/en\/\" method=\"get\" data-trp-original-action=\"https:\/\/tuzilastvo.me\/en\">\n\t\t\t\t\t\t\t\t\t\t\t\t<div class=\"elementor-search-form__container\">\n\t\t\t\t\t<label class=\"elementor-screen-only\" for=\"elementor-search-form-234072e5\">Search<\/label>\n\n\t\t\t\t\t\n\t\t\t\t\t<input id=\"elementor-search-form-234072e5\" placeholder=\"Search\" class=\"elementor-search-form__input\" type=\"search\" name=\"s\" value=\"\">\n\t\t\t\t\t\n\t\t\t\t\t\t\t\t\t\t\t<button class=\"elementor-search-form__submit\" type=\"submit\" aria-label=\"Search\">\n\t\t\t\t\t\t\t\t\t\t\t\t\t\t\t<div class=\"e-font-icon-svg-container\"><svg class=\"fa fa-search e-font-icon-svg e-fas-search\" viewbox=\"0 0 512 512\" xmlns=\"http:\/\/www.w3.org\/2000\/svg\"><path d=\"M505 442.7L405.3 343c-4.5-4.5-10.6-7-17-7H372c27.6-35.3 44-79.7 44-128C416 93.1 322.9 0 208 0S0 93.1 0 208s93.1 208 208 208c48.3 0 92.7-16.4 128-44v16.3c0 6.4 2.5 12.5 7 17l99.7 99.7c9.4 9.4 24.6 9.4 33.9 0l28.3-28.3c9.4-9.4 9.4-24.6.1-34zM208 336c-70.7 0-128-57.2-128-128 0-70.7 57.2-128 128-128 70.7 0 128 57.2 128 128 0 70.7-57.2 128-128 128z\"><\/path><\/svg><\/div>\t\t\t\t\t\t\t\t\t\t\t\t\t<\/button>\n\t\t\t\t\t\n\t\t\t\t\t\t\t\t\t<\/div>\n\t\t\t<input type=\"hidden\" name=\"trp-form-language\" value=\"en\"\/><\/form>\n\t\t<\/search>\n\t\t\t\t\t\t<\/div>\n\t\t\t\t<\/div>\n\t\t<div class=\"elementor-element elementor-element-59352504 e-con-full header-row e-flex e-con e-child\" data-id=\"59352504\" data-element_type=\"container\">\n\t\t\t\t<div class=\"elementor-element elementor-element-113cf625 title elementor-widget elementor-widget-heading\" data-id=\"113cf625\" data-element_type=\"widget\" data-widget_type=\"heading.default\">\n\t\t\t\t<div class=\"elementor-widget-container\">\n\t\t\t\t\t<h3 class=\"elementor-heading-title elementor-size-default\"><a href=\"https:\/\/tuzilastvo.me\/en\/osnovna-drzavna-tuzilastva\/odt-niksic\/\">Front Page<\/a><\/h3>\t\t\t\t<\/div>\n\t\t\t\t<\/div>\n\t\t\t\t<div class=\"elementor-element elementor-element-4bbe36d title elementor-widget elementor-widget-heading\" data-id=\"4bbe36d\" data-element_type=\"widget\" data-widget_type=\"heading.default\">\n\t\t\t\t<div class=\"elementor-widget-container\">\n\t\t\t\t\t<h3 class=\"elementor-heading-title elementor-size-default\"><a href=\"https:\/\/tuzilastvo.me\/en\/osnovna-drzavna-tuzilastva\/odt-niksic\/o-nama\/\">About us<\/a><\/h3>\t\t\t\t<\/div>\n\t\t\t\t<\/div>\n\t\t\t\t<div class=\"elementor-element elementor-element-7428f783 title elementor-widget elementor-widget-heading\" data-id=\"7428f783\" data-element_type=\"widget\" data-widget_type=\"heading.default\">\n\t\t\t\t<div class=\"elementor-widget-container\">\n\t\t\t\t\t<h3 class=\"elementor-heading-title elementor-size-default\"><a href=\"https:\/\/tuzilastvo.me\/en\/osnovna-drzavna-tuzilastva\/odt-niksic\/biblioteka\/\">Library<\/a><\/h3>\t\t\t\t<\/div>\n\t\t\t\t<\/div>\n\t\t\t\t<div class=\"elementor-element elementor-element-5a164208 title elementor-widget elementor-widget-heading\" data-id=\"5a164208\" data-element_type=\"widget\" data-widget_type=\"heading.default\">\n\t\t\t\t<div class=\"elementor-widget-container\">\n\t\t\t\t\t<h3 class=\"elementor-heading-title elementor-size-default\"><a href=\"https:\/\/tuzilastvo.me\/en\/osnovna-drzavna-tuzilastva\/odt-niksic\/odluke\/\">Decisions<\/a><\/h3>\t\t\t\t<\/div>\n\t\t\t\t<\/div>\n\t\t\t\t<div class=\"elementor-element elementor-element-338e9cc9 title elementor-widget elementor-widget-heading\" data-id=\"338e9cc9\" data-element_type=\"widget\" data-widget_type=\"heading.default\">\n\t\t\t\t<div class=\"elementor-widget-container\">\n\t\t\t\t\t<h3 class=\"elementor-heading-title elementor-size-default\"><a href=\"https:\/\/tuzilastvo.me\/en\/osnovna-drzavna-tuzilastva\/odt-niksic\/odnosi-s-javnoscu\/\">Public Relations<\/a><\/h3>\t\t\t\t<\/div>\n\t\t\t\t<\/div>\n\t\t\t\t<div class=\"elementor-element elementor-element-14c8a8ad title elementor-widget elementor-widget-heading\" data-id=\"14c8a8ad\" data-element_type=\"widget\" data-widget_type=\"heading.default\">\n\t\t\t\t<div class=\"elementor-widget-container\">\n\t\t\t\t\t<h3 class=\"elementor-heading-title elementor-size-default\"><a href=\"https:\/\/tuzilastvo.me\/en\/osnovna-drzavna-tuzilastva\/odt-niksic\/dezurni-tuzioci\/\">Stand-by prosecutors<\/a><\/h3>\t\t\t\t<\/div>\n\t\t\t\t<\/div>\n\t\t\t\t<div class=\"elementor-element elementor-element-40c24394 title elementor-widget elementor-widget-heading\" data-id=\"40c24394\" data-element_type=\"widget\" data-widget_type=\"heading.default\">\n\t\t\t\t<div class=\"elementor-widget-container\">\n\t\t\t\t\t<h3 class=\"elementor-heading-title elementor-size-default\"><a href=\"https:\/\/tuzilastvo.me\/en\/osnovna-drzavna-tuzilastva\/odt-niksic\/oglasi\/\">Advertisements<\/a><\/h3>\t\t\t\t<\/div>\n\t\t\t\t<\/div>\n\t\t\t\t<div class=\"elementor-element elementor-element-5c7a1896 title elementor-widget elementor-widget-heading\" data-id=\"5c7a1896\" data-element_type=\"widget\" data-widget_type=\"heading.default\">\n\t\t\t\t<div class=\"elementor-widget-container\">\n\t\t\t\t\t<h3 class=\"elementor-heading-title elementor-size-default\"><a href=\"https:\/\/tuzilastvo.me\/en\/osnovna-drzavna-tuzilastva\/odt-niksic\/kontakt-2\/\">Contact<\/a><\/h3>\t\t\t\t<\/div>\n\t\t\t\t<\/div>\n\t\t\t\t<\/div>\n\t\t\t\t\t<\/div>\n\t\t\t\t<\/div>\n\t\t\t\t<\/div>\n\t\t\t\t<\/div>\n\t\t\t\t\t\t<\/div>\n\t\t\t\t<\/div>\n\t\t\t\t<\/div>\n\t\t<div class=\"elementor-element elementor-element-450071e e-flex e-con-boxed e-con e-parent\" data-id=\"450071e\" data-element_type=\"container\">\n\t\t\t\t\t<div class=\"e-con-inner\">\n\t\t<div class=\"elementor-element elementor-element-597c773 e-con-full e-flex e-con e-child\" data-id=\"597c773\" data-element_type=\"container\">\n\t\t\t\t<div class=\"elementor-element elementor-element-b437b15 elementor-widget elementor-widget-heading\" data-id=\"b437b15\" data-element_type=\"widget\" data-widget_type=\"heading.default\">\n\t\t\t\t<div class=\"elementor-widget-container\">\n\t\t\t\t\t<h2 class=\"elementor-heading-title elementor-size-default\">State Prosecutors<\/h2>\t\t\t\t<\/div>\n\t\t\t\t<\/div>\n\t\t<div class=\"elementor-element elementor-element-c0df825 e-flex e-con-boxed e-con e-child\" data-id=\"c0df825\" data-element_type=\"container\">\n\t\t\t\t\t<div class=\"e-con-inner\">\n\t\t\t\t<div class=\"elementor-element elementor-element-8bf9a1f elementor-widget elementor-widget-heading\" data-id=\"8bf9a1f\" data-element_type=\"widget\" data-widget_type=\"heading.default\">\n\t\t\t\t<div class=\"elementor-widget-container\">\n\t\t\t\t\t<h3 class=\"elementor-heading-title elementor-size-default\">\n<\/h3>\t\t\t\t<\/div>\n\t\t\t\t<\/div>\n\t\t<div class=\"elementor-element elementor-element-c3af2d1 e-con-full e-flex e-con e-child\" data-id=\"c3af2d1\" data-element_type=\"container\">\n\t\t<div class=\"elementor-element elementor-element-a8f3b3c e-con-full e-flex e-con e-child\" data-id=\"a8f3b3c\" data-element_type=\"container\">\n\t\t\t\t<div class=\"elementor-element elementor-element-6364381 elementor-position-top elementor-widget elementor-widget-image-box\" data-id=\"6364381\" data-element_type=\"widget\" data-widget_type=\"image-box.default\">\n\t\t\t\t<div class=\"elementor-widget-container\">\n\t\t\t\t\t<div class=\"elementor-image-box-wrapper\"><figure class=\"elementor-image-box-img\"><a href=\"https:\/\/tuzilastvo.me\/en\/osnovna-drzavna-tuzilastva\/odt-niksic\/o-nama\/rukovodilac\/\" tabindex=\"-1\"><img fetchpriority=\"high\" decoding=\"async\" width=\"1456\" height=\"816\" src=\"https:\/\/tuzilastvo.me\/wp-content\/uploads\/2025\/10\/drzavno-tuzilastvo.jpg\" class=\"attachment-full size-full wp-image-60012\" alt=\"\" srcset=\"https:\/\/tuzilastvo.me\/wp-content\/uploads\/2025\/10\/drzavno-tuzilastvo.jpg 1456w, https:\/\/tuzilastvo.me\/wp-content\/uploads\/2025\/10\/drzavno-tuzilastvo-300x168.jpg 300w, https:\/\/tuzilastvo.me\/wp-content\/uploads\/2025\/10\/drzavno-tuzilastvo-1024x574.jpg 1024w, https:\/\/tuzilastvo.me\/wp-content\/uploads\/2025\/10\/drzavno-tuzilastvo-768x430.jpg 768w, https:\/\/tuzilastvo.me\/wp-content\/uploads\/2025\/10\/drzavno-tuzilastvo-18x10.jpg 18w\" sizes=\"(max-width: 1456px) 100vw, 1456px\" \/><\/a><\/figure><div class=\"elementor-image-box-content\"><h3 class=\"elementor-image-box-title\"><a href=\"https:\/\/tuzilastvo.me\/en\/osnovna-drzavna-tuzilastva\/odt-niksic\/o-nama\/rukovodilac\/\">\u017deljko Pejovi\u0107<\/a><\/h3><p class=\"elementor-image-box-description\">Head of the  State Prosecutor's Office\n<\/p><\/div><\/div>\t\t\t\t<\/div>\n\t\t\t\t<\/div>\n\t\t\t\t<\/div>\n\t\t\t\t<\/div>\n\t\t\t\t\t<\/div>\n\t\t\t\t<\/div>\n\t\t<div class=\"elementor-element elementor-element-d98f3dd e-con-full e-flex e-con e-child\" data-id=\"d98f3dd\" data-element_type=\"container\">\n\t\t\t\t<div class=\"elementor-element elementor-element-8feb119 elementor-widget elementor-widget-heading\" data-id=\"8feb119\" data-element_type=\"widget\" data-widget_type=\"heading.default\">\n\t\t\t\t<div class=\"elementor-widget-container\">\n\t\t\t\t\t<h3 class=\"elementor-heading-title elementor-size-default\">\n<\/h3>\t\t\t\t<\/div>\n\t\t\t\t<\/div>\n\t\t<div class=\"elementor-element elementor-element-c82a693 e-con-full e-flex e-con e-child\" data-id=\"c82a693\" data-element_type=\"container\">\n\t\t<div class=\"elementor-element elementor-element-d56ebc3 e-con-full e-flex e-con e-child\" data-id=\"d56ebc3\" data-element_type=\"container\">\n\t\t\t\t<div class=\"elementor-element elementor-element-edf9ff5 elementor-vertical-align-top elementor-widget elementor-widget-image-box\" data-id=\"edf9ff5\" data-element_type=\"widget\" data-widget_type=\"image-box.default\">\n\t\t\t\t<div class=\"elementor-widget-container\">\n\t\t\t\t\t<div class=\"elementor-image-box-wrapper\"><div class=\"elementor-image-box-content\"><h3 class=\"elementor-image-box-title\">Vanja Sin\u0111i\u0107<\/h3><p class=\"elementor-image-box-description\">State Prosecutor<\/p><\/div><\/div>\t\t\t\t<\/div>\n\t\t\t\t<\/div>\n\t\t\t\t<\/div>\n\t\t<div class=\"elementor-element elementor-element-5baa800 e-con-full e-flex e-con e-child\" data-id=\"5baa800\" data-element_type=\"container\">\n\t\t\t\t<div class=\"elementor-element elementor-element-0609655 elementor-vertical-align-top elementor-widget elementor-widget-image-box\" data-id=\"0609655\" data-element_type=\"widget\" data-widget_type=\"image-box.default\">\n\t\t\t\t<div class=\"elementor-widget-container\">\n\t\t\t\t\t<div class=\"elementor-image-box-wrapper\"><div class=\"elementor-image-box-content\"><h3 class=\"elementor-image-box-title\">Sofija Lukovac<\/h3><p class=\"elementor-image-box-description\">State Prosecutor<\/p><\/div><\/div>\t\t\t\t<\/div>\n\t\t\t\t<\/div>\n\t\t\t\t<\/div>\n\t\t<div class=\"elementor-element elementor-element-74e3f4a e-con-full e-flex e-con e-child\" data-id=\"74e3f4a\" data-element_type=\"container\">\n\t\t\t\t<div class=\"elementor-element elementor-element-9453ced elementor-vertical-align-top elementor-widget elementor-widget-image-box\" data-id=\"9453ced\" data-element_type=\"widget\" data-widget_type=\"image-box.default\">\n\t\t\t\t<div class=\"elementor-widget-container\">\n\t\t\t\t\t<div class=\"elementor-image-box-wrapper\"><div class=\"elementor-image-box-content\"><h3 class=\"elementor-image-box-title\">Vjera Mi\u0107unovi\u0107<\/h3><p class=\"elementor-image-box-description\">State Prosecutor<\/p><\/div><\/div>\t\t\t\t<\/div>\n\t\t\t\t<\/div>\n\t\t\t\t<\/div>\n\t\t\t\t<\/div>\n\t\t\t\t<\/div>\n\t\t<div class=\"elementor-element elementor-element-23c5375 e-con-full e-flex e-con e-child\" data-id=\"23c5375\" data-element_type=\"container\">\n\t\t<div class=\"elementor-element elementor-element-5b82f92 e-con-full e-flex e-con e-child\" data-id=\"5b82f92\" data-element_type=\"container\">\n\t\t\t\t<div class=\"elementor-element elementor-element-c27fd77 elementor-vertical-align-top elementor-widget elementor-widget-image-box\" data-id=\"c27fd77\" data-element_type=\"widget\" data-widget_type=\"image-box.default\">\n\t\t\t\t<div class=\"elementor-widget-container\">\n\t\t\t\t\t<div class=\"elementor-image-box-wrapper\"><div class=\"elementor-image-box-content\"><h3 class=\"elementor-image-box-title\">Dejan \u0110orojevi\u0107<\/h3><p class=\"elementor-image-box-description\">State Prosecutor<\/p><\/div><\/div>\t\t\t\t<\/div>\n\t\t\t\t<\/div>\n\t\t\t\t<\/div>\n\t\t<div class=\"elementor-element elementor-element-83cda44 e-con-full e-flex e-con e-child\" data-id=\"83cda44\" data-element_type=\"container\">\n\t\t\t\t<div class=\"elementor-element elementor-element-ae55976 elementor-vertical-align-top elementor-widget elementor-widget-image-box\" data-id=\"ae55976\" data-element_type=\"widget\" data-widget_type=\"image-box.default\">\n\t\t\t\t<div class=\"elementor-widget-container\">\n\t\t\t\t\t<div class=\"elementor-image-box-wrapper\"><div class=\"elementor-image-box-content\"><h3 class=\"elementor-image-box-title\">Ana Doderovi\u0107<\/h3><p class=\"elementor-image-box-description\">State Prosecutor<\/p><\/div><\/div>\t\t\t\t<\/div>\n\t\t\t\t<\/div>\n\t\t\t\t<\/div>\n\t\t<div class=\"elementor-element elementor-element-b6745e5 e-con-full e-flex e-con e-child\" data-id=\"b6745e5\" data-element_type=\"container\">\n\t\t\t\t<div class=\"elementor-element elementor-element-dc35244 elementor-vertical-align-top elementor-widget elementor-widget-image-box\" data-id=\"dc35244\" data-element_type=\"widget\" data-widget_type=\"image-box.default\">\n\t\t\t\t<div class=\"elementor-widget-container\">\n\t\t\t\t\t<div class=\"elementor-image-box-wrapper\"><div class=\"elementor-image-box-content\"><h3 class=\"elementor-image-box-title\">Rajko Lopi\u010di\u0107<\/h3><p class=\"elementor-image-box-description\">State Prosecutor<\/p><\/div><\/div>\t\t\t\t<\/div>\n\t\t\t\t<\/div>\n\t\t\t\t<\/div>\n\t\t\t\t<\/div>\n\t\t<div class=\"elementor-element elementor-element-fe7b5a9 e-con-full e-flex e-con e-child\" data-id=\"fe7b5a9\" data-element_type=\"container\">\n\t\t<div class=\"elementor-element elementor-element-c9089c4 e-con-full e-flex e-con e-child\" data-id=\"c9089c4\" data-element_type=\"container\">\n\t\t\t\t<div class=\"elementor-element elementor-element-dcd493d elementor-vertical-align-top elementor-widget elementor-widget-image-box\" data-id=\"dcd493d\" data-element_type=\"widget\" data-widget_type=\"image-box.default\">\n\t\t\t\t<div class=\"elementor-widget-container\">\n\t\t\t\t\t<div class=\"elementor-image-box-wrapper\"><div class=\"elementor-image-box-content\"><h3 class=\"elementor-image-box-title\">Filip Vukovi\u0107<\/h3><p class=\"elementor-image-box-description\">State Prosecutor<\/p><\/div><\/div>\t\t\t\t<\/div>\n\t\t\t\t<\/div>\n\t\t\t\t<\/div>\n\t\t<div class=\"elementor-element elementor-element-83f9123 e-con-full e-flex e-con e-child\" data-id=\"83f9123\" data-element_type=\"container\">\n\t\t\t\t<div class=\"elementor-element elementor-element-ab7568c elementor-vertical-align-top elementor-widget elementor-widget-image-box\" data-id=\"ab7568c\" data-element_type=\"widget\" data-widget_type=\"image-box.default\">\n\t\t\t\t<div class=\"elementor-widget-container\">\n\t\t\t\t\t<div class=\"elementor-image-box-wrapper\"><div class=\"elementor-image-box-content\"><h3 class=\"elementor-image-box-title\">Rado\u0161 \u0160o\u0161ki\u0107<\/h3><p class=\"elementor-image-box-description\">State Prosecutor<\/p><\/div><\/div>\t\t\t\t<\/div>\n\t\t\t\t<\/div>\n\t\t\t\t<\/div>\n\t\t\t\t<\/div>\n\t\t\t\t<\/div>\n\t\t\t\t\t<\/div>\n\t\t\t\t<\/div>\n\t\t\t\t<\/div>","protected":false},"excerpt":{"rendered":"<p>Dr\u017eavni tu\u017eioci \u017deljko Pejovi\u0107 rukovodilac Vanja Sin\u0111i\u0107 dr\u017eavna tu\u017eiteljka Sofija Lukovac dr\u017eavna tu\u017eiteljka Vjera Mi\u0107unovi\u0107 dr\u017eavna tu\u017eiteljka Dejan \u0110orojevi\u0107 dr\u017eavni [&hellip;]<\/p>","protected":false},"author":8,"featured_media":0,"parent":4922,"menu_order":0,"comment_status":"closed","ping_status":"closed","template":"","meta":{"_acf_changed":false,"site-sidebar-layout":"no-sidebar","site-content-layout":"","ast-site-content-layout":"full-width-container","site-content-style":"default","site-sidebar-style":"default","ast-global-header-display":"","ast-banner-title-visibility":"","ast-main-header-display":"","ast-hfb-above-header-display":"","ast-hfb-below-header-display":"","ast-hfb-mobile-header-display":"","site-post-title":"disabled","ast-breadcrumbs-content":"","ast-featured-img":"disabled","footer-sml-layout":"","theme-transparent-header-meta":"","adv-header-id-meta":"","stick-header-meta":"","header-above-stick-meta":"","header-main-stick-meta":"","header-below-stick-meta":"","astra-migrate-meta-layouts":"default","ast-page-background-enabled":"default","ast-page-background-meta":{"desktop":{"background-color":"var(--ast-global-color-4)","background-image":"","background-repeat":"repeat","background-position":"center center","background-size":"auto","background-attachment":"scroll","background-type":"","background-media":"","overlay-type":"","overlay-color":"","overlay-opacity":"","overlay-gradient":""},"tablet":{"background-color":"","background-image":"","background-repeat":"repeat","background-position":"center center","background-size":"auto","background-attachment":"scroll","background-type":"","background-media":"","overlay-type":"","overlay-color":"","overlay-opacity":"","overlay-gradient":""},"mobile":{"background-color":"","background-image":"","background-repeat":"repeat","background-position":"center center","background-size":"auto","background-attachment":"scroll","background-type":"","background-media":"","overlay-type":"","overlay-color":"","overlay-opacity":"","overlay-gradient":""}},"ast-content-background-meta":{"desktop":{"background-color":"var(--ast-global-color-5)","background-image":"","background-repeat":"repeat","background-position":"center center","background-size":"auto","background-attachment":"scroll","background-type":"","background-media":"","overlay-type":"","overlay-color":"","overlay-opacity":"","overlay-gradient":""},"tablet":{"background-color":"var(--ast-global-color-5)","background-image":"","background-repeat":"repeat","background-position":"center center","background-size":"auto","background-attachment":"scroll","background-type":"","background-media":"","overlay-type":"","overlay-color":"","overlay-opacity":"","overlay-gradient":""},"mobile":{"background-color":"var(--ast-global-color-5)","background-image":"","background-repeat":"repeat","background-position":"center center","background-size":"auto","background-attachment":"scroll","background-type":"","background-media":"","overlay-type":"","overlay-color":"","overlay-opacity":"","overlay-gradient":""}},"footnotes":""},"class_list":["post-4931","page","type-page","status-publish","hentry"],"acf":[],"_links":{"self":[{"href":"https:\/\/tuzilastvo.me\/en\/wp-json\/wp\/v2\/pages\/4931","targetHints":{"allow":["GET"]}}],"collection":[{"href":"https:\/\/tuzilastvo.me\/en\/wp-json\/wp\/v2\/pages"}],"about":[{"href":"https:\/\/tuzilastvo.me\/en\/wp-json\/wp\/v2\/types\/page"}],"author":[{"embeddable":true,"href":"https:\/\/tuzilastvo.me\/en\/wp-json\/wp\/v2\/users\/8"}],"replies":[{"embeddable":true,"href":"https:\/\/tuzilastvo.me\/en\/wp-json\/wp\/v2\/comments?post=4931"}],"version-history":[{"count":49,"href":"https:\/\/tuzilastvo.me\/en\/wp-json\/wp\/v2\/pages\/4931\/revisions"}],"predecessor-version":[{"id":65700,"href":"https:\/\/tuzilastvo.me\/en\/wp-json\/wp\/v2\/pages\/4931\/revisions\/65700"}],"up":[{"embeddable":true,"href":"https:\/\/tuzilastvo.me\/en\/wp-json\/wp\/v2\/pages\/4922"}],"wp:attachment":[{"href":"https:\/\/tuzilastvo.me\/en\/wp-json\/wp\/v2\/media?parent=4931"}],"curies":[{"name":"wp","href":"https:\/\/api.w.org\/{rel}","templated":true}]}}