{"id":5133,"date":"2024-12-27T03:03:32","date_gmt":"2024-12-27T03:03:32","guid":{"rendered":"https:\/\/istorijskaistrazivanja.com\/?page_id=5133"},"modified":"2025-11-12T12:28:24","modified_gmt":"2025-11-12T12:28:24","slug":"o-nama","status":"publish","type":"page","link":"https:\/\/tuzilastvo.me\/en\/osnovna-drzavna-tuzilastva\/odt-kolasin\/o-nama\/","title":{"rendered":"About us"},"content":{"rendered":"<div data-elementor-type=\"wp-page\" data-elementor-id=\"5133\" class=\"elementor elementor-5133\" data-elementor-post-type=\"page\">\n\t\t\t\t<div class=\"elementor-element elementor-element-99921d3 e-con-full e-flex e-con e-parent\" data-id=\"99921d3\" data-element_type=\"container\">\n\t\t\t\t<div class=\"elementor-element elementor-element-dc8fa81 elementor-widget elementor-widget-template\" data-id=\"dc8fa81\" data-element_type=\"widget\" data-widget_type=\"template.default\">\n\t\t\t\t<div class=\"elementor-widget-container\">\n\t\t\t\t\t\t\t<div class=\"elementor-template\">\n\t\t\t\t\t<div data-elementor-type=\"container\" data-elementor-id=\"62340\" class=\"elementor elementor-62340\" data-elementor-post-type=\"elementor_library\">\n\t\t\t\t<div class=\"elementor-element elementor-element-2c0b866d e-flex e-con-boxed e-con e-parent\" data-id=\"2c0b866d\" data-element_type=\"container\" data-settings=\"{&quot;background_background&quot;:&quot;classic&quot;,&quot;sticky&quot;:&quot;top&quot;,&quot;sticky_on&quot;:[&quot;desktop&quot;,&quot;tablet&quot;,&quot;mobile&quot;],&quot;sticky_offset&quot;:0,&quot;sticky_effects_offset&quot;:0,&quot;sticky_anchor_link_offset&quot;:0}\">\n\t\t\t\t\t<div class=\"e-con-inner\">\n\t\t\t\t<div class=\"elementor-element elementor-element-ed671f elementor-widget elementor-widget-heading\" data-id=\"ed671f\" data-element_type=\"widget\" data-widget_type=\"heading.default\">\n\t\t\t\t<div class=\"elementor-widget-container\">\n\t\t\t\t\t<h1 class=\"elementor-heading-title elementor-size-default\">BSPO Kola\u0161in<\/h1>\t\t\t\t<\/div>\n\t\t\t\t<\/div>\n\t\t\t\t<div class=\"elementor-element elementor-element-455a18ee elementor-search-form--skin-classic elementor-search-form--button-type-icon elementor-search-form--icon-search elementor-widget elementor-widget-search-form\" data-id=\"455a18ee\" data-element_type=\"widget\" data-settings=\"{&quot;skin&quot;:&quot;classic&quot;}\" data-widget_type=\"search-form.default\">\n\t\t\t\t<div class=\"elementor-widget-container\">\n\t\t\t\t\t\t\t<search role=\"search\">\n\t\t\t<form class=\"elementor-search-form\" action=\"https:\/\/tuzilastvo.me\/en\/\" method=\"get\" data-trp-original-action=\"https:\/\/tuzilastvo.me\/en\">\n\t\t\t\t\t\t\t\t\t\t\t\t<div class=\"elementor-search-form__container\">\n\t\t\t\t\t<label class=\"elementor-screen-only\" for=\"elementor-search-form-455a18ee\">Search<\/label>\n\n\t\t\t\t\t\n\t\t\t\t\t<input id=\"elementor-search-form-455a18ee\" placeholder=\"Search\" class=\"elementor-search-form__input\" type=\"search\" name=\"s\" value=\"\">\n\t\t\t\t\t\n\t\t\t\t\t\t\t\t\t\t\t<button class=\"elementor-search-form__submit\" type=\"submit\" aria-label=\"Search\">\n\t\t\t\t\t\t\t\t\t\t\t\t\t\t\t<div class=\"e-font-icon-svg-container\"><svg class=\"fa fa-search e-font-icon-svg e-fas-search\" viewbox=\"0 0 512 512\" xmlns=\"http:\/\/www.w3.org\/2000\/svg\"><path d=\"M505 442.7L405.3 343c-4.5-4.5-10.6-7-17-7H372c27.6-35.3 44-79.7 44-128C416 93.1 322.9 0 208 0S0 93.1 0 208s93.1 208 208 208c48.3 0 92.7-16.4 128-44v16.3c0 6.4 2.5 12.5 7 17l99.7 99.7c9.4 9.4 24.6 9.4 33.9 0l28.3-28.3c9.4-9.4 9.4-24.6.1-34zM208 336c-70.7 0-128-57.2-128-128 0-70.7 57.2-128 128-128 70.7 0 128 57.2 128 128 0 70.7-57.2 128-128 128z\"><\/path><\/svg><\/div>\t\t\t\t\t\t\t\t\t\t\t\t\t<\/button>\n\t\t\t\t\t\n\t\t\t\t\t\t\t\t\t<\/div>\n\t\t\t<input type=\"hidden\" name=\"trp-form-language\" value=\"en\"\/><\/form>\n\t\t<\/search>\n\t\t\t\t\t\t<\/div>\n\t\t\t\t<\/div>\n\t\t<div class=\"elementor-element elementor-element-678a8bc2 e-con-full header-row e-flex e-con e-child\" data-id=\"678a8bc2\" data-element_type=\"container\">\n\t\t\t\t<div class=\"elementor-element elementor-element-47df95f4 title elementor-widget elementor-widget-heading\" data-id=\"47df95f4\" data-element_type=\"widget\" data-widget_type=\"heading.default\">\n\t\t\t\t<div class=\"elementor-widget-container\">\n\t\t\t\t\t<h3 class=\"elementor-heading-title elementor-size-default\"><a href=\"https:\/\/tuzilastvo.me\/en\/osnovna-drzavna-tuzilastva\/odt-kolasin\/\">Front Page<\/a><\/h3>\t\t\t\t<\/div>\n\t\t\t\t<\/div>\n\t\t\t\t<div class=\"elementor-element elementor-element-6336e7ee title elementor-widget elementor-widget-heading\" data-id=\"6336e7ee\" data-element_type=\"widget\" data-widget_type=\"heading.default\">\n\t\t\t\t<div class=\"elementor-widget-container\">\n\t\t\t\t\t<h3 class=\"elementor-heading-title elementor-size-default\"><a href=\"https:\/\/tuzilastvo.me\/en\/osnovna-drzavna-tuzilastva\/odt-kolasin\/o-nama\/\">About us<\/a><\/h3>\t\t\t\t<\/div>\n\t\t\t\t<\/div>\n\t\t\t\t<div class=\"elementor-element elementor-element-7462c9e9 title elementor-widget elementor-widget-heading\" data-id=\"7462c9e9\" data-element_type=\"widget\" data-widget_type=\"heading.default\">\n\t\t\t\t<div class=\"elementor-widget-container\">\n\t\t\t\t\t<h3 class=\"elementor-heading-title elementor-size-default\"><a href=\"https:\/\/tuzilastvo.me\/en\/osnovna-drzavna-tuzilastva\/odt-kolasin\/biblioteka\/\">Library<\/a><\/h3>\t\t\t\t<\/div>\n\t\t\t\t<\/div>\n\t\t\t\t<div class=\"elementor-element elementor-element-34a55d66 title elementor-widget elementor-widget-heading\" data-id=\"34a55d66\" data-element_type=\"widget\" data-widget_type=\"heading.default\">\n\t\t\t\t<div class=\"elementor-widget-container\">\n\t\t\t\t\t<h3 class=\"elementor-heading-title elementor-size-default\"><a href=\"https:\/\/tuzilastvo.me\/en\/osnovna-drzavna-tuzilastva\/odt-kolasin\/odluke\/\">Decisions<\/a><\/h3>\t\t\t\t<\/div>\n\t\t\t\t<\/div>\n\t\t\t\t<div class=\"elementor-element elementor-element-4f066eb4 title elementor-widget elementor-widget-heading\" data-id=\"4f066eb4\" data-element_type=\"widget\" data-widget_type=\"heading.default\">\n\t\t\t\t<div class=\"elementor-widget-container\">\n\t\t\t\t\t<h3 class=\"elementor-heading-title elementor-size-default\"><a href=\"https:\/\/tuzilastvo.me\/en\/osnovna-drzavna-tuzilastva\/odt-kolasin\/odnosi-s-javnoscu\/\">Public Relations<\/a><\/h3>\t\t\t\t<\/div>\n\t\t\t\t<\/div>\n\t\t\t\t<div class=\"elementor-element elementor-element-7cbc41b3 title elementor-widget elementor-widget-heading\" data-id=\"7cbc41b3\" data-element_type=\"widget\" data-widget_type=\"heading.default\">\n\t\t\t\t<div class=\"elementor-widget-container\">\n\t\t\t\t\t<h3 class=\"elementor-heading-title elementor-size-default\"><a href=\"https:\/\/tuzilastvo.me\/en\/osnovna-drzavna-tuzilastva\/odt-kolasin\/dezurni-tuzioci\/\">Stand-by prosecutors<\/a><\/h3>\t\t\t\t<\/div>\n\t\t\t\t<\/div>\n\t\t\t\t<div class=\"elementor-element elementor-element-6f2b55f0 title elementor-widget elementor-widget-heading\" data-id=\"6f2b55f0\" data-element_type=\"widget\" data-widget_type=\"heading.default\">\n\t\t\t\t<div class=\"elementor-widget-container\">\n\t\t\t\t\t<h3 class=\"elementor-heading-title elementor-size-default\"><a href=\"https:\/\/tuzilastvo.me\/en\/osnovna-drzavna-tuzilastva\/odt-kolasin\/oglasi-2\/\">Advertisements<\/a><\/h3>\t\t\t\t<\/div>\n\t\t\t\t<\/div>\n\t\t\t\t<div class=\"elementor-element elementor-element-26b04905 title elementor-widget elementor-widget-heading\" data-id=\"26b04905\" data-element_type=\"widget\" data-widget_type=\"heading.default\">\n\t\t\t\t<div class=\"elementor-widget-container\">\n\t\t\t\t\t<h3 class=\"elementor-heading-title elementor-size-default\"><a href=\"https:\/\/tuzilastvo.me\/en\/osnovna-drzavna-tuzilastva\/odt-kolasin\/kontakt\/\">Contact<\/a><\/h3>\t\t\t\t<\/div>\n\t\t\t\t<\/div>\n\t\t\t\t<\/div>\n\t\t\t\t\t<\/div>\n\t\t\t\t<\/div>\n\t\t\t\t<\/div>\n\t\t\t\t<\/div>\n\t\t\t\t\t\t<\/div>\n\t\t\t\t<\/div>\n\t\t\t\t<\/div>\n\t\t<div class=\"elementor-element elementor-element-c0a2e39 e-con-full e-flex e-con e-parent\" data-id=\"c0a2e39\" data-element_type=\"container\">\n\t\t\t\t<div class=\"elementor-element elementor-element-50879a0 elementor-widget elementor-widget-heading\" data-id=\"50879a0\" data-element_type=\"widget\" data-widget_type=\"heading.default\">\n\t\t\t\t<div class=\"elementor-widget-container\">\n\t\t\t\t\t<h2 class=\"elementor-heading-title elementor-size-default\">About us<\/h2>\t\t\t\t<\/div>\n\t\t\t\t<\/div>\n\t\t<div class=\"elementor-element elementor-element-7fb2f28 e-grid e-con-full e-con e-child\" data-id=\"7fb2f28\" data-element_type=\"container\">\n\t\t<a class=\"elementor-element elementor-element-0d87d4e e-con-full e-flex e-con e-child\" data-id=\"0d87d4e\" data-element_type=\"container\" href=\"https:\/\/tuzilastvo.me\/en\/osnovna-drzavna-tuzilastva\/odt-kolasin\/o-nama\/nadleznost\/\">\n\t\t\t\t<div class=\"elementor-element elementor-element-d4d4b2b title elementor-widget elementor-widget-heading\" data-id=\"d4d4b2b\" data-element_type=\"widget\" data-widget_type=\"heading.default\">\n\t\t\t\t<div class=\"elementor-widget-container\">\n\t\t\t\t\t<h3 class=\"elementor-heading-title elementor-size-default\">Jurisdiction <\/h3>\t\t\t\t<\/div>\n\t\t\t\t<\/div>\n\t\t\t\t<\/a>\n\t\t<a class=\"elementor-element elementor-element-e7e7eaa e-con-full e-flex e-con e-child\" data-id=\"e7e7eaa\" data-element_type=\"container\" href=\"https:\/\/tuzilastvo.me\/en\/osnovna-drzavna-tuzilastva\/odt-kolasin\/o-nama\/rukovodilac\/\">\n\t\t\t\t<div class=\"elementor-element elementor-element-2a37353 title elementor-widget elementor-widget-heading\" data-id=\"2a37353\" data-element_type=\"widget\" data-widget_type=\"heading.default\">\n\t\t\t\t<div class=\"elementor-widget-container\">\n\t\t\t\t\t<h3 class=\"elementor-heading-title elementor-size-default\">Head of the  State Prosecutor's Office<\/h3>\t\t\t\t<\/div>\n\t\t\t\t<\/div>\n\t\t\t\t<\/a>\n\t\t<a class=\"elementor-element elementor-element-54a4894 e-con-full e-flex e-con e-child\" data-id=\"54a4894\" data-element_type=\"container\" href=\"https:\/\/tuzilastvo.me\/en\/osnovna-drzavna-tuzilastva\/odt-kolasin\/o-nama\/drzavni-tuzioci\/\">\n\t\t\t\t<div class=\"elementor-element elementor-element-b7bd3b0 title elementor-widget elementor-widget-heading\" data-id=\"b7bd3b0\" data-element_type=\"widget\" data-widget_type=\"heading.default\">\n\t\t\t\t<div class=\"elementor-widget-container\">\n\t\t\t\t\t<h3 class=\"elementor-heading-title elementor-size-default\">State Prosecutors<\/h3>\t\t\t\t<\/div>\n\t\t\t\t<\/div>\n\t\t\t\t<\/a>\n\t\t\t\t<\/div>\n\t\t\t\t<\/div>\n\t\t\t\t<\/div>","protected":false},"excerpt":{"rendered":"<p>O nama Nadle\u017enost Rukovodilac Dr\u017eavni tu\u017eioci<\/p>","protected":false},"author":11,"featured_media":0,"parent":3978,"menu_order":0,"comment_status":"closed","ping_status":"closed","template":"","meta":{"_acf_changed":false,"site-sidebar-layout":"no-sidebar","site-content-layout":"","ast-site-content-layout":"full-width-container","site-content-style":"default","site-sidebar-style":"default","ast-global-header-display":"","ast-banner-title-visibility":"","ast-main-header-display":"","ast-hfb-above-header-display":"","ast-hfb-below-header-display":"","ast-hfb-mobile-header-display":"","site-post-title":"disabled","ast-breadcrumbs-content":"","ast-featured-img":"disabled","footer-sml-layout":"","theme-transparent-header-meta":"","adv-header-id-meta":"","stick-header-meta":"","header-above-stick-meta":"","header-main-stick-meta":"","header-below-stick-meta":"","astra-migrate-meta-layouts":"default","ast-page-background-enabled":"default","ast-page-background-meta":{"desktop":{"background-color":"var(--ast-global-color-4)","background-image":"","background-repeat":"repeat","background-position":"center center","background-size":"auto","background-attachment":"scroll","background-type":"","background-media":"","overlay-type":"","overlay-color":"","overlay-opacity":"","overlay-gradient":""},"tablet":{"background-color":"","background-image":"","background-repeat":"repeat","background-position":"center center","background-size":"auto","background-attachment":"scroll","background-type":"","background-media":"","overlay-type":"","overlay-color":"","overlay-opacity":"","overlay-gradient":""},"mobile":{"background-color":"","background-image":"","background-repeat":"repeat","background-position":"center center","background-size":"auto","background-attachment":"scroll","background-type":"","background-media":"","overlay-type":"","overlay-color":"","overlay-opacity":"","overlay-gradient":""}},"ast-content-background-meta":{"desktop":{"background-color":"var(--ast-global-color-5)","background-image":"","background-repeat":"repeat","background-position":"center center","background-size":"auto","background-attachment":"scroll","background-type":"","background-media":"","overlay-type":"","overlay-color":"","overlay-opacity":"","overlay-gradient":""},"tablet":{"background-color":"var(--ast-global-color-5)","background-image":"","background-repeat":"repeat","background-position":"center center","background-size":"auto","background-attachment":"scroll","background-type":"","background-media":"","overlay-type":"","overlay-color":"","overlay-opacity":"","overlay-gradient":""},"mobile":{"background-color":"var(--ast-global-color-5)","background-image":"","background-repeat":"repeat","background-position":"center center","background-size":"auto","background-attachment":"scroll","background-type":"","background-media":"","overlay-type":"","overlay-color":"","overlay-opacity":"","overlay-gradient":""}},"footnotes":""},"class_list":["post-5133","page","type-page","status-publish","hentry"],"acf":[],"_links":{"self":[{"href":"https:\/\/tuzilastvo.me\/en\/wp-json\/wp\/v2\/pages\/5133","targetHints":{"allow":["GET"]}}],"collection":[{"href":"https:\/\/tuzilastvo.me\/en\/wp-json\/wp\/v2\/pages"}],"about":[{"href":"https:\/\/tuzilastvo.me\/en\/wp-json\/wp\/v2\/types\/page"}],"author":[{"embeddable":true,"href":"https:\/\/tuzilastvo.me\/en\/wp-json\/wp\/v2\/users\/11"}],"replies":[{"embeddable":true,"href":"https:\/\/tuzilastvo.me\/en\/wp-json\/wp\/v2\/comments?post=5133"}],"version-history":[{"count":28,"href":"https:\/\/tuzilastvo.me\/en\/wp-json\/wp\/v2\/pages\/5133\/revisions"}],"predecessor-version":[{"id":71712,"href":"https:\/\/tuzilastvo.me\/en\/wp-json\/wp\/v2\/pages\/5133\/revisions\/71712"}],"up":[{"embeddable":true,"href":"https:\/\/tuzilastvo.me\/en\/wp-json\/wp\/v2\/pages\/3978"}],"wp:attachment":[{"href":"https:\/\/tuzilastvo.me\/en\/wp-json\/wp\/v2\/media?parent=5133"}],"curies":[{"name":"wp","href":"https:\/\/api.w.org\/{rel}","templated":true}]}}