{"id":5988,"date":"2024-12-27T04:21:02","date_gmt":"2024-12-27T04:21:02","guid":{"rendered":"https:\/\/istorijskaistrazivanja.com\/?page_id=5988"},"modified":"2025-10-17T10:55:20","modified_gmt":"2025-10-17T10:55:20","slug":"rukovodilac","status":"publish","type":"page","link":"https:\/\/tuzilastvo.me\/en\/osnovna-drzavna-tuzilastva\/odt-pljevlja\/o-nama\/rukovodilac\/","title":{"rendered":"Head of the  State Prosecutor's Office"},"content":{"rendered":"<div data-elementor-type=\"wp-page\" data-elementor-id=\"5988\" class=\"elementor elementor-5988\" data-elementor-post-type=\"page\">\n\t\t\t\t<div class=\"elementor-element elementor-element-dd106df e-con-full e-flex e-con e-parent\" data-id=\"dd106df\" data-element_type=\"container\">\n\t\t\t\t<div class=\"elementor-element elementor-element-2aa31ed elementor-widget elementor-widget-template\" data-id=\"2aa31ed\" data-element_type=\"widget\" data-widget_type=\"template.default\">\n\t\t\t\t<div class=\"elementor-widget-container\">\n\t\t\t\t\t\t\t<div class=\"elementor-template\">\n\t\t\t\t\t<div data-elementor-type=\"container\" data-elementor-id=\"63418\" class=\"elementor elementor-63418\" data-elementor-post-type=\"elementor_library\">\n\t\t\t\t<div class=\"elementor-element elementor-element-4c4cab0 e-flex e-con-boxed e-con e-parent\" data-id=\"4c4cab0\" data-element_type=\"container\" data-settings=\"{&quot;background_background&quot;:&quot;classic&quot;,&quot;sticky&quot;:&quot;top&quot;,&quot;sticky_on&quot;:[&quot;desktop&quot;,&quot;tablet&quot;,&quot;mobile&quot;],&quot;sticky_offset&quot;:0,&quot;sticky_effects_offset&quot;:0,&quot;sticky_anchor_link_offset&quot;:0}\">\n\t\t\t\t\t<div class=\"e-con-inner\">\n\t\t\t\t<div class=\"elementor-element elementor-element-2e34a779 elementor-widget elementor-widget-heading\" data-id=\"2e34a779\" data-element_type=\"widget\" data-widget_type=\"heading.default\">\n\t\t\t\t<div class=\"elementor-widget-container\">\n\t\t\t\t\t<h1 class=\"elementor-heading-title elementor-size-default\">BSPO Pljevlja<\/h1>\t\t\t\t<\/div>\n\t\t\t\t<\/div>\n\t\t\t\t<div class=\"elementor-element elementor-element-32eb28b8 elementor-search-form--skin-classic elementor-search-form--button-type-icon elementor-search-form--icon-search elementor-widget elementor-widget-search-form\" data-id=\"32eb28b8\" data-element_type=\"widget\" data-settings=\"{&quot;skin&quot;:&quot;classic&quot;}\" data-widget_type=\"search-form.default\">\n\t\t\t\t<div class=\"elementor-widget-container\">\n\t\t\t\t\t\t\t<search role=\"search\">\n\t\t\t<form class=\"elementor-search-form\" action=\"https:\/\/tuzilastvo.me\/en\/\" method=\"get\" data-trp-original-action=\"https:\/\/tuzilastvo.me\/en\">\n\t\t\t\t\t\t\t\t\t\t\t\t<div class=\"elementor-search-form__container\">\n\t\t\t\t\t<label class=\"elementor-screen-only\" for=\"elementor-search-form-32eb28b8\">Search<\/label>\n\n\t\t\t\t\t\n\t\t\t\t\t<input id=\"elementor-search-form-32eb28b8\" placeholder=\"Search\" class=\"elementor-search-form__input\" type=\"search\" name=\"s\" value=\"\">\n\t\t\t\t\t\n\t\t\t\t\t\t\t\t\t\t\t<button class=\"elementor-search-form__submit\" type=\"submit\" aria-label=\"Search\">\n\t\t\t\t\t\t\t\t\t\t\t\t\t\t\t<div class=\"e-font-icon-svg-container\"><svg class=\"fa fa-search e-font-icon-svg e-fas-search\" viewbox=\"0 0 512 512\" xmlns=\"http:\/\/www.w3.org\/2000\/svg\"><path d=\"M505 442.7L405.3 343c-4.5-4.5-10.6-7-17-7H372c27.6-35.3 44-79.7 44-128C416 93.1 322.9 0 208 0S0 93.1 0 208s93.1 208 208 208c48.3 0 92.7-16.4 128-44v16.3c0 6.4 2.5 12.5 7 17l99.7 99.7c9.4 9.4 24.6 9.4 33.9 0l28.3-28.3c9.4-9.4 9.4-24.6.1-34zM208 336c-70.7 0-128-57.2-128-128 0-70.7 57.2-128 128-128 70.7 0 128 57.2 128 128 0 70.7-57.2 128-128 128z\"><\/path><\/svg><\/div>\t\t\t\t\t\t\t\t\t\t\t\t\t<\/button>\n\t\t\t\t\t\n\t\t\t\t\t\t\t\t\t<\/div>\n\t\t\t<input type=\"hidden\" name=\"trp-form-language\" value=\"en\"\/><\/form>\n\t\t<\/search>\n\t\t\t\t\t\t<\/div>\n\t\t\t\t<\/div>\n\t\t<div class=\"elementor-element elementor-element-514d4781 e-con-full header-row e-flex e-con e-child\" data-id=\"514d4781\" data-element_type=\"container\">\n\t\t\t\t<div class=\"elementor-element elementor-element-7d4e460f title elementor-widget elementor-widget-heading\" data-id=\"7d4e460f\" data-element_type=\"widget\" data-widget_type=\"heading.default\">\n\t\t\t\t<div class=\"elementor-widget-container\">\n\t\t\t\t\t<h3 class=\"elementor-heading-title elementor-size-default\"><a href=\"https:\/\/tuzilastvo.me\/en\/osnovna-drzavna-tuzilastva\/odt-pljevlja\/\">Front Page<\/a><\/h3>\t\t\t\t<\/div>\n\t\t\t\t<\/div>\n\t\t\t\t<div class=\"elementor-element elementor-element-7bef351e title elementor-widget elementor-widget-heading\" data-id=\"7bef351e\" data-element_type=\"widget\" data-widget_type=\"heading.default\">\n\t\t\t\t<div class=\"elementor-widget-container\">\n\t\t\t\t\t<h3 class=\"elementor-heading-title elementor-size-default\"><a href=\"https:\/\/tuzilastvo.me\/en\/osnovna-drzavna-tuzilastva\/odt-pljevlja\/o-nama\/\">About us<\/a><\/h3>\t\t\t\t<\/div>\n\t\t\t\t<\/div>\n\t\t\t\t<div class=\"elementor-element elementor-element-697a72a1 title elementor-widget elementor-widget-heading\" data-id=\"697a72a1\" data-element_type=\"widget\" data-widget_type=\"heading.default\">\n\t\t\t\t<div class=\"elementor-widget-container\">\n\t\t\t\t\t<h3 class=\"elementor-heading-title elementor-size-default\"><a href=\"https:\/\/tuzilastvo.me\/en\/osnovna-drzavna-tuzilastva\/odt-pljevlja\/biblioteka\/\">Library<\/a><\/h3>\t\t\t\t<\/div>\n\t\t\t\t<\/div>\n\t\t\t\t<div class=\"elementor-element elementor-element-4de19c7 title elementor-widget elementor-widget-heading\" data-id=\"4de19c7\" data-element_type=\"widget\" data-widget_type=\"heading.default\">\n\t\t\t\t<div class=\"elementor-widget-container\">\n\t\t\t\t\t<h3 class=\"elementor-heading-title elementor-size-default\"><a href=\"https:\/\/tuzilastvo.me\/en\/osnovna-drzavna-tuzilastva\/odt-pljevlja\/odluke\/\">Decisions<\/a><\/h3>\t\t\t\t<\/div>\n\t\t\t\t<\/div>\n\t\t\t\t<div class=\"elementor-element elementor-element-699f5fea title elementor-widget elementor-widget-heading\" data-id=\"699f5fea\" data-element_type=\"widget\" data-widget_type=\"heading.default\">\n\t\t\t\t<div class=\"elementor-widget-container\">\n\t\t\t\t\t<h3 class=\"elementor-heading-title elementor-size-default\"><a href=\"https:\/\/tuzilastvo.me\/en\/osnovna-drzavna-tuzilastva\/odt-pljevlja\/odnosi-s-javnoscu\/\">Public Relations<\/a><\/h3>\t\t\t\t<\/div>\n\t\t\t\t<\/div>\n\t\t\t\t<div class=\"elementor-element elementor-element-6aa289bb title elementor-widget elementor-widget-heading\" data-id=\"6aa289bb\" data-element_type=\"widget\" data-widget_type=\"heading.default\">\n\t\t\t\t<div class=\"elementor-widget-container\">\n\t\t\t\t\t<h3 class=\"elementor-heading-title elementor-size-default\"><a href=\"https:\/\/tuzilastvo.me\/en\/osnovna-drzavna-tuzilastva\/odt-pljevlja\/dezurni-tuzioci\/\">Stand-by prosecutors<\/a><\/h3>\t\t\t\t<\/div>\n\t\t\t\t<\/div>\n\t\t\t\t<div class=\"elementor-element elementor-element-71086d73 title elementor-widget elementor-widget-heading\" data-id=\"71086d73\" data-element_type=\"widget\" data-widget_type=\"heading.default\">\n\t\t\t\t<div class=\"elementor-widget-container\">\n\t\t\t\t\t<h3 class=\"elementor-heading-title elementor-size-default\"><a href=\"https:\/\/tuzilastvo.me\/en\/osnovna-drzavna-tuzilastva\/odt-pljevlja\/oglasi\/\">Advertisements<\/a><\/h3>\t\t\t\t<\/div>\n\t\t\t\t<\/div>\n\t\t\t\t<div class=\"elementor-element elementor-element-5eb87859 title elementor-widget elementor-widget-heading\" data-id=\"5eb87859\" data-element_type=\"widget\" data-widget_type=\"heading.default\">\n\t\t\t\t<div class=\"elementor-widget-container\">\n\t\t\t\t\t<h3 class=\"elementor-heading-title elementor-size-default\"><a href=\"https:\/\/tuzilastvo.me\/en\/osnovna-drzavna-tuzilastva\/odt-pljevlja\/kontakt\/\">Contact<\/a><\/h3>\t\t\t\t<\/div>\n\t\t\t\t<\/div>\n\t\t\t\t<\/div>\n\t\t\t\t\t<\/div>\n\t\t\t\t<\/div>\n\t\t\t\t<\/div>\n\t\t\t\t<\/div>\n\t\t\t\t\t\t<\/div>\n\t\t\t\t<\/div>\n\t\t\t\t<\/div>\n\t\t<div class=\"elementor-element elementor-element-32ad977 e-con-full e-flex e-con e-parent\" data-id=\"32ad977\" data-element_type=\"container\">\n\t\t\t\t<div class=\"elementor-element elementor-element-3f29652 elementor-widget elementor-widget-heading\" data-id=\"3f29652\" data-element_type=\"widget\" data-widget_type=\"heading.default\">\n\t\t\t\t<div class=\"elementor-widget-container\">\n\t\t\t\t\t<h2 class=\"elementor-heading-title elementor-size-default\">Head of the State Prosecutor's Office<\/h2>\t\t\t\t<\/div>\n\t\t\t\t<\/div>\n\t\t\t\t<div class=\"elementor-element elementor-element-1a11ec5 elementor-widget elementor-widget-text-editor\" data-id=\"1a11ec5\" data-element_type=\"widget\" data-widget_type=\"text-editor.default\">\n\t\t\t\t<div class=\"elementor-widget-container\">\n\t\t\t\t\t\t\t\t\t<h3><strong>Sanja Golubovi\u0107<\/strong><\/h3><p>\u00a0<\/p><p><span style=\"font-style: inherit; font-weight: inherit;\">Born on March 20, 1975. in Pljevlj\u0430.<\/span><\/p><p><strong>Education:<\/strong><\/p><p>She finished elementary school and high school in Pljevlja. She graduated from the Faculty of Law of the University of Montenegro in Podgorica in 1998.<\/p><p><strong>Work engagement:<\/strong><\/p><ul><li>From February 8, 1999 to February 8, 2002. In 2010, she did an internship at the Basic Court in Pljevlja.<\/li><li>From January 15, 2003 to July 30, 2010, expert associate at the Basic Court in Pljevlja.<\/li><li>From 31.07.2010. until 29.12.2015. year, Deputy State Prosecutor in Pljevlja.<\/li><li>From 29.12.2015. year, state prosecutor in the Basic State Prosecutor's Office in Pljevlja.<\/li><li>From May 14, 2021, head of the Basic State Prosecutor's Office in Pljevlja.<\/li><\/ul><p><strong>Professional activities:<\/strong><\/p><p>Participated in several continuous trainings, various educations and courses such as seminars on the topics \"Criminal mediation\", \"Corrupt crimes\", \"Hate crime - training for representatives of the judiciary\", \"Main trial - preparation for the main trial and management of the main trial\", \"Justice tailored to the child\", and in the Bulletin of the State Prosecutor's Office of Montenegro from 2018 she published a paper on the topic \"Postponement of the criminal prosecution\".<\/p>\t\t\t\t\t\t\t\t<\/div>\n\t\t\t\t<\/div>\n\t\t\t\t<\/div>\n\t\t\t\t<\/div>","protected":false},"excerpt":{"rendered":"<p>Rukovoditeljka Sanja Golubovi\u0107 \u00a0 Ro\u0111ena 20.03.1975. godine u Pljevljima. Obrazovanje: Osnovnu \u0161kolu i gimnaziju zavr\u0161ila u Pljevljima. Pravni fakultet Univerziteta [&hellip;]<\/p>","protected":false},"author":18,"featured_media":0,"parent":5952,"menu_order":0,"comment_status":"closed","ping_status":"closed","template":"","meta":{"_acf_changed":false,"site-sidebar-layout":"no-sidebar","site-content-layout":"","ast-site-content-layout":"full-width-container","site-content-style":"default","site-sidebar-style":"default","ast-global-header-display":"","ast-banner-title-visibility":"","ast-main-header-display":"","ast-hfb-above-header-display":"","ast-hfb-below-header-display":"","ast-hfb-mobile-header-display":"","site-post-title":"disabled","ast-breadcrumbs-content":"","ast-featured-img":"disabled","footer-sml-layout":"","theme-transparent-header-meta":"","adv-header-id-meta":"","stick-header-meta":"","header-above-stick-meta":"","header-main-stick-meta":"","header-below-stick-meta":"","astra-migrate-meta-layouts":"default","ast-page-background-enabled":"default","ast-page-background-meta":{"desktop":{"background-color":"var(--ast-global-color-4)","background-image":"","background-repeat":"repeat","background-position":"center center","background-size":"auto","background-attachment":"scroll","background-type":"","background-media":"","overlay-type":"","overlay-color":"","overlay-opacity":"","overlay-gradient":""},"tablet":{"background-color":"","background-image":"","background-repeat":"repeat","background-position":"center center","background-size":"auto","background-attachment":"scroll","background-type":"","background-media":"","overlay-type":"","overlay-color":"","overlay-opacity":"","overlay-gradient":""},"mobile":{"background-color":"","background-image":"","background-repeat":"repeat","background-position":"center center","background-size":"auto","background-attachment":"scroll","background-type":"","background-media":"","overlay-type":"","overlay-color":"","overlay-opacity":"","overlay-gradient":""}},"ast-content-background-meta":{"desktop":{"background-color":"var(--ast-global-color-5)","background-image":"","background-repeat":"repeat","background-position":"center center","background-size":"auto","background-attachment":"scroll","background-type":"","background-media":"","overlay-type":"","overlay-color":"","overlay-opacity":"","overlay-gradient":""},"tablet":{"background-color":"var(--ast-global-color-5)","background-image":"","background-repeat":"repeat","background-position":"center center","background-size":"auto","background-attachment":"scroll","background-type":"","background-media":"","overlay-type":"","overlay-color":"","overlay-opacity":"","overlay-gradient":""},"mobile":{"background-color":"var(--ast-global-color-5)","background-image":"","background-repeat":"repeat","background-position":"center center","background-size":"auto","background-attachment":"scroll","background-type":"","background-media":"","overlay-type":"","overlay-color":"","overlay-opacity":"","overlay-gradient":""}},"footnotes":""},"class_list":["post-5988","page","type-page","status-publish","hentry"],"acf":[],"_links":{"self":[{"href":"https:\/\/tuzilastvo.me\/en\/wp-json\/wp\/v2\/pages\/5988","targetHints":{"allow":["GET"]}}],"collection":[{"href":"https:\/\/tuzilastvo.me\/en\/wp-json\/wp\/v2\/pages"}],"about":[{"href":"https:\/\/tuzilastvo.me\/en\/wp-json\/wp\/v2\/types\/page"}],"author":[{"embeddable":true,"href":"https:\/\/tuzilastvo.me\/en\/wp-json\/wp\/v2\/users\/18"}],"replies":[{"embeddable":true,"href":"https:\/\/tuzilastvo.me\/en\/wp-json\/wp\/v2\/comments?post=5988"}],"version-history":[{"count":19,"href":"https:\/\/tuzilastvo.me\/en\/wp-json\/wp\/v2\/pages\/5988\/revisions"}],"predecessor-version":[{"id":65377,"href":"https:\/\/tuzilastvo.me\/en\/wp-json\/wp\/v2\/pages\/5988\/revisions\/65377"}],"up":[{"embeddable":true,"href":"https:\/\/tuzilastvo.me\/en\/wp-json\/wp\/v2\/pages\/5952"}],"wp:attachment":[{"href":"https:\/\/tuzilastvo.me\/en\/wp-json\/wp\/v2\/media?parent=5988"}],"curies":[{"name":"wp","href":"https:\/\/api.w.org\/{rel}","templated":true}]}}