{"id":6225,"date":"2024-12-27T05:19:26","date_gmt":"2024-12-27T05:19:26","guid":{"rendered":"https:\/\/istorijskaistrazivanja.com\/?page_id=6225"},"modified":"2025-11-18T11:42:30","modified_gmt":"2025-11-18T11:42:30","slug":"nadleznost","status":"publish","type":"page","link":"https:\/\/tuzilastvo.me\/en\/osnovna-drzavna-tuzilastva\/odt-rozaje\/o-nama\/nadleznost\/","title":{"rendered":"Jurisdiction"},"content":{"rendered":"<div data-elementor-type=\"wp-page\" data-elementor-id=\"6225\" class=\"elementor elementor-6225\" data-elementor-post-type=\"page\">\n\t\t\t\t<div class=\"elementor-element elementor-element-f4d8e92 e-con-full e-flex e-con e-parent\" data-id=\"f4d8e92\" data-element_type=\"container\">\n\t\t\t\t<div class=\"elementor-element elementor-element-928c293 elementor-widget elementor-widget-template\" data-id=\"928c293\" data-element_type=\"widget\" data-widget_type=\"template.default\">\n\t\t\t\t<div class=\"elementor-widget-container\">\n\t\t\t\t\t\t\t<div class=\"elementor-template\">\n\t\t\t\t\t<div data-elementor-type=\"container\" data-elementor-id=\"65866\" class=\"elementor elementor-65866\" data-elementor-post-type=\"elementor_library\">\n\t\t\t\t<div class=\"elementor-element elementor-element-6eb04907 e-flex e-con-boxed e-con e-parent\" data-id=\"6eb04907\" data-element_type=\"container\" data-settings=\"{&quot;background_background&quot;:&quot;classic&quot;,&quot;sticky&quot;:&quot;top&quot;,&quot;sticky_on&quot;:[&quot;desktop&quot;,&quot;tablet&quot;,&quot;mobile&quot;],&quot;sticky_offset&quot;:0,&quot;sticky_effects_offset&quot;:0,&quot;sticky_anchor_link_offset&quot;:0}\">\n\t\t\t\t\t<div class=\"e-con-inner\">\n\t\t\t\t<div class=\"elementor-element elementor-element-294dadd1 elementor-widget elementor-widget-heading\" data-id=\"294dadd1\" data-element_type=\"widget\" data-widget_type=\"heading.default\">\n\t\t\t\t<div class=\"elementor-widget-container\">\n\t\t\t\t\t<h1 class=\"elementor-heading-title elementor-size-default\">BSPO Ro\u017eaje<\/h1>\t\t\t\t<\/div>\n\t\t\t\t<\/div>\n\t\t\t\t<div class=\"elementor-element elementor-element-51efbae3 elementor-search-form--skin-classic elementor-search-form--button-type-icon elementor-search-form--icon-search elementor-widget elementor-widget-search-form\" data-id=\"51efbae3\" data-element_type=\"widget\" data-settings=\"{&quot;skin&quot;:&quot;classic&quot;}\" data-widget_type=\"search-form.default\">\n\t\t\t\t<div class=\"elementor-widget-container\">\n\t\t\t\t\t\t\t<search role=\"search\">\n\t\t\t<form class=\"elementor-search-form\" action=\"https:\/\/tuzilastvo.me\/en\/\" method=\"get\" data-trp-original-action=\"https:\/\/tuzilastvo.me\/en\">\n\t\t\t\t\t\t\t\t\t\t\t\t<div class=\"elementor-search-form__container\">\n\t\t\t\t\t<label class=\"elementor-screen-only\" for=\"elementor-search-form-51efbae3\">Search<\/label>\n\n\t\t\t\t\t\n\t\t\t\t\t<input id=\"elementor-search-form-51efbae3\" placeholder=\"Search\" class=\"elementor-search-form__input\" type=\"search\" name=\"s\" value=\"\">\n\t\t\t\t\t\n\t\t\t\t\t\t\t\t\t\t\t<button class=\"elementor-search-form__submit\" type=\"submit\" aria-label=\"Search\">\n\t\t\t\t\t\t\t\t\t\t\t\t\t\t\t<div class=\"e-font-icon-svg-container\"><svg class=\"fa fa-search e-font-icon-svg e-fas-search\" viewbox=\"0 0 512 512\" xmlns=\"http:\/\/www.w3.org\/2000\/svg\"><path d=\"M505 442.7L405.3 343c-4.5-4.5-10.6-7-17-7H372c27.6-35.3 44-79.7 44-128C416 93.1 322.9 0 208 0S0 93.1 0 208s93.1 208 208 208c48.3 0 92.7-16.4 128-44v16.3c0 6.4 2.5 12.5 7 17l99.7 99.7c9.4 9.4 24.6 9.4 33.9 0l28.3-28.3c9.4-9.4 9.4-24.6.1-34zM208 336c-70.7 0-128-57.2-128-128 0-70.7 57.2-128 128-128 70.7 0 128 57.2 128 128 0 70.7-57.2 128-128 128z\"><\/path><\/svg><\/div>\t\t\t\t\t\t\t\t\t\t\t\t\t<\/button>\n\t\t\t\t\t\n\t\t\t\t\t\t\t\t\t<\/div>\n\t\t\t<input type=\"hidden\" name=\"trp-form-language\" value=\"en\"\/><\/form>\n\t\t<\/search>\n\t\t\t\t\t\t<\/div>\n\t\t\t\t<\/div>\n\t\t<div class=\"elementor-element elementor-element-813354a e-con-full header-row e-flex e-con e-child\" data-id=\"813354a\" data-element_type=\"container\">\n\t\t\t\t<div class=\"elementor-element elementor-element-3781298a title elementor-widget elementor-widget-heading\" data-id=\"3781298a\" data-element_type=\"widget\" data-widget_type=\"heading.default\">\n\t\t\t\t<div class=\"elementor-widget-container\">\n\t\t\t\t\t<h3 class=\"elementor-heading-title elementor-size-default\"><a href=\"https:\/\/tuzilastvo.me\/en\/osnovna-drzavna-tuzilastva\/odt-rozaje\/\">Front Page<\/a><\/h3>\t\t\t\t<\/div>\n\t\t\t\t<\/div>\n\t\t\t\t<div class=\"elementor-element elementor-element-2cf34deb title elementor-widget elementor-widget-heading\" data-id=\"2cf34deb\" data-element_type=\"widget\" data-widget_type=\"heading.default\">\n\t\t\t\t<div class=\"elementor-widget-container\">\n\t\t\t\t\t<h3 class=\"elementor-heading-title elementor-size-default\"><a href=\"https:\/\/tuzilastvo.me\/en\/osnovna-drzavna-tuzilastva\/odt-rozaje\/o-nama\/\">About us<\/a><\/h3>\t\t\t\t<\/div>\n\t\t\t\t<\/div>\n\t\t\t\t<div class=\"elementor-element elementor-element-394041 title elementor-widget elementor-widget-heading\" data-id=\"394041\" data-element_type=\"widget\" data-widget_type=\"heading.default\">\n\t\t\t\t<div class=\"elementor-widget-container\">\n\t\t\t\t\t<h3 class=\"elementor-heading-title elementor-size-default\"><a href=\"https:\/\/tuzilastvo.me\/en\/osnovna-drzavna-tuzilastva\/odt-rozaje\/biblioteka\/\">Library<\/a><\/h3>\t\t\t\t<\/div>\n\t\t\t\t<\/div>\n\t\t\t\t<div class=\"elementor-element elementor-element-47d33b3 title elementor-widget elementor-widget-heading\" data-id=\"47d33b3\" data-element_type=\"widget\" data-widget_type=\"heading.default\">\n\t\t\t\t<div class=\"elementor-widget-container\">\n\t\t\t\t\t<h3 class=\"elementor-heading-title elementor-size-default\"><a href=\"https:\/\/tuzilastvo.me\/en\/osnovna-drzavna-tuzilastva\/odt-rozaje\/odluke\/\">Decisions<\/a><\/h3>\t\t\t\t<\/div>\n\t\t\t\t<\/div>\n\t\t\t\t<div class=\"elementor-element elementor-element-69bc9bd7 title elementor-widget elementor-widget-heading\" data-id=\"69bc9bd7\" data-element_type=\"widget\" data-widget_type=\"heading.default\">\n\t\t\t\t<div class=\"elementor-widget-container\">\n\t\t\t\t\t<h3 class=\"elementor-heading-title elementor-size-default\"><a href=\"https:\/\/tuzilastvo.me\/en\/osnovna-drzavna-tuzilastva\/odt-rozaje\/odnosi-s-javnoscu\/\">Public Relations <\/a><\/h3>\t\t\t\t<\/div>\n\t\t\t\t<\/div>\n\t\t\t\t<div class=\"elementor-element elementor-element-35c43991 title elementor-widget elementor-widget-heading\" data-id=\"35c43991\" data-element_type=\"widget\" data-widget_type=\"heading.default\">\n\t\t\t\t<div class=\"elementor-widget-container\">\n\t\t\t\t\t<h3 class=\"elementor-heading-title elementor-size-default\"><a href=\"https:\/\/tuzilastvo.me\/en\/osnovna-drzavna-tuzilastva\/odt-rozaje\/dezurni-tuzioci\/\">Stand-by prosecutors<\/a><\/h3>\t\t\t\t<\/div>\n\t\t\t\t<\/div>\n\t\t\t\t<div class=\"elementor-element elementor-element-4ee0bac title elementor-widget elementor-widget-heading\" data-id=\"4ee0bac\" data-element_type=\"widget\" data-widget_type=\"heading.default\">\n\t\t\t\t<div class=\"elementor-widget-container\">\n\t\t\t\t\t<h3 class=\"elementor-heading-title elementor-size-default\"><a href=\"https:\/\/tuzilastvo.me\/en\/osnovna-drzavna-tuzilastva\/odt-rozaje\/oglasi\/\">Advertisements<\/a><\/h3>\t\t\t\t<\/div>\n\t\t\t\t<\/div>\n\t\t\t\t<div class=\"elementor-element elementor-element-72a41458 title elementor-widget elementor-widget-heading\" data-id=\"72a41458\" data-element_type=\"widget\" data-widget_type=\"heading.default\">\n\t\t\t\t<div class=\"elementor-widget-container\">\n\t\t\t\t\t<h3 class=\"elementor-heading-title elementor-size-default\"><a href=\"https:\/\/tuzilastvo.me\/en\/osnovna-drzavna-tuzilastva\/odt-rozaje\/kontakt\/\">Contact<\/a><\/h3>\t\t\t\t<\/div>\n\t\t\t\t<\/div>\n\t\t\t\t<\/div>\n\t\t\t\t\t<\/div>\n\t\t\t\t<\/div>\n\t\t\t\t<\/div>\n\t\t\t\t<\/div>\n\t\t\t\t\t\t<\/div>\n\t\t\t\t<\/div>\n\t\t\t\t<\/div>\n\t\t<div class=\"elementor-element elementor-element-a5c7d4d e-con-full e-flex e-con e-parent\" data-id=\"a5c7d4d\" data-element_type=\"container\">\n\t\t\t\t<div class=\"elementor-element elementor-element-9ef431c elementor-widget elementor-widget-heading\" data-id=\"9ef431c\" data-element_type=\"widget\" data-widget_type=\"heading.default\">\n\t\t\t\t<div class=\"elementor-widget-container\">\n\t\t\t\t\t<h2 class=\"elementor-heading-title elementor-size-default\">About us<\/h2>\t\t\t\t<\/div>\n\t\t\t\t<\/div>\n\t\t<div class=\"elementor-element elementor-element-f8a0b9f e-flex e-con-boxed e-con e-child\" data-id=\"f8a0b9f\" data-element_type=\"container\">\n\t\t\t\t\t<div class=\"e-con-inner\">\n\t\t\t\t<div class=\"elementor-element elementor-element-01e42c7 elementor-widget elementor-widget-heading\" data-id=\"01e42c7\" data-element_type=\"widget\" data-widget_type=\"heading.default\">\n\t\t\t\t<div class=\"elementor-widget-container\">\n\t\t\t\t\t<h3 class=\"elementor-heading-title elementor-size-default\">Jurisdiction<\/h3>\t\t\t\t<\/div>\n\t\t\t\t<\/div>\n\t\t\t\t<div class=\"elementor-element elementor-element-86014c3 elementor-widget elementor-widget-text-editor\" data-id=\"86014c3\" data-element_type=\"widget\" data-widget_type=\"text-editor.default\">\n\t\t\t\t<div class=\"elementor-widget-container\">\n\t\t\t\t\t\t\t\t\t<p><span style=\"font-style: inherit;font-weight: inherit\">The State Prosecutor's Office is a unique and independent state body that prosecutes perpetrators of criminal offenses and other punishable offenses that are prosecuted ex officio.<\/span><\/p>\t\t\t\t\t\t\t\t<\/div>\n\t\t\t\t<\/div>\n\t\t\t\t\t<\/div>\n\t\t\t\t<\/div>\n\t\t<div class=\"elementor-element elementor-element-9a098f7 e-flex e-con-boxed e-con e-child\" data-id=\"9a098f7\" data-element_type=\"container\">\n\t\t\t\t\t<div class=\"e-con-inner\">\n\t\t\t\t<div class=\"elementor-element elementor-element-81157dc elementor-widget elementor-widget-heading\" data-id=\"81157dc\" data-element_type=\"widget\" data-widget_type=\"heading.default\">\n\t\t\t\t<div class=\"elementor-widget-container\">\n\t\t\t\t\t<h3 class=\"elementor-heading-title elementor-size-default\">History<\/h3>\t\t\t\t<\/div>\n\t\t\t\t<\/div>\n\t\t\t\t<div class=\"elementor-element elementor-element-82854f3 elementor-widget elementor-widget-text-editor\" data-id=\"82854f3\" data-element_type=\"widget\" data-widget_type=\"text-editor.default\">\n\t\t\t\t<div class=\"elementor-widget-container\">\n\t\t\t\t\t\t\t\t\t<p style=\"background: white; vertical-align: baseline; margin: 0in 0in 21.0pt 0in;\"><span style=\"font-family: 'Arial',sans-serif; color: black;\">By the Law on Amendments to the Law on Public Prosecution (Official Gazette of the Republic of Montenegro No. 33 of November 12, 1977) for the territory of the Municipality of Ro\u017eaje, the Municipal Public Prosecutor's Office in Ro\u017eaje was established, which began operating on January 1, 1978.\u00a0<\/span><\/p><p style=\"background: white; vertical-align: baseline; text-align: start; margin: 0in 0in 21.0pt 0in;\"><span style=\"font-family: 'Arial',sans-serif; color: black;\">Velija Muri\u0107 was appointed as the first prosecutor, who held the position of prosecutor until July 2, 1983. After Muri\u0107, the duties of the prosecutor were taken over by Milenko Magdelini\u0107 on July 11, 1983, who held the position of prosecutor until December 31, 2009. The function of prosecutor - manager from April 20, 2010 to April 24, 2019 was held by Hajran Kala\u010d.\u00a0<\/span><\/p><p style=\"background: white; vertical-align: baseline; text-align: start; margin: 0in 0in 21.0pt 0in;\"><span style=\"font-family: 'Arial',sans-serif; color: black;\">Armin Selmanovi\u0107, served as prosecutor and spokesperson of the prosecution from November 6, 2008 to January 14, 2021. He held the position of deputy manager from April 30, 2019 to January 14, 2021, after which he was appointed as a prosecutor in the Higher State Prosecutor's Office in Podgorica.<\/span><\/p><p style=\"background: white; vertical-align: baseline; text-align: start; margin: 0in 0in 21.0pt 0in;\"><span style=\"font-family: 'Arial',sans-serif; color: black;\">Hajran Kala\u010d, held the position of prosecutor from April 2, 2003. until April 20, 2010. He served as the head of the prosecution from April 20, 2010 to April 24, 2019. From April 24, 2019 to February 17, 2022, he served as a prosecutor, after which he retired.<\/span><\/p><p style=\"background: white; vertical-align: baseline; text-align: start; margin: 0in 0in 21.0pt 0in;\"><span style=\"font-family: 'Arial',sans-serif; color: black;\">Ivan Do\u0161ljak, served as a prosecutor from July 15, 2015 to March 10, 2022, after which he was appointed president of the Basic Court in Berane.<\/span><\/p><p style=\"background: white; vertical-align: baseline; text-align: start; margin: 0in 0in 21.0pt 0in;\"><span style=\"font-family: 'Arial',sans-serif; color: black;\">From its foundation until today, this prosecution office has recorded outstanding work results, which is best evidenced by the regular annual reports and inspection reports on the work of the prosecution office. In addition, the prosecutor's office in Ro\u017eaje has become a kind of nursery for young staff who, over time, have grown into quality legal experts.\u00a0<\/span><\/p><p style=\"background: white; vertical-align: baseline; text-align: start; margin: 0in 0in 21.0pt 0in;\"><span style=\"font-family: 'Arial',sans-serif; color: black;\">What makes the work of this prosecutor's office specific is the fact that it is located on the triple border of Montenegro, the Republic of Serbia and Kosovo, which makes the structure of the cases in its work heterogeneous in every sense. If we add to that the fact that there is a large diaspora in a large number of countries in Europe and the world from the area for which this prosecutor's office is responsible, the work of the prosecutor's office is accompanied by dealing with international elements in a large number of cases, in which part it has become a very good representative of Montenegrin legal conditions.\u00a0<\/span><\/p>\t\t\t\t\t\t\t\t<\/div>\n\t\t\t\t<\/div>\n\t\t\t\t\t<\/div>\n\t\t\t\t<\/div>\n\t\t\t\t<\/div>\n\t\t\t\t<\/div>","protected":false},"excerpt":{"rendered":"<p>O nama Nadle\u017enost Dr\u017eavno tu\u017eila\u0161tvo je jedinstven i samostalan dr\u017eavni organ koji vr\u0161i poslove gonjenja u\u010dinilaca krivi\u010dnih djela i drugih [&hellip;]<\/p>","protected":false},"author":20,"featured_media":0,"parent":6190,"menu_order":0,"comment_status":"closed","ping_status":"closed","template":"","meta":{"_acf_changed":false,"site-sidebar-layout":"no-sidebar","site-content-layout":"","ast-site-content-layout":"full-width-container","site-content-style":"default","site-sidebar-style":"default","ast-global-header-display":"","ast-banner-title-visibility":"","ast-main-header-display":"","ast-hfb-above-header-display":"","ast-hfb-below-header-display":"","ast-hfb-mobile-header-display":"","site-post-title":"disabled","ast-breadcrumbs-content":"","ast-featured-img":"disabled","footer-sml-layout":"","theme-transparent-header-meta":"","adv-header-id-meta":"","stick-header-meta":"","header-above-stick-meta":"","header-main-stick-meta":"","header-below-stick-meta":"","astra-migrate-meta-layouts":"default","ast-page-background-enabled":"default","ast-page-background-meta":{"desktop":{"background-color":"var(--ast-global-color-4)","background-image":"","background-repeat":"repeat","background-position":"center center","background-size":"auto","background-attachment":"scroll","background-type":"","background-media":"","overlay-type":"","overlay-color":"","overlay-opacity":"","overlay-gradient":""},"tablet":{"background-color":"","background-image":"","background-repeat":"repeat","background-position":"center center","background-size":"auto","background-attachment":"scroll","background-type":"","background-media":"","overlay-type":"","overlay-color":"","overlay-opacity":"","overlay-gradient":""},"mobile":{"background-color":"","background-image":"","background-repeat":"repeat","background-position":"center center","background-size":"auto","background-attachment":"scroll","background-type":"","background-media":"","overlay-type":"","overlay-color":"","overlay-opacity":"","overlay-gradient":""}},"ast-content-background-meta":{"desktop":{"background-color":"var(--ast-global-color-5)","background-image":"","background-repeat":"repeat","background-position":"center center","background-size":"auto","background-attachment":"scroll","background-type":"","background-media":"","overlay-type":"","overlay-color":"","overlay-opacity":"","overlay-gradient":""},"tablet":{"background-color":"var(--ast-global-color-5)","background-image":"","background-repeat":"repeat","background-position":"center center","background-size":"auto","background-attachment":"scroll","background-type":"","background-media":"","overlay-type":"","overlay-color":"","overlay-opacity":"","overlay-gradient":""},"mobile":{"background-color":"var(--ast-global-color-5)","background-image":"","background-repeat":"repeat","background-position":"center center","background-size":"auto","background-attachment":"scroll","background-type":"","background-media":"","overlay-type":"","overlay-color":"","overlay-opacity":"","overlay-gradient":""}},"footnotes":""},"class_list":["post-6225","page","type-page","status-publish","hentry"],"acf":[],"_links":{"self":[{"href":"https:\/\/tuzilastvo.me\/en\/wp-json\/wp\/v2\/pages\/6225","targetHints":{"allow":["GET"]}}],"collection":[{"href":"https:\/\/tuzilastvo.me\/en\/wp-json\/wp\/v2\/pages"}],"about":[{"href":"https:\/\/tuzilastvo.me\/en\/wp-json\/wp\/v2\/types\/page"}],"author":[{"embeddable":true,"href":"https:\/\/tuzilastvo.me\/en\/wp-json\/wp\/v2\/users\/20"}],"replies":[{"embeddable":true,"href":"https:\/\/tuzilastvo.me\/en\/wp-json\/wp\/v2\/comments?post=6225"}],"version-history":[{"count":31,"href":"https:\/\/tuzilastvo.me\/en\/wp-json\/wp\/v2\/pages\/6225\/revisions"}],"predecessor-version":[{"id":71884,"href":"https:\/\/tuzilastvo.me\/en\/wp-json\/wp\/v2\/pages\/6225\/revisions\/71884"}],"up":[{"embeddable":true,"href":"https:\/\/tuzilastvo.me\/en\/wp-json\/wp\/v2\/pages\/6190"}],"wp:attachment":[{"href":"https:\/\/tuzilastvo.me\/en\/wp-json\/wp\/v2\/media?parent=6225"}],"curies":[{"name":"wp","href":"https:\/\/api.w.org\/{rel}","templated":true}]}}