{"id":6313,"date":"2024-12-27T06:40:41","date_gmt":"2024-12-27T06:40:41","guid":{"rendered":"https:\/\/istorijskaistrazivanja.com\/tuzilacki-savjet\/o-nama\/"},"modified":"2025-10-24T07:08:23","modified_gmt":"2025-10-24T07:08:23","slug":"o-nama","status":"publish","type":"page","link":"https:\/\/tuzilastvo.me\/en\/tuzilacki-savjet\/o-nama\/","title":{"rendered":"About us"},"content":{"rendered":"<div data-elementor-type=\"wp-page\" data-elementor-id=\"6313\" class=\"elementor elementor-6313\" data-elementor-post-type=\"page\">\n\t\t\t\t<div class=\"elementor-element elementor-element-619c942 e-con-full e-flex e-con e-parent\" data-id=\"619c942\" data-element_type=\"container\">\n\t\t\t\t<div class=\"elementor-element elementor-element-7ac1b94 elementor-widget elementor-widget-template\" data-id=\"7ac1b94\" data-element_type=\"widget\" data-widget_type=\"template.default\">\n\t\t\t\t<div class=\"elementor-widget-container\">\n\t\t\t\t\t\t\t<div class=\"elementor-template\">\n\t\t\t\t\t<div data-elementor-type=\"container\" data-elementor-id=\"65994\" class=\"elementor elementor-65994\" data-elementor-post-type=\"elementor_library\">\n\t\t\t\t<div class=\"elementor-element elementor-element-e086cdd e-flex e-con-boxed e-con e-parent\" data-id=\"e086cdd\" data-element_type=\"container\" data-settings=\"{&quot;background_background&quot;:&quot;classic&quot;,&quot;sticky&quot;:&quot;top&quot;,&quot;sticky_on&quot;:[&quot;desktop&quot;,&quot;tablet&quot;,&quot;mobile&quot;],&quot;sticky_offset&quot;:0,&quot;sticky_effects_offset&quot;:0,&quot;sticky_anchor_link_offset&quot;:0}\">\n\t\t\t\t\t<div class=\"e-con-inner\">\n\t\t\t\t<div class=\"elementor-element elementor-element-4f44890c elementor-widget elementor-widget-heading\" data-id=\"4f44890c\" data-element_type=\"widget\" data-widget_type=\"heading.default\">\n\t\t\t\t<div class=\"elementor-widget-container\">\n\t\t\t\t\t<h1 class=\"elementor-heading-title elementor-size-default\">PROSECUTORIAL COUNCIL<\/h1>\t\t\t\t<\/div>\n\t\t\t\t<\/div>\n\t\t\t\t<div class=\"elementor-element elementor-element-54b4746b elementor-search-form--skin-classic elementor-search-form--button-type-icon elementor-search-form--icon-search elementor-widget elementor-widget-search-form\" data-id=\"54b4746b\" data-element_type=\"widget\" data-settings=\"{&quot;skin&quot;:&quot;classic&quot;}\" data-widget_type=\"search-form.default\">\n\t\t\t\t<div class=\"elementor-widget-container\">\n\t\t\t\t\t\t\t<search role=\"search\">\n\t\t\t<form class=\"elementor-search-form\" action=\"https:\/\/tuzilastvo.me\/en\/\" method=\"get\" data-trp-original-action=\"https:\/\/tuzilastvo.me\/en\">\n\t\t\t\t\t\t\t\t\t\t\t\t<div class=\"elementor-search-form__container\">\n\t\t\t\t\t<label class=\"elementor-screen-only\" for=\"elementor-search-form-54b4746b\">Search<\/label>\n\n\t\t\t\t\t\n\t\t\t\t\t<input id=\"elementor-search-form-54b4746b\" placeholder=\"Search\" class=\"elementor-search-form__input\" type=\"search\" name=\"s\" value=\"\">\n\t\t\t\t\t\n\t\t\t\t\t\t\t\t\t\t\t<button class=\"elementor-search-form__submit\" type=\"submit\" aria-label=\"Search\">\n\t\t\t\t\t\t\t\t\t\t\t\t\t\t\t<div class=\"e-font-icon-svg-container\"><svg class=\"fa fa-search e-font-icon-svg e-fas-search\" viewbox=\"0 0 512 512\" xmlns=\"http:\/\/www.w3.org\/2000\/svg\"><path d=\"M505 442.7L405.3 343c-4.5-4.5-10.6-7-17-7H372c27.6-35.3 44-79.7 44-128C416 93.1 322.9 0 208 0S0 93.1 0 208s93.1 208 208 208c48.3 0 92.7-16.4 128-44v16.3c0 6.4 2.5 12.5 7 17l99.7 99.7c9.4 9.4 24.6 9.4 33.9 0l28.3-28.3c9.4-9.4 9.4-24.6.1-34zM208 336c-70.7 0-128-57.2-128-128 0-70.7 57.2-128 128-128 70.7 0 128 57.2 128 128 0 70.7-57.2 128-128 128z\"><\/path><\/svg><\/div>\t\t\t\t\t\t\t\t\t\t\t\t\t<\/button>\n\t\t\t\t\t\n\t\t\t\t\t\t\t\t\t<\/div>\n\t\t\t<input type=\"hidden\" name=\"trp-form-language\" value=\"en\"\/><\/form>\n\t\t<\/search>\n\t\t\t\t\t\t<\/div>\n\t\t\t\t<\/div>\n\t\t<div class=\"elementor-element elementor-element-158414c2 e-con-full e-flex e-con e-child\" data-id=\"158414c2\" data-element_type=\"container\" data-settings=\"{&quot;position&quot;:&quot;absolute&quot;}\">\n\t\t\t\t<\/div>\n\t\t<div class=\"elementor-element elementor-element-1c1c6b56 e-con-full header-row e-flex e-con e-child\" data-id=\"1c1c6b56\" data-element_type=\"container\">\n\t\t\t\t<div class=\"elementor-element elementor-element-75710121 title elementor-widget elementor-widget-heading\" data-id=\"75710121\" data-element_type=\"widget\" data-widget_type=\"heading.default\">\n\t\t\t\t<div class=\"elementor-widget-container\">\n\t\t\t\t\t<h3 class=\"elementor-heading-title elementor-size-default\"><a href=\"https:\/\/tuzilastvo.me\/en\/tuzilacki-savjet\/\">Front Page<\/a><\/h3>\t\t\t\t<\/div>\n\t\t\t\t<\/div>\n\t\t\t\t<div class=\"elementor-element elementor-element-38071568 title elementor-widget elementor-widget-heading\" data-id=\"38071568\" data-element_type=\"widget\" data-widget_type=\"heading.default\">\n\t\t\t\t<div class=\"elementor-widget-container\">\n\t\t\t\t\t<h3 class=\"elementor-heading-title elementor-size-default\"><a href=\"https:\/\/tuzilastvo.me\/en\/tuzilacki-savjet\/sekretarijat-tuzilackog-savjeta\/\">Secretariat of the Prosecutorial Council<\/a><\/h3>\t\t\t\t<\/div>\n\t\t\t\t<\/div>\n\t\t\t\t<div class=\"elementor-element elementor-element-7569ca6b title elementor-widget elementor-widget-heading\" data-id=\"7569ca6b\" data-element_type=\"widget\" data-widget_type=\"heading.default\">\n\t\t\t\t<div class=\"elementor-widget-container\">\n\t\t\t\t\t<h3 class=\"elementor-heading-title elementor-size-default\"><a href=\"https:\/\/tuzilastvo.me\/en\/tuzilacki-savjet\/mediji\/aktuelnosti\/\">News<\/a><\/h3>\t\t\t\t<\/div>\n\t\t\t\t<\/div>\n\t\t\t\t<div class=\"elementor-element elementor-element-22f0a3ea title elementor-widget elementor-widget-heading\" data-id=\"22f0a3ea\" data-element_type=\"widget\" data-widget_type=\"heading.default\">\n\t\t\t\t<div class=\"elementor-widget-container\">\n\t\t\t\t\t<h3 class=\"elementor-heading-title elementor-size-default\"><a href=\"https:\/\/tuzilastvo.me\/en\/tuzilacki-savjet\/slobodan-pristup-informacijama\/izvjestaji-i-druga-dokumenta-o-radu-2\/\">Work Report<\/a><\/h3>\t\t\t\t<\/div>\n\t\t\t\t<\/div>\n\t\t\t\t<div class=\"elementor-element elementor-element-1d666b25 title elementor-widget elementor-widget-heading\" data-id=\"1d666b25\" data-element_type=\"widget\" data-widget_type=\"heading.default\">\n\t\t\t\t<div class=\"elementor-widget-container\">\n\t\t\t\t\t<h3 class=\"elementor-heading-title elementor-size-default\"><a href=\"https:\/\/tuzilastvo.me\/en\/tuzilacki-savjet\/oglasi-i-javni-pozivi\/\">Public calls\/ Advertisement<\/a><\/h3>\t\t\t\t<\/div>\n\t\t\t\t<\/div>\n\t\t\t\t<div class=\"elementor-element elementor-element-1d60d34f title elementor-widget elementor-widget-heading\" data-id=\"1d60d34f\" data-element_type=\"widget\" data-widget_type=\"heading.default\">\n\t\t\t\t<div class=\"elementor-widget-container\">\n\t\t\t\t\t<h3 class=\"elementor-heading-title elementor-size-default\"><a href=\"https:\/\/tuzilastvo.me\/en\/tuzilacki-savjet\/kontakt-2\/\">Contact<\/a><\/h3>\t\t\t\t<\/div>\n\t\t\t\t<\/div>\n\t\t\t\t<\/div>\n\t\t\t\t\t<\/div>\n\t\t\t\t<\/div>\n\t\t\t\t<\/div>\n\t\t\t\t<\/div>\n\t\t\t\t\t\t<\/div>\n\t\t\t\t<\/div>\n\t\t\t\t<\/div>\n\t\t<div class=\"elementor-element elementor-element-c191d74 e-con-full e-flex e-con e-parent\" data-id=\"c191d74\" data-element_type=\"container\">\n\t\t\t\t<div class=\"elementor-element elementor-element-f618be9 elementor-widget elementor-widget-heading\" data-id=\"f618be9\" data-element_type=\"widget\" data-widget_type=\"heading.default\">\n\t\t\t\t<div class=\"elementor-widget-container\">\n\t\t\t\t\t<h2 class=\"elementor-heading-title elementor-size-default\">About us<\/h2>\t\t\t\t<\/div>\n\t\t\t\t<\/div>\n\t\t<div class=\"elementor-element elementor-element-d7d4c1c e-grid e-con-full e-con e-child\" data-id=\"d7d4c1c\" data-element_type=\"container\">\n\t\t<a class=\"elementor-element elementor-element-43c59ec e-con-full e-flex e-con e-child\" data-id=\"43c59ec\" data-element_type=\"container\" href=\"https:\/\/tuzilastvo.me\/en\/tuzilacki-savjet\/o-nama\/nadleznosti\/\">\n\t\t\t\t<div class=\"elementor-element elementor-element-3942635 title elementor-widget elementor-widget-heading\" data-id=\"3942635\" data-element_type=\"widget\" data-widget_type=\"heading.default\">\n\t\t\t\t<div class=\"elementor-widget-container\">\n\t\t\t\t\t<h3 class=\"elementor-heading-title elementor-size-default\">Jurisdictions<\/h3>\t\t\t\t<\/div>\n\t\t\t\t<\/div>\n\t\t\t\t<\/a>\n\t\t<a class=\"elementor-element elementor-element-c2bf3f7 e-con-full e-flex e-con e-child\" data-id=\"c2bf3f7\" data-element_type=\"container\" href=\"https:\/\/tuzilastvo.me\/en\/tuzilacki-savjet\/o-nama\/clanovi\/\">\n\t\t\t\t<div class=\"elementor-element elementor-element-910b36d title elementor-widget elementor-widget-heading\" data-id=\"910b36d\" data-element_type=\"widget\" data-widget_type=\"heading.default\">\n\t\t\t\t<div class=\"elementor-widget-container\">\n\t\t\t\t\t<h3 class=\"elementor-heading-title elementor-size-default\">Members<\/h3>\t\t\t\t<\/div>\n\t\t\t\t<\/div>\n\t\t\t\t<\/a>\n\t\t<a class=\"elementor-element elementor-element-23d378e e-con-full e-flex e-con e-child\" data-id=\"23d378e\" data-element_type=\"container\" href=\"https:\/\/tuzilastvo.me\/en\/tuzilacki-savjet\/o-nama\/vrijeme-vrsenja-funkcije-clana-tuzilackog-savjeta\/\">\n\t\t\t\t<div class=\"elementor-element elementor-element-6a85e3b title elementor-widget elementor-widget-heading\" data-id=\"6a85e3b\" data-element_type=\"widget\" data-widget_type=\"heading.default\">\n\t\t\t\t<div class=\"elementor-widget-container\">\n\t\t\t\t\t<h3 class=\"elementor-heading-title elementor-size-default\">Term of Office of a Member of the Prosecutorial Council<\/h3>\t\t\t\t<\/div>\n\t\t\t\t<\/div>\n\t\t\t\t<\/a>\n\t\t\t\t<\/div>\n\t\t\t\t<\/div>\n\t\t\t\t<\/div>","protected":false},"excerpt":{"rendered":"<p class=\"translation-block\"><a aria-expanded=\"false\" href=\"https:\/\/tuzilastvo.me\/en\/tuzilacki-savjet\/o-nama\/\" class=\"elementor-sub-item menu-link has-submenu\" target=\"_self\" id=\"sm-1773301514135134-245\" aria-haspopup=\"true\" aria-controls=\"sm-1773301514135134-246\">O nama<span role=\"application\" class=\"dropdown-menu-toggle ast-header-navigation-arrow\" tabindex=\"0\" aria-expanded=\"false\" aria-label=\"Menu Toggle\" data-no-translation-aria-label=\"\" data-trpgettextoriginal-aria-label=\"345\"><\/span><span class=\"sub-arrow\"><i class=\"\"><\/i><\/span><\/a>\r\n\t<ul class=\"sub-menu elementor-nav-menu--dropdown sm-nowrap\" id=\"sm-1773301514135134-246\" role=\"group\" aria-hidden=\"true\" aria-labelledby=\"sm-1773301514135134-245\" aria-expanded=\"false\" style=\"width: auto; min-width: 10em; display: none; max-width: 1000px; top: auto; left: 0px; margin-left: 300px; margin-top: -34px;\">\r\n\t\t<li class=\"menu-item menu-item-type-post_type menu-item-object-page menu-item-6882\"><a href=\"https:\/\/tuzilastvo.me\/en\/tuzilacki-savjet\/o-nama\/nadleznosti\/\" class=\"elementor-sub-item menu-link\" target=\"_self\">Nadle\u017enosti<\/a><\/li>\r\n\t\t<li class=\"menu-item menu-item-type-post_type menu-item-object-page menu-item-6884\"><a href=\"https:\/\/tuzilastvo.me\/en\/tuzilacki-savjet\/o-nama\/clanovi\/\" class=\"elementor-sub-item menu-link\" target=\"_self\">\u010clanovi<\/a><\/li>\r\n\t\t<li class=\"menu-item menu-item-type-post_type menu-item-object-page menu-item-6886\"><a href=\"https:\/\/tuzilastvo.me\/en\/tuzilacki-savjet\/o-nama\/vrijeme-vrsenja-funkcije-clana-tuzilackog-savjeta\/\" class=\"elementor-sub-item menu-link\" target=\"_self\">Vrijeme vr\u0161enja funkcije \u010dlana Tu\u017eila\u010dkog savjeta<\/a><\/li>\r\n\t<\/ul><\/p>","protected":false},"author":25,"featured_media":0,"parent":6306,"menu_order":97,"comment_status":"closed","ping_status":"closed","template":"","meta":{"_acf_changed":false,"site-sidebar-layout":"no-sidebar","site-content-layout":"","ast-site-content-layout":"full-width-container","site-content-style":"default","site-sidebar-style":"default","ast-global-header-display":"","ast-banner-title-visibility":"","ast-main-header-display":"","ast-hfb-above-header-display":"","ast-hfb-below-header-display":"","ast-hfb-mobile-header-display":"","site-post-title":"disabled","ast-breadcrumbs-content":"","ast-featured-img":"disabled","footer-sml-layout":"","theme-transparent-header-meta":"","adv-header-id-meta":"","stick-header-meta":"","header-above-stick-meta":"","header-main-stick-meta":"","header-below-stick-meta":"","astra-migrate-meta-layouts":"default","ast-page-background-enabled":"default","ast-page-background-meta":{"desktop":{"background-color":"var(--ast-global-color-4)","background-image":"","background-repeat":"repeat","background-position":"center center","background-size":"auto","background-attachment":"scroll","background-type":"","background-media":"","overlay-type":"","overlay-color":"","overlay-opacity":"","overlay-gradient":""},"tablet":{"background-color":"","background-image":"","background-repeat":"repeat","background-position":"center center","background-size":"auto","background-attachment":"scroll","background-type":"","background-media":"","overlay-type":"","overlay-color":"","overlay-opacity":"","overlay-gradient":""},"mobile":{"background-color":"","background-image":"","background-repeat":"repeat","background-position":"center center","background-size":"auto","background-attachment":"scroll","background-type":"","background-media":"","overlay-type":"","overlay-color":"","overlay-opacity":"","overlay-gradient":""}},"ast-content-background-meta":{"desktop":{"background-color":"var(--ast-global-color-5)","background-image":"","background-repeat":"repeat","background-position":"center center","background-size":"auto","background-attachment":"scroll","background-type":"","background-media":"","overlay-type":"","overlay-color":"","overlay-opacity":"","overlay-gradient":""},"tablet":{"background-color":"var(--ast-global-color-5)","background-image":"","background-repeat":"repeat","background-position":"center center","background-size":"auto","background-attachment":"scroll","background-type":"","background-media":"","overlay-type":"","overlay-color":"","overlay-opacity":"","overlay-gradient":""},"mobile":{"background-color":"var(--ast-global-color-5)","background-image":"","background-repeat":"repeat","background-position":"center center","background-size":"auto","background-attachment":"scroll","background-type":"","background-media":"","overlay-type":"","overlay-color":"","overlay-opacity":"","overlay-gradient":""}},"footnotes":""},"class_list":["post-6313","page","type-page","status-publish","hentry"],"acf":[],"_links":{"self":[{"href":"https:\/\/tuzilastvo.me\/en\/wp-json\/wp\/v2\/pages\/6313","targetHints":{"allow":["GET"]}}],"collection":[{"href":"https:\/\/tuzilastvo.me\/en\/wp-json\/wp\/v2\/pages"}],"about":[{"href":"https:\/\/tuzilastvo.me\/en\/wp-json\/wp\/v2\/types\/page"}],"author":[{"embeddable":true,"href":"https:\/\/tuzilastvo.me\/en\/wp-json\/wp\/v2\/users\/25"}],"replies":[{"embeddable":true,"href":"https:\/\/tuzilastvo.me\/en\/wp-json\/wp\/v2\/comments?post=6313"}],"version-history":[{"count":33,"href":"https:\/\/tuzilastvo.me\/en\/wp-json\/wp\/v2\/pages\/6313\/revisions"}],"predecessor-version":[{"id":70194,"href":"https:\/\/tuzilastvo.me\/en\/wp-json\/wp\/v2\/pages\/6313\/revisions\/70194"}],"up":[{"embeddable":true,"href":"https:\/\/tuzilastvo.me\/en\/wp-json\/wp\/v2\/pages\/6306"}],"wp:attachment":[{"href":"https:\/\/tuzilastvo.me\/en\/wp-json\/wp\/v2\/media?parent=6313"}],"curies":[{"name":"wp","href":"https:\/\/api.w.org\/{rel}","templated":true}]}}