{"id":6691,"date":"2024-12-27T11:19:13","date_gmt":"2024-12-27T11:19:13","guid":{"rendered":"https:\/\/istorijskaistrazivanja.com\/?page_id=6691"},"modified":"2025-10-23T08:55:21","modified_gmt":"2025-10-23T08:55:21","slug":"drzavni-tuzioci","status":"publish","type":"page","link":"https:\/\/tuzilastvo.me\/en\/visa-drzavna-tuzilastva\/vdt-podgorica\/o-nama\/drzavni-tuzioci\/","title":{"rendered":"State Prosecutors"},"content":{"rendered":"<div data-elementor-type=\"wp-page\" data-elementor-id=\"6691\" class=\"elementor elementor-6691\" data-elementor-post-type=\"page\">\n\t\t\t\t<div class=\"elementor-element elementor-element-2ab07ff e-con-full e-flex e-con e-parent\" data-id=\"2ab07ff\" data-element_type=\"container\">\n\t\t\t\t<div class=\"elementor-element elementor-element-49d016d elementor-widget elementor-widget-template\" data-id=\"49d016d\" data-element_type=\"widget\" data-widget_type=\"template.default\">\n\t\t\t\t<div class=\"elementor-widget-container\">\n\t\t\t\t\t\t\t<div class=\"elementor-template\">\n\t\t\t\t\t<div data-elementor-type=\"container\" data-elementor-id=\"61693\" class=\"elementor elementor-61693\" data-elementor-post-type=\"elementor_library\">\n\t\t\t\t<div class=\"elementor-element elementor-element-44535398 e-flex e-con-boxed e-con e-parent\" data-id=\"44535398\" data-element_type=\"container\" data-settings=\"{&quot;background_background&quot;:&quot;classic&quot;,&quot;sticky&quot;:&quot;top&quot;,&quot;sticky_on&quot;:[&quot;desktop&quot;,&quot;tablet&quot;,&quot;mobile&quot;],&quot;sticky_offset&quot;:0,&quot;sticky_effects_offset&quot;:0,&quot;sticky_anchor_link_offset&quot;:0}\">\n\t\t\t\t\t<div class=\"e-con-inner\">\n\t\t\t\t<div class=\"elementor-element elementor-element-10fa2973 elementor-widget elementor-widget-heading\" data-id=\"10fa2973\" data-element_type=\"widget\" data-widget_type=\"heading.default\">\n\t\t\t\t<div class=\"elementor-widget-container\">\n\t\t\t\t\t<h1 class=\"elementor-heading-title elementor-size-default\">HSPO Podgorica<\/h1>\t\t\t\t<\/div>\n\t\t\t\t<\/div>\n\t\t\t\t<div class=\"elementor-element elementor-element-2283801d elementor-search-form--skin-classic elementor-search-form--button-type-icon elementor-search-form--icon-search elementor-widget elementor-widget-search-form\" data-id=\"2283801d\" data-element_type=\"widget\" data-settings=\"{&quot;skin&quot;:&quot;classic&quot;}\" data-widget_type=\"search-form.default\">\n\t\t\t\t<div class=\"elementor-widget-container\">\n\t\t\t\t\t\t\t<search role=\"search\">\n\t\t\t<form class=\"elementor-search-form\" action=\"https:\/\/tuzilastvo.me\/en\/\" method=\"get\" data-trp-original-action=\"https:\/\/tuzilastvo.me\/en\">\n\t\t\t\t\t\t\t\t\t\t\t\t<div class=\"elementor-search-form__container\">\n\t\t\t\t\t<label class=\"elementor-screen-only\" for=\"elementor-search-form-2283801d\">Search<\/label>\n\n\t\t\t\t\t\n\t\t\t\t\t<input id=\"elementor-search-form-2283801d\" placeholder=\"Search\" class=\"elementor-search-form__input\" type=\"search\" name=\"s\" value=\"\">\n\t\t\t\t\t\n\t\t\t\t\t\t\t\t\t\t\t<button class=\"elementor-search-form__submit\" type=\"submit\" aria-label=\"Search\">\n\t\t\t\t\t\t\t\t\t\t\t\t\t\t\t<div class=\"e-font-icon-svg-container\"><svg class=\"fa fa-search e-font-icon-svg e-fas-search\" viewbox=\"0 0 512 512\" xmlns=\"http:\/\/www.w3.org\/2000\/svg\"><path d=\"M505 442.7L405.3 343c-4.5-4.5-10.6-7-17-7H372c27.6-35.3 44-79.7 44-128C416 93.1 322.9 0 208 0S0 93.1 0 208s93.1 208 208 208c48.3 0 92.7-16.4 128-44v16.3c0 6.4 2.5 12.5 7 17l99.7 99.7c9.4 9.4 24.6 9.4 33.9 0l28.3-28.3c9.4-9.4 9.4-24.6.1-34zM208 336c-70.7 0-128-57.2-128-128 0-70.7 57.2-128 128-128 70.7 0 128 57.2 128 128 0 70.7-57.2 128-128 128z\"><\/path><\/svg><\/div>\t\t\t\t\t\t\t\t\t\t\t\t\t<\/button>\n\t\t\t\t\t\n\t\t\t\t\t\t\t\t\t<\/div>\n\t\t\t<input type=\"hidden\" name=\"trp-form-language\" value=\"en\"\/><\/form>\n\t\t<\/search>\n\t\t\t\t\t\t<\/div>\n\t\t\t\t<\/div>\n\t\t<div class=\"elementor-element elementor-element-1d39ed1 e-con-full header-row e-flex e-con e-child\" data-id=\"1d39ed1\" data-element_type=\"container\">\n\t\t\t\t<div class=\"elementor-element elementor-element-13dcf918 title elementor-widget elementor-widget-heading\" data-id=\"13dcf918\" data-element_type=\"widget\" data-widget_type=\"heading.default\">\n\t\t\t\t<div class=\"elementor-widget-container\">\n\t\t\t\t\t<h3 class=\"elementor-heading-title elementor-size-default\"><a href=\"https:\/\/tuzilastvo.me\/en\/visa-drzavna-tuzilastva\/vdt-podgorica\/\">Front Page<\/a><\/h3>\t\t\t\t<\/div>\n\t\t\t\t<\/div>\n\t\t\t\t<div class=\"elementor-element elementor-element-2b4834d9 title elementor-widget elementor-widget-heading\" data-id=\"2b4834d9\" data-element_type=\"widget\" data-widget_type=\"heading.default\">\n\t\t\t\t<div class=\"elementor-widget-container\">\n\t\t\t\t\t<h3 class=\"elementor-heading-title elementor-size-default\"><a href=\"https:\/\/tuzilastvo.me\/en\/visa-drzavna-tuzilastva\/vdt-podgorica\/o-nama\/\">About us<\/a><\/h3>\t\t\t\t<\/div>\n\t\t\t\t<\/div>\n\t\t\t\t<div class=\"elementor-element elementor-element-5c476a64 title elementor-widget elementor-widget-heading\" data-id=\"5c476a64\" data-element_type=\"widget\" data-widget_type=\"heading.default\">\n\t\t\t\t<div class=\"elementor-widget-container\">\n\t\t\t\t\t<h3 class=\"elementor-heading-title elementor-size-default\"><a href=\"https:\/\/tuzilastvo.me\/en\/visa-drzavna-tuzilastva\/vdt-podgorica\/biblioteka\/\">Library<\/a><\/h3>\t\t\t\t<\/div>\n\t\t\t\t<\/div>\n\t\t\t\t<div class=\"elementor-element elementor-element-31b0c4ff title elementor-widget elementor-widget-heading\" data-id=\"31b0c4ff\" data-element_type=\"widget\" data-widget_type=\"heading.default\">\n\t\t\t\t<div class=\"elementor-widget-container\">\n\t\t\t\t\t<h3 class=\"elementor-heading-title elementor-size-default\"><a href=\"https:\/\/tuzilastvo.me\/en\/visa-drzavna-tuzilastva\/vdt-podgorica\/odluke\/\">Decisions<\/a><\/h3>\t\t\t\t<\/div>\n\t\t\t\t<\/div>\n\t\t\t\t<div class=\"elementor-element elementor-element-33b04df1 title elementor-widget elementor-widget-heading\" data-id=\"33b04df1\" data-element_type=\"widget\" data-widget_type=\"heading.default\">\n\t\t\t\t<div class=\"elementor-widget-container\">\n\t\t\t\t\t<h3 class=\"elementor-heading-title elementor-size-default\"><a href=\"https:\/\/tuzilastvo.me\/en\/visa-drzavna-tuzilastva\/vdt-podgorica\/odnosi-s-javnoscu\/\">Public Relations<\/a><\/h3>\t\t\t\t<\/div>\n\t\t\t\t<\/div>\n\t\t\t\t<div class=\"elementor-element elementor-element-38f8e89a title elementor-widget elementor-widget-heading\" data-id=\"38f8e89a\" data-element_type=\"widget\" data-widget_type=\"heading.default\">\n\t\t\t\t<div class=\"elementor-widget-container\">\n\t\t\t\t\t<h3 class=\"elementor-heading-title elementor-size-default\"><a href=\"https:\/\/tuzilastvo.me\/en\/visa-drzavna-tuzilastva\/vdt-podgorica\/dezurni-tuzioci\/\">Stand-by prosecutors<\/a><\/h3>\t\t\t\t<\/div>\n\t\t\t\t<\/div>\n\t\t\t\t<div class=\"elementor-element elementor-element-57e7a803 title elementor-widget elementor-widget-heading\" data-id=\"57e7a803\" data-element_type=\"widget\" data-widget_type=\"heading.default\">\n\t\t\t\t<div class=\"elementor-widget-container\">\n\t\t\t\t\t<h3 class=\"elementor-heading-title elementor-size-default\"><a href=\"https:\/\/tuzilastvo.me\/en\/visa-drzavna-tuzilastva\/vdt-podgorica\/oglasi\/\">Advertisements<\/a><\/h3>\t\t\t\t<\/div>\n\t\t\t\t<\/div>\n\t\t\t\t<div class=\"elementor-element elementor-element-4ac39f58 title elementor-widget elementor-widget-heading\" data-id=\"4ac39f58\" data-element_type=\"widget\" data-widget_type=\"heading.default\">\n\t\t\t\t<div class=\"elementor-widget-container\">\n\t\t\t\t\t<h3 class=\"elementor-heading-title elementor-size-default\"><a href=\"https:\/\/tuzilastvo.me\/en\/visa-drzavna-tuzilastva\/vdt-podgorica\/kontakt\/\">Contact<\/a><\/h3>\t\t\t\t<\/div>\n\t\t\t\t<\/div>\n\t\t\t\t<\/div>\n\t\t\t\t\t<\/div>\n\t\t\t\t<\/div>\n\t\t\t\t<\/div>\n\t\t\t\t<\/div>\n\t\t\t\t\t\t<\/div>\n\t\t\t\t<\/div>\n\t\t\t\t<\/div>\n\t\t<div class=\"elementor-element elementor-element-11795d9 e-flex e-con-boxed e-con e-parent\" data-id=\"11795d9\" data-element_type=\"container\">\n\t\t\t\t\t<div class=\"e-con-inner\">\n\t\t<div class=\"elementor-element elementor-element-16e5a56 e-con-full e-flex e-con e-child\" data-id=\"16e5a56\" data-element_type=\"container\">\n\t\t\t\t<div class=\"elementor-element elementor-element-ab25c15 elementor-widget elementor-widget-heading\" data-id=\"ab25c15\" data-element_type=\"widget\" data-widget_type=\"heading.default\">\n\t\t\t\t<div class=\"elementor-widget-container\">\n\t\t\t\t\t<h2 class=\"elementor-heading-title elementor-size-default\">State Prosecutors<\/h2>\t\t\t\t<\/div>\n\t\t\t\t<\/div>\n\t\t<div class=\"elementor-element elementor-element-2d44fd2 e-flex e-con-boxed e-con e-child\" data-id=\"2d44fd2\" data-element_type=\"container\">\n\t\t\t\t\t<div class=\"e-con-inner\">\n\t\t\t\t<div class=\"elementor-element elementor-element-5f338db elementor-widget elementor-widget-heading\" data-id=\"5f338db\" data-element_type=\"widget\" data-widget_type=\"heading.default\">\n\t\t\t\t<div class=\"elementor-widget-container\">\n\t\t\t\t\t<h3 class=\"elementor-heading-title elementor-size-default\">\n<\/h3>\t\t\t\t<\/div>\n\t\t\t\t<\/div>\n\t\t<div class=\"elementor-element elementor-element-1a2522d e-con-full e-flex e-con e-child\" data-id=\"1a2522d\" data-element_type=\"container\">\n\t\t<div class=\"elementor-element elementor-element-a9020bd e-con-full e-flex e-con e-child\" data-id=\"a9020bd\" data-element_type=\"container\">\n\t\t\t\t<div class=\"elementor-element elementor-element-d4fcf0c elementor-widget elementor-widget-image-box\" data-id=\"d4fcf0c\" data-element_type=\"widget\" data-widget_type=\"image-box.default\">\n\t\t\t\t<div class=\"elementor-widget-container\">\n\t\t\t\t\t<div class=\"elementor-image-box-wrapper\"><div class=\"elementor-image-box-content\"><h3 class=\"elementor-image-box-title\">Lepa Medenica<\/h3><p class=\"elementor-image-box-description\">head of the Higher State Prosecutor's Office , elected May 14, 2021\n<\/p><\/div><\/div>\t\t\t\t<\/div>\n\t\t\t\t<\/div>\n\t\t\t\t<\/div>\n\t\t<div class=\"elementor-element elementor-element-030d6af e-con-full e-flex e-con e-child\" data-id=\"030d6af\" data-element_type=\"container\">\n\t\t\t\t<div class=\"elementor-element elementor-element-7f15015 elementor-vertical-align-top elementor-widget elementor-widget-image-box\" data-id=\"7f15015\" data-element_type=\"widget\" data-widget_type=\"image-box.default\">\n\t\t\t\t<div class=\"elementor-widget-container\">\n\t\t\t\t\t<div class=\"elementor-image-box-wrapper\"><div class=\"elementor-image-box-content\"><h3 class=\"elementor-image-box-title\">Tatjana Begovi\u0107<\/h3><p class=\"elementor-image-box-description\">State Prosecutor<\/p><\/div><\/div>\t\t\t\t<\/div>\n\t\t\t\t<\/div>\n\t\t\t\t<\/div>\n\t\t<div class=\"elementor-element elementor-element-ea6cb74 e-con-full e-flex e-con e-child\" data-id=\"ea6cb74\" data-element_type=\"container\">\n\t\t\t\t<div class=\"elementor-element elementor-element-e83c2d9 elementor-vertical-align-top elementor-widget elementor-widget-image-box\" data-id=\"e83c2d9\" data-element_type=\"widget\" data-widget_type=\"image-box.default\">\n\t\t\t\t<div class=\"elementor-widget-container\">\n\t\t\t\t\t<div class=\"elementor-image-box-wrapper\"><div class=\"elementor-image-box-content\"><h3 class=\"elementor-image-box-title\">Danka Ivanovi\u0107 \u0110eri\u0107<\/h3><p class=\"elementor-image-box-description\">State Prosecutor<\/p><\/div><\/div>\t\t\t\t<\/div>\n\t\t\t\t<\/div>\n\t\t\t\t<\/div>\n\t\t\t\t<\/div>\n\t\t\t\t\t<\/div>\n\t\t\t\t<\/div>\n\t\t<div class=\"elementor-element elementor-element-420a882 e-con-full e-flex e-con e-child\" data-id=\"420a882\" data-element_type=\"container\">\n\t\t<div class=\"elementor-element elementor-element-5331e28 e-con-full e-flex e-con e-child\" data-id=\"5331e28\" data-element_type=\"container\">\n\t\t\t\t<div class=\"elementor-element elementor-element-d84c399 elementor-vertical-align-top elementor-widget elementor-widget-image-box\" data-id=\"d84c399\" data-element_type=\"widget\" data-widget_type=\"image-box.default\">\n\t\t\t\t<div class=\"elementor-widget-container\">\n\t\t\t\t\t<div class=\"elementor-image-box-wrapper\"><div class=\"elementor-image-box-content\"><h3 class=\"elementor-image-box-title\">Andrijana Nasti\u0107<\/h3><p class=\"elementor-image-box-description\">state prosecutor\nNasti\u0107 Andrijana-\u00a0\nBy the decision of the Prosecutor's Council TS. no. 551\/25 of 07.10.2025. temporarily removed from the duties of the prosecutor's office.<\/p><\/div><\/div>\t\t\t\t<\/div>\n\t\t\t\t<\/div>\n\t\t\t\t<\/div>\n\t\t<div class=\"elementor-element elementor-element-d49ecbf e-con-full e-flex e-con e-child\" data-id=\"d49ecbf\" data-element_type=\"container\">\n\t\t\t\t<div class=\"elementor-element elementor-element-91001a7 elementor-vertical-align-top elementor-widget elementor-widget-image-box\" data-id=\"91001a7\" data-element_type=\"widget\" data-widget_type=\"image-box.default\">\n\t\t\t\t<div class=\"elementor-widget-container\">\n\t\t\t\t\t<div class=\"elementor-image-box-wrapper\"><div class=\"elementor-image-box-content\"><h3 class=\"elementor-image-box-title\">Sne\u017eana \u0160i\u0161evi\u0107<\/h3><p class=\"elementor-image-box-description\">State Prosecutor<\/p><\/div><\/div>\t\t\t\t<\/div>\n\t\t\t\t<\/div>\n\t\t\t\t<\/div>\n\t\t<div class=\"elementor-element elementor-element-b563488 e-con-full e-flex e-con e-child\" data-id=\"b563488\" data-element_type=\"container\">\n\t\t\t\t<div class=\"elementor-element elementor-element-8b871e4 elementor-vertical-align-top elementor-widget elementor-widget-image-box\" data-id=\"8b871e4\" data-element_type=\"widget\" data-widget_type=\"image-box.default\">\n\t\t\t\t<div class=\"elementor-widget-container\">\n\t\t\t\t\t<div class=\"elementor-image-box-wrapper\"><div class=\"elementor-image-box-content\"><h3 class=\"elementor-image-box-title\">Radmila Ga\u010devi\u0107<\/h3><p class=\"elementor-image-box-description\">State Prosecutor<\/p><\/div><\/div>\t\t\t\t<\/div>\n\t\t\t\t<\/div>\n\t\t\t\t<\/div>\n\t\t\t\t<\/div>\n\t\t<div class=\"elementor-element elementor-element-7113235 e-con-full e-flex e-con e-child\" data-id=\"7113235\" data-element_type=\"container\">\n\t\t<div class=\"elementor-element elementor-element-c57b5b9 e-con-full e-flex e-con e-child\" data-id=\"c57b5b9\" data-element_type=\"container\">\n\t\t\t\t<div class=\"elementor-element elementor-element-902b42d elementor-vertical-align-top elementor-widget elementor-widget-image-box\" data-id=\"902b42d\" data-element_type=\"widget\" data-widget_type=\"image-box.default\">\n\t\t\t\t<div class=\"elementor-widget-container\">\n\t\t\t\t\t<div class=\"elementor-image-box-wrapper\"><div class=\"elementor-image-box-content\"><h3 class=\"elementor-image-box-title\">Irena Buri\u0107<\/h3><p class=\"elementor-image-box-description\">State Prosecutor<\/p><\/div><\/div>\t\t\t\t<\/div>\n\t\t\t\t<\/div>\n\t\t<div class=\"elementor-element elementor-element-3064275 e-con-full e-flex e-con e-child\" data-id=\"3064275\" data-element_type=\"container\">\n\t\t\t\t<div class=\"elementor-element elementor-element-87c4770 elementor-vertical-align-top elementor-widget elementor-widget-image-box\" data-id=\"87c4770\" data-element_type=\"widget\" data-widget_type=\"image-box.default\">\n\t\t\t\t<div class=\"elementor-widget-container\">\n\t\t\t\t\t<div class=\"elementor-image-box-wrapper\"><div class=\"elementor-image-box-content\"><h3 class=\"elementor-image-box-title\">Tanja Bo\u017eovi\u0107<\/h3><p class=\"elementor-image-box-description\">State Prosecutor<\/p><\/div><\/div>\t\t\t\t<\/div>\n\t\t\t\t<\/div>\n\t\t\t\t<\/div>\n\t\t<div class=\"elementor-element elementor-element-474c503 e-con-full e-flex e-con e-child\" data-id=\"474c503\" data-element_type=\"container\">\n\t\t\t\t<div class=\"elementor-element elementor-element-31f76a7 elementor-vertical-align-top elementor-widget elementor-widget-image-box\" data-id=\"31f76a7\" data-element_type=\"widget\" data-widget_type=\"image-box.default\">\n\t\t\t\t<div class=\"elementor-widget-container\">\n\t\t\t\t\t<div class=\"elementor-image-box-wrapper\"><div class=\"elementor-image-box-content\"><h3 class=\"elementor-image-box-title\">Ana Radovi\u0107<\/h3><p class=\"elementor-image-box-description\">State Prosecutor<\/p><\/div><\/div>\t\t\t\t<\/div>\n\t\t\t\t<\/div>\n\t\t\t\t<\/div>\n\t\t\t\t<\/div>\n\t\t<div class=\"elementor-element elementor-element-254300f e-con-full e-flex e-con e-child\" data-id=\"254300f\" data-element_type=\"container\">\n\t\t\t\t<div class=\"elementor-element elementor-element-faa7b42 elementor-vertical-align-top elementor-widget elementor-widget-image-box\" data-id=\"faa7b42\" data-element_type=\"widget\" data-widget_type=\"image-box.default\">\n\t\t\t\t<div class=\"elementor-widget-container\">\n\t\t\t\t\t<div class=\"elementor-image-box-wrapper\"><div class=\"elementor-image-box-content\"><h3 class=\"elementor-image-box-title\">Ana Marinovi\u0107<\/h3><p class=\"elementor-image-box-description\">State Prosecutor<\/p><\/div><\/div>\t\t\t\t<\/div>\n\t\t\t\t<\/div>\n\t\t<div class=\"elementor-element elementor-element-60dbe0c e-con-full e-flex e-con e-child\" data-id=\"60dbe0c\" data-element_type=\"container\">\n\t\t\t\t<div class=\"elementor-element elementor-element-b4558d6 elementor-vertical-align-top elementor-widget elementor-widget-image-box\" data-id=\"b4558d6\" data-element_type=\"widget\" data-widget_type=\"image-box.default\">\n\t\t\t\t<div class=\"elementor-widget-container\">\n\t\t\t\t\t<div class=\"elementor-image-box-wrapper\"><div class=\"elementor-image-box-content\"><h3 class=\"elementor-image-box-title\">Sla\u0111ana \u0160panjevi\u0107 Volkov<\/h3><p class=\"elementor-image-box-description\">State Prosecutor<\/p><\/div><\/div>\t\t\t\t<\/div>\n\t\t\t\t<\/div>\n\t\t\t\t<\/div>\n\t\t<div class=\"elementor-element elementor-element-26ab597 e-con-full e-flex e-con e-child\" data-id=\"26ab597\" data-element_type=\"container\">\n\t\t\t\t<div class=\"elementor-element elementor-element-76a68d5 elementor-vertical-align-top elementor-widget elementor-widget-image-box\" data-id=\"76a68d5\" data-element_type=\"widget\" data-widget_type=\"image-box.default\">\n\t\t\t\t<div class=\"elementor-widget-container\">\n\t\t\t\t\t<div class=\"elementor-image-box-wrapper\"><div class=\"elementor-image-box-content\"><h3 class=\"elementor-image-box-title\">Biljana Medenica<\/h3><p class=\"elementor-image-box-description\">State Prosecutor<\/p><\/div><\/div>\t\t\t\t<\/div>\n\t\t\t\t<\/div>\n\t\t\t\t<\/div>\n\t\t\t\t<\/div>\n\t\t<div class=\"elementor-element elementor-element-b2178f9 e-con-full e-flex e-con e-child\" data-id=\"b2178f9\" data-element_type=\"container\">\n\t\t\t\t<div class=\"elementor-element elementor-element-a84693b elementor-vertical-align-top elementor-widget elementor-widget-image-box\" data-id=\"a84693b\" data-element_type=\"widget\" data-widget_type=\"image-box.default\">\n\t\t\t\t<div class=\"elementor-widget-container\">\n\t\t\t\t\t<div class=\"elementor-image-box-wrapper\"><div class=\"elementor-image-box-content\"><h3 class=\"elementor-image-box-title\">Ana Kalezi\u0107<\/h3><p class=\"elementor-image-box-description\">State Prosecutor<\/p><\/div><\/div>\t\t\t\t<\/div>\n\t\t\t\t<\/div>\n\t\t<div class=\"elementor-element elementor-element-d41c744 e-con-full e-flex e-con e-child\" data-id=\"d41c744\" data-element_type=\"container\">\n\t\t\t\t<div class=\"elementor-element elementor-element-b5e482e elementor-vertical-align-top elementor-widget elementor-widget-image-box\" data-id=\"b5e482e\" data-element_type=\"widget\" data-widget_type=\"image-box.default\">\n\t\t\t\t<div class=\"elementor-widget-container\">\n\t\t\t\t\t<div class=\"elementor-image-box-wrapper\"><div class=\"elementor-image-box-content\"><h3 class=\"elementor-image-box-title\">Jelena Proti\u0107<\/h3><p class=\"elementor-image-box-description\">State Prosecutor<\/p><\/div><\/div>\t\t\t\t<\/div>\n\t\t\t\t<\/div>\n\t\t\t\t<\/div>\n\t\t<div class=\"elementor-element elementor-element-a7016be e-con-full e-flex e-con e-child\" data-id=\"a7016be\" data-element_type=\"container\">\n\t\t\t\t<div class=\"elementor-element elementor-element-2558acf elementor-vertical-align-top elementor-widget elementor-widget-image-box\" data-id=\"2558acf\" data-element_type=\"widget\" data-widget_type=\"image-box.default\">\n\t\t\t\t<div class=\"elementor-widget-container\">\n\t\t\t\t\t<div class=\"elementor-image-box-wrapper\"><div class=\"elementor-image-box-content\"><h3 class=\"elementor-image-box-title\">Grujo Radonji\u0107<\/h3><p class=\"elementor-image-box-description\">19.10.2018. temporarily removed from office<\/p><\/div><\/div>\t\t\t\t<\/div>\n\t\t\t\t<\/div>\n\t\t\t\t<\/div>\n\t\t\t\t<\/div>\n\t\t\t\t<\/div>\n\t\t\t\t<\/div>\n\t\t\t\t\t<\/div>\n\t\t\t\t<\/div>\n\t\t\t\t<\/div>","protected":false},"excerpt":{"rendered":"<p>Dr\u017eavni tu\u017eioci Lepa Medenica rukovoditeljka ,izabrana 14. maja 2021.godine Tatjana Begovi\u0107 dr\u017eavna tu\u017eiteljka Danka Ivanovi\u0107 \u0110eri\u0107 dr\u017eavna tu\u017eiteljka Andrijana Nasti\u0107 [&hellip;]<\/p>","protected":false},"author":27,"featured_media":0,"parent":6659,"menu_order":0,"comment_status":"closed","ping_status":"closed","template":"","meta":{"_acf_changed":false,"site-sidebar-layout":"no-sidebar","site-content-layout":"","ast-site-content-layout":"full-width-container","site-content-style":"default","site-sidebar-style":"default","ast-global-header-display":"","ast-banner-title-visibility":"","ast-main-header-display":"","ast-hfb-above-header-display":"","ast-hfb-below-header-display":"","ast-hfb-mobile-header-display":"","site-post-title":"disabled","ast-breadcrumbs-content":"","ast-featured-img":"disabled","footer-sml-layout":"","theme-transparent-header-meta":"","adv-header-id-meta":"","stick-header-meta":"","header-above-stick-meta":"","header-main-stick-meta":"","header-below-stick-meta":"","astra-migrate-meta-layouts":"default","ast-page-background-enabled":"default","ast-page-background-meta":{"desktop":{"background-color":"var(--ast-global-color-4)","background-image":"","background-repeat":"repeat","background-position":"center center","background-size":"auto","background-attachment":"scroll","background-type":"","background-media":"","overlay-type":"","overlay-color":"","overlay-opacity":"","overlay-gradient":""},"tablet":{"background-color":"","background-image":"","background-repeat":"repeat","background-position":"center center","background-size":"auto","background-attachment":"scroll","background-type":"","background-media":"","overlay-type":"","overlay-color":"","overlay-opacity":"","overlay-gradient":""},"mobile":{"background-color":"","background-image":"","background-repeat":"repeat","background-position":"center center","background-size":"auto","background-attachment":"scroll","background-type":"","background-media":"","overlay-type":"","overlay-color":"","overlay-opacity":"","overlay-gradient":""}},"ast-content-background-meta":{"desktop":{"background-color":"var(--ast-global-color-5)","background-image":"","background-repeat":"repeat","background-position":"center center","background-size":"auto","background-attachment":"scroll","background-type":"","background-media":"","overlay-type":"","overlay-color":"","overlay-opacity":"","overlay-gradient":""},"tablet":{"background-color":"var(--ast-global-color-5)","background-image":"","background-repeat":"repeat","background-position":"center center","background-size":"auto","background-attachment":"scroll","background-type":"","background-media":"","overlay-type":"","overlay-color":"","overlay-opacity":"","overlay-gradient":""},"mobile":{"background-color":"var(--ast-global-color-5)","background-image":"","background-repeat":"repeat","background-position":"center center","background-size":"auto","background-attachment":"scroll","background-type":"","background-media":"","overlay-type":"","overlay-color":"","overlay-opacity":"","overlay-gradient":""}},"footnotes":""},"class_list":["post-6691","page","type-page","status-publish","hentry"],"acf":[],"_links":{"self":[{"href":"https:\/\/tuzilastvo.me\/en\/wp-json\/wp\/v2\/pages\/6691","targetHints":{"allow":["GET"]}}],"collection":[{"href":"https:\/\/tuzilastvo.me\/en\/wp-json\/wp\/v2\/pages"}],"about":[{"href":"https:\/\/tuzilastvo.me\/en\/wp-json\/wp\/v2\/types\/page"}],"author":[{"embeddable":true,"href":"https:\/\/tuzilastvo.me\/en\/wp-json\/wp\/v2\/users\/27"}],"replies":[{"embeddable":true,"href":"https:\/\/tuzilastvo.me\/en\/wp-json\/wp\/v2\/comments?post=6691"}],"version-history":[{"count":40,"href":"https:\/\/tuzilastvo.me\/en\/wp-json\/wp\/v2\/pages\/6691\/revisions"}],"predecessor-version":[{"id":70139,"href":"https:\/\/tuzilastvo.me\/en\/wp-json\/wp\/v2\/pages\/6691\/revisions\/70139"}],"up":[{"embeddable":true,"href":"https:\/\/tuzilastvo.me\/en\/wp-json\/wp\/v2\/pages\/6659"}],"wp:attachment":[{"href":"https:\/\/tuzilastvo.me\/en\/wp-json\/wp\/v2\/media?parent=6691"}],"curies":[{"name":"wp","href":"https:\/\/api.w.org\/{rel}","templated":true}]}}