{"id":6728,"date":"2024-12-27T11:24:10","date_gmt":"2024-12-27T11:24:10","guid":{"rendered":"https:\/\/istorijskaistrazivanja.com\/?page_id=6728"},"modified":"2025-10-22T11:14:52","modified_gmt":"2025-10-22T11:14:52","slug":"upoznajte-tuzilastvo","status":"publish","type":"page","link":"https:\/\/tuzilastvo.me\/en\/visa-drzavna-tuzilastva\/vdt-podgorica\/odnosi-s-javnoscu\/mediji\/upoznajte-tuzilastvo\/","title":{"rendered":"Meet the Prosecutor's Office"},"content":{"rendered":"<div data-elementor-type=\"wp-page\" data-elementor-id=\"6728\" class=\"elementor elementor-6728\" data-elementor-post-type=\"page\">\n\t\t\t\t<div class=\"elementor-element elementor-element-a3a6ca7 e-con-full e-flex e-con e-parent\" data-id=\"a3a6ca7\" data-element_type=\"container\">\n\t\t\t\t<div class=\"elementor-element elementor-element-4e738aa elementor-widget elementor-widget-template\" data-id=\"4e738aa\" data-element_type=\"widget\" data-widget_type=\"template.default\">\n\t\t\t\t<div class=\"elementor-widget-container\">\n\t\t\t\t\t\t\t<div class=\"elementor-template\">\n\t\t\t\t\t<div data-elementor-type=\"container\" data-elementor-id=\"61693\" class=\"elementor elementor-61693\" data-elementor-post-type=\"elementor_library\">\n\t\t\t\t<div class=\"elementor-element elementor-element-44535398 e-flex e-con-boxed e-con e-parent\" data-id=\"44535398\" data-element_type=\"container\" data-settings=\"{&quot;background_background&quot;:&quot;classic&quot;,&quot;sticky&quot;:&quot;top&quot;,&quot;sticky_on&quot;:[&quot;desktop&quot;,&quot;tablet&quot;,&quot;mobile&quot;],&quot;sticky_offset&quot;:0,&quot;sticky_effects_offset&quot;:0,&quot;sticky_anchor_link_offset&quot;:0}\">\n\t\t\t\t\t<div class=\"e-con-inner\">\n\t\t\t\t<div class=\"elementor-element elementor-element-10fa2973 elementor-widget elementor-widget-heading\" data-id=\"10fa2973\" data-element_type=\"widget\" data-widget_type=\"heading.default\">\n\t\t\t\t<div class=\"elementor-widget-container\">\n\t\t\t\t\t<h1 class=\"elementor-heading-title elementor-size-default\">HSPO Podgorica<\/h1>\t\t\t\t<\/div>\n\t\t\t\t<\/div>\n\t\t\t\t<div class=\"elementor-element elementor-element-2283801d elementor-search-form--skin-classic elementor-search-form--button-type-icon elementor-search-form--icon-search elementor-widget elementor-widget-search-form\" data-id=\"2283801d\" data-element_type=\"widget\" data-settings=\"{&quot;skin&quot;:&quot;classic&quot;}\" data-widget_type=\"search-form.default\">\n\t\t\t\t<div class=\"elementor-widget-container\">\n\t\t\t\t\t\t\t<search role=\"search\">\n\t\t\t<form class=\"elementor-search-form\" action=\"https:\/\/tuzilastvo.me\/en\/\" method=\"get\" data-trp-original-action=\"https:\/\/tuzilastvo.me\/en\">\n\t\t\t\t\t\t\t\t\t\t\t\t<div class=\"elementor-search-form__container\">\n\t\t\t\t\t<label class=\"elementor-screen-only\" for=\"elementor-search-form-2283801d\">Search<\/label>\n\n\t\t\t\t\t\n\t\t\t\t\t<input id=\"elementor-search-form-2283801d\" placeholder=\"Search\" class=\"elementor-search-form__input\" type=\"search\" name=\"s\" value=\"\">\n\t\t\t\t\t\n\t\t\t\t\t\t\t\t\t\t\t<button class=\"elementor-search-form__submit\" type=\"submit\" aria-label=\"Search\">\n\t\t\t\t\t\t\t\t\t\t\t\t\t\t\t<div class=\"e-font-icon-svg-container\"><svg class=\"fa fa-search e-font-icon-svg e-fas-search\" viewbox=\"0 0 512 512\" xmlns=\"http:\/\/www.w3.org\/2000\/svg\"><path d=\"M505 442.7L405.3 343c-4.5-4.5-10.6-7-17-7H372c27.6-35.3 44-79.7 44-128C416 93.1 322.9 0 208 0S0 93.1 0 208s93.1 208 208 208c48.3 0 92.7-16.4 128-44v16.3c0 6.4 2.5 12.5 7 17l99.7 99.7c9.4 9.4 24.6 9.4 33.9 0l28.3-28.3c9.4-9.4 9.4-24.6.1-34zM208 336c-70.7 0-128-57.2-128-128 0-70.7 57.2-128 128-128 70.7 0 128 57.2 128 128 0 70.7-57.2 128-128 128z\"><\/path><\/svg><\/div>\t\t\t\t\t\t\t\t\t\t\t\t\t<\/button>\n\t\t\t\t\t\n\t\t\t\t\t\t\t\t\t<\/div>\n\t\t\t<input type=\"hidden\" name=\"trp-form-language\" value=\"en\"\/><\/form>\n\t\t<\/search>\n\t\t\t\t\t\t<\/div>\n\t\t\t\t<\/div>\n\t\t<div class=\"elementor-element elementor-element-1d39ed1 e-con-full header-row e-flex e-con e-child\" data-id=\"1d39ed1\" data-element_type=\"container\">\n\t\t\t\t<div class=\"elementor-element elementor-element-13dcf918 title elementor-widget elementor-widget-heading\" data-id=\"13dcf918\" data-element_type=\"widget\" data-widget_type=\"heading.default\">\n\t\t\t\t<div class=\"elementor-widget-container\">\n\t\t\t\t\t<h3 class=\"elementor-heading-title elementor-size-default\"><a href=\"https:\/\/tuzilastvo.me\/en\/visa-drzavna-tuzilastva\/vdt-podgorica\/\">Front Page<\/a><\/h3>\t\t\t\t<\/div>\n\t\t\t\t<\/div>\n\t\t\t\t<div class=\"elementor-element elementor-element-2b4834d9 title elementor-widget elementor-widget-heading\" data-id=\"2b4834d9\" data-element_type=\"widget\" data-widget_type=\"heading.default\">\n\t\t\t\t<div class=\"elementor-widget-container\">\n\t\t\t\t\t<h3 class=\"elementor-heading-title elementor-size-default\"><a href=\"https:\/\/tuzilastvo.me\/en\/visa-drzavna-tuzilastva\/vdt-podgorica\/o-nama\/\">About us<\/a><\/h3>\t\t\t\t<\/div>\n\t\t\t\t<\/div>\n\t\t\t\t<div class=\"elementor-element elementor-element-5c476a64 title elementor-widget elementor-widget-heading\" data-id=\"5c476a64\" data-element_type=\"widget\" data-widget_type=\"heading.default\">\n\t\t\t\t<div class=\"elementor-widget-container\">\n\t\t\t\t\t<h3 class=\"elementor-heading-title elementor-size-default\"><a href=\"https:\/\/tuzilastvo.me\/en\/visa-drzavna-tuzilastva\/vdt-podgorica\/biblioteka\/\">Library<\/a><\/h3>\t\t\t\t<\/div>\n\t\t\t\t<\/div>\n\t\t\t\t<div class=\"elementor-element elementor-element-31b0c4ff title elementor-widget elementor-widget-heading\" data-id=\"31b0c4ff\" data-element_type=\"widget\" data-widget_type=\"heading.default\">\n\t\t\t\t<div class=\"elementor-widget-container\">\n\t\t\t\t\t<h3 class=\"elementor-heading-title elementor-size-default\"><a href=\"https:\/\/tuzilastvo.me\/en\/visa-drzavna-tuzilastva\/vdt-podgorica\/odluke\/\">Decisions<\/a><\/h3>\t\t\t\t<\/div>\n\t\t\t\t<\/div>\n\t\t\t\t<div class=\"elementor-element elementor-element-33b04df1 title elementor-widget elementor-widget-heading\" data-id=\"33b04df1\" data-element_type=\"widget\" data-widget_type=\"heading.default\">\n\t\t\t\t<div class=\"elementor-widget-container\">\n\t\t\t\t\t<h3 class=\"elementor-heading-title elementor-size-default\"><a href=\"https:\/\/tuzilastvo.me\/en\/visa-drzavna-tuzilastva\/vdt-podgorica\/odnosi-s-javnoscu\/\">Public Relations<\/a><\/h3>\t\t\t\t<\/div>\n\t\t\t\t<\/div>\n\t\t\t\t<div class=\"elementor-element elementor-element-38f8e89a title elementor-widget elementor-widget-heading\" data-id=\"38f8e89a\" data-element_type=\"widget\" data-widget_type=\"heading.default\">\n\t\t\t\t<div class=\"elementor-widget-container\">\n\t\t\t\t\t<h3 class=\"elementor-heading-title elementor-size-default\"><a href=\"https:\/\/tuzilastvo.me\/en\/visa-drzavna-tuzilastva\/vdt-podgorica\/dezurni-tuzioci\/\">Stand-by prosecutors<\/a><\/h3>\t\t\t\t<\/div>\n\t\t\t\t<\/div>\n\t\t\t\t<div class=\"elementor-element elementor-element-57e7a803 title elementor-widget elementor-widget-heading\" data-id=\"57e7a803\" data-element_type=\"widget\" data-widget_type=\"heading.default\">\n\t\t\t\t<div class=\"elementor-widget-container\">\n\t\t\t\t\t<h3 class=\"elementor-heading-title elementor-size-default\"><a href=\"https:\/\/tuzilastvo.me\/en\/visa-drzavna-tuzilastva\/vdt-podgorica\/oglasi\/\">Advertisements<\/a><\/h3>\t\t\t\t<\/div>\n\t\t\t\t<\/div>\n\t\t\t\t<div class=\"elementor-element elementor-element-4ac39f58 title elementor-widget elementor-widget-heading\" data-id=\"4ac39f58\" data-element_type=\"widget\" data-widget_type=\"heading.default\">\n\t\t\t\t<div class=\"elementor-widget-container\">\n\t\t\t\t\t<h3 class=\"elementor-heading-title elementor-size-default\"><a href=\"https:\/\/tuzilastvo.me\/en\/visa-drzavna-tuzilastva\/vdt-podgorica\/kontakt\/\">Contact<\/a><\/h3>\t\t\t\t<\/div>\n\t\t\t\t<\/div>\n\t\t\t\t<\/div>\n\t\t\t\t\t<\/div>\n\t\t\t\t<\/div>\n\t\t\t\t<\/div>\n\t\t\t\t<\/div>\n\t\t\t\t\t\t<\/div>\n\t\t\t\t<\/div>\n\t\t\t\t<\/div>\n\t\t<div class=\"elementor-element elementor-element-2e268ef e-con-full e-flex e-con e-parent\" data-id=\"2e268ef\" data-element_type=\"container\">\n\t\t\t\t<div class=\"elementor-element elementor-element-6cf06ab elementor-widget elementor-widget-heading\" data-id=\"6cf06ab\" data-element_type=\"widget\" data-widget_type=\"heading.default\">\n\t\t\t\t<div class=\"elementor-widget-container\">\n\t\t\t\t\t<h2 class=\"elementor-heading-title elementor-size-default\">Media<\/h2>\t\t\t\t<\/div>\n\t\t\t\t<\/div>\n\t\t<div class=\"elementor-element elementor-element-8eba359 e-flex e-con-boxed e-con e-child\" data-id=\"8eba359\" data-element_type=\"container\">\n\t\t\t\t\t<div class=\"e-con-inner\">\n\t\t\t\t<div class=\"elementor-element elementor-element-36eb43a elementor-widget elementor-widget-heading\" data-id=\"36eb43a\" data-element_type=\"widget\" data-widget_type=\"heading.default\">\n\t\t\t\t<div class=\"elementor-widget-container\">\n\t\t\t\t\t<h3 class=\"elementor-heading-title elementor-size-default\">Meet the Prosecutor's Office<\/h3>\t\t\t\t<\/div>\n\t\t\t\t<\/div>\n\t\t<div class=\"elementor-element elementor-element-8a155a6 e-con-full e-flex e-con e-child\" data-id=\"8a155a6\" data-element_type=\"container\">\n\t\t<div class=\"elementor-element elementor-element-25d9153 e-con-full e-flex e-con e-child\" data-id=\"25d9153\" data-element_type=\"container\">\n\t\t\t\t<div class=\"elementor-element elementor-element-feb276a elementor-position-top elementor-widget elementor-widget-image-box\" data-id=\"feb276a\" data-element_type=\"widget\" data-widget_type=\"image-box.default\">\n\t\t\t\t<div class=\"elementor-widget-container\">\n\t\t\t\t\t<div class=\"elementor-image-box-wrapper\"><figure class=\"elementor-image-box-img\"><a href=\"https:\/\/www.youtube.com\/watch?v=gc1CZV0mUHQ&#038;t=66s\" tabindex=\"-1\"><img fetchpriority=\"high\" decoding=\"async\" width=\"1920\" height=\"1080\" src=\"https:\/\/tuzilastvo.me\/wp-content\/uploads\/2025\/10\/Upoznajte-tuzilastvo.jpeg\" class=\"attachment-full size-full wp-image-65764\" alt=\"\" srcset=\"https:\/\/tuzilastvo.me\/wp-content\/uploads\/2025\/10\/Upoznajte-tuzilastvo.jpeg 1920w, https:\/\/tuzilastvo.me\/wp-content\/uploads\/2025\/10\/Upoznajte-tuzilastvo-300x169.jpeg 300w, https:\/\/tuzilastvo.me\/wp-content\/uploads\/2025\/10\/Upoznajte-tuzilastvo-1024x576.jpeg 1024w, https:\/\/tuzilastvo.me\/wp-content\/uploads\/2025\/10\/Upoznajte-tuzilastvo-768x432.jpeg 768w, https:\/\/tuzilastvo.me\/wp-content\/uploads\/2025\/10\/Upoznajte-tuzilastvo-1536x864.jpeg 1536w, https:\/\/tuzilastvo.me\/wp-content\/uploads\/2025\/10\/Upoznajte-tuzilastvo-18x10.jpeg 18w\" sizes=\"(max-width: 1920px) 100vw, 1920px\" \/><\/a><\/figure><div class=\"elementor-image-box-content\"><h3 class=\"elementor-image-box-title\"><a href=\"https:\/\/www.youtube.com\/watch?v=gc1CZV0mUHQ&#038;t=66s\">Nadle\u017enost Vi\u0161eg dr\u017eavnog tu\u017eila\u0161tva<\/a><\/h3><p class=\"elementor-image-box-description\">\n<\/p><\/div><\/div>\t\t\t\t<\/div>\n\t\t\t\t<\/div>\n\t\t\t\t<\/div>\n\t\t\t\t<\/div>\n\t\t\t\t\t<\/div>\n\t\t\t\t<\/div>\n\t\t<div class=\"elementor-element elementor-element-4cd63e3 e-con-full e-flex e-con e-child\" data-id=\"4cd63e3\" data-element_type=\"container\">\n\t\t\t\t<\/div>\n\t\t\t\t<\/div>\n\t\t\t\t<\/div>","protected":false},"excerpt":{"rendered":"<p>Mediji Upoznajte tu\u017eila\u0161tvo Nadle\u017enost Vi\u0161eg dr\u017eavnog tu\u017eila\u0161tva<\/p>","protected":false},"author":27,"featured_media":0,"parent":6718,"menu_order":0,"comment_status":"closed","ping_status":"closed","template":"","meta":{"_acf_changed":false,"site-sidebar-layout":"no-sidebar","site-content-layout":"","ast-site-content-layout":"full-width-container","site-content-style":"default","site-sidebar-style":"default","ast-global-header-display":"","ast-banner-title-visibility":"","ast-main-header-display":"","ast-hfb-above-header-display":"","ast-hfb-below-header-display":"","ast-hfb-mobile-header-display":"","site-post-title":"disabled","ast-breadcrumbs-content":"","ast-featured-img":"disabled","footer-sml-layout":"","theme-transparent-header-meta":"","adv-header-id-meta":"","stick-header-meta":"","header-above-stick-meta":"","header-main-stick-meta":"","header-below-stick-meta":"","astra-migrate-meta-layouts":"default","ast-page-background-enabled":"default","ast-page-background-meta":{"desktop":{"background-color":"var(--ast-global-color-4)","background-image":"","background-repeat":"repeat","background-position":"center center","background-size":"auto","background-attachment":"scroll","background-type":"","background-media":"","overlay-type":"","overlay-color":"","overlay-opacity":"","overlay-gradient":""},"tablet":{"background-color":"","background-image":"","background-repeat":"repeat","background-position":"center center","background-size":"auto","background-attachment":"scroll","background-type":"","background-media":"","overlay-type":"","overlay-color":"","overlay-opacity":"","overlay-gradient":""},"mobile":{"background-color":"","background-image":"","background-repeat":"repeat","background-position":"center center","background-size":"auto","background-attachment":"scroll","background-type":"","background-media":"","overlay-type":"","overlay-color":"","overlay-opacity":"","overlay-gradient":""}},"ast-content-background-meta":{"desktop":{"background-color":"var(--ast-global-color-5)","background-image":"","background-repeat":"repeat","background-position":"center center","background-size":"auto","background-attachment":"scroll","background-type":"","background-media":"","overlay-type":"","overlay-color":"","overlay-opacity":"","overlay-gradient":""},"tablet":{"background-color":"var(--ast-global-color-5)","background-image":"","background-repeat":"repeat","background-position":"center center","background-size":"auto","background-attachment":"scroll","background-type":"","background-media":"","overlay-type":"","overlay-color":"","overlay-opacity":"","overlay-gradient":""},"mobile":{"background-color":"var(--ast-global-color-5)","background-image":"","background-repeat":"repeat","background-position":"center center","background-size":"auto","background-attachment":"scroll","background-type":"","background-media":"","overlay-type":"","overlay-color":"","overlay-opacity":"","overlay-gradient":""}},"footnotes":""},"class_list":["post-6728","page","type-page","status-publish","hentry"],"acf":[],"_links":{"self":[{"href":"https:\/\/tuzilastvo.me\/en\/wp-json\/wp\/v2\/pages\/6728","targetHints":{"allow":["GET"]}}],"collection":[{"href":"https:\/\/tuzilastvo.me\/en\/wp-json\/wp\/v2\/pages"}],"about":[{"href":"https:\/\/tuzilastvo.me\/en\/wp-json\/wp\/v2\/types\/page"}],"author":[{"embeddable":true,"href":"https:\/\/tuzilastvo.me\/en\/wp-json\/wp\/v2\/users\/27"}],"replies":[{"embeddable":true,"href":"https:\/\/tuzilastvo.me\/en\/wp-json\/wp\/v2\/comments?post=6728"}],"version-history":[{"count":19,"href":"https:\/\/tuzilastvo.me\/en\/wp-json\/wp\/v2\/pages\/6728\/revisions"}],"predecessor-version":[{"id":70066,"href":"https:\/\/tuzilastvo.me\/en\/wp-json\/wp\/v2\/pages\/6728\/revisions\/70066"}],"up":[{"embeddable":true,"href":"https:\/\/tuzilastvo.me\/en\/wp-json\/wp\/v2\/pages\/6718"}],"wp:attachment":[{"href":"https:\/\/tuzilastvo.me\/en\/wp-json\/wp\/v2\/media?parent=6728"}],"curies":[{"name":"wp","href":"https:\/\/api.w.org\/{rel}","templated":true}]}}