{"id":6883,"date":"2024-12-27T12:41:31","date_gmt":"2024-12-27T12:41:31","guid":{"rendered":"https:\/\/istorijskaistrazivanja.com\/tuzilacki-savjet\/o-nama\/clanovi\/"},"modified":"2026-01-16T07:39:18","modified_gmt":"2026-01-16T07:39:18","slug":"clanovi","status":"publish","type":"page","link":"https:\/\/tuzilastvo.me\/en\/tuzilacki-savjet\/o-nama\/clanovi\/","title":{"rendered":"Members"},"content":{"rendered":"<div data-elementor-type=\"wp-page\" data-elementor-id=\"6883\" class=\"elementor elementor-6883\" data-elementor-post-type=\"page\">\n\t\t\t\t<div class=\"elementor-element elementor-element-c7aeaf2 e-con-full e-flex e-con e-parent\" data-id=\"c7aeaf2\" data-element_type=\"container\">\n\t\t\t\t<div class=\"elementor-element elementor-element-8dba023 elementor-widget elementor-widget-template\" data-id=\"8dba023\" data-element_type=\"widget\" data-widget_type=\"template.default\">\n\t\t\t\t<div class=\"elementor-widget-container\">\n\t\t\t\t\t\t\t<div class=\"elementor-template\">\n\t\t\t\t\t<div data-elementor-type=\"container\" data-elementor-id=\"65994\" class=\"elementor elementor-65994\" data-elementor-post-type=\"elementor_library\">\n\t\t\t\t<div class=\"elementor-element elementor-element-e086cdd e-flex e-con-boxed e-con e-parent\" data-id=\"e086cdd\" data-element_type=\"container\" data-settings=\"{&quot;background_background&quot;:&quot;classic&quot;,&quot;sticky&quot;:&quot;top&quot;,&quot;sticky_on&quot;:[&quot;desktop&quot;,&quot;tablet&quot;,&quot;mobile&quot;],&quot;sticky_offset&quot;:0,&quot;sticky_effects_offset&quot;:0,&quot;sticky_anchor_link_offset&quot;:0}\">\n\t\t\t\t\t<div class=\"e-con-inner\">\n\t\t\t\t<div class=\"elementor-element elementor-element-4f44890c elementor-widget elementor-widget-heading\" data-id=\"4f44890c\" data-element_type=\"widget\" data-widget_type=\"heading.default\">\n\t\t\t\t<div class=\"elementor-widget-container\">\n\t\t\t\t\t<h1 class=\"elementor-heading-title elementor-size-default\">PROSECUTORIAL COUNCIL<\/h1>\t\t\t\t<\/div>\n\t\t\t\t<\/div>\n\t\t\t\t<div class=\"elementor-element elementor-element-54b4746b elementor-search-form--skin-classic elementor-search-form--button-type-icon elementor-search-form--icon-search elementor-widget elementor-widget-search-form\" data-id=\"54b4746b\" data-element_type=\"widget\" data-settings=\"{&quot;skin&quot;:&quot;classic&quot;}\" data-widget_type=\"search-form.default\">\n\t\t\t\t<div class=\"elementor-widget-container\">\n\t\t\t\t\t\t\t<search role=\"search\">\n\t\t\t<form class=\"elementor-search-form\" action=\"https:\/\/tuzilastvo.me\/en\/\" method=\"get\" data-trp-original-action=\"https:\/\/tuzilastvo.me\/en\">\n\t\t\t\t\t\t\t\t\t\t\t\t<div class=\"elementor-search-form__container\">\n\t\t\t\t\t<label class=\"elementor-screen-only\" for=\"elementor-search-form-54b4746b\">Search<\/label>\n\n\t\t\t\t\t\n\t\t\t\t\t<input id=\"elementor-search-form-54b4746b\" placeholder=\"Search\" class=\"elementor-search-form__input\" type=\"search\" name=\"s\" value=\"\">\n\t\t\t\t\t\n\t\t\t\t\t\t\t\t\t\t\t<button class=\"elementor-search-form__submit\" type=\"submit\" aria-label=\"Search\">\n\t\t\t\t\t\t\t\t\t\t\t\t\t\t\t<div class=\"e-font-icon-svg-container\"><svg class=\"fa fa-search e-font-icon-svg e-fas-search\" viewbox=\"0 0 512 512\" xmlns=\"http:\/\/www.w3.org\/2000\/svg\"><path d=\"M505 442.7L405.3 343c-4.5-4.5-10.6-7-17-7H372c27.6-35.3 44-79.7 44-128C416 93.1 322.9 0 208 0S0 93.1 0 208s93.1 208 208 208c48.3 0 92.7-16.4 128-44v16.3c0 6.4 2.5 12.5 7 17l99.7 99.7c9.4 9.4 24.6 9.4 33.9 0l28.3-28.3c9.4-9.4 9.4-24.6.1-34zM208 336c-70.7 0-128-57.2-128-128 0-70.7 57.2-128 128-128 70.7 0 128 57.2 128 128 0 70.7-57.2 128-128 128z\"><\/path><\/svg><\/div>\t\t\t\t\t\t\t\t\t\t\t\t\t<\/button>\n\t\t\t\t\t\n\t\t\t\t\t\t\t\t\t<\/div>\n\t\t\t<input type=\"hidden\" name=\"trp-form-language\" value=\"en\"\/><\/form>\n\t\t<\/search>\n\t\t\t\t\t\t<\/div>\n\t\t\t\t<\/div>\n\t\t<div class=\"elementor-element elementor-element-158414c2 e-con-full e-flex e-con e-child\" data-id=\"158414c2\" data-element_type=\"container\" data-settings=\"{&quot;position&quot;:&quot;absolute&quot;}\">\n\t\t\t\t<\/div>\n\t\t<div class=\"elementor-element elementor-element-1c1c6b56 e-con-full header-row e-flex e-con e-child\" data-id=\"1c1c6b56\" data-element_type=\"container\">\n\t\t\t\t<div class=\"elementor-element elementor-element-75710121 title elementor-widget elementor-widget-heading\" data-id=\"75710121\" data-element_type=\"widget\" data-widget_type=\"heading.default\">\n\t\t\t\t<div class=\"elementor-widget-container\">\n\t\t\t\t\t<h3 class=\"elementor-heading-title elementor-size-default\"><a href=\"https:\/\/tuzilastvo.me\/en\/tuzilacki-savjet\/\">Front Page<\/a><\/h3>\t\t\t\t<\/div>\n\t\t\t\t<\/div>\n\t\t\t\t<div class=\"elementor-element elementor-element-38071568 title elementor-widget elementor-widget-heading\" data-id=\"38071568\" data-element_type=\"widget\" data-widget_type=\"heading.default\">\n\t\t\t\t<div class=\"elementor-widget-container\">\n\t\t\t\t\t<h3 class=\"elementor-heading-title elementor-size-default\"><a href=\"https:\/\/tuzilastvo.me\/en\/tuzilacki-savjet\/sekretarijat-tuzilackog-savjeta\/\">Secretariat of the Prosecutorial Council<\/a><\/h3>\t\t\t\t<\/div>\n\t\t\t\t<\/div>\n\t\t\t\t<div class=\"elementor-element elementor-element-7569ca6b title elementor-widget elementor-widget-heading\" data-id=\"7569ca6b\" data-element_type=\"widget\" data-widget_type=\"heading.default\">\n\t\t\t\t<div class=\"elementor-widget-container\">\n\t\t\t\t\t<h3 class=\"elementor-heading-title elementor-size-default\"><a href=\"https:\/\/tuzilastvo.me\/en\/tuzilacki-savjet\/mediji\/aktuelnosti\/\">News<\/a><\/h3>\t\t\t\t<\/div>\n\t\t\t\t<\/div>\n\t\t\t\t<div class=\"elementor-element elementor-element-22f0a3ea title elementor-widget elementor-widget-heading\" data-id=\"22f0a3ea\" data-element_type=\"widget\" data-widget_type=\"heading.default\">\n\t\t\t\t<div class=\"elementor-widget-container\">\n\t\t\t\t\t<h3 class=\"elementor-heading-title elementor-size-default\"><a href=\"https:\/\/tuzilastvo.me\/en\/tuzilacki-savjet\/slobodan-pristup-informacijama\/izvjestaji-i-druga-dokumenta-o-radu-2\/\">Work Report<\/a><\/h3>\t\t\t\t<\/div>\n\t\t\t\t<\/div>\n\t\t\t\t<div class=\"elementor-element elementor-element-1d666b25 title elementor-widget elementor-widget-heading\" data-id=\"1d666b25\" data-element_type=\"widget\" data-widget_type=\"heading.default\">\n\t\t\t\t<div class=\"elementor-widget-container\">\n\t\t\t\t\t<h3 class=\"elementor-heading-title elementor-size-default\"><a href=\"https:\/\/tuzilastvo.me\/en\/tuzilacki-savjet\/oglasi-i-javni-pozivi\/\">Public calls\/ Advertisement<\/a><\/h3>\t\t\t\t<\/div>\n\t\t\t\t<\/div>\n\t\t\t\t<div class=\"elementor-element elementor-element-1d60d34f title elementor-widget elementor-widget-heading\" data-id=\"1d60d34f\" data-element_type=\"widget\" data-widget_type=\"heading.default\">\n\t\t\t\t<div class=\"elementor-widget-container\">\n\t\t\t\t\t<h3 class=\"elementor-heading-title elementor-size-default\"><a href=\"https:\/\/tuzilastvo.me\/en\/tuzilacki-savjet\/kontakt-2\/\">Contact<\/a><\/h3>\t\t\t\t<\/div>\n\t\t\t\t<\/div>\n\t\t\t\t<\/div>\n\t\t\t\t\t<\/div>\n\t\t\t\t<\/div>\n\t\t\t\t<\/div>\n\t\t\t\t<\/div>\n\t\t\t\t\t\t<\/div>\n\t\t\t\t<\/div>\n\t\t\t\t<\/div>\n\t\t<div class=\"elementor-element elementor-element-8d85c91 e-con-full e-flex e-con e-parent\" data-id=\"8d85c91\" data-element_type=\"container\">\n\t\t\t\t<div class=\"elementor-element elementor-element-34ecff6 elementor-widget elementor-widget-heading\" data-id=\"34ecff6\" data-element_type=\"widget\" data-widget_type=\"heading.default\">\n\t\t\t\t<div class=\"elementor-widget-container\">\n\t\t\t\t\t<h2 class=\"elementor-heading-title elementor-size-default\">\u010clanovi savjeta<\/h2>\t\t\t\t<\/div>\n\t\t\t\t<\/div>\n\t\t<div class=\"elementor-element elementor-element-68d563a e-flex e-con-boxed e-con e-child\" data-id=\"68d563a\" data-element_type=\"container\">\n\t\t\t\t\t<div class=\"e-con-inner\">\n\t\t<div class=\"elementor-element elementor-element-a1b0252 e-con-full e-flex e-con e-child\" data-id=\"a1b0252\" data-element_type=\"container\">\n\t\t<div class=\"elementor-element elementor-element-57e2e55 e-con-full e-flex e-con e-child\" data-id=\"57e2e55\" data-element_type=\"container\">\n\t\t\t\t<div class=\"elementor-element elementor-element-63a3152 elementor-position-top elementor-widget elementor-widget-image-box\" data-id=\"63a3152\" data-element_type=\"widget\" data-widget_type=\"image-box.default\">\n\t\t\t\t<div class=\"elementor-widget-container\">\n\t\t\t\t\t<div class=\"elementor-image-box-wrapper\"><figure class=\"elementor-image-box-img\"><img fetchpriority=\"high\" decoding=\"async\" width=\"1024\" height=\"682\" src=\"https:\/\/tuzilastvo.me\/wp-content\/uploads\/2025\/10\/FOTO-ZA-SAJT-manja.jpg\" class=\"attachment-full size-full wp-image-68690\" alt=\"\" srcset=\"https:\/\/tuzilastvo.me\/wp-content\/uploads\/2025\/10\/FOTO-ZA-SAJT-manja.jpg 1024w, https:\/\/tuzilastvo.me\/wp-content\/uploads\/2025\/10\/FOTO-ZA-SAJT-manja-300x200.jpg 300w, https:\/\/tuzilastvo.me\/wp-content\/uploads\/2025\/10\/FOTO-ZA-SAJT-manja-768x512.jpg 768w, https:\/\/tuzilastvo.me\/wp-content\/uploads\/2025\/10\/FOTO-ZA-SAJT-manja-18x12.jpg 18w\" sizes=\"(max-width: 1024px) 100vw, 1024px\" \/><\/figure><div class=\"elementor-image-box-content\"><h3 class=\"elementor-image-box-title\"> Milorad Markovi\u0107 <\/h3><p class=\"elementor-image-box-description\">predsjednik Tu\u017eila\u010dkog savjeta\n<\/p><\/div><\/div>\t\t\t\t<\/div>\n\t\t\t\t<\/div>\n\t\t\t\t<\/div>\n\t\t\t\t<\/div>\n\t\t\t\t\t<\/div>\n\t\t\t\t<\/div>\n\t\t<div class=\"elementor-element elementor-element-151afa0 e-flex e-con-boxed e-con e-child\" data-id=\"151afa0\" data-element_type=\"container\">\n\t\t\t\t\t<div class=\"e-con-inner\">\n\t\t<div class=\"elementor-element elementor-element-eb205e7 e-con-full e-flex e-con e-child\" data-id=\"eb205e7\" data-element_type=\"container\">\n\t\t<div class=\"elementor-element elementor-element-8a37620 e-con-full e-flex e-con e-child\" data-id=\"8a37620\" data-element_type=\"container\">\n\t\t\t\t<div class=\"elementor-element elementor-element-6db2655 elementor-widget elementor-widget-image-box\" data-id=\"6db2655\" data-element_type=\"widget\" data-widget_type=\"image-box.default\">\n\t\t\t\t<div class=\"elementor-widget-container\">\n\t\t\t\t\t<div class=\"elementor-image-box-wrapper\"><div class=\"elementor-image-box-content\"><h3 class=\"elementor-image-box-title\">Jelena \u0110aleti\u0107 <\/h3><p class=\"elementor-image-box-description\">iz reda dr\u017eavnih tu\u017eilaca\n<\/p><\/div><\/div>\t\t\t\t<\/div>\n\t\t\t\t<\/div>\n\t\t\t\t<\/div>\n\t\t<div class=\"elementor-element elementor-element-8a9e2dd e-con-full e-flex e-con e-child\" data-id=\"8a9e2dd\" data-element_type=\"container\">\n\t\t\t\t<div class=\"elementor-element elementor-element-bcd63df elementor-widget elementor-widget-image-box\" data-id=\"bcd63df\" data-element_type=\"widget\" data-widget_type=\"image-box.default\">\n\t\t\t\t<div class=\"elementor-widget-container\">\n\t\t\t\t\t<div class=\"elementor-image-box-wrapper\"><div class=\"elementor-image-box-content\"><h3 class=\"elementor-image-box-title\"> Zoran Vu\u010dini\u0107 <\/h3><p class=\"elementor-image-box-description\">iz reda dr\u017eavnih tu\u017eilaca\n<\/p><\/div><\/div>\t\t\t\t<\/div>\n\t\t\t\t<\/div>\n\t\t\t\t<\/div>\n\t\t<div class=\"elementor-element elementor-element-7648932 e-con-full e-flex e-con e-child\" data-id=\"7648932\" data-element_type=\"container\">\n\t\t\t\t<div class=\"elementor-element elementor-element-ea4eafe elementor-widget elementor-widget-image-box\" data-id=\"ea4eafe\" data-element_type=\"widget\" data-widget_type=\"image-box.default\">\n\t\t\t\t<div class=\"elementor-widget-container\">\n\t\t\t\t\t<div class=\"elementor-image-box-wrapper\"><div class=\"elementor-image-box-content\"><h3 class=\"elementor-image-box-title\">Ana Marinovi\u0107<\/h3><p class=\"elementor-image-box-description\">iz reda dr\u017eavnih tu\u017eilaca\n<\/p><\/div><\/div>\t\t\t\t<\/div>\n\t\t\t\t<\/div>\n\t\t\t\t<\/div>\n\t\t\t\t<\/div>\n\t\t\t\t\t<\/div>\n\t\t\t\t<\/div>\n\t\t<div class=\"elementor-element elementor-element-62e3ce5 e-con-full e-flex e-con e-child\" data-id=\"62e3ce5\" data-element_type=\"container\">\n\t\t<div class=\"elementor-element elementor-element-24c6d29 e-con-full e-flex e-con e-child\" data-id=\"24c6d29\" data-element_type=\"container\">\n\t\t\t\t<div class=\"elementor-element elementor-element-59a667b elementor-widget elementor-widget-image-box\" data-id=\"59a667b\" data-element_type=\"widget\" data-widget_type=\"image-box.default\">\n\t\t\t\t<div class=\"elementor-widget-container\">\n\t\t\t\t\t<div class=\"elementor-image-box-wrapper\"><div class=\"elementor-image-box-content\"><h3 class=\"elementor-image-box-title\">Marko Bojovi\u0107 <\/h3><p class=\"elementor-image-box-description\">iz reda dr\u017eavnih tu\u017eilaca<\/p><\/div><\/div>\t\t\t\t<\/div>\n\t\t\t\t<\/div>\n\t\t\t\t<\/div>\n\t\t<div class=\"elementor-element elementor-element-10938cd e-con-full e-flex e-con e-child\" data-id=\"10938cd\" data-element_type=\"container\">\n\t\t\t\t<div class=\"elementor-element elementor-element-85d7b59 elementor-widget elementor-widget-image-box\" data-id=\"85d7b59\" data-element_type=\"widget\" data-widget_type=\"image-box.default\">\n\t\t\t\t<div class=\"elementor-widget-container\">\n\t\t\t\t\t<div class=\"elementor-image-box-wrapper\"><div class=\"elementor-image-box-content\"><h3 class=\"elementor-image-box-title\">Ivan Ga\u010devi\u0107 <\/h3><p class=\"elementor-image-box-description\">iz reda dr\u017eavnih tu\u017eilaca\n<\/p><\/div><\/div>\t\t\t\t<\/div>\n\t\t\t\t<\/div>\n\t\t\t\t<\/div>\n\t\t<div class=\"elementor-element elementor-element-4be313e e-con-full e-flex e-con e-child\" data-id=\"4be313e\" data-element_type=\"container\">\n\t\t\t\t<div class=\"elementor-element elementor-element-1ddbfbd elementor-widget elementor-widget-image-box\" data-id=\"1ddbfbd\" data-element_type=\"widget\" data-widget_type=\"image-box.default\">\n\t\t\t\t<div class=\"elementor-widget-container\">\n\t\t\t\t\t<div class=\"elementor-image-box-wrapper\"><div class=\"elementor-image-box-content\"><h3 class=\"elementor-image-box-title\"> Stevan Braju\u0161kovi\u0107<\/h3><p class=\"elementor-image-box-description\"> predstavnik Ministarstva pravde\n<\/p><\/div><\/div>\t\t\t\t<\/div>\n\t\t\t\t<\/div>\n\t\t\t\t<\/div>\n\t\t\t\t<\/div>\n\t\t\t\t<\/div>\n\t\t<div class=\"elementor-element elementor-element-40dfd8c e-con-full e-flex e-con e-parent\" data-id=\"40dfd8c\" data-element_type=\"container\">\n\t\t<div class=\"elementor-element elementor-element-5bfb79a e-flex e-con-boxed e-con e-child\" data-id=\"5bfb79a\" data-element_type=\"container\">\n\t\t\t\t\t<div class=\"e-con-inner\">\n\t\t<div class=\"elementor-element elementor-element-078d518 e-con-full e-flex e-con e-child\" data-id=\"078d518\" data-element_type=\"container\">\n\t\t<div class=\"elementor-element elementor-element-2682faf e-con-full e-flex e-con e-child\" data-id=\"2682faf\" data-element_type=\"container\">\n\t\t\t\t<div class=\"elementor-element elementor-element-e66c798 elementor-widget elementor-widget-image-box\" data-id=\"e66c798\" data-element_type=\"widget\" data-widget_type=\"image-box.default\">\n\t\t\t\t<div class=\"elementor-widget-container\">\n\t\t\t\t\t<div class=\"elementor-image-box-wrapper\"><div class=\"elementor-image-box-content\"><h3 class=\"elementor-image-box-title\">Sekule Rai\u010devi\u0107<\/h3><p class=\"elementor-image-box-description\">iz reda uglednih pravnika\n<\/p><\/div><\/div>\t\t\t\t<\/div>\n\t\t\t\t<\/div>\n\t\t\t\t<\/div>\n\t\t<div class=\"elementor-element elementor-element-37b61fe e-con-full e-flex e-con e-child\" data-id=\"37b61fe\" data-element_type=\"container\">\n\t\t\t\t<div class=\"elementor-element elementor-element-28c513f elementor-widget elementor-widget-image-box\" data-id=\"28c513f\" data-element_type=\"widget\" data-widget_type=\"image-box.default\">\n\t\t\t\t<div class=\"elementor-widget-container\">\n\t\t\t\t\t<div class=\"elementor-image-box-wrapper\"><div class=\"elementor-image-box-content\"><h3 class=\"elementor-image-box-title\">Veselin \u0160\u0107epanovi\u0107<\/h3><p class=\"elementor-image-box-description\">iz reda uglednih pravnika\n<\/p><\/div><\/div>\t\t\t\t<\/div>\n\t\t\t\t<\/div>\n\t\t\t\t<\/div>\n\t\t<div class=\"elementor-element elementor-element-925b67c e-con-full e-flex e-con e-child\" data-id=\"925b67c\" data-element_type=\"container\">\n\t\t\t\t<div class=\"elementor-element elementor-element-f22ffe6 elementor-widget elementor-widget-image-box\" data-id=\"f22ffe6\" data-element_type=\"widget\" data-widget_type=\"image-box.default\">\n\t\t\t\t<div class=\"elementor-widget-container\">\n\t\t\t\t\t<div class=\"elementor-image-box-wrapper\"><div class=\"elementor-image-box-content\"><h3 class=\"elementor-image-box-title\">Sanja Radulovi\u0107<\/h3><p class=\"elementor-image-box-description\">iz reda uglednih pravnika\n<\/p><\/div><\/div>\t\t\t\t<\/div>\n\t\t\t\t<\/div>\n\t\t\t\t<\/div>\n\t\t\t\t<\/div>\n\t\t\t\t\t<\/div>\n\t\t\t\t<\/div>\n\t\t<div class=\"elementor-element elementor-element-b70927a e-con-full e-flex e-con e-child\" data-id=\"b70927a\" data-element_type=\"container\">\n\t\t<div class=\"elementor-element elementor-element-d2b880c e-con-full e-flex e-con e-child\" data-id=\"d2b880c\" data-element_type=\"container\">\n\t\t\t\t<div class=\"elementor-element elementor-element-b68bc77 elementor-widget elementor-widget-image-box\" data-id=\"b68bc77\" data-element_type=\"widget\" data-widget_type=\"image-box.default\">\n\t\t\t\t<div class=\"elementor-widget-container\">\n\t\t\t\t\t<div class=\"elementor-image-box-wrapper\"><div class=\"elementor-image-box-content\"><p class=\"elementor-image-box-description\">\n<\/p><\/div><\/div>\t\t\t\t<\/div>\n\t\t\t\t<\/div>\n\t\t\t\t<\/div>\n\t\t<div class=\"elementor-element elementor-element-cac0d35 e-con-full e-flex e-con e-child\" data-id=\"cac0d35\" data-element_type=\"container\">\n\t\t\t\t<div class=\"elementor-element elementor-element-0470fef elementor-widget elementor-widget-image-box\" data-id=\"0470fef\" data-element_type=\"widget\" data-widget_type=\"image-box.default\">\n\t\t\t\t<div class=\"elementor-widget-container\">\n\t\t\t\t\t<div class=\"elementor-image-box-wrapper\"><div class=\"elementor-image-box-content\"><p class=\"elementor-image-box-description\">\n<\/p><\/div><\/div>\t\t\t\t<\/div>\n\t\t\t\t<\/div>\n\t\t\t\t<\/div>\n\t\t\t\t<\/div>\n\t\t\t\t<\/div>\n\t\t\t\t<\/div>","protected":false},"excerpt":{"rendered":"<p>\u010clanovi savjeta Milorad Markovi\u0107 predsjednik Tu\u017eila\u010dkog savjeta Jelena \u0110aleti\u0107 iz reda dr\u017eavnih tu\u017eilaca Zoran Vu\u010dini\u0107 iz reda dr\u017eavnih tu\u017eilaca Ana [&hellip;]<\/p>","protected":false},"author":25,"featured_media":0,"parent":6313,"menu_order":110,"comment_status":"closed","ping_status":"closed","template":"","meta":{"_acf_changed":false,"site-sidebar-layout":"no-sidebar","site-content-layout":"","ast-site-content-layout":"full-width-container","site-content-style":"default","site-sidebar-style":"default","ast-global-header-display":"","ast-banner-title-visibility":"","ast-main-header-display":"","ast-hfb-above-header-display":"","ast-hfb-below-header-display":"","ast-hfb-mobile-header-display":"","site-post-title":"disabled","ast-breadcrumbs-content":"","ast-featured-img":"disabled","footer-sml-layout":"","theme-transparent-header-meta":"","adv-header-id-meta":"","stick-header-meta":"","header-above-stick-meta":"","header-main-stick-meta":"","header-below-stick-meta":"","astra-migrate-meta-layouts":"default","ast-page-background-enabled":"default","ast-page-background-meta":{"desktop":{"background-color":"var(--ast-global-color-4)","background-image":"","background-repeat":"repeat","background-position":"center center","background-size":"auto","background-attachment":"scroll","background-type":"","background-media":"","overlay-type":"","overlay-color":"","overlay-opacity":"","overlay-gradient":""},"tablet":{"background-color":"","background-image":"","background-repeat":"repeat","background-position":"center center","background-size":"auto","background-attachment":"scroll","background-type":"","background-media":"","overlay-type":"","overlay-color":"","overlay-opacity":"","overlay-gradient":""},"mobile":{"background-color":"","background-image":"","background-repeat":"repeat","background-position":"center center","background-size":"auto","background-attachment":"scroll","background-type":"","background-media":"","overlay-type":"","overlay-color":"","overlay-opacity":"","overlay-gradient":""}},"ast-content-background-meta":{"desktop":{"background-color":"var(--ast-global-color-5)","background-image":"","background-repeat":"repeat","background-position":"center center","background-size":"auto","background-attachment":"scroll","background-type":"","background-media":"","overlay-type":"","overlay-color":"","overlay-opacity":"","overlay-gradient":""},"tablet":{"background-color":"var(--ast-global-color-5)","background-image":"","background-repeat":"repeat","background-position":"center center","background-size":"auto","background-attachment":"scroll","background-type":"","background-media":"","overlay-type":"","overlay-color":"","overlay-opacity":"","overlay-gradient":""},"mobile":{"background-color":"var(--ast-global-color-5)","background-image":"","background-repeat":"repeat","background-position":"center center","background-size":"auto","background-attachment":"scroll","background-type":"","background-media":"","overlay-type":"","overlay-color":"","overlay-opacity":"","overlay-gradient":""}},"footnotes":""},"class_list":["post-6883","page","type-page","status-publish","hentry"],"acf":[],"_links":{"self":[{"href":"https:\/\/tuzilastvo.me\/en\/wp-json\/wp\/v2\/pages\/6883","targetHints":{"allow":["GET"]}}],"collection":[{"href":"https:\/\/tuzilastvo.me\/en\/wp-json\/wp\/v2\/pages"}],"about":[{"href":"https:\/\/tuzilastvo.me\/en\/wp-json\/wp\/v2\/types\/page"}],"author":[{"embeddable":true,"href":"https:\/\/tuzilastvo.me\/en\/wp-json\/wp\/v2\/users\/25"}],"replies":[{"embeddable":true,"href":"https:\/\/tuzilastvo.me\/en\/wp-json\/wp\/v2\/comments?post=6883"}],"version-history":[{"count":24,"href":"https:\/\/tuzilastvo.me\/en\/wp-json\/wp\/v2\/pages\/6883\/revisions"}],"predecessor-version":[{"id":73089,"href":"https:\/\/tuzilastvo.me\/en\/wp-json\/wp\/v2\/pages\/6883\/revisions\/73089"}],"up":[{"embeddable":true,"href":"https:\/\/tuzilastvo.me\/en\/wp-json\/wp\/v2\/pages\/6313"}],"wp:attachment":[{"href":"https:\/\/tuzilastvo.me\/en\/wp-json\/wp\/v2\/media?parent=6883"}],"curies":[{"name":"wp","href":"https:\/\/api.w.org\/{rel}","templated":true}]}}