{"id":832,"date":"2025-02-25T08:44:30","date_gmt":"2025-02-25T08:44:30","guid":{"rendered":"https:\/\/istorijskaistrazivanja.com\/?page_id=832"},"modified":"2025-10-12T11:29:20","modified_gmt":"2025-10-12T11:29:20","slug":"istorijat","status":"publish","type":"page","link":"https:\/\/tuzilastvo.me\/en\/vrhovno-drzavno-tuzilastvo\/vdt-o-nama\/istorijat\/","title":{"rendered":"History"},"content":{"rendered":"<div data-elementor-type=\"wp-page\" data-elementor-id=\"832\" class=\"elementor elementor-832\" data-elementor-post-type=\"page\">\n\t\t\t\t<div class=\"elementor-element elementor-element-9005134 e-con-full e-flex e-con e-parent\" data-id=\"9005134\" data-element_type=\"container\">\n\t\t\t\t<div class=\"elementor-element elementor-element-981f97a elementor-widget elementor-widget-template\" data-id=\"981f97a\" data-element_type=\"widget\" data-widget_type=\"template.default\">\n\t\t\t\t<div class=\"elementor-widget-container\">\n\t\t\t\t\t\t\t<div class=\"elementor-template\">\n\t\t\t\t\t<div data-elementor-type=\"container\" data-elementor-id=\"61407\" class=\"elementor elementor-61407\" data-elementor-post-type=\"elementor_library\">\n\t\t\t\t<div class=\"elementor-element elementor-element-6e25e4e e-flex e-con-boxed e-con e-parent\" data-id=\"6e25e4e\" data-element_type=\"container\" data-settings=\"{&quot;background_background&quot;:&quot;classic&quot;,&quot;sticky&quot;:&quot;top&quot;,&quot;sticky_offset_mobile&quot;:0,&quot;sticky_on&quot;:[&quot;desktop&quot;,&quot;tablet&quot;,&quot;mobile&quot;],&quot;sticky_offset&quot;:0,&quot;sticky_effects_offset&quot;:0,&quot;sticky_anchor_link_offset&quot;:0}\">\n\t\t\t\t\t<div class=\"e-con-inner\">\n\t\t\t\t<div class=\"elementor-element elementor-element-3eb3815a elementor-widget elementor-widget-heading\" data-id=\"3eb3815a\" data-element_type=\"widget\" data-widget_type=\"heading.default\">\n\t\t\t\t<div class=\"elementor-widget-container\">\n\t\t\t\t\t<h1 class=\"elementor-heading-title elementor-size-default\">SUPREME STATE PROSECUTOR'S OFFICE <\/h1>\t\t\t\t<\/div>\n\t\t\t\t<\/div>\n\t\t\t\t<div class=\"elementor-element elementor-element-2b4b62df elementor-search-form--skin-classic elementor-search-form--button-type-icon elementor-search-form--icon-search elementor-widget elementor-widget-search-form\" data-id=\"2b4b62df\" data-element_type=\"widget\" data-settings=\"{&quot;skin&quot;:&quot;classic&quot;}\" data-widget_type=\"search-form.default\">\n\t\t\t\t<div class=\"elementor-widget-container\">\n\t\t\t\t\t\t\t<search role=\"search\">\n\t\t\t<form class=\"elementor-search-form\" action=\"https:\/\/tuzilastvo.me\/en\/\" method=\"get\" data-trp-original-action=\"https:\/\/tuzilastvo.me\/en\">\n\t\t\t\t\t\t\t\t\t\t\t\t<div class=\"elementor-search-form__container\">\n\t\t\t\t\t<label class=\"elementor-screen-only\" for=\"elementor-search-form-2b4b62df\">Search<\/label>\n\n\t\t\t\t\t\n\t\t\t\t\t<input id=\"elementor-search-form-2b4b62df\" placeholder=\"Search\" class=\"elementor-search-form__input\" type=\"search\" name=\"s\" value=\"\">\n\t\t\t\t\t\n\t\t\t\t\t\t\t\t\t\t\t<button class=\"elementor-search-form__submit\" type=\"submit\" aria-label=\"Search\">\n\t\t\t\t\t\t\t\t\t\t\t\t\t\t\t<div class=\"e-font-icon-svg-container\"><svg class=\"fa fa-search e-font-icon-svg e-fas-search\" viewbox=\"0 0 512 512\" xmlns=\"http:\/\/www.w3.org\/2000\/svg\"><path d=\"M505 442.7L405.3 343c-4.5-4.5-10.6-7-17-7H372c27.6-35.3 44-79.7 44-128C416 93.1 322.9 0 208 0S0 93.1 0 208s93.1 208 208 208c48.3 0 92.7-16.4 128-44v16.3c0 6.4 2.5 12.5 7 17l99.7 99.7c9.4 9.4 24.6 9.4 33.9 0l28.3-28.3c9.4-9.4 9.4-24.6.1-34zM208 336c-70.7 0-128-57.2-128-128 0-70.7 57.2-128 128-128 70.7 0 128 57.2 128 128 0 70.7-57.2 128-128 128z\"><\/path><\/svg><\/div>\t\t\t\t\t\t\t\t\t\t\t\t\t<\/button>\n\t\t\t\t\t\n\t\t\t\t\t\t\t\t\t<\/div>\n\t\t\t<input type=\"hidden\" name=\"trp-form-language\" value=\"en\"\/><\/form>\n\t\t<\/search>\n\t\t\t\t\t\t<\/div>\n\t\t\t\t<\/div>\n\t\t<div class=\"elementor-element elementor-element-2b4f77d0 e-con-full header-row e-flex e-con e-child\" data-id=\"2b4f77d0\" data-element_type=\"container\">\n\t\t\t\t<div class=\"elementor-element elementor-element-10262192 title elementor-widget elementor-widget-heading\" data-id=\"10262192\" data-element_type=\"widget\" data-widget_type=\"heading.default\">\n\t\t\t\t<div class=\"elementor-widget-container\">\n\t\t\t\t\t<h3 class=\"elementor-heading-title elementor-size-default\"><a href=\"https:\/\/tuzilastvo.me\/en\/vrhovno-drzavno-tuzilastvo\/\">Front Page<\/a><\/h3>\t\t\t\t<\/div>\n\t\t\t\t<\/div>\n\t\t\t\t<div class=\"elementor-element elementor-element-75a22957 title elementor-widget elementor-widget-heading\" data-id=\"75a22957\" data-element_type=\"widget\" data-widget_type=\"heading.default\">\n\t\t\t\t<div class=\"elementor-widget-container\">\n\t\t\t\t\t<h3 class=\"elementor-heading-title elementor-size-default\"><a href=\"https:\/\/tuzilastvo.me\/en\/vrhovno-drzavno-tuzilastvo\/vdt-o-nama\/\">About us<\/a><\/h3>\t\t\t\t<\/div>\n\t\t\t\t<\/div>\n\t\t\t\t<div class=\"elementor-element elementor-element-60e6f539 title elementor-widget elementor-widget-heading\" data-id=\"60e6f539\" data-element_type=\"widget\" data-widget_type=\"heading.default\">\n\t\t\t\t<div class=\"elementor-widget-container\">\n\t\t\t\t\t<h3 class=\"elementor-heading-title elementor-size-default\"><a href=\"https:\/\/tuzilastvo.me\/en\/vrhovno-drzavno-tuzilastvo\/vdt-biblioteka\/\">Library<\/a><\/h3>\t\t\t\t<\/div>\n\t\t\t\t<\/div>\n\t\t\t\t<div class=\"elementor-element elementor-element-5cc4fd47 title elementor-widget elementor-widget-heading\" data-id=\"5cc4fd47\" data-element_type=\"widget\" data-widget_type=\"heading.default\">\n\t\t\t\t<div class=\"elementor-widget-container\">\n\t\t\t\t\t<h3 class=\"elementor-heading-title elementor-size-default\"><a href=\"https:\/\/tuzilastvo.me\/en\/vrhovno-drzavno-tuzilastvo\/vdt-medjunarodna-saradnja\/\">International Cooperation<\/a><\/h3>\t\t\t\t<\/div>\n\t\t\t\t<\/div>\n\t\t\t\t<div class=\"elementor-element elementor-element-44d29f7 title elementor-widget elementor-widget-heading\" data-id=\"44d29f7\" data-element_type=\"widget\" data-widget_type=\"heading.default\">\n\t\t\t\t<div class=\"elementor-widget-container\">\n\t\t\t\t\t<h3 class=\"elementor-heading-title elementor-size-default\"><a href=\"https:\/\/tuzilastvo.me\/en\/vrhovno-drzavno-tuzilastvo\/vdt-tuzilacka-praksa-odluke\/\">Prosecutorial Practice\/Decisions<\/a><\/h3>\t\t\t\t<\/div>\n\t\t\t\t<\/div>\n\t\t\t\t<div class=\"elementor-element elementor-element-73e34f67 title elementor-widget elementor-widget-heading\" data-id=\"73e34f67\" data-element_type=\"widget\" data-widget_type=\"heading.default\">\n\t\t\t\t<div class=\"elementor-widget-container\">\n\t\t\t\t\t<h3 class=\"elementor-heading-title elementor-size-default\"><a href=\"https:\/\/tuzilastvo.me\/en\/vrhovno-drzavno-tuzilastvo\/vdt-odnosi-s-javnoscu\/\">Public Relations<\/a><\/h3>\t\t\t\t<\/div>\n\t\t\t\t<\/div>\n\t\t\t\t<div class=\"elementor-element elementor-element-8a459f0 title elementor-widget elementor-widget-heading\" data-id=\"8a459f0\" data-element_type=\"widget\" data-widget_type=\"heading.default\">\n\t\t\t\t<div class=\"elementor-widget-container\">\n\t\t\t\t\t<h3 class=\"elementor-heading-title elementor-size-default\"><a href=\"https:\/\/tuzilastvo.me\/en\/vrhovno-drzavno-tuzilastvo\/vdt-strucna-sluzba\/\">Professional Service for Juvenile Support<\/a><\/h3>\t\t\t\t<\/div>\n\t\t\t\t<\/div>\n\t\t\t\t<div class=\"elementor-element elementor-element-2f78b256 title elementor-widget elementor-widget-heading\" data-id=\"2f78b256\" data-element_type=\"widget\" data-widget_type=\"heading.default\">\n\t\t\t\t<div class=\"elementor-widget-container\">\n\t\t\t\t\t<h3 class=\"elementor-heading-title elementor-size-default\"><a href=\"https:\/\/tuzilastvo.me\/en\/vrhovno-drzavno-tuzilastvo\/vdt-oglasi\/\">Advertisements<\/a><\/h3>\t\t\t\t<\/div>\n\t\t\t\t<\/div>\n\t\t\t\t<div class=\"elementor-element elementor-element-4f958d7c title elementor-widget elementor-widget-heading\" data-id=\"4f958d7c\" data-element_type=\"widget\" data-widget_type=\"heading.default\">\n\t\t\t\t<div class=\"elementor-widget-container\">\n\t\t\t\t\t<h3 class=\"elementor-heading-title elementor-size-default\"><a href=\"https:\/\/tuzilastvo.me\/en\/vrhovno-drzavno-tuzilastvo\/vdt-kontakt\/\">Contact<\/a><\/h3>\t\t\t\t<\/div>\n\t\t\t\t<\/div>\n\t\t\t\t<\/div>\n\t\t\t\t\t<\/div>\n\t\t\t\t<\/div>\n\t\t\t\t<\/div>\n\t\t\t\t<\/div>\n\t\t\t\t\t\t<\/div>\n\t\t\t\t<\/div>\n\t\t\t\t<\/div>\n\t\t<div class=\"elementor-element elementor-element-6df4264 e-flex e-con-boxed e-con e-parent\" data-id=\"6df4264\" data-element_type=\"container\">\n\t\t\t\t\t<div class=\"e-con-inner\">\n\t\t\t\t<div class=\"elementor-element elementor-element-82bb86e elementor-widget elementor-widget-heading\" data-id=\"82bb86e\" data-element_type=\"widget\" data-widget_type=\"heading.default\">\n\t\t\t\t<div class=\"elementor-widget-container\">\n\t\t\t\t\t<h2 class=\"elementor-heading-title elementor-size-default\">Istorijat tu\u017eila\u0161tva<\/h2>\t\t\t\t<\/div>\n\t\t\t\t<\/div>\n\t\t<div class=\"elementor-element elementor-element-090b4d1 e-con-full e-flex e-con e-child\" data-id=\"090b4d1\" data-element_type=\"container\">\n\t\t\t\t<div class=\"elementor-element elementor-element-770e559 elementor-widget elementor-widget-text-editor\" data-id=\"770e559\" data-element_type=\"widget\" data-widget_type=\"text-editor.default\">\n\t\t\t\t<div class=\"elementor-widget-container\">\n\t\t\t\t\t\t\t\t\t<p style=\"text-align: left;\">Tu\u017eila\u010dka organizacija u Crnoj Gori kroz svoju istoriju imala je mnogo reformi.\u00a0Na osnovu pisanih tragova pouzdano se zna da je rad Dr\u017eavnog tu\u017eila\u0161tva u Kotoru zapo\u010deo 28.08.1854.godine pod nazivom PROCURA DI STATO.\u00a0Kao zna\u010dajno treba naglasiti da je Zakon o dr\u017eavnom tu\u017eila\u0161tvu donijet 21. marta 1929.godine (objavljen u &#8221; Slu\u017ebenim novinama &#8221; br. 73 od 23. marta 1929. godine ) koji je stupio na snagu 1. aprila 1929.godine, a njegova primjena otpo\u010dela je 1. novembra 1934.godine.\u00a0Tim zakonom na podru\u010dju Crne Gore, izuzev Boke, obrazovana su dr\u017eavna tu\u017eila\u0161tva i to kod okru\u017enih, apelacionih i kasacionih sudova.\u00a0U\u00a0danima Ustanka do kraja 1941. godine dr\u017eavna tu\u017eila\u0161tva organizovana na teritoriji Crne Gore fakti\u010dki su nestala.<\/p><p style=\"text-align: left;\">Na predlog Predsjedni\u0161tva crnogorske Narodne Skup\u0161tine, ukazom br. 24\/45.5 od 02. maja 1945. godine, za javnog tu\u017eioca Crne Gore imenovan je \u017divko \u017di\u017ei\u0107.Time je otpo\u010delo da djeluje Javno tu\u017eila\u0161tvo Crne Gore kao samostalna institucija pravosu\u0111a u Crnoj Gori, a u toku 1945. godine ustanovljena su okru\u017ena i sreska javna tu\u017eila\u0161tva u svim mjestima Crne Gore u kojima su tada ustanovljeni okru\u017eni i sreski sudovi.<\/p><p style=\"text-align: left;\">Promjene u razvoju ukupnog dr\u017eavnog, dru\u0161tvenog, a naro\u010dito politi\u010dko-pravnog sistema, bile su izuzetno dinami\u010dne. U zavisnosti od tih promjena kretao se i razvoj pravosu\u0111a, a time i javnog tu\u017eila\u0161tva kao dr\u017eavnog organa koji je u \u0161irem smislu i organ pravosu\u0111a.\u00a0Prate\u0107i tokove tih promjena mo\u017ee se re\u0107i da je razvoj tu\u017eila\u0161tva imao nekoliko faza.\u00a0Prva faza je period od 1945. do 1953.\/ 54. godine ,druga period od 1954. do 1965. godine, a tre\u0107a faza od 1965. do 1974. \u010cetvrta faza je od 1974. do 1992. Kada je 5. jula 1975. godine donijet Zakon o javnom tu\u017eila\u0161tvu i prvi put uslijedilo uspostavljanje novih odnosa izme\u0111u federacije i republika, materija javnog tu\u017eila\u0161tva reguli\u0161e se republi\u010dkim zakonom.\u00a0Od 1992. godine ra\u010duna se poseban period jer je, raspadom SFRJ, formirana nova dr\u017eavna zajednica naroda Srbije i Crne Gore.<\/p><p style=\"text-align: left;\">Ustav Republike Crne Gore uredio je na\u010dela, a Zakon o dr\u017eavnom tu\u017eiocu Crne Gore od 26. jula 1992. godine organizaciju, funkcionisanje rad i ovla\u0161\u0107enja, odnosno konkretnu materiju o tu\u017eiocu kao dr\u017eavnom organu u organizaciji vlasti u Crnoj Gori. Tada se, umjesto ranijeg javnog tu\u017eioca, ustanovljava Dr\u017eavni tu\u017eilac kao samostalni dr\u017eavni organ. Do\u0161lo je i do promjene u pogledu sadr\u017eine funkcije i prava i ovla\u0161\u0107enja tu\u017eioca koja ne pripadaju funkciji krivi\u010dnog gonjenja a sadr\u017eana su u zastupanju Republike u imovinsko-pravnim odnosima, tako da su preuzeti \u00a0uglavnom poslovi Javnog pravobranila\u0161tva koje je ukinuto.<\/p><p style=\"text-align: left;\">U okviru reformi pravosudnog sistema u procesu demokratizacije i pridru\u017eivanja evropskim integracijama i implementacije, u \u0161to ve\u0107oj mjeri, me\u0111unarodnih standarda, Skup\u0161tina Republike Crne Gore 17.12.2003. godine donijela je Zakon o dr\u017eavnom tu\u017eiocu. Najva\u017enije novine u ovom zakonu su :<\/p><ul style=\"text-align: left;\"><li>Ve\u0107i stepen samostalnosti i nezavisnosti u radu;<\/li><li>Eti\u010dnost i javnost rada;<\/li><li>Uvo\u0111enje instituta Specijalnog dr\u017eavnog tu\u017eioca za suzbijanje organizovanog kriminala;<\/li><li>Nove metode u na\u010dinu rada i unutra\u0161nje organizacije rada;<\/li><li>Funkcionalni imunitet;<\/li><li>Disciplinska odgovornost;<\/li><li>Novi na\u010din izbora nosilaca tu\u017eila\u010dke funkcije;<\/li><li>Promjena naziva nosioca tu\u017eila\u010dke funkcije &#8211; Dr\u017eavni tu\u017eilac, kao Vrhovni dr\u017eavni tu\u017eilac, Vi\u0161i tu\u017eilac, kao Vi\u0161i dr\u017eavni tu\u017eilac, Osnovni tu\u017eilac, kao Osnovni dr\u017eavni tu\u017eilac;<\/li><li>Osnovi za razrje\u0161enje;<\/li><li>Vi\u0161i stepen slu\u017ebene tajne i za\u0161tite tajnosti podataka;<\/li><li>Uvo\u0111enje Tu\u017eila\u010dkog savjeta;<\/li><li>Utvr\u0111ivanje prava i obaveza stalnog stru\u010dnog usavr\u0161avanja nosilaca tu\u017eila\u010dke \u00a0funkcije;<\/li><li>Ostvarivanje me\u0111unarodne saradnje;<\/li><li>Finansijska samostalnost;<\/li><li>Uvo\u0111enje obaveze no\u0161enja slu\u017ebene odje\u0107e.<\/li><\/ul><p style=\"text-align: left;\">Zakonom o dr\u017eavnom tu\u017eila\u0161tvu koji je 2015. godine proglasila Skup\u0161tina, na teritoriji Crne Gore u okviru Dr\u017eavnog tu\u017eila\u0161tva osnivaju se: Vrhovno dr\u017eavno tu\u017eila\u0161tvo, vi\u0161a dr\u017eavna tu\u017eila\u0161tva, Specijalno dr\u017eavno tu\u017eila\u0161tvo i osnovna dr\u017eavna tu\u017eila\u0161tva.<\/p><p style=\"text-align: left;\">Vrhovno dr\u017eavno tu\u017eila\u0161tvo osniva se za teritoriju Crne Gore, sa sjedi\u0161tem u Podgorici.<\/p>\t\t\t\t\t\t\t\t<\/div>\n\t\t\t\t<\/div>\n\t\t<div class=\"elementor-element elementor-element-5f7f977 e-con-full e-flex e-con e-child\" data-id=\"5f7f977\" data-element_type=\"container\">\n\t\t\t\t<div class=\"elementor-element elementor-element-b57fcfc elementor-widget elementor-widget-text-editor\" data-id=\"b57fcfc\" data-element_type=\"widget\" data-widget_type=\"text-editor.default\">\n\t\t\t\t<div class=\"elementor-widget-container\">\n\t\t\t\t\t\t\t\t\t<h5 style=\"font-style: normal; color: #000000; line-height: 1.3em;\" data-elementor-setting-key=\"title\" data-pen-placeholder=\"Type Here...\">Raniji vrhovni dr\u017eavni tu\u017eioci i vr\u0161ioci du\u017enosti u periodu od 2014 &#8211; 2024. godine<strong>:<\/strong><\/h5><div>\u00a0<\/div><h6><strong>Tatjana Begovi\u0107<\/strong><br \/>v.d. VDT-a od 8. febrauara 2023. godine do 27.1.2024. godine<\/h6><h6>\u00a0<\/h6><h6><strong>Maja Jovanovi\u0107<\/strong><br \/>v.d. VDT-a od 5. februara 2022. godine do 5. februara 2023. godine<\/h6><h6>\u00a0<\/h6><h6><strong>Dra\u017een Buri\u0107<\/strong><\/h6><h6><span style=\"font-style: inherit; font-weight: inherit;\">v.d. VDT-a (od 10. juna 2021. godine do 5. februara 2022. godine)<\/span><\/h6><h6><span style=\"font-style: inherit; font-weight: inherit;\">\u00a0<\/span><\/h6><h6><strong>Ivica Stankovi\u0107<\/strong><\/h6><h6>vrhovni dr\u017eavni tu\u017eilac ( od 7. oktobra 2014.godine do 8. oktobra 2019. godine)<\/h6><h6>v.d. VDT-a (od 8. oktobra 2019.god.\u00a0 do\u00a0 10. juna 2021.godine)<\/h6><h6>\u00a0<\/h6>\t\t\t\t\t\t\t\t<\/div>\n\t\t\t\t<\/div>\n\t\t\t\t<\/div>\n\t\t\t\t<\/div>\n\t\t\t\t\t<\/div>\n\t\t\t\t<\/div>\n\t\t\t\t<\/div>","protected":false},"excerpt":{"rendered":"<p>Istorijat tu\u017eila\u0161tva Tu\u017eila\u010dka organizacija u Crnoj Gori kroz svoju istoriju imala je mnogo reformi.\u00a0Na osnovu pisanih tragova pouzdano se zna [&hellip;]<\/p>","protected":false},"author":23,"featured_media":0,"parent":253,"menu_order":0,"comment_status":"closed","ping_status":"closed","template":"","meta":{"_acf_changed":false,"site-sidebar-layout":"no-sidebar","site-content-layout":"","ast-site-content-layout":"full-width-container","site-content-style":"default","site-sidebar-style":"default","ast-global-header-display":"","ast-banner-title-visibility":"","ast-main-header-display":"","ast-hfb-above-header-display":"","ast-hfb-below-header-display":"","ast-hfb-mobile-header-display":"","site-post-title":"disabled","ast-breadcrumbs-content":"","ast-featured-img":"disabled","footer-sml-layout":"","theme-transparent-header-meta":"","adv-header-id-meta":"","stick-header-meta":"","header-above-stick-meta":"","header-main-stick-meta":"","header-below-stick-meta":"","astra-migrate-meta-layouts":"default","ast-page-background-enabled":"default","ast-page-background-meta":{"desktop":{"background-color":"var(--ast-global-color-4)","background-image":"","background-repeat":"repeat","background-position":"center center","background-size":"auto","background-attachment":"scroll","background-type":"","background-media":"","overlay-type":"","overlay-color":"","overlay-opacity":"","overlay-gradient":""},"tablet":{"background-color":"","background-image":"","background-repeat":"repeat","background-position":"center center","background-size":"auto","background-attachment":"scroll","background-type":"","background-media":"","overlay-type":"","overlay-color":"","overlay-opacity":"","overlay-gradient":""},"mobile":{"background-color":"","background-image":"","background-repeat":"repeat","background-position":"center center","background-size":"auto","background-attachment":"scroll","background-type":"","background-media":"","overlay-type":"","overlay-color":"","overlay-opacity":"","overlay-gradient":""}},"ast-content-background-meta":{"desktop":{"background-color":"var(--ast-global-color-5)","background-image":"","background-repeat":"repeat","background-position":"center center","background-size":"auto","background-attachment":"scroll","background-type":"","background-media":"","overlay-type":"","overlay-color":"","overlay-opacity":"","overlay-gradient":""},"tablet":{"background-color":"var(--ast-global-color-5)","background-image":"","background-repeat":"repeat","background-position":"center center","background-size":"auto","background-attachment":"scroll","background-type":"","background-media":"","overlay-type":"","overlay-color":"","overlay-opacity":"","overlay-gradient":""},"mobile":{"background-color":"var(--ast-global-color-5)","background-image":"","background-repeat":"repeat","background-position":"center center","background-size":"auto","background-attachment":"scroll","background-type":"","background-media":"","overlay-type":"","overlay-color":"","overlay-opacity":"","overlay-gradient":""}},"footnotes":""},"class_list":["post-832","page","type-page","status-publish","hentry"],"acf":[],"_links":{"self":[{"href":"https:\/\/tuzilastvo.me\/en\/wp-json\/wp\/v2\/pages\/832","targetHints":{"allow":["GET"]}}],"collection":[{"href":"https:\/\/tuzilastvo.me\/en\/wp-json\/wp\/v2\/pages"}],"about":[{"href":"https:\/\/tuzilastvo.me\/en\/wp-json\/wp\/v2\/types\/page"}],"author":[{"embeddable":true,"href":"https:\/\/tuzilastvo.me\/en\/wp-json\/wp\/v2\/users\/23"}],"replies":[{"embeddable":true,"href":"https:\/\/tuzilastvo.me\/en\/wp-json\/wp\/v2\/comments?post=832"}],"version-history":[{"count":58,"href":"https:\/\/tuzilastvo.me\/en\/wp-json\/wp\/v2\/pages\/832\/revisions"}],"predecessor-version":[{"id":61466,"href":"https:\/\/tuzilastvo.me\/en\/wp-json\/wp\/v2\/pages\/832\/revisions\/61466"}],"up":[{"embeddable":true,"href":"https:\/\/tuzilastvo.me\/en\/wp-json\/wp\/v2\/pages\/253"}],"wp:attachment":[{"href":"https:\/\/tuzilastvo.me\/en\/wp-json\/wp\/v2\/media?parent=832"}],"curies":[{"name":"wp","href":"https:\/\/api.w.org\/{rel}","templated":true}]}}