{"id":5048,"date":"2024-12-27T02:53:45","date_gmt":"2024-12-27T02:53:45","guid":{"rendered":"https:\/\/istorijskaistrazivanja.com\/?page_id=5048"},"modified":"2025-10-17T12:11:00","modified_gmt":"2025-10-17T12:11:00","slug":"drzavni-tuzioci","status":"publish","type":"page","link":"https:\/\/tuzilastvo.me\/sr_rs\/osnovna-drzavna-tuzilastva\/odt-cetinje\/o-nama\/drzavni-tuzioci\/","title":{"rendered":"\u0414\u0440\u0436\u0430\u0432\u043d\u0438 \u0442\u0443\u0436\u0438\u043e\u0446\u0438"},"content":{"rendered":"<div data-elementor-type=\"wp-page\" data-elementor-id=\"5048\" class=\"elementor elementor-5048\" data-elementor-post-type=\"page\">\n\t\t\t\t<div class=\"elementor-element elementor-element-5a705cf e-con-full e-flex e-con e-parent\" data-id=\"5a705cf\" data-element_type=\"container\">\n\t\t\t\t<div class=\"elementor-element elementor-element-cffafdc elementor-widget elementor-widget-template\" data-id=\"cffafdc\" data-element_type=\"widget\" data-widget_type=\"template.default\">\n\t\t\t\t<div class=\"elementor-widget-container\">\n\t\t\t\t\t\t\t<div class=\"elementor-template\">\n\t\t\t\t\t<div data-elementor-type=\"container\" data-elementor-id=\"62216\" class=\"elementor elementor-62216\" data-elementor-post-type=\"elementor_library\">\n\t\t\t\t<div class=\"elementor-element elementor-element-605385cf e-flex e-con-boxed e-con e-parent\" data-id=\"605385cf\" data-element_type=\"container\" data-settings=\"{&quot;background_background&quot;:&quot;classic&quot;,&quot;sticky&quot;:&quot;top&quot;,&quot;sticky_on&quot;:[&quot;desktop&quot;,&quot;tablet&quot;,&quot;mobile&quot;],&quot;sticky_offset&quot;:0,&quot;sticky_effects_offset&quot;:0,&quot;sticky_anchor_link_offset&quot;:0}\">\n\t\t\t\t\t<div class=\"e-con-inner\">\n\t\t\t\t<div class=\"elementor-element elementor-element-6ec6760f elementor-widget elementor-widget-heading\" data-id=\"6ec6760f\" data-element_type=\"widget\" data-widget_type=\"heading.default\">\n\t\t\t\t<div class=\"elementor-widget-container\">\n\t\t\t\t\t<h1 class=\"elementor-heading-title elementor-size-default\">\u041e\u0414\u0422 \u0426\u0415\u0422\u0418\u040a\u0415<\/h1>\t\t\t\t<\/div>\n\t\t\t\t<\/div>\n\t\t\t\t<div class=\"elementor-element elementor-element-18cbe3d5 elementor-search-form--skin-classic elementor-search-form--button-type-icon elementor-search-form--icon-search elementor-widget elementor-widget-search-form\" data-id=\"18cbe3d5\" data-element_type=\"widget\" data-settings=\"{&quot;skin&quot;:&quot;classic&quot;}\" data-widget_type=\"search-form.default\">\n\t\t\t\t<div class=\"elementor-widget-container\">\n\t\t\t\t\t\t\t<search role=\"search\">\n\t\t\t<form class=\"elementor-search-form\" action=\"https:\/\/tuzilastvo.me\/sr_rs\/\" method=\"get\" data-trp-original-action=\"https:\/\/tuzilastvo.me\/sr_rs\">\n\t\t\t\t\t\t\t\t\t\t\t\t<div class=\"elementor-search-form__container\">\n\t\t\t\t\t<label class=\"elementor-screen-only\" for=\"elementor-search-form-18cbe3d5\">\u041f\u0440\u0435\u0442\u0440\u0430\u0433\u0430<\/label>\n\n\t\t\t\t\t\n\t\t\t\t\t<input id=\"elementor-search-form-18cbe3d5\" placeholder=\"\u041f\u0440\u0435\u0442\u0440\u0430\u0436\u0438\u0442\u0435\" class=\"elementor-search-form__input\" type=\"search\" name=\"s\" value=\"\">\n\t\t\t\t\t\n\t\t\t\t\t\t\t\t\t\t\t<button class=\"elementor-search-form__submit\" type=\"submit\" aria-label=\"\u041f\u0440\u0435\u0442\u0440\u0430\u0433\u0430\">\n\t\t\t\t\t\t\t\t\t\t\t\t\t\t\t<div class=\"e-font-icon-svg-container\"><svg class=\"fa fa-search e-font-icon-svg e-fas-search\" viewbox=\"0 0 512 512\" xmlns=\"http:\/\/www.w3.org\/2000\/svg\"><path d=\"M505 442.7L405.3 343c-4.5-4.5-10.6-7-17-7H372c27.6-35.3 44-79.7 44-128C416 93.1 322.9 0 208 0S0 93.1 0 208s93.1 208 208 208c48.3 0 92.7-16.4 128-44v16.3c0 6.4 2.5 12.5 7 17l99.7 99.7c9.4 9.4 24.6 9.4 33.9 0l28.3-28.3c9.4-9.4 9.4-24.6.1-34zM208 336c-70.7 0-128-57.2-128-128 0-70.7 57.2-128 128-128 70.7 0 128 57.2 128 128 0 70.7-57.2 128-128 128z\"><\/path><\/svg><\/div>\t\t\t\t\t\t\t\t\t\t\t\t\t<\/button>\n\t\t\t\t\t\n\t\t\t\t\t\t\t\t\t<\/div>\n\t\t\t<input type=\"hidden\" name=\"trp-form-language\" value=\"sr_rs\"\/><\/form>\n\t\t<\/search>\n\t\t\t\t\t\t<\/div>\n\t\t\t\t<\/div>\n\t\t<div class=\"elementor-element elementor-element-4ea96447 e-con-full header-row e-flex e-con e-child\" data-id=\"4ea96447\" data-element_type=\"container\">\n\t\t\t\t<div class=\"elementor-element elementor-element-fe4075f title elementor-widget elementor-widget-heading\" data-id=\"fe4075f\" data-element_type=\"widget\" data-widget_type=\"heading.default\">\n\t\t\t\t<div class=\"elementor-widget-container\">\n\t\t\t\t\t<h3 class=\"elementor-heading-title elementor-size-default\"><a href=\"https:\/\/tuzilastvo.me\/sr_rs\/osnovna-drzavna-tuzilastva\/odt-cetinje\/\">\u041d\u0430\u0441\u043b\u043e\u0432\u043d\u0430<\/a><\/h3>\t\t\t\t<\/div>\n\t\t\t\t<\/div>\n\t\t\t\t<div class=\"elementor-element elementor-element-1bfcb2bf title elementor-widget elementor-widget-heading\" data-id=\"1bfcb2bf\" data-element_type=\"widget\" data-widget_type=\"heading.default\">\n\t\t\t\t<div class=\"elementor-widget-container\">\n\t\t\t\t\t<h3 class=\"elementor-heading-title elementor-size-default\"><a href=\"https:\/\/tuzilastvo.me\/sr_rs\/osnovna-drzavna-tuzilastva\/odt-cetinje\/o-nama\/\">\u041e \u043d\u0430\u043c\u0430<\/a><\/h3>\t\t\t\t<\/div>\n\t\t\t\t<\/div>\n\t\t\t\t<div class=\"elementor-element elementor-element-566e0513 title elementor-widget elementor-widget-heading\" data-id=\"566e0513\" data-element_type=\"widget\" data-widget_type=\"heading.default\">\n\t\t\t\t<div class=\"elementor-widget-container\">\n\t\t\t\t\t<h3 class=\"elementor-heading-title elementor-size-default\"><a href=\"https:\/\/tuzilastvo.me\/sr_rs\/osnovna-drzavna-tuzilastva\/odt-cetinje\/biblioteka\/\">\u0411\u0438\u0431\u043b\u0438\u043e\u0442\u0435\u043a\u0430<\/a><\/h3>\t\t\t\t<\/div>\n\t\t\t\t<\/div>\n\t\t\t\t<div class=\"elementor-element elementor-element-20d48a47 title elementor-widget elementor-widget-heading\" data-id=\"20d48a47\" data-element_type=\"widget\" data-widget_type=\"heading.default\">\n\t\t\t\t<div class=\"elementor-widget-container\">\n\t\t\t\t\t<h3 class=\"elementor-heading-title elementor-size-default\"><a href=\"https:\/\/tuzilastvo.me\/sr_rs\/osnovna-drzavna-tuzilastva\/odt-cetinje\/odluke\/\">\u041e\u0434\u043b\u0443\u043a\u0435<\/a><\/h3>\t\t\t\t<\/div>\n\t\t\t\t<\/div>\n\t\t\t\t<div class=\"elementor-element elementor-element-5f99f308 title elementor-widget elementor-widget-heading\" data-id=\"5f99f308\" data-element_type=\"widget\" data-widget_type=\"heading.default\">\n\t\t\t\t<div class=\"elementor-widget-container\">\n\t\t\t\t\t<h3 class=\"elementor-heading-title elementor-size-default\"><a href=\"https:\/\/tuzilastvo.me\/sr_rs\/osnovna-drzavna-tuzilastva\/odt-cetinje\/odnosi-s-javnoscu\/\">\u041e\u0434\u043d\u043e\u0441\u0438 \u0441 \u0458\u0430\u0432\u043d\u043e\u0448\u045b\u0443<\/a><\/h3>\t\t\t\t<\/div>\n\t\t\t\t<\/div>\n\t\t\t\t<div class=\"elementor-element elementor-element-34aaf4ac title elementor-widget elementor-widget-heading\" data-id=\"34aaf4ac\" data-element_type=\"widget\" data-widget_type=\"heading.default\">\n\t\t\t\t<div class=\"elementor-widget-container\">\n\t\t\t\t\t<h3 class=\"elementor-heading-title elementor-size-default\"><a href=\"https:\/\/tuzilastvo.me\/sr_rs\/osnovna-drzavna-tuzilastva\/odt-cetinje\/dezurni-tuzioci\/\">\u0414\u0435\u0436\u0443\u0440\u043d\u0438 \u0442\u0443\u0436\u0438\u043e\u0446\u0438<\/a><\/h3>\t\t\t\t<\/div>\n\t\t\t\t<\/div>\n\t\t\t\t<div class=\"elementor-element elementor-element-205676f8 title elementor-widget elementor-widget-heading\" data-id=\"205676f8\" data-element_type=\"widget\" data-widget_type=\"heading.default\">\n\t\t\t\t<div class=\"elementor-widget-container\">\n\t\t\t\t\t<h3 class=\"elementor-heading-title elementor-size-default\"><a href=\"https:\/\/tuzilastvo.me\/sr_rs\/osnovna-drzavna-tuzilastva\/odt-cetinje\/oglasi\/\">\u041e\u0433\u043b\u0430\u0441\u0438<\/a><\/h3>\t\t\t\t<\/div>\n\t\t\t\t<\/div>\n\t\t\t\t<div class=\"elementor-element elementor-element-528536 title elementor-widget elementor-widget-heading\" data-id=\"528536\" data-element_type=\"widget\" data-widget_type=\"heading.default\">\n\t\t\t\t<div class=\"elementor-widget-container\">\n\t\t\t\t\t<h3 class=\"elementor-heading-title elementor-size-default\"><a href=\"https:\/\/tuzilastvo.me\/sr_rs\/osnovna-drzavna-tuzilastva\/odt-cetinje\/kontakt-2\/\">\u041a\u043e\u043d\u0442\u0430\u043a\u0442<\/a><\/h3>\t\t\t\t<\/div>\n\t\t\t\t<\/div>\n\t\t\t\t<\/div>\n\t\t\t\t\t<\/div>\n\t\t\t\t<\/div>\n\t\t\t\t<\/div>\n\t\t\t\t<\/div>\n\t\t\t\t\t\t<\/div>\n\t\t\t\t<\/div>\n\t\t\t\t<\/div>\n\t\t<div class=\"elementor-element elementor-element-f1c3734 e-flex e-con-boxed e-con e-parent\" data-id=\"f1c3734\" data-element_type=\"container\">\n\t\t\t\t\t<div class=\"e-con-inner\">\n\t\t<div class=\"elementor-element elementor-element-080fc26 e-con-full e-flex e-con e-child\" data-id=\"080fc26\" data-element_type=\"container\">\n\t\t\t\t<div class=\"elementor-element elementor-element-8845c4e elementor-widget elementor-widget-heading\" data-id=\"8845c4e\" data-element_type=\"widget\" data-widget_type=\"heading.default\">\n\t\t\t\t<div class=\"elementor-widget-container\">\n\t\t\t\t\t<h2 class=\"elementor-heading-title elementor-size-default\">\u0414\u0440\u0436\u0430\u0432\u043d\u0438 \u0442\u0443\u0436\u0438\u043e\u0446\u0438<\/h2>\t\t\t\t<\/div>\n\t\t\t\t<\/div>\n\t\t<div class=\"elementor-element elementor-element-71ada9e e-flex e-con-boxed e-con e-child\" data-id=\"71ada9e\" data-element_type=\"container\">\n\t\t\t\t\t<div class=\"e-con-inner\">\n\t\t<div class=\"elementor-element elementor-element-5e447f1 e-con-full e-flex e-con e-child\" data-id=\"5e447f1\" data-element_type=\"container\">\n\t\t<div class=\"elementor-element elementor-element-9391bad e-con-full e-flex e-con e-child\" data-id=\"9391bad\" data-element_type=\"container\">\n\t\t\t\t<div class=\"elementor-element elementor-element-d55e523 elementor-position-top elementor-widget elementor-widget-image-box\" data-id=\"d55e523\" data-element_type=\"widget\" data-widget_type=\"image-box.default\">\n\t\t\t\t<div class=\"elementor-widget-container\">\n\t\t\t\t\t<div class=\"elementor-image-box-wrapper\"><figure class=\"elementor-image-box-img\"><a href=\"https:\/\/tuzilastvo.me\/sr_rs\/osnovna-drzavna-tuzilastva\/odt-cetinje\/o-nama\/rukovodilac\/\" tabindex=\"-1\"><img fetchpriority=\"high\" decoding=\"async\" width=\"1456\" height=\"816\" src=\"https:\/\/tuzilastvo.me\/wp-content\/uploads\/2025\/10\/drzavno-tuzilastvo.jpg\" class=\"attachment-full size-full wp-image-60012\" alt=\"\" srcset=\"https:\/\/tuzilastvo.me\/wp-content\/uploads\/2025\/10\/drzavno-tuzilastvo.jpg 1456w, https:\/\/tuzilastvo.me\/wp-content\/uploads\/2025\/10\/drzavno-tuzilastvo-300x168.jpg 300w, https:\/\/tuzilastvo.me\/wp-content\/uploads\/2025\/10\/drzavno-tuzilastvo-1024x574.jpg 1024w, https:\/\/tuzilastvo.me\/wp-content\/uploads\/2025\/10\/drzavno-tuzilastvo-768x430.jpg 768w, https:\/\/tuzilastvo.me\/wp-content\/uploads\/2025\/10\/drzavno-tuzilastvo-18x10.jpg 18w\" sizes=\"(max-width: 1456px) 100vw, 1456px\" \/><\/a><\/figure><div class=\"elementor-image-box-content\"><h3 class=\"elementor-image-box-title\"><a href=\"https:\/\/tuzilastvo.me\/sr_rs\/osnovna-drzavna-tuzilastva\/odt-cetinje\/o-nama\/rukovodilac\/\">\u0421\u0430\u045a\u0430 \u0420\u0430\u0434\u0443\u043d\u043e\u0432\u0438\u045b<\/a><\/h3><p class=\"elementor-image-box-description\">\u0440\u0443\u043a\u043e\u0432\u043e\u0434\u0438\u0442\u0435\u0459\u043a\u0430\n<\/p><\/div><\/div>\t\t\t\t<\/div>\n\t\t\t\t<\/div>\n\t\t\t\t<\/div>\n\t\t<div class=\"elementor-element elementor-element-04b39c8 e-con-full e-flex e-con e-child\" data-id=\"04b39c8\" data-element_type=\"container\">\n\t\t\t\t<div class=\"elementor-element elementor-element-794c635 elementor-vertical-align-top elementor-widget elementor-widget-image-box\" data-id=\"794c635\" data-element_type=\"widget\" data-widget_type=\"image-box.default\">\n\t\t\t\t<div class=\"elementor-widget-container\">\n\t\t\t\t\t<div class=\"elementor-image-box-wrapper\"><div class=\"elementor-image-box-content\"><h3 class=\"elementor-image-box-title\">\u0410\u043b\u0435\u043a\u0441\u0430\u043d\u0434\u0440\u0430 \u0410\u045f\u0438\u045b \u0416\u0438\u0432\u043a\u043e\u0432\u0438\u045b<\/h3><p class=\"elementor-image-box-description\">\u0434\u0440\u0436\u0430\u0432\u043d\u0430 \u0442\u0443\u0436\u0438\u0442\u0435\u0459\u043a\u0430\n<\/p><\/div><\/div>\t\t\t\t<\/div>\n\t\t\t\t<\/div>\n\t\t\t\t<\/div>\n\t\t\t\t<\/div>\n\t\t\t\t\t<\/div>\n\t\t\t\t<\/div>\n\t\t\t\t<\/div>\n\t\t\t\t\t<\/div>\n\t\t\t\t<\/div>\n\t\t\t\t<\/div>","protected":false},"excerpt":{"rendered":"<p>Dr\u017eavni tu\u017eioci Sanja Radunovi\u0107 rukovoditeljka Aleksandra Ad\u017ei\u0107 \u017divkovi\u0107 dr\u017eavna tu\u017eiteljka<\/p>","protected":false},"author":10,"featured_media":0,"parent":5016,"menu_order":0,"comment_status":"closed","ping_status":"closed","template":"","meta":{"_acf_changed":false,"site-sidebar-layout":"no-sidebar","site-content-layout":"","ast-site-content-layout":"full-width-container","site-content-style":"default","site-sidebar-style":"default","ast-global-header-display":"","ast-banner-title-visibility":"","ast-main-header-display":"","ast-hfb-above-header-display":"","ast-hfb-below-header-display":"","ast-hfb-mobile-header-display":"","site-post-title":"disabled","ast-breadcrumbs-content":"","ast-featured-img":"disabled","footer-sml-layout":"","theme-transparent-header-meta":"","adv-header-id-meta":"","stick-header-meta":"","header-above-stick-meta":"","header-main-stick-meta":"","header-below-stick-meta":"","astra-migrate-meta-layouts":"default","ast-page-background-enabled":"default","ast-page-background-meta":{"desktop":{"background-color":"var(--ast-global-color-4)","background-image":"","background-repeat":"repeat","background-position":"center center","background-size":"auto","background-attachment":"scroll","background-type":"","background-media":"","overlay-type":"","overlay-color":"","overlay-opacity":"","overlay-gradient":""},"tablet":{"background-color":"","background-image":"","background-repeat":"repeat","background-position":"center center","background-size":"auto","background-attachment":"scroll","background-type":"","background-media":"","overlay-type":"","overlay-color":"","overlay-opacity":"","overlay-gradient":""},"mobile":{"background-color":"","background-image":"","background-repeat":"repeat","background-position":"center center","background-size":"auto","background-attachment":"scroll","background-type":"","background-media":"","overlay-type":"","overlay-color":"","overlay-opacity":"","overlay-gradient":""}},"ast-content-background-meta":{"desktop":{"background-color":"var(--ast-global-color-5)","background-image":"","background-repeat":"repeat","background-position":"center center","background-size":"auto","background-attachment":"scroll","background-type":"","background-media":"","overlay-type":"","overlay-color":"","overlay-opacity":"","overlay-gradient":""},"tablet":{"background-color":"var(--ast-global-color-5)","background-image":"","background-repeat":"repeat","background-position":"center center","background-size":"auto","background-attachment":"scroll","background-type":"","background-media":"","overlay-type":"","overlay-color":"","overlay-opacity":"","overlay-gradient":""},"mobile":{"background-color":"var(--ast-global-color-5)","background-image":"","background-repeat":"repeat","background-position":"center center","background-size":"auto","background-attachment":"scroll","background-type":"","background-media":"","overlay-type":"","overlay-color":"","overlay-opacity":"","overlay-gradient":""}},"footnotes":""},"class_list":["post-5048","page","type-page","status-publish","hentry"],"acf":[],"_links":{"self":[{"href":"https:\/\/tuzilastvo.me\/sr_rs\/wp-json\/wp\/v2\/pages\/5048","targetHints":{"allow":["GET"]}}],"collection":[{"href":"https:\/\/tuzilastvo.me\/sr_rs\/wp-json\/wp\/v2\/pages"}],"about":[{"href":"https:\/\/tuzilastvo.me\/sr_rs\/wp-json\/wp\/v2\/types\/page"}],"author":[{"embeddable":true,"href":"https:\/\/tuzilastvo.me\/sr_rs\/wp-json\/wp\/v2\/users\/10"}],"replies":[{"embeddable":true,"href":"https:\/\/tuzilastvo.me\/sr_rs\/wp-json\/wp\/v2\/comments?post=5048"}],"version-history":[{"count":31,"href":"https:\/\/tuzilastvo.me\/sr_rs\/wp-json\/wp\/v2\/pages\/5048\/revisions"}],"predecessor-version":[{"id":65516,"href":"https:\/\/tuzilastvo.me\/sr_rs\/wp-json\/wp\/v2\/pages\/5048\/revisions\/65516"}],"up":[{"embeddable":true,"href":"https:\/\/tuzilastvo.me\/sr_rs\/wp-json\/wp\/v2\/pages\/5016"}],"wp:attachment":[{"href":"https:\/\/tuzilastvo.me\/sr_rs\/wp-json\/wp\/v2\/media?parent=5048"}],"curies":[{"name":"wp","href":"https:\/\/api.w.org\/{rel}","templated":true}]}}