{"id":5085,"date":"2024-12-27T02:57:46","date_gmt":"2024-12-27T02:57:46","guid":{"rendered":"https:\/\/istorijskaistrazivanja.com\/?page_id=5085"},"modified":"2025-10-22T12:16:21","modified_gmt":"2025-10-22T12:16:21","slug":"upoznajte-tuzilastvo","status":"publish","type":"page","link":"https:\/\/tuzilastvo.me\/sr_rs\/osnovna-drzavna-tuzilastva\/odt-cetinje\/odnosi-s-javnoscu\/mediji\/upoznajte-tuzilastvo\/","title":{"rendered":"\u0423\u043f\u043e\u0437\u043d\u0430\u0458\u0442\u0435 \u0442\u0443\u0436\u0438\u043b\u0430\u0448\u0442\u0432\u043e"},"content":{"rendered":"<div data-elementor-type=\"wp-page\" data-elementor-id=\"5085\" class=\"elementor elementor-5085\" data-elementor-post-type=\"page\">\n\t\t\t\t<div class=\"elementor-element elementor-element-3ea36ce e-con-full e-flex e-con e-parent\" data-id=\"3ea36ce\" data-element_type=\"container\">\n\t\t\t\t<div class=\"elementor-element elementor-element-183f2b4 elementor-widget elementor-widget-template\" data-id=\"183f2b4\" data-element_type=\"widget\" data-widget_type=\"template.default\">\n\t\t\t\t<div class=\"elementor-widget-container\">\n\t\t\t\t\t\t\t<div class=\"elementor-template\">\n\t\t\t\t\t<div data-elementor-type=\"container\" data-elementor-id=\"62216\" class=\"elementor elementor-62216\" data-elementor-post-type=\"elementor_library\">\n\t\t\t\t<div class=\"elementor-element elementor-element-605385cf e-flex e-con-boxed e-con e-parent\" data-id=\"605385cf\" data-element_type=\"container\" data-settings=\"{&quot;background_background&quot;:&quot;classic&quot;,&quot;sticky&quot;:&quot;top&quot;,&quot;sticky_on&quot;:[&quot;desktop&quot;,&quot;tablet&quot;,&quot;mobile&quot;],&quot;sticky_offset&quot;:0,&quot;sticky_effects_offset&quot;:0,&quot;sticky_anchor_link_offset&quot;:0}\">\n\t\t\t\t\t<div class=\"e-con-inner\">\n\t\t\t\t<div class=\"elementor-element elementor-element-6ec6760f elementor-widget elementor-widget-heading\" data-id=\"6ec6760f\" data-element_type=\"widget\" data-widget_type=\"heading.default\">\n\t\t\t\t<div class=\"elementor-widget-container\">\n\t\t\t\t\t<h1 class=\"elementor-heading-title elementor-size-default\">\u041e\u0414\u0422 \u0426\u0415\u0422\u0418\u040a\u0415<\/h1>\t\t\t\t<\/div>\n\t\t\t\t<\/div>\n\t\t\t\t<div class=\"elementor-element elementor-element-18cbe3d5 elementor-search-form--skin-classic elementor-search-form--button-type-icon elementor-search-form--icon-search elementor-widget elementor-widget-search-form\" data-id=\"18cbe3d5\" data-element_type=\"widget\" data-settings=\"{&quot;skin&quot;:&quot;classic&quot;}\" data-widget_type=\"search-form.default\">\n\t\t\t\t<div class=\"elementor-widget-container\">\n\t\t\t\t\t\t\t<search role=\"search\">\n\t\t\t<form class=\"elementor-search-form\" action=\"https:\/\/tuzilastvo.me\/sr_rs\/\" method=\"get\" data-trp-original-action=\"https:\/\/tuzilastvo.me\/sr_rs\">\n\t\t\t\t\t\t\t\t\t\t\t\t<div class=\"elementor-search-form__container\">\n\t\t\t\t\t<label class=\"elementor-screen-only\" for=\"elementor-search-form-18cbe3d5\">\u041f\u0440\u0435\u0442\u0440\u0430\u0433\u0430<\/label>\n\n\t\t\t\t\t\n\t\t\t\t\t<input id=\"elementor-search-form-18cbe3d5\" placeholder=\"\u041f\u0440\u0435\u0442\u0440\u0430\u0436\u0438\u0442\u0435\" class=\"elementor-search-form__input\" type=\"search\" name=\"s\" value=\"\">\n\t\t\t\t\t\n\t\t\t\t\t\t\t\t\t\t\t<button class=\"elementor-search-form__submit\" type=\"submit\" aria-label=\"\u041f\u0440\u0435\u0442\u0440\u0430\u0433\u0430\">\n\t\t\t\t\t\t\t\t\t\t\t\t\t\t\t<div class=\"e-font-icon-svg-container\"><svg class=\"fa fa-search e-font-icon-svg e-fas-search\" viewbox=\"0 0 512 512\" xmlns=\"http:\/\/www.w3.org\/2000\/svg\"><path d=\"M505 442.7L405.3 343c-4.5-4.5-10.6-7-17-7H372c27.6-35.3 44-79.7 44-128C416 93.1 322.9 0 208 0S0 93.1 0 208s93.1 208 208 208c48.3 0 92.7-16.4 128-44v16.3c0 6.4 2.5 12.5 7 17l99.7 99.7c9.4 9.4 24.6 9.4 33.9 0l28.3-28.3c9.4-9.4 9.4-24.6.1-34zM208 336c-70.7 0-128-57.2-128-128 0-70.7 57.2-128 128-128 70.7 0 128 57.2 128 128 0 70.7-57.2 128-128 128z\"><\/path><\/svg><\/div>\t\t\t\t\t\t\t\t\t\t\t\t\t<\/button>\n\t\t\t\t\t\n\t\t\t\t\t\t\t\t\t<\/div>\n\t\t\t<input type=\"hidden\" name=\"trp-form-language\" value=\"sr_rs\"\/><\/form>\n\t\t<\/search>\n\t\t\t\t\t\t<\/div>\n\t\t\t\t<\/div>\n\t\t<div class=\"elementor-element elementor-element-4ea96447 e-con-full header-row e-flex e-con e-child\" data-id=\"4ea96447\" data-element_type=\"container\">\n\t\t\t\t<div class=\"elementor-element elementor-element-fe4075f title elementor-widget elementor-widget-heading\" data-id=\"fe4075f\" data-element_type=\"widget\" data-widget_type=\"heading.default\">\n\t\t\t\t<div class=\"elementor-widget-container\">\n\t\t\t\t\t<h3 class=\"elementor-heading-title elementor-size-default\"><a href=\"https:\/\/tuzilastvo.me\/sr_rs\/osnovna-drzavna-tuzilastva\/odt-cetinje\/\">\u041d\u0430\u0441\u043b\u043e\u0432\u043d\u0430<\/a><\/h3>\t\t\t\t<\/div>\n\t\t\t\t<\/div>\n\t\t\t\t<div class=\"elementor-element elementor-element-1bfcb2bf title elementor-widget elementor-widget-heading\" data-id=\"1bfcb2bf\" data-element_type=\"widget\" data-widget_type=\"heading.default\">\n\t\t\t\t<div class=\"elementor-widget-container\">\n\t\t\t\t\t<h3 class=\"elementor-heading-title elementor-size-default\"><a href=\"https:\/\/tuzilastvo.me\/sr_rs\/osnovna-drzavna-tuzilastva\/odt-cetinje\/o-nama\/\">\u041e \u043d\u0430\u043c\u0430<\/a><\/h3>\t\t\t\t<\/div>\n\t\t\t\t<\/div>\n\t\t\t\t<div class=\"elementor-element elementor-element-566e0513 title elementor-widget elementor-widget-heading\" data-id=\"566e0513\" data-element_type=\"widget\" data-widget_type=\"heading.default\">\n\t\t\t\t<div class=\"elementor-widget-container\">\n\t\t\t\t\t<h3 class=\"elementor-heading-title elementor-size-default\"><a href=\"https:\/\/tuzilastvo.me\/sr_rs\/osnovna-drzavna-tuzilastva\/odt-cetinje\/biblioteka\/\">\u0411\u0438\u0431\u043b\u0438\u043e\u0442\u0435\u043a\u0430<\/a><\/h3>\t\t\t\t<\/div>\n\t\t\t\t<\/div>\n\t\t\t\t<div class=\"elementor-element elementor-element-20d48a47 title elementor-widget elementor-widget-heading\" data-id=\"20d48a47\" data-element_type=\"widget\" data-widget_type=\"heading.default\">\n\t\t\t\t<div class=\"elementor-widget-container\">\n\t\t\t\t\t<h3 class=\"elementor-heading-title elementor-size-default\"><a href=\"https:\/\/tuzilastvo.me\/sr_rs\/osnovna-drzavna-tuzilastva\/odt-cetinje\/odluke\/\">\u041e\u0434\u043b\u0443\u043a\u0435<\/a><\/h3>\t\t\t\t<\/div>\n\t\t\t\t<\/div>\n\t\t\t\t<div class=\"elementor-element elementor-element-5f99f308 title elementor-widget elementor-widget-heading\" data-id=\"5f99f308\" data-element_type=\"widget\" data-widget_type=\"heading.default\">\n\t\t\t\t<div class=\"elementor-widget-container\">\n\t\t\t\t\t<h3 class=\"elementor-heading-title elementor-size-default\"><a href=\"https:\/\/tuzilastvo.me\/sr_rs\/osnovna-drzavna-tuzilastva\/odt-cetinje\/odnosi-s-javnoscu\/\">\u041e\u0434\u043d\u043e\u0441\u0438 \u0441 \u0458\u0430\u0432\u043d\u043e\u0448\u045b\u0443<\/a><\/h3>\t\t\t\t<\/div>\n\t\t\t\t<\/div>\n\t\t\t\t<div class=\"elementor-element elementor-element-34aaf4ac title elementor-widget elementor-widget-heading\" data-id=\"34aaf4ac\" data-element_type=\"widget\" data-widget_type=\"heading.default\">\n\t\t\t\t<div class=\"elementor-widget-container\">\n\t\t\t\t\t<h3 class=\"elementor-heading-title elementor-size-default\"><a href=\"https:\/\/tuzilastvo.me\/sr_rs\/osnovna-drzavna-tuzilastva\/odt-cetinje\/dezurni-tuzioci\/\">\u0414\u0435\u0436\u0443\u0440\u043d\u0438 \u0442\u0443\u0436\u0438\u043e\u0446\u0438<\/a><\/h3>\t\t\t\t<\/div>\n\t\t\t\t<\/div>\n\t\t\t\t<div class=\"elementor-element elementor-element-205676f8 title elementor-widget elementor-widget-heading\" data-id=\"205676f8\" data-element_type=\"widget\" data-widget_type=\"heading.default\">\n\t\t\t\t<div class=\"elementor-widget-container\">\n\t\t\t\t\t<h3 class=\"elementor-heading-title elementor-size-default\"><a href=\"https:\/\/tuzilastvo.me\/sr_rs\/osnovna-drzavna-tuzilastva\/odt-cetinje\/oglasi\/\">\u041e\u0433\u043b\u0430\u0441\u0438<\/a><\/h3>\t\t\t\t<\/div>\n\t\t\t\t<\/div>\n\t\t\t\t<div class=\"elementor-element elementor-element-528536 title elementor-widget elementor-widget-heading\" data-id=\"528536\" data-element_type=\"widget\" data-widget_type=\"heading.default\">\n\t\t\t\t<div class=\"elementor-widget-container\">\n\t\t\t\t\t<h3 class=\"elementor-heading-title elementor-size-default\"><a href=\"https:\/\/tuzilastvo.me\/sr_rs\/osnovna-drzavna-tuzilastva\/odt-cetinje\/kontakt-2\/\">\u041a\u043e\u043d\u0442\u0430\u043a\u0442<\/a><\/h3>\t\t\t\t<\/div>\n\t\t\t\t<\/div>\n\t\t\t\t<\/div>\n\t\t\t\t\t<\/div>\n\t\t\t\t<\/div>\n\t\t\t\t<\/div>\n\t\t\t\t<\/div>\n\t\t\t\t\t\t<\/div>\n\t\t\t\t<\/div>\n\t\t\t\t<\/div>\n\t\t<div class=\"elementor-element elementor-element-2e268ef e-con-full e-flex e-con e-parent\" data-id=\"2e268ef\" data-element_type=\"container\">\n\t\t\t\t<div class=\"elementor-element elementor-element-6cf06ab elementor-widget elementor-widget-heading\" data-id=\"6cf06ab\" data-element_type=\"widget\" data-widget_type=\"heading.default\">\n\t\t\t\t<div class=\"elementor-widget-container\">\n\t\t\t\t\t<h2 class=\"elementor-heading-title elementor-size-default\">\u041c\u0435\u0434\u0438\u0458\u0438<\/h2>\t\t\t\t<\/div>\n\t\t\t\t<\/div>\n\t\t<div class=\"elementor-element elementor-element-8eba359 e-flex e-con-boxed e-con e-child\" data-id=\"8eba359\" data-element_type=\"container\">\n\t\t\t\t\t<div class=\"e-con-inner\">\n\t\t\t\t<div class=\"elementor-element elementor-element-36eb43a elementor-widget elementor-widget-heading\" data-id=\"36eb43a\" data-element_type=\"widget\" data-widget_type=\"heading.default\">\n\t\t\t\t<div class=\"elementor-widget-container\">\n\t\t\t\t\t<h5 class=\"elementor-heading-title elementor-size-default\">\u043a\u0440\u043e\u0437 \u0441\u0435\u0440\u0438\u0458\u0430\u043b \"\u0423\u043f\u043e\u0437\u043d\u0430\u0458\u0442\u0435 \u0442\u0443\u0436\u0438\u043b\u0430\u0448\u0442\u0432\u043e\" \u043e\u0431\u0458\u0430\u0448\u045a\u0430\u0432\u0430\u043c\u043e \u0438 \u043a\u043e\u0458\u0435 \u0441\u0443 \u043a\u043e\u043d\u043a\u0440\u0435\u0442\u043d\u0435 \u043d\u0430\u0434\u043b\u0435\u0436\u043d\u043e\u0441\u0442\u0438 \u0434\u0440\u0436\u0430\u0432\u043d\u0438\u0445 \u0442\u0443\u0436\u0438\u043b\u0430\u0448\u0442\u0430\u0432\u0430 \u0443 \u0426\u0440\u043d\u043e\u0458 \u0413\u043e\u0440\u0438. \u0421\u0430 \u043d\u0430\u0434\u043b\u0435\u0436\u043d\u043e\u0441\u0442\u0438\u043c\u0430 \u043e\u0441\u043d\u043e\u0432\u043d\u0438\u0445 \u0434\u0440\u0436\u0430\u0432\u043d\u0438\u0445 \u0442\u0443\u0436\u0438\u043b\u0430\u0448\u0442\u0430\u0432\u0430 \u0443 \u043d\u0430\u0440\u0435\u0434\u043d\u043e\u043c \u0432\u0438\u0434\u0435\u043e \u043f\u0440\u0438\u043b\u043e\u0433\u0443 \u0443\u043f\u043e\u0437\u043d\u0430\u0458\u0435 \u0432\u0430\u0441 \u0434\u0440\u0436\u0430\u0432\u043d\u0438 \u0442\u0443\u0436\u0438\u043b\u0430\u0446 \u041e\u0441\u043d\u043e\u0432\u043d\u043e\u0433 \u0434\u0440\u0436\u0430\u0432\u043d\u043e\u0433 \u0442\u0443\u0436\u0438\u043b\u0430\u0448\u0442\u0432\u0430 \u0443 \u0411\u0430\u0440\u0443, \u0420\u0430\u0434\u043e\u0432\u0430\u043d \u0402\u0443\u0440\u0438\u0448\u0438\u045b.<\/h5>\t\t\t\t<\/div>\n\t\t\t\t<\/div>\n\t\t<div class=\"elementor-element elementor-element-8a155a6 e-con-full e-flex e-con e-child\" data-id=\"8a155a6\" data-element_type=\"container\">\n\t\t\t\t<\/div>\n\t\t\t\t\t<\/div>\n\t\t\t\t<\/div>\n\t\t\t\t<\/div>\n\t\t<div class=\"elementor-element elementor-element-26fb6a3 e-flex e-con-boxed e-con e-parent\" data-id=\"26fb6a3\" data-element_type=\"container\">\n\t\t\t\t\t<div class=\"e-con-inner\">\n\t\t\t\t<div class=\"elementor-element elementor-element-5f18a3b elementor-widget__width-initial elementor-widget elementor-widget-video\" data-id=\"5f18a3b\" data-element_type=\"widget\" data-settings=\"{&quot;youtube_url&quot;:&quot;https:\\\/\\\/www.youtube.com\\\/watch?v=4RgAxme_N40&quot;,&quot;video_type&quot;:&quot;youtube&quot;,&quot;controls&quot;:&quot;yes&quot;}\" data-widget_type=\"video.default\">\n\t\t\t\t<div class=\"elementor-widget-container\">\n\t\t\t\t\t\t\t<div class=\"elementor-wrapper elementor-open-inline\">\n\t\t\t<div class=\"elementor-video\"><\/div>\t\t<\/div>\n\t\t\t\t\t\t<\/div>\n\t\t\t\t<\/div>\n\t\t\t\t\t<\/div>\n\t\t\t\t<\/div>\n\t\t\t\t<\/div>","protected":false},"excerpt":{"rendered":"<p>Mediji Kroz serijal \u201cUpoznajte tu\u017eila\u0161tvo\u201c obja\u0161njavamo i koje su konkretne nadle\u017enosti dr\u017eavnih tu\u017eila\u0161tava u Crnoj Gori. Sa nadle\u017enostima osnovnih dr\u017eavnih [&hellip;]<\/p>","protected":false},"author":10,"featured_media":0,"parent":5075,"menu_order":0,"comment_status":"closed","ping_status":"closed","template":"","meta":{"_acf_changed":false,"site-sidebar-layout":"no-sidebar","site-content-layout":"","ast-site-content-layout":"full-width-container","site-content-style":"default","site-sidebar-style":"default","ast-global-header-display":"","ast-banner-title-visibility":"","ast-main-header-display":"","ast-hfb-above-header-display":"","ast-hfb-below-header-display":"","ast-hfb-mobile-header-display":"","site-post-title":"disabled","ast-breadcrumbs-content":"","ast-featured-img":"disabled","footer-sml-layout":"","theme-transparent-header-meta":"","adv-header-id-meta":"","stick-header-meta":"","header-above-stick-meta":"","header-main-stick-meta":"","header-below-stick-meta":"","astra-migrate-meta-layouts":"default","ast-page-background-enabled":"default","ast-page-background-meta":{"desktop":{"background-color":"var(--ast-global-color-4)","background-image":"","background-repeat":"repeat","background-position":"center center","background-size":"auto","background-attachment":"scroll","background-type":"","background-media":"","overlay-type":"","overlay-color":"","overlay-opacity":"","overlay-gradient":""},"tablet":{"background-color":"","background-image":"","background-repeat":"repeat","background-position":"center center","background-size":"auto","background-attachment":"scroll","background-type":"","background-media":"","overlay-type":"","overlay-color":"","overlay-opacity":"","overlay-gradient":""},"mobile":{"background-color":"","background-image":"","background-repeat":"repeat","background-position":"center center","background-size":"auto","background-attachment":"scroll","background-type":"","background-media":"","overlay-type":"","overlay-color":"","overlay-opacity":"","overlay-gradient":""}},"ast-content-background-meta":{"desktop":{"background-color":"var(--ast-global-color-5)","background-image":"","background-repeat":"repeat","background-position":"center center","background-size":"auto","background-attachment":"scroll","background-type":"","background-media":"","overlay-type":"","overlay-color":"","overlay-opacity":"","overlay-gradient":""},"tablet":{"background-color":"var(--ast-global-color-5)","background-image":"","background-repeat":"repeat","background-position":"center center","background-size":"auto","background-attachment":"scroll","background-type":"","background-media":"","overlay-type":"","overlay-color":"","overlay-opacity":"","overlay-gradient":""},"mobile":{"background-color":"var(--ast-global-color-5)","background-image":"","background-repeat":"repeat","background-position":"center center","background-size":"auto","background-attachment":"scroll","background-type":"","background-media":"","overlay-type":"","overlay-color":"","overlay-opacity":"","overlay-gradient":""}},"footnotes":""},"class_list":["post-5085","page","type-page","status-publish","hentry"],"acf":[],"_links":{"self":[{"href":"https:\/\/tuzilastvo.me\/sr_rs\/wp-json\/wp\/v2\/pages\/5085","targetHints":{"allow":["GET"]}}],"collection":[{"href":"https:\/\/tuzilastvo.me\/sr_rs\/wp-json\/wp\/v2\/pages"}],"about":[{"href":"https:\/\/tuzilastvo.me\/sr_rs\/wp-json\/wp\/v2\/types\/page"}],"author":[{"embeddable":true,"href":"https:\/\/tuzilastvo.me\/sr_rs\/wp-json\/wp\/v2\/users\/10"}],"replies":[{"embeddable":true,"href":"https:\/\/tuzilastvo.me\/sr_rs\/wp-json\/wp\/v2\/comments?post=5085"}],"version-history":[{"count":13,"href":"https:\/\/tuzilastvo.me\/sr_rs\/wp-json\/wp\/v2\/pages\/5085\/revisions"}],"predecessor-version":[{"id":70110,"href":"https:\/\/tuzilastvo.me\/sr_rs\/wp-json\/wp\/v2\/pages\/5085\/revisions\/70110"}],"up":[{"embeddable":true,"href":"https:\/\/tuzilastvo.me\/sr_rs\/wp-json\/wp\/v2\/pages\/5075"}],"wp:attachment":[{"href":"https:\/\/tuzilastvo.me\/sr_rs\/wp-json\/wp\/v2\/media?parent=5085"}],"curies":[{"name":"wp","href":"https:\/\/api.w.org\/{rel}","templated":true}]}}