{"id":5168,"date":"2024-12-27T03:06:31","date_gmt":"2024-12-27T03:06:31","guid":{"rendered":"https:\/\/istorijskaistrazivanja.com\/?page_id=5168"},"modified":"2025-11-12T12:30:43","modified_gmt":"2025-11-12T12:30:43","slug":"nadleznost","status":"publish","type":"page","link":"https:\/\/tuzilastvo.me\/sr_rs\/osnovna-drzavna-tuzilastva\/odt-kolasin\/o-nama\/nadleznost\/","title":{"rendered":"\u041d\u0430\u0434\u043b\u0435\u0436\u043d\u043e\u0441\u0442"},"content":{"rendered":"<div data-elementor-type=\"wp-page\" data-elementor-id=\"5168\" class=\"elementor elementor-5168\" data-elementor-post-type=\"page\">\n\t\t\t\t<div class=\"elementor-element elementor-element-882a0a0 e-con-full e-flex e-con e-parent\" data-id=\"882a0a0\" data-element_type=\"container\">\n\t\t\t\t<div class=\"elementor-element elementor-element-27ccd2c elementor-widget elementor-widget-template\" data-id=\"27ccd2c\" data-element_type=\"widget\" data-widget_type=\"template.default\">\n\t\t\t\t<div class=\"elementor-widget-container\">\n\t\t\t\t\t\t\t<div class=\"elementor-template\">\n\t\t\t\t\t<div data-elementor-type=\"container\" data-elementor-id=\"62340\" class=\"elementor elementor-62340\" data-elementor-post-type=\"elementor_library\">\n\t\t\t\t<div class=\"elementor-element elementor-element-2c0b866d e-flex e-con-boxed e-con e-parent\" data-id=\"2c0b866d\" data-element_type=\"container\" data-settings=\"{&quot;background_background&quot;:&quot;classic&quot;,&quot;sticky&quot;:&quot;top&quot;,&quot;sticky_on&quot;:[&quot;desktop&quot;,&quot;tablet&quot;,&quot;mobile&quot;],&quot;sticky_offset&quot;:0,&quot;sticky_effects_offset&quot;:0,&quot;sticky_anchor_link_offset&quot;:0}\">\n\t\t\t\t\t<div class=\"e-con-inner\">\n\t\t\t\t<div class=\"elementor-element elementor-element-ed671f elementor-widget elementor-widget-heading\" data-id=\"ed671f\" data-element_type=\"widget\" data-widget_type=\"heading.default\">\n\t\t\t\t<div class=\"elementor-widget-container\">\n\t\t\t\t\t<h1 class=\"elementor-heading-title elementor-size-default\">\u041e\u0414\u0422 \u041a\u041e\u041b\u0410\u0428\u0418\u041d<\/h1>\t\t\t\t<\/div>\n\t\t\t\t<\/div>\n\t\t\t\t<div class=\"elementor-element elementor-element-455a18ee elementor-search-form--skin-classic elementor-search-form--button-type-icon elementor-search-form--icon-search elementor-widget elementor-widget-search-form\" data-id=\"455a18ee\" data-element_type=\"widget\" data-settings=\"{&quot;skin&quot;:&quot;classic&quot;}\" data-widget_type=\"search-form.default\">\n\t\t\t\t<div class=\"elementor-widget-container\">\n\t\t\t\t\t\t\t<search role=\"search\">\n\t\t\t<form class=\"elementor-search-form\" action=\"https:\/\/tuzilastvo.me\/sr_rs\/\" method=\"get\" data-trp-original-action=\"https:\/\/tuzilastvo.me\/sr_rs\">\n\t\t\t\t\t\t\t\t\t\t\t\t<div class=\"elementor-search-form__container\">\n\t\t\t\t\t<label class=\"elementor-screen-only\" for=\"elementor-search-form-455a18ee\">\u041f\u0440\u0435\u0442\u0440\u0430\u0433\u0430<\/label>\n\n\t\t\t\t\t\n\t\t\t\t\t<input id=\"elementor-search-form-455a18ee\" placeholder=\"\u041f\u0440\u0435\u0442\u0440\u0430\u0436\u0438\u0442\u0435\" class=\"elementor-search-form__input\" type=\"search\" name=\"s\" value=\"\">\n\t\t\t\t\t\n\t\t\t\t\t\t\t\t\t\t\t<button class=\"elementor-search-form__submit\" type=\"submit\" aria-label=\"\u041f\u0440\u0435\u0442\u0440\u0430\u0433\u0430\">\n\t\t\t\t\t\t\t\t\t\t\t\t\t\t\t<div class=\"e-font-icon-svg-container\"><svg class=\"fa fa-search e-font-icon-svg e-fas-search\" viewbox=\"0 0 512 512\" xmlns=\"http:\/\/www.w3.org\/2000\/svg\"><path d=\"M505 442.7L405.3 343c-4.5-4.5-10.6-7-17-7H372c27.6-35.3 44-79.7 44-128C416 93.1 322.9 0 208 0S0 93.1 0 208s93.1 208 208 208c48.3 0 92.7-16.4 128-44v16.3c0 6.4 2.5 12.5 7 17l99.7 99.7c9.4 9.4 24.6 9.4 33.9 0l28.3-28.3c9.4-9.4 9.4-24.6.1-34zM208 336c-70.7 0-128-57.2-128-128 0-70.7 57.2-128 128-128 70.7 0 128 57.2 128 128 0 70.7-57.2 128-128 128z\"><\/path><\/svg><\/div>\t\t\t\t\t\t\t\t\t\t\t\t\t<\/button>\n\t\t\t\t\t\n\t\t\t\t\t\t\t\t\t<\/div>\n\t\t\t<input type=\"hidden\" name=\"trp-form-language\" value=\"sr_rs\"\/><\/form>\n\t\t<\/search>\n\t\t\t\t\t\t<\/div>\n\t\t\t\t<\/div>\n\t\t<div class=\"elementor-element elementor-element-678a8bc2 e-con-full header-row e-flex e-con e-child\" data-id=\"678a8bc2\" data-element_type=\"container\">\n\t\t\t\t<div class=\"elementor-element elementor-element-47df95f4 title elementor-widget elementor-widget-heading\" data-id=\"47df95f4\" data-element_type=\"widget\" data-widget_type=\"heading.default\">\n\t\t\t\t<div class=\"elementor-widget-container\">\n\t\t\t\t\t<h3 class=\"elementor-heading-title elementor-size-default\"><a href=\"https:\/\/tuzilastvo.me\/sr_rs\/osnovna-drzavna-tuzilastva\/odt-kolasin\/\">\u041d\u0430\u0441\u043b\u043e\u0432\u043d\u0430<\/a><\/h3>\t\t\t\t<\/div>\n\t\t\t\t<\/div>\n\t\t\t\t<div class=\"elementor-element elementor-element-6336e7ee title elementor-widget elementor-widget-heading\" data-id=\"6336e7ee\" data-element_type=\"widget\" data-widget_type=\"heading.default\">\n\t\t\t\t<div class=\"elementor-widget-container\">\n\t\t\t\t\t<h3 class=\"elementor-heading-title elementor-size-default\"><a href=\"https:\/\/tuzilastvo.me\/sr_rs\/osnovna-drzavna-tuzilastva\/odt-kolasin\/o-nama\/\">\u041e \u043d\u0430\u043c\u0430<\/a><\/h3>\t\t\t\t<\/div>\n\t\t\t\t<\/div>\n\t\t\t\t<div class=\"elementor-element elementor-element-7462c9e9 title elementor-widget elementor-widget-heading\" data-id=\"7462c9e9\" data-element_type=\"widget\" data-widget_type=\"heading.default\">\n\t\t\t\t<div class=\"elementor-widget-container\">\n\t\t\t\t\t<h3 class=\"elementor-heading-title elementor-size-default\"><a href=\"https:\/\/tuzilastvo.me\/sr_rs\/osnovna-drzavna-tuzilastva\/odt-kolasin\/biblioteka\/\">\u0411\u0438\u0431\u043b\u0438\u043e\u0442\u0435\u043a\u0430<\/a><\/h3>\t\t\t\t<\/div>\n\t\t\t\t<\/div>\n\t\t\t\t<div class=\"elementor-element elementor-element-34a55d66 title elementor-widget elementor-widget-heading\" data-id=\"34a55d66\" data-element_type=\"widget\" data-widget_type=\"heading.default\">\n\t\t\t\t<div class=\"elementor-widget-container\">\n\t\t\t\t\t<h3 class=\"elementor-heading-title elementor-size-default\"><a href=\"https:\/\/tuzilastvo.me\/sr_rs\/osnovna-drzavna-tuzilastva\/odt-kolasin\/odluke\/\">\u041e\u0434\u043b\u0443\u043a\u0435<\/a><\/h3>\t\t\t\t<\/div>\n\t\t\t\t<\/div>\n\t\t\t\t<div class=\"elementor-element elementor-element-4f066eb4 title elementor-widget elementor-widget-heading\" data-id=\"4f066eb4\" data-element_type=\"widget\" data-widget_type=\"heading.default\">\n\t\t\t\t<div class=\"elementor-widget-container\">\n\t\t\t\t\t<h3 class=\"elementor-heading-title elementor-size-default\"><a href=\"https:\/\/tuzilastvo.me\/sr_rs\/osnovna-drzavna-tuzilastva\/odt-kolasin\/odnosi-s-javnoscu\/\">\u041e\u0434\u043d\u043e\u0441\u0438 \u0441 \u0458\u0430\u0432\u043d\u043e\u0448\u045b\u0443<\/a><\/h3>\t\t\t\t<\/div>\n\t\t\t\t<\/div>\n\t\t\t\t<div class=\"elementor-element elementor-element-7cbc41b3 title elementor-widget elementor-widget-heading\" data-id=\"7cbc41b3\" data-element_type=\"widget\" data-widget_type=\"heading.default\">\n\t\t\t\t<div class=\"elementor-widget-container\">\n\t\t\t\t\t<h3 class=\"elementor-heading-title elementor-size-default\"><a href=\"https:\/\/tuzilastvo.me\/sr_rs\/osnovna-drzavna-tuzilastva\/odt-kolasin\/dezurni-tuzioci\/\">\u0414\u0435\u0436\u0443\u0440\u043d\u0438 \u0442\u0443\u0436\u0438\u043e\u0446\u0438<\/a><\/h3>\t\t\t\t<\/div>\n\t\t\t\t<\/div>\n\t\t\t\t<div class=\"elementor-element elementor-element-6f2b55f0 title elementor-widget elementor-widget-heading\" data-id=\"6f2b55f0\" data-element_type=\"widget\" data-widget_type=\"heading.default\">\n\t\t\t\t<div class=\"elementor-widget-container\">\n\t\t\t\t\t<h3 class=\"elementor-heading-title elementor-size-default\"><a href=\"https:\/\/tuzilastvo.me\/sr_rs\/osnovna-drzavna-tuzilastva\/odt-kolasin\/oglasi-2\/\">\u041e\u0433\u043b\u0430\u0441\u0438<\/a><\/h3>\t\t\t\t<\/div>\n\t\t\t\t<\/div>\n\t\t\t\t<div class=\"elementor-element elementor-element-26b04905 title elementor-widget elementor-widget-heading\" data-id=\"26b04905\" data-element_type=\"widget\" data-widget_type=\"heading.default\">\n\t\t\t\t<div class=\"elementor-widget-container\">\n\t\t\t\t\t<h3 class=\"elementor-heading-title elementor-size-default\"><a href=\"https:\/\/tuzilastvo.me\/sr_rs\/osnovna-drzavna-tuzilastva\/odt-kolasin\/kontakt\/\">\u041a\u043e\u043d\u0442\u0430\u043a\u0442<\/a><\/h3>\t\t\t\t<\/div>\n\t\t\t\t<\/div>\n\t\t\t\t<\/div>\n\t\t\t\t\t<\/div>\n\t\t\t\t<\/div>\n\t\t\t\t<\/div>\n\t\t\t\t<\/div>\n\t\t\t\t\t\t<\/div>\n\t\t\t\t<\/div>\n\t\t\t\t<\/div>\n\t\t<div class=\"elementor-element elementor-element-a5c7d4d e-con-full e-flex e-con e-parent\" data-id=\"a5c7d4d\" data-element_type=\"container\">\n\t\t\t\t<div class=\"elementor-element elementor-element-9ef431c elementor-widget elementor-widget-heading\" data-id=\"9ef431c\" data-element_type=\"widget\" data-widget_type=\"heading.default\">\n\t\t\t\t<div class=\"elementor-widget-container\">\n\t\t\t\t\t<h2 class=\"elementor-heading-title elementor-size-default\">\u041e \u043d\u0430\u043c\u0430<\/h2>\t\t\t\t<\/div>\n\t\t\t\t<\/div>\n\t\t<div class=\"elementor-element elementor-element-f8a0b9f e-flex e-con-boxed e-con e-child\" data-id=\"f8a0b9f\" data-element_type=\"container\">\n\t\t\t\t\t<div class=\"e-con-inner\">\n\t\t\t\t<div class=\"elementor-element elementor-element-01e42c7 elementor-widget elementor-widget-heading\" data-id=\"01e42c7\" data-element_type=\"widget\" data-widget_type=\"heading.default\">\n\t\t\t\t<div class=\"elementor-widget-container\">\n\t\t\t\t\t<h3 class=\"elementor-heading-title elementor-size-default\">\u041d\u0430\u0434\u043b\u0435\u0436\u043d\u043e\u0441\u0442<\/h3>\t\t\t\t<\/div>\n\t\t\t\t<\/div>\n\t\t\t\t<div class=\"elementor-element elementor-element-86014c3 elementor-widget elementor-widget-text-editor\" data-id=\"86014c3\" data-element_type=\"widget\" data-widget_type=\"text-editor.default\">\n\t\t\t\t<div class=\"elementor-widget-container\">\n\t\t\t\t\t\t\t\t\t<p>\u041e\u0441\u043d\u043e\u0432\u043d\u043e \u0434\u0440\u0436\u0430\u0432\u043d\u043e \u0442\u0443\u0436\u0438\u043b\u0430\u0448\u0442\u0432\u043e \u0443 \u041a\u043e\u043b\u0430\u0448\u0438\u043d\u0443 \u0458\u0435 \u0441\u0442\u0432\u0430\u0440\u043d\u043e \u043d\u0430\u0434\u043b\u0435\u0436\u043d\u043e \u0437\u0430 \u043a\u0440\u0438\u0432\u0438\u0447\u043d\u043e \u0433\u043e\u045a\u0435\u045a\u0435 \u0443\u0447\u0438\u043d\u0438\u043b\u0430\u0446\u0430 \u043a\u0440\u0438\u0432\u0438\u0447\u043d\u0438\u0445 \u0434\u0458\u0435\u043b\u0430 \u0437\u0430 \u043a\u043e\u0458\u0430 \u0458\u0435 \u0437\u0430\u043a\u043e\u043d\u043e\u043c \u043f\u0440\u043e\u043f\u0438\u0441\u0430\u043d\u0430 \u043a\u0430\u043e \u0433\u043b\u0430\u0432\u043d\u0430 \u043d\u043e\u0432\u0447\u0430\u043d\u0430 \u043a\u0430\u0437\u043d\u0430 \u0438\u043b\u0438 \u043a\u0430\u0437\u043d\u0430 \u0437\u0430\u0442\u0432\u043e\u0440\u0430 \u0434\u043e \u0434\u0435\u0441\u0435\u0442 \u0433\u043e\u0434\u0438\u043d\u0430, \u0431\u0435\u0437 \u043e\u0431\u0437\u0438\u0440\u0430 \u043d\u0430 \u0441\u0432\u043e\u0458\u0441\u0442\u0432\u0430, \u0437\u0430\u043d\u0438\u043c\u0430\u045a\u0435 \u0438 \u043f\u043e\u043b\u043e\u0436\u0430\u0458 \u0443\u0447\u0438\u043d\u0438\u043e\u0446\u0430 \u0438 \u0431\u0435\u0437 \u043e\u0431\u0437\u0438\u0440\u0430 \u043d\u0430 \u0442\u043e \u0434\u0430 \u043b\u0438 \u0458\u0435 \u0434\u0458\u0435\u043b\u043e \u0438\u0437\u0432\u0440\u0448\u0435\u043d\u043e \u0443 \u043c\u0438\u0440\u043d\u043e\u0434\u043e\u043f\u0441\u043a\u0438\u043c \u0443\u0441\u043b\u043e\u0432\u0438\u043c\u0430, \u0437\u0430 \u0432\u0440\u0438\u0458\u0435\u043c\u0435 \u0432\u0430\u043d\u0440\u0435\u0434\u043d\u043e\u0433 \u0441\u0442\u0430\u045a\u0430, \u043d\u0435\u043f\u043e\u0441\u0440\u0435\u0434\u043d\u0435 \u043e\u043f\u0430\u0441\u043d\u043e\u0441\u0442\u0438 \u043e\u0434 \u043e\u043f\u0430\u0441\u043d\u043e\u0441\u0442\u0438 \u0438\u043b\u0438 \u0440\u0430\u0442\u043d\u043e\u0433 \u0441\u0442\u0430\u045a\u0430, \u043e\u0441\u0438\u043c \u0430\u043a\u043e \u0437\u0430 \u043f\u043e\u0458\u0435\u0434\u0438\u043d\u0430 \u043e\u0434 \u043e\u0432\u0438\u0445 \u043a\u0440\u0438\u0432\u0438\u0447\u043d\u0438\u0445 \u0434\u0458\u0435\u043b\u0430 \u043d\u0438\u0458\u0435 \u043f\u0440\u043e\u043f\u0438\u0441\u0430\u043d\u0430 \u043d\u0430\u0434\u043b\u0435\u0436\u043d\u043e\u0441\u0442 \u0434\u0440\u0443\u0433\u043e\u0433 \u0441\u0443\u0434\u0430, \u043e\u0434\u043d\u043e\u0441\u043d\u043e \u0442\u0443\u0436\u0438\u043b\u0430\u0448\u0442\u0432\u0430.<\/p><p>\u041e\u0441\u043d\u043e\u0432\u043d\u043e \u0434\u0440\u0436\u0430\u0432\u043d\u043e \u0442\u0443\u0436\u0438\u043b\u0430\u0448\u0442\u0432\u043e \u0443 \u041a\u043e\u043b\u0430\u0448\u0438\u043d\u0443 \u043f\u043e\u0441\u0442\u0443\u043f\u0430 \u043f\u0440\u0435\u0434 \u041e\u0441\u043d\u043e\u0432\u043d\u0438\u043c \u0441\u0443\u0434\u043e\u043c \u0443 \u041a\u043e\u043b\u0430\u0448\u0438\u043d\u0443, \u0430 \u043c\u0458\u0435\u0441\u043d\u043e \u0458\u0435 \u043d\u0430\u0434\u043b\u0435\u0436\u043d\u043e \u0437\u0430 \u0442\u0435\u0440\u0438\u0442\u043e\u0440\u0438\u0458\u0443 \u043e\u043f\u0448\u0442\u0438\u043d\u0435 \u041a\u043e\u043b\u0430\u0448\u0438\u043d.\u00a0<\/p><p>\u0421\u0458\u0435\u0434\u0438\u0448\u0442\u0435 \u0442\u0443\u0436\u0438\u043b\u0430\u0448\u0442\u0432\u0430 \u0458\u0435 \u0443 \u041a\u043e\u043b\u0430\u0448\u0438\u043d\u0443.<\/p>\t\t\t\t\t\t\t\t<\/div>\n\t\t\t\t<\/div>\n\t\t\t\t\t<\/div>\n\t\t\t\t<\/div>\n\t\t\t\t<\/div>\n\t\t\t\t<\/div>","protected":false},"excerpt":{"rendered":"<p>O nama Nadle\u017enost Osnovno dr\u017eavno tu\u017eila\u0161tvo u Kola\u0161inu\u00a0 je stvarno nadle\u017eno za krivi\u010dno gonjenje u\u010dinilaca krivi\u010dnih djela za koja je [&hellip;]<\/p>","protected":false},"author":11,"featured_media":0,"parent":5133,"menu_order":0,"comment_status":"closed","ping_status":"closed","template":"","meta":{"_acf_changed":false,"site-sidebar-layout":"no-sidebar","site-content-layout":"","ast-site-content-layout":"full-width-container","site-content-style":"default","site-sidebar-style":"default","ast-global-header-display":"","ast-banner-title-visibility":"","ast-main-header-display":"","ast-hfb-above-header-display":"","ast-hfb-below-header-display":"","ast-hfb-mobile-header-display":"","site-post-title":"disabled","ast-breadcrumbs-content":"","ast-featured-img":"disabled","footer-sml-layout":"","theme-transparent-header-meta":"","adv-header-id-meta":"","stick-header-meta":"","header-above-stick-meta":"","header-main-stick-meta":"","header-below-stick-meta":"","astra-migrate-meta-layouts":"default","ast-page-background-enabled":"default","ast-page-background-meta":{"desktop":{"background-color":"var(--ast-global-color-4)","background-image":"","background-repeat":"repeat","background-position":"center center","background-size":"auto","background-attachment":"scroll","background-type":"","background-media":"","overlay-type":"","overlay-color":"","overlay-opacity":"","overlay-gradient":""},"tablet":{"background-color":"","background-image":"","background-repeat":"repeat","background-position":"center center","background-size":"auto","background-attachment":"scroll","background-type":"","background-media":"","overlay-type":"","overlay-color":"","overlay-opacity":"","overlay-gradient":""},"mobile":{"background-color":"","background-image":"","background-repeat":"repeat","background-position":"center center","background-size":"auto","background-attachment":"scroll","background-type":"","background-media":"","overlay-type":"","overlay-color":"","overlay-opacity":"","overlay-gradient":""}},"ast-content-background-meta":{"desktop":{"background-color":"var(--ast-global-color-5)","background-image":"","background-repeat":"repeat","background-position":"center center","background-size":"auto","background-attachment":"scroll","background-type":"","background-media":"","overlay-type":"","overlay-color":"","overlay-opacity":"","overlay-gradient":""},"tablet":{"background-color":"var(--ast-global-color-5)","background-image":"","background-repeat":"repeat","background-position":"center center","background-size":"auto","background-attachment":"scroll","background-type":"","background-media":"","overlay-type":"","overlay-color":"","overlay-opacity":"","overlay-gradient":""},"mobile":{"background-color":"var(--ast-global-color-5)","background-image":"","background-repeat":"repeat","background-position":"center center","background-size":"auto","background-attachment":"scroll","background-type":"","background-media":"","overlay-type":"","overlay-color":"","overlay-opacity":"","overlay-gradient":""}},"footnotes":""},"class_list":["post-5168","page","type-page","status-publish","hentry"],"acf":[],"_links":{"self":[{"href":"https:\/\/tuzilastvo.me\/sr_rs\/wp-json\/wp\/v2\/pages\/5168","targetHints":{"allow":["GET"]}}],"collection":[{"href":"https:\/\/tuzilastvo.me\/sr_rs\/wp-json\/wp\/v2\/pages"}],"about":[{"href":"https:\/\/tuzilastvo.me\/sr_rs\/wp-json\/wp\/v2\/types\/page"}],"author":[{"embeddable":true,"href":"https:\/\/tuzilastvo.me\/sr_rs\/wp-json\/wp\/v2\/users\/11"}],"replies":[{"embeddable":true,"href":"https:\/\/tuzilastvo.me\/sr_rs\/wp-json\/wp\/v2\/comments?post=5168"}],"version-history":[{"count":16,"href":"https:\/\/tuzilastvo.me\/sr_rs\/wp-json\/wp\/v2\/pages\/5168\/revisions"}],"predecessor-version":[{"id":71718,"href":"https:\/\/tuzilastvo.me\/sr_rs\/wp-json\/wp\/v2\/pages\/5168\/revisions\/71718"}],"up":[{"embeddable":true,"href":"https:\/\/tuzilastvo.me\/sr_rs\/wp-json\/wp\/v2\/pages\/5133"}],"wp:attachment":[{"href":"https:\/\/tuzilastvo.me\/sr_rs\/wp-json\/wp\/v2\/media?parent=5168"}],"curies":[{"name":"wp","href":"https:\/\/api.w.org\/{rel}","templated":true}]}}