{"id":5317,"date":"2024-12-27T03:23:28","date_gmt":"2024-12-27T03:23:28","guid":{"rendered":"https:\/\/istorijskaistrazivanja.com\/?page_id=5317"},"modified":"2025-10-31T03:35:00","modified_gmt":"2025-10-31T03:35:00","slug":"kontakt","status":"publish","type":"page","link":"https:\/\/tuzilastvo.me\/sr_rs\/osnovna-drzavna-tuzilastva\/odt-bar\/kontakt\/","title":{"rendered":"\u041a\u043e\u043d\u0442\u0430\u043a\u0442"},"content":{"rendered":"<div data-elementor-type=\"wp-page\" data-elementor-id=\"5317\" class=\"elementor elementor-5317\" data-elementor-post-type=\"page\">\n\t\t\t\t<div class=\"elementor-element elementor-element-88fa08f e-con-full e-flex e-con e-parent\" data-id=\"88fa08f\" data-element_type=\"container\">\n\t\t\t\t<div class=\"elementor-element elementor-element-4afc2a6 elementor-widget elementor-widget-template\" data-id=\"4afc2a6\" data-element_type=\"widget\" data-widget_type=\"template.default\">\n\t\t\t\t<div class=\"elementor-widget-container\">\n\t\t\t\t\t\t\t<div class=\"elementor-template\">\n\t\t\t\t\t<div data-elementor-type=\"container\" data-elementor-id=\"62465\" class=\"elementor elementor-62465\" data-elementor-post-type=\"elementor_library\">\n\t\t\t\t<div class=\"elementor-element elementor-element-3820f171 e-flex e-con-boxed e-con e-parent\" data-id=\"3820f171\" data-element_type=\"container\" data-settings=\"{&quot;background_background&quot;:&quot;classic&quot;,&quot;sticky&quot;:&quot;top&quot;,&quot;sticky_on&quot;:[&quot;desktop&quot;,&quot;tablet&quot;,&quot;mobile&quot;],&quot;sticky_offset&quot;:0,&quot;sticky_effects_offset&quot;:0,&quot;sticky_anchor_link_offset&quot;:0}\">\n\t\t\t\t\t<div class=\"e-con-inner\">\n\t\t\t\t<div class=\"elementor-element elementor-element-618074d3 elementor-widget elementor-widget-heading\" data-id=\"618074d3\" data-element_type=\"widget\" data-widget_type=\"heading.default\">\n\t\t\t\t<div class=\"elementor-widget-container\">\n\t\t\t\t\t<h1 class=\"elementor-heading-title elementor-size-default\">\u041e\u0414\u0422 \u0411\u0410\u0420<\/h1>\t\t\t\t<\/div>\n\t\t\t\t<\/div>\n\t\t\t\t<div class=\"elementor-element elementor-element-5540377b elementor-search-form--skin-classic elementor-search-form--button-type-icon elementor-search-form--icon-search elementor-widget elementor-widget-search-form\" data-id=\"5540377b\" data-element_type=\"widget\" data-settings=\"{&quot;skin&quot;:&quot;classic&quot;}\" data-widget_type=\"search-form.default\">\n\t\t\t\t<div class=\"elementor-widget-container\">\n\t\t\t\t\t\t\t<search role=\"search\">\n\t\t\t<form class=\"elementor-search-form\" action=\"https:\/\/tuzilastvo.me\/sr_rs\/\" method=\"get\" data-trp-original-action=\"https:\/\/tuzilastvo.me\/sr_rs\">\n\t\t\t\t\t\t\t\t\t\t\t\t<div class=\"elementor-search-form__container\">\n\t\t\t\t\t<label class=\"elementor-screen-only\" for=\"elementor-search-form-5540377b\">\u041f\u0440\u0435\u0442\u0440\u0430\u0433\u0430<\/label>\n\n\t\t\t\t\t\n\t\t\t\t\t<input id=\"elementor-search-form-5540377b\" placeholder=\"\u041f\u0440\u0435\u0442\u0440\u0430\u0436\u0438\u0442\u0435\" class=\"elementor-search-form__input\" type=\"search\" name=\"s\" value=\"\">\n\t\t\t\t\t\n\t\t\t\t\t\t\t\t\t\t\t<button class=\"elementor-search-form__submit\" type=\"submit\" aria-label=\"\u041f\u0440\u0435\u0442\u0440\u0430\u0433\u0430\">\n\t\t\t\t\t\t\t\t\t\t\t\t\t\t\t<div class=\"e-font-icon-svg-container\"><svg class=\"fa fa-search e-font-icon-svg e-fas-search\" viewbox=\"0 0 512 512\" xmlns=\"http:\/\/www.w3.org\/2000\/svg\"><path d=\"M505 442.7L405.3 343c-4.5-4.5-10.6-7-17-7H372c27.6-35.3 44-79.7 44-128C416 93.1 322.9 0 208 0S0 93.1 0 208s93.1 208 208 208c48.3 0 92.7-16.4 128-44v16.3c0 6.4 2.5 12.5 7 17l99.7 99.7c9.4 9.4 24.6 9.4 33.9 0l28.3-28.3c9.4-9.4 9.4-24.6.1-34zM208 336c-70.7 0-128-57.2-128-128 0-70.7 57.2-128 128-128 70.7 0 128 57.2 128 128 0 70.7-57.2 128-128 128z\"><\/path><\/svg><\/div>\t\t\t\t\t\t\t\t\t\t\t\t\t<\/button>\n\t\t\t\t\t\n\t\t\t\t\t\t\t\t\t<\/div>\n\t\t\t<input type=\"hidden\" name=\"trp-form-language\" value=\"sr_rs\"\/><\/form>\n\t\t<\/search>\n\t\t\t\t\t\t<\/div>\n\t\t\t\t<\/div>\n\t\t<div class=\"elementor-element elementor-element-63ccbbc8 e-con-full header-row e-flex e-con e-child\" data-id=\"63ccbbc8\" data-element_type=\"container\">\n\t\t\t\t<div class=\"elementor-element elementor-element-190b8dd7 title elementor-widget elementor-widget-heading\" data-id=\"190b8dd7\" data-element_type=\"widget\" data-widget_type=\"heading.default\">\n\t\t\t\t<div class=\"elementor-widget-container\">\n\t\t\t\t\t<h3 class=\"elementor-heading-title elementor-size-default\"><a href=\"https:\/\/tuzilastvo.me\/sr_rs\/osnovna-drzavna-tuzilastva\/odt-bar\/\">\u041d\u0430\u0441\u043b\u043e\u0432\u043d\u0430<\/a><\/h3>\t\t\t\t<\/div>\n\t\t\t\t<\/div>\n\t\t\t\t<div class=\"elementor-element elementor-element-7cd6406e title elementor-widget elementor-widget-heading\" data-id=\"7cd6406e\" data-element_type=\"widget\" data-widget_type=\"heading.default\">\n\t\t\t\t<div class=\"elementor-widget-container\">\n\t\t\t\t\t<h3 class=\"elementor-heading-title elementor-size-default\"><a href=\"https:\/\/tuzilastvo.me\/sr_rs\/osnovna-drzavna-tuzilastva\/odt-bar\/o-nama\/\">\u041e \u043d\u0430\u043c\u0430<\/a><\/h3>\t\t\t\t<\/div>\n\t\t\t\t<\/div>\n\t\t\t\t<div class=\"elementor-element elementor-element-228ab0ef title elementor-widget elementor-widget-heading\" data-id=\"228ab0ef\" data-element_type=\"widget\" data-widget_type=\"heading.default\">\n\t\t\t\t<div class=\"elementor-widget-container\">\n\t\t\t\t\t<h3 class=\"elementor-heading-title elementor-size-default\"><a href=\"https:\/\/tuzilastvo.me\/sr_rs\/osnovna-drzavna-tuzilastva\/odt-bar\/biblioteka\/\">\u0411\u0438\u0431\u043b\u0438\u043e\u0442\u0435\u043a\u0430<\/a><\/h3>\t\t\t\t<\/div>\n\t\t\t\t<\/div>\n\t\t\t\t<div class=\"elementor-element elementor-element-78b917eb title elementor-widget elementor-widget-heading\" data-id=\"78b917eb\" data-element_type=\"widget\" data-widget_type=\"heading.default\">\n\t\t\t\t<div class=\"elementor-widget-container\">\n\t\t\t\t\t<h3 class=\"elementor-heading-title elementor-size-default\"><a href=\"https:\/\/tuzilastvo.me\/sr_rs\/osnovna-drzavna-tuzilastva\/odt-bar\/odluke\/\">\u041e\u0434\u043b\u0443\u043a\u0435<\/a><\/h3>\t\t\t\t<\/div>\n\t\t\t\t<\/div>\n\t\t\t\t<div class=\"elementor-element elementor-element-52e64d4e title elementor-widget elementor-widget-heading\" data-id=\"52e64d4e\" data-element_type=\"widget\" data-widget_type=\"heading.default\">\n\t\t\t\t<div class=\"elementor-widget-container\">\n\t\t\t\t\t<h3 class=\"elementor-heading-title elementor-size-default\"><a href=\"https:\/\/tuzilastvo.me\/sr_rs\/osnovna-drzavna-tuzilastva\/odt-bar\/odnosi-s-javnoscu\/\">\u041e\u0434\u043d\u043e\u0441\u0438 \u0441 \u0458\u0430\u0432\u043d\u043e\u0448\u045b\u0443<\/a><\/h3>\t\t\t\t<\/div>\n\t\t\t\t<\/div>\n\t\t\t\t<div class=\"elementor-element elementor-element-2e66d166 title elementor-widget elementor-widget-heading\" data-id=\"2e66d166\" data-element_type=\"widget\" data-widget_type=\"heading.default\">\n\t\t\t\t<div class=\"elementor-widget-container\">\n\t\t\t\t\t<h3 class=\"elementor-heading-title elementor-size-default\"><a href=\"https:\/\/tuzilastvo.me\/sr_rs\/osnovna-drzavna-tuzilastva\/odt-bar\/dezurni-tuzioci\/\">\u0414\u0435\u0436\u0443\u0440\u043d\u0438 \u0442\u0443\u0436\u0438\u043e\u0446\u0438<\/a><\/h3>\t\t\t\t<\/div>\n\t\t\t\t<\/div>\n\t\t\t\t<div class=\"elementor-element elementor-element-59647569 title elementor-widget elementor-widget-heading\" data-id=\"59647569\" data-element_type=\"widget\" data-widget_type=\"heading.default\">\n\t\t\t\t<div class=\"elementor-widget-container\">\n\t\t\t\t\t<h3 class=\"elementor-heading-title elementor-size-default\"><a href=\"https:\/\/tuzilastvo.me\/sr_rs\/osnovna-drzavna-tuzilastva\/odt-bar\/oglasi\/\">\u041e\u0433\u043b\u0430\u0441\u0438<\/a><\/h3>\t\t\t\t<\/div>\n\t\t\t\t<\/div>\n\t\t\t\t<div class=\"elementor-element elementor-element-65c30f2a title elementor-widget elementor-widget-heading\" data-id=\"65c30f2a\" data-element_type=\"widget\" data-widget_type=\"heading.default\">\n\t\t\t\t<div class=\"elementor-widget-container\">\n\t\t\t\t\t<h3 class=\"elementor-heading-title elementor-size-default\"><a href=\"https:\/\/tuzilastvo.me\/sr_rs\/osnovna-drzavna-tuzilastva\/odt-bar\/kontakt\/\">\u041a\u043e\u043d\u0442\u0430\u043a\u0442<\/a><\/h3>\t\t\t\t<\/div>\n\t\t\t\t<\/div>\n\t\t\t\t<\/div>\n\t\t\t\t\t<\/div>\n\t\t\t\t<\/div>\n\t\t\t\t<\/div>\n\t\t\t\t<\/div>\n\t\t\t\t\t\t<\/div>\n\t\t\t\t<\/div>\n\t\t\t\t<\/div>\n\t\t<div class=\"elementor-element elementor-element-3218d43 e-con-full e-flex e-con e-parent\" data-id=\"3218d43\" data-element_type=\"container\">\n\t\t\t\t<div class=\"elementor-element elementor-element-69f1a9b elementor-widget elementor-widget-heading\" data-id=\"69f1a9b\" data-element_type=\"widget\" data-widget_type=\"heading.default\">\n\t\t\t\t<div class=\"elementor-widget-container\">\n\t\t\t\t\t<h2 class=\"elementor-heading-title elementor-size-default\">\u041c\u0435\u0434\u0438\u0458\u0438<\/h2>\t\t\t\t<\/div>\n\t\t\t\t<\/div>\n\t\t<div class=\"elementor-element elementor-element-0bd6b4d e-flex e-con-boxed e-con e-child\" data-id=\"0bd6b4d\" data-element_type=\"container\">\n\t\t\t\t\t<div class=\"e-con-inner\">\n\t\t\t\t<div class=\"elementor-element elementor-element-d5aff9e elementor-widget elementor-widget-heading\" data-id=\"d5aff9e\" data-element_type=\"widget\" data-widget_type=\"heading.default\">\n\t\t\t\t<div class=\"elementor-widget-container\">\n\t\t\t\t\t<h3 class=\"elementor-heading-title elementor-size-default\">\u041a\u043e\u043d\u0442\u0430\u043a\u0442 \u0438\u043d\u0444\u043e\u0440\u043c\u0430\u0446\u0438\u0458\u0435<\/h3>\t\t\t\t<\/div>\n\t\t\t\t<\/div>\n\t\t\t\t<div class=\"elementor-element elementor-element-2ff011a elementor-widget-divider--view-line elementor-widget elementor-widget-divider\" data-id=\"2ff011a\" data-element_type=\"widget\" data-widget_type=\"divider.default\">\n\t\t\t\t<div class=\"elementor-widget-container\">\n\t\t\t\t\t\t\t<div class=\"elementor-divider\">\n\t\t\t<span class=\"elementor-divider-separator\">\n\t\t\t\t\t\t<\/span>\n\t\t<\/div>\n\t\t\t\t\t\t<\/div>\n\t\t\t\t<\/div>\n\t\t<div class=\"elementor-element elementor-element-26a7bdb e-con-full e-flex e-con e-child\" data-id=\"26a7bdb\" data-element_type=\"container\" data-settings=\"{&quot;background_background&quot;:&quot;classic&quot;}\">\n\t\t<div class=\"elementor-element elementor-element-28c4f84 e-con-full e-flex e-con e-child\" data-id=\"28c4f84\" data-element_type=\"container\">\n\t\t\t\t<div class=\"elementor-element elementor-element-d21315b elementor-widget elementor-widget-heading\" data-id=\"d21315b\" data-element_type=\"widget\" data-widget_type=\"heading.default\">\n\t\t\t\t<div class=\"elementor-widget-container\">\n\t\t\t\t\t<p class=\"elementor-heading-title elementor-size-default\">\u041e\u0441\u043d\u043e\u0432\u043d\u043e \u0434\u0440\u0436\u0430\u0432\u043d\u043e \u0442\u0443\u0436\u0438\u043b\u0430\u0448\u0442\u0432\u043e \u0411\u0430\u0440<\/p>\t\t\t\t<\/div>\n\t\t\t\t<\/div>\n\t\t\t\t<div class=\"elementor-element elementor-element-5831c85 elementor-widget elementor-widget-heading\" data-id=\"5831c85\" data-element_type=\"widget\" data-widget_type=\"heading.default\">\n\t\t\t\t<div class=\"elementor-widget-container\">\n\t\t\t\t\t<p class=\"elementor-heading-title elementor-size-default\"><a href=\"https:\/\/maps.app.goo.gl\/93C2MzjaxrhhSWFZ7\">\u0411\u0443\u043b\u0435\u0432\u0430\u0440 \u0440\u0435\u0432\u043e\u043b\u0443\u0446\u0438\u0458\u0435 \u0431\u0440. 5<br>\u0411\u0430\u0440, \u0426\u0440\u043d\u0430 \u0413\u043e\u0440\u0430 \n<\/a><\/p>\t\t\t\t<\/div>\n\t\t\t\t<\/div>\n\t\t\t\t<div class=\"elementor-element elementor-element-187075c elementor-widget elementor-widget-google_maps\" data-id=\"187075c\" data-element_type=\"widget\" data-widget_type=\"google_maps.default\">\n\t\t\t\t<div class=\"elementor-widget-container\">\n\t\t\t\t\t\t\t<div class=\"elementor-custom-embed\">\n\t\t\t<iframe loading=\"lazy\"\n\t\t\t\t\tsrc=\"https:\/\/maps.google.com\/maps?q=Bulevar%20revolucije%205%2CBar%2CCrna%20Gora&#038;t=m&#038;z=17&#038;output=embed&#038;iwloc=near\"\n\t\t\t\t\ttitle=\"Bulevar revolucije 5,Bar,Crna Gora\"\n\t\t\t\t\taria-label=\"Bulevar revolucije 5,Bar,Crna Gora\"\n\t\t\t><\/iframe>\n\t\t<\/div>\n\t\t\t\t\t\t<\/div>\n\t\t\t\t<\/div>\n\t\t\t\t<\/div>\n\t\t<div class=\"elementor-element elementor-element-2f1f9ad e-con-full e-flex e-con e-child\" data-id=\"2f1f9ad\" data-element_type=\"container\">\n\t\t\t\t<div class=\"elementor-element elementor-element-aa49f53 elementor-widget elementor-widget-heading\" data-id=\"aa49f53\" data-element_type=\"widget\" data-widget_type=\"heading.default\">\n\t\t\t\t<div class=\"elementor-widget-container\">\n\t\t\t\t\t<p class=\"elementor-heading-title elementor-size-default\">\u0422\u0435\u043b:<\/p>\t\t\t\t<\/div>\n\t\t\t\t<\/div>\n\t\t\t\t<div class=\"elementor-element elementor-element-b3ff8c6 elementor-widget elementor-widget-heading\" data-id=\"b3ff8c6\" data-element_type=\"widget\" data-widget_type=\"heading.default\">\n\t\t\t\t<div class=\"elementor-widget-container\">\n\t\t\t\t\t<p class=\"elementor-heading-title elementor-size-default\"><a href=\"tel:+382%2030%20312%20216\">+382 30 312 216<\/a><\/p>\t\t\t\t<\/div>\n\t\t\t\t<\/div>\n\t\t\t\t<div class=\"elementor-element elementor-element-5f28cc8 elementor-widget elementor-widget-heading\" data-id=\"5f28cc8\" data-element_type=\"widget\" data-widget_type=\"heading.default\">\n\t\t\t\t<div class=\"elementor-widget-container\">\n\t\t\t\t\t<p class=\"elementor-heading-title elementor-size-default\">\u041c\u0435\u0458\u043b:<\/p>\t\t\t\t<\/div>\n\t\t\t\t<\/div>\n\t\t\t\t<div class=\"elementor-element elementor-element-ff12902 elementor-widget elementor-widget-heading\" data-id=\"ff12902\" data-element_type=\"widget\" data-widget_type=\"heading.default\">\n\t\t\t\t<div class=\"elementor-widget-container\">\n\t\t\t\t\t<p class=\"elementor-heading-title elementor-size-default\"><a href=\"mailto:odtbr@tuzilastvo.me\">odtbr@tuzilastvo.me<\/a><\/p>\t\t\t\t<\/div>\n\t\t\t\t<\/div>\n\t\t\t\t<div class=\"elementor-element elementor-element-23caa30 elementor-widget elementor-widget-heading\" data-id=\"23caa30\" data-element_type=\"widget\" data-widget_type=\"heading.default\">\n\t\t\t\t<div class=\"elementor-widget-container\">\n\t\t\t\t\t<p class=\"elementor-heading-title elementor-size-default\">\u0420\u0430\u0434\u043d\u043e \u0432\u0440\u0438\u0458\u0435\u043c\u0435:<\/p>\t\t\t\t<\/div>\n\t\t\t\t<\/div>\n\t\t\t\t<div class=\"elementor-element elementor-element-422e913 elementor-widget elementor-widget-heading\" data-id=\"422e913\" data-element_type=\"widget\" data-widget_type=\"heading.default\">\n\t\t\t\t<div class=\"elementor-widget-container\">\n\t\t\t\t\t<p class=\"elementor-heading-title elementor-size-default\"> od 7 do 15 \u010dasova<\/p>\t\t\t\t<\/div>\n\t\t\t\t<\/div>\n\t\t\t\t<\/div>\n\t\t\t\t<\/div>\n\t\t\t\t\t<\/div>\n\t\t\t\t<\/div>\n\t\t\t\t<\/div>\n\t\t\t\t<\/div>","protected":false},"excerpt":{"rendered":"<p>Mediji Kontakt informacije Osnovno dr\u017eavno tu\u017eila\u0161tvo Bar Bulevar revolucije 5,Bar, Crna Gora Telefon: +382 30 312 216 E-mail: odtbr@tuzilastvo.me Radno [&hellip;]<\/p>","protected":false},"author":12,"featured_media":0,"parent":3980,"menu_order":0,"comment_status":"closed","ping_status":"closed","template":"","meta":{"_acf_changed":false,"site-sidebar-layout":"no-sidebar","site-content-layout":"","ast-site-content-layout":"full-width-container","site-content-style":"default","site-sidebar-style":"default","ast-global-header-display":"","ast-banner-title-visibility":"","ast-main-header-display":"","ast-hfb-above-header-display":"","ast-hfb-below-header-display":"","ast-hfb-mobile-header-display":"","site-post-title":"disabled","ast-breadcrumbs-content":"","ast-featured-img":"disabled","footer-sml-layout":"","theme-transparent-header-meta":"","adv-header-id-meta":"","stick-header-meta":"","header-above-stick-meta":"","header-main-stick-meta":"","header-below-stick-meta":"","astra-migrate-meta-layouts":"default","ast-page-background-enabled":"default","ast-page-background-meta":{"desktop":{"background-color":"var(--ast-global-color-4)","background-image":"","background-repeat":"repeat","background-position":"center center","background-size":"auto","background-attachment":"scroll","background-type":"","background-media":"","overlay-type":"","overlay-color":"","overlay-opacity":"","overlay-gradient":""},"tablet":{"background-color":"","background-image":"","background-repeat":"repeat","background-position":"center center","background-size":"auto","background-attachment":"scroll","background-type":"","background-media":"","overlay-type":"","overlay-color":"","overlay-opacity":"","overlay-gradient":""},"mobile":{"background-color":"","background-image":"","background-repeat":"repeat","background-position":"center center","background-size":"auto","background-attachment":"scroll","background-type":"","background-media":"","overlay-type":"","overlay-color":"","overlay-opacity":"","overlay-gradient":""}},"ast-content-background-meta":{"desktop":{"background-color":"var(--ast-global-color-5)","background-image":"","background-repeat":"repeat","background-position":"center center","background-size":"auto","background-attachment":"scroll","background-type":"","background-media":"","overlay-type":"","overlay-color":"","overlay-opacity":"","overlay-gradient":""},"tablet":{"background-color":"var(--ast-global-color-5)","background-image":"","background-repeat":"repeat","background-position":"center center","background-size":"auto","background-attachment":"scroll","background-type":"","background-media":"","overlay-type":"","overlay-color":"","overlay-opacity":"","overlay-gradient":""},"mobile":{"background-color":"var(--ast-global-color-5)","background-image":"","background-repeat":"repeat","background-position":"center center","background-size":"auto","background-attachment":"scroll","background-type":"","background-media":"","overlay-type":"","overlay-color":"","overlay-opacity":"","overlay-gradient":""}},"footnotes":""},"class_list":["post-5317","page","type-page","status-publish","hentry"],"acf":[],"_links":{"self":[{"href":"https:\/\/tuzilastvo.me\/sr_rs\/wp-json\/wp\/v2\/pages\/5317","targetHints":{"allow":["GET"]}}],"collection":[{"href":"https:\/\/tuzilastvo.me\/sr_rs\/wp-json\/wp\/v2\/pages"}],"about":[{"href":"https:\/\/tuzilastvo.me\/sr_rs\/wp-json\/wp\/v2\/types\/page"}],"author":[{"embeddable":true,"href":"https:\/\/tuzilastvo.me\/sr_rs\/wp-json\/wp\/v2\/users\/12"}],"replies":[{"embeddable":true,"href":"https:\/\/tuzilastvo.me\/sr_rs\/wp-json\/wp\/v2\/comments?post=5317"}],"version-history":[{"count":40,"href":"https:\/\/tuzilastvo.me\/sr_rs\/wp-json\/wp\/v2\/pages\/5317\/revisions"}],"predecessor-version":[{"id":70861,"href":"https:\/\/tuzilastvo.me\/sr_rs\/wp-json\/wp\/v2\/pages\/5317\/revisions\/70861"}],"up":[{"embeddable":true,"href":"https:\/\/tuzilastvo.me\/sr_rs\/wp-json\/wp\/v2\/pages\/3980"}],"wp:attachment":[{"href":"https:\/\/tuzilastvo.me\/sr_rs\/wp-json\/wp\/v2\/media?parent=5317"}],"curies":[{"name":"wp","href":"https:\/\/api.w.org\/{rel}","templated":true}]}}