{"id":5426,"date":"2024-12-27T03:33:21","date_gmt":"2024-12-27T03:33:21","guid":{"rendered":"https:\/\/istorijskaistrazivanja.com\/?page_id=5426"},"modified":"2025-10-17T07:28:20","modified_gmt":"2025-10-17T07:28:20","slug":"mediji","status":"publish","type":"page","link":"https:\/\/tuzilastvo.me\/sr_rs\/osnovna-drzavna-tuzilastva\/odt-kotor\/odnosi-s-javnoscu\/mediji\/","title":{"rendered":"\u041c\u0435\u0434\u0438\u0458\u0438"},"content":{"rendered":"<div data-elementor-type=\"wp-page\" data-elementor-id=\"5426\" class=\"elementor elementor-5426\" data-elementor-post-type=\"page\">\n\t\t\t\t<div class=\"elementor-element elementor-element-fbc52c4 e-con-full e-flex e-con e-parent\" data-id=\"fbc52c4\" data-element_type=\"container\">\n\t\t\t\t<div class=\"elementor-element elementor-element-fc1dc9e elementor-widget elementor-widget-template\" data-id=\"fc1dc9e\" data-element_type=\"widget\" data-widget_type=\"template.default\">\n\t\t\t\t<div class=\"elementor-widget-container\">\n\t\t\t\t\t\t\t<div class=\"elementor-template\">\n\t\t\t\t\t<div data-elementor-type=\"container\" data-elementor-id=\"62604\" class=\"elementor elementor-62604\" data-elementor-post-type=\"elementor_library\">\n\t\t\t\t<div class=\"elementor-element elementor-element-23980bb0 e-flex e-con-boxed e-con e-parent\" data-id=\"23980bb0\" data-element_type=\"container\" data-settings=\"{&quot;background_background&quot;:&quot;classic&quot;,&quot;sticky&quot;:&quot;top&quot;,&quot;sticky_on&quot;:[&quot;desktop&quot;,&quot;tablet&quot;,&quot;mobile&quot;],&quot;sticky_offset&quot;:0,&quot;sticky_effects_offset&quot;:0,&quot;sticky_anchor_link_offset&quot;:0}\">\n\t\t\t\t\t<div class=\"e-con-inner\">\n\t\t\t\t<div class=\"elementor-element elementor-element-60ede8da elementor-widget elementor-widget-heading\" data-id=\"60ede8da\" data-element_type=\"widget\" data-widget_type=\"heading.default\">\n\t\t\t\t<div class=\"elementor-widget-container\">\n\t\t\t\t\t<h1 class=\"elementor-heading-title elementor-size-default\">\u041e\u0414\u0422 \u041a\u041e\u0422\u041e\u0420<\/h1>\t\t\t\t<\/div>\n\t\t\t\t<\/div>\n\t\t\t\t<div class=\"elementor-element elementor-element-2e2709e6 elementor-search-form--skin-classic elementor-search-form--button-type-icon elementor-search-form--icon-search elementor-widget elementor-widget-search-form\" data-id=\"2e2709e6\" data-element_type=\"widget\" data-settings=\"{&quot;skin&quot;:&quot;classic&quot;}\" data-widget_type=\"search-form.default\">\n\t\t\t\t<div class=\"elementor-widget-container\">\n\t\t\t\t\t\t\t<search role=\"search\">\n\t\t\t<form class=\"elementor-search-form\" action=\"https:\/\/tuzilastvo.me\/sr_rs\/\" method=\"get\" data-trp-original-action=\"https:\/\/tuzilastvo.me\/sr_rs\">\n\t\t\t\t\t\t\t\t\t\t\t\t<div class=\"elementor-search-form__container\">\n\t\t\t\t\t<label class=\"elementor-screen-only\" for=\"elementor-search-form-2e2709e6\">\u041f\u0440\u0435\u0442\u0440\u0430\u0433\u0430<\/label>\n\n\t\t\t\t\t\n\t\t\t\t\t<input id=\"elementor-search-form-2e2709e6\" placeholder=\"\u041f\u0440\u0435\u0442\u0440\u0430\u0436\u0438\u0442\u0435\" class=\"elementor-search-form__input\" type=\"search\" name=\"s\" value=\"\">\n\t\t\t\t\t\n\t\t\t\t\t\t\t\t\t\t\t<button class=\"elementor-search-form__submit\" type=\"submit\" aria-label=\"\u041f\u0440\u0435\u0442\u0440\u0430\u0433\u0430\">\n\t\t\t\t\t\t\t\t\t\t\t\t\t\t\t<div class=\"e-font-icon-svg-container\"><svg class=\"fa fa-search e-font-icon-svg e-fas-search\" viewbox=\"0 0 512 512\" xmlns=\"http:\/\/www.w3.org\/2000\/svg\"><path d=\"M505 442.7L405.3 343c-4.5-4.5-10.6-7-17-7H372c27.6-35.3 44-79.7 44-128C416 93.1 322.9 0 208 0S0 93.1 0 208s93.1 208 208 208c48.3 0 92.7-16.4 128-44v16.3c0 6.4 2.5 12.5 7 17l99.7 99.7c9.4 9.4 24.6 9.4 33.9 0l28.3-28.3c9.4-9.4 9.4-24.6.1-34zM208 336c-70.7 0-128-57.2-128-128 0-70.7 57.2-128 128-128 70.7 0 128 57.2 128 128 0 70.7-57.2 128-128 128z\"><\/path><\/svg><\/div>\t\t\t\t\t\t\t\t\t\t\t\t\t<\/button>\n\t\t\t\t\t\n\t\t\t\t\t\t\t\t\t<\/div>\n\t\t\t<input type=\"hidden\" name=\"trp-form-language\" value=\"sr_rs\"\/><\/form>\n\t\t<\/search>\n\t\t\t\t\t\t<\/div>\n\t\t\t\t<\/div>\n\t\t<div class=\"elementor-element elementor-element-31f01471 e-con-full header-row e-flex e-con e-child\" data-id=\"31f01471\" data-element_type=\"container\">\n\t\t\t\t<div class=\"elementor-element elementor-element-70b7c39a title elementor-widget elementor-widget-heading\" data-id=\"70b7c39a\" data-element_type=\"widget\" data-widget_type=\"heading.default\">\n\t\t\t\t<div class=\"elementor-widget-container\">\n\t\t\t\t\t<h3 class=\"elementor-heading-title elementor-size-default\"><a href=\"https:\/\/tuzilastvo.me\/sr_rs\/osnovna-drzavna-tuzilastva\/odt-kotor\/\">\u041d\u0430\u0441\u043b\u043e\u0432\u043d\u0430<\/a><\/h3>\t\t\t\t<\/div>\n\t\t\t\t<\/div>\n\t\t\t\t<div class=\"elementor-element elementor-element-233767cf title elementor-widget elementor-widget-heading\" data-id=\"233767cf\" data-element_type=\"widget\" data-widget_type=\"heading.default\">\n\t\t\t\t<div class=\"elementor-widget-container\">\n\t\t\t\t\t<h3 class=\"elementor-heading-title elementor-size-default\"><a href=\"https:\/\/tuzilastvo.me\/sr_rs\/osnovna-drzavna-tuzilastva\/odt-kotor\/o-nama\/\">\u041e \u043d\u0430\u043c\u0430<\/a><\/h3>\t\t\t\t<\/div>\n\t\t\t\t<\/div>\n\t\t\t\t<div class=\"elementor-element elementor-element-63cc832a title elementor-widget elementor-widget-heading\" data-id=\"63cc832a\" data-element_type=\"widget\" data-widget_type=\"heading.default\">\n\t\t\t\t<div class=\"elementor-widget-container\">\n\t\t\t\t\t<h3 class=\"elementor-heading-title elementor-size-default\"><a href=\"https:\/\/tuzilastvo.me\/sr_rs\/osnovna-drzavna-tuzilastva\/odt-kotor\/biblioteka\/\">\u0411\u0438\u0431\u043b\u0438\u043e\u0442\u0435\u043a\u0430<\/a><\/h3>\t\t\t\t<\/div>\n\t\t\t\t<\/div>\n\t\t\t\t<div class=\"elementor-element elementor-element-8fe3277 title elementor-widget elementor-widget-heading\" data-id=\"8fe3277\" data-element_type=\"widget\" data-widget_type=\"heading.default\">\n\t\t\t\t<div class=\"elementor-widget-container\">\n\t\t\t\t\t<h3 class=\"elementor-heading-title elementor-size-default\"><a href=\"https:\/\/tuzilastvo.me\/sr_rs\/osnovna-drzavna-tuzilastva\/odt-kotor\/odluke\/\">\u041e\u0434\u043b\u0443\u043a\u0435<\/a><\/h3>\t\t\t\t<\/div>\n\t\t\t\t<\/div>\n\t\t\t\t<div class=\"elementor-element elementor-element-2efa96e8 title elementor-widget elementor-widget-heading\" data-id=\"2efa96e8\" data-element_type=\"widget\" data-widget_type=\"heading.default\">\n\t\t\t\t<div class=\"elementor-widget-container\">\n\t\t\t\t\t<h3 class=\"elementor-heading-title elementor-size-default\"><a href=\"https:\/\/tuzilastvo.me\/sr_rs\/osnovna-drzavna-tuzilastva\/odt-kotor\/odnosi-s-javnoscu\/\">\u041e\u0434\u043d\u043e\u0441\u0438 \u0441 \u0458\u0430\u0432\u043d\u043e\u0448\u045b\u0443<\/a><\/h3>\t\t\t\t<\/div>\n\t\t\t\t<\/div>\n\t\t\t\t<div class=\"elementor-element elementor-element-2220b3bd title elementor-widget elementor-widget-heading\" data-id=\"2220b3bd\" data-element_type=\"widget\" data-widget_type=\"heading.default\">\n\t\t\t\t<div class=\"elementor-widget-container\">\n\t\t\t\t\t<h3 class=\"elementor-heading-title elementor-size-default\"><a href=\"https:\/\/tuzilastvo.me\/sr_rs\/osnovna-drzavna-tuzilastva\/odt-kotor\/dezurni-tuzioci\/\">\u0414\u0435\u0436\u0443\u0440\u043d\u0438 \u0442\u0443\u0436\u0438\u043e\u0446\u0438<\/a><\/h3>\t\t\t\t<\/div>\n\t\t\t\t<\/div>\n\t\t\t\t<div class=\"elementor-element elementor-element-15b2a074 title elementor-widget elementor-widget-heading\" data-id=\"15b2a074\" data-element_type=\"widget\" data-widget_type=\"heading.default\">\n\t\t\t\t<div class=\"elementor-widget-container\">\n\t\t\t\t\t<h3 class=\"elementor-heading-title elementor-size-default\"><a href=\"https:\/\/tuzilastvo.me\/sr_rs\/osnovna-drzavna-tuzilastva\/odt-kotor\/oglasi\/\">\u041e\u0433\u043b\u0430\u0441\u0438<\/a><\/h3>\t\t\t\t<\/div>\n\t\t\t\t<\/div>\n\t\t\t\t<div class=\"elementor-element elementor-element-653b56e4 title elementor-widget elementor-widget-heading\" data-id=\"653b56e4\" data-element_type=\"widget\" data-widget_type=\"heading.default\">\n\t\t\t\t<div class=\"elementor-widget-container\">\n\t\t\t\t\t<h3 class=\"elementor-heading-title elementor-size-default\"><a href=\"https:\/\/tuzilastvo.me\/sr_rs\/osnovna-drzavna-tuzilastva\/odt-kotor\/kontakt-2\/\">\u041a\u043e\u043d\u0442\u0430\u043a\u0442<\/a><\/h3>\t\t\t\t<\/div>\n\t\t\t\t<\/div>\n\t\t\t\t<\/div>\n\t\t\t\t\t<\/div>\n\t\t\t\t<\/div>\n\t\t\t\t<\/div>\n\t\t\t\t<\/div>\n\t\t\t\t\t\t<\/div>\n\t\t\t\t<\/div>\n\t\t\t\t<\/div>\n\t\t<div class=\"elementor-element elementor-element-c0a2e39 e-con-full e-flex e-con e-parent\" data-id=\"c0a2e39\" data-element_type=\"container\">\n\t\t\t\t<div class=\"elementor-element elementor-element-50879a0 elementor-widget elementor-widget-heading\" data-id=\"50879a0\" data-element_type=\"widget\" data-widget_type=\"heading.default\">\n\t\t\t\t<div class=\"elementor-widget-container\">\n\t\t\t\t\t<h2 class=\"elementor-heading-title elementor-size-default\">\u041c\u0435\u0434\u0438\u0458\u0438<\/h2>\t\t\t\t<\/div>\n\t\t\t\t<\/div>\n\t\t<div class=\"elementor-element elementor-element-f6db769 e-grid e-con-full e-con e-child\" data-id=\"f6db769\" data-element_type=\"container\">\n\t\t<a class=\"elementor-element elementor-element-4d3a43a e-con-full e-flex e-con e-child\" data-id=\"4d3a43a\" data-element_type=\"container\" href=\"https:\/\/tuzilastvo.me\/sr_rs\/osnovna-drzavna-tuzilastva\/odt-kotor\/odnosi-s-javnoscu\/mediji\/aktuelnosti\/\">\n\t\t\t\t<div class=\"elementor-element elementor-element-f472ec9 title elementor-widget elementor-widget-heading\" data-id=\"f472ec9\" data-element_type=\"widget\" data-widget_type=\"heading.default\">\n\t\t\t\t<div class=\"elementor-widget-container\">\n\t\t\t\t\t<h3 class=\"elementor-heading-title elementor-size-default\">\u0410\u043a\u0442\u0443\u0435\u043b\u043d\u043e\u0441\u0442\u0438<\/h3>\t\t\t\t<\/div>\n\t\t\t\t<\/div>\n\t\t\t\t<\/a>\n\t\t<a class=\"elementor-element elementor-element-4ce9087 e-con-full e-flex e-con e-child\" data-id=\"4ce9087\" data-element_type=\"container\" href=\"https:\/\/tuzilastvo.me\/sr_rs\/osnovna-drzavna-tuzilastva\/odt-kotor\/odnosi-s-javnoscu\/mediji\/najave\/\">\n\t\t\t\t<div class=\"elementor-element elementor-element-7c550cc title elementor-widget elementor-widget-heading\" data-id=\"7c550cc\" data-element_type=\"widget\" data-widget_type=\"heading.default\">\n\t\t\t\t<div class=\"elementor-widget-container\">\n\t\t\t\t\t<h3 class=\"elementor-heading-title elementor-size-default\">\u041d\u0430\u0458\u0430\u0432\u0435<\/h3>\t\t\t\t<\/div>\n\t\t\t\t<\/div>\n\t\t\t\t<\/a>\n\t\t<a class=\"elementor-element elementor-element-491279e e-con-full e-flex e-con e-child\" data-id=\"491279e\" data-element_type=\"container\" href=\"https:\/\/tuzilastvo.me\/sr_rs\/osnovna-drzavna-tuzilastva\/odt-kotor\/odnosi-s-javnoscu\/mediji\/upoznajte-tuzilastvo\/\">\n\t\t\t\t<div class=\"elementor-element elementor-element-7fa1fd8 title elementor-widget elementor-widget-heading\" data-id=\"7fa1fd8\" data-element_type=\"widget\" data-widget_type=\"heading.default\">\n\t\t\t\t<div class=\"elementor-widget-container\">\n\t\t\t\t\t<h3 class=\"elementor-heading-title elementor-size-default\">\u0423\u043f\u043e\u0437\u043d\u0430\u0458\u0442\u0435 \u0442\u0443\u0436\u0438\u043b\u0430\u0448\u0442\u0432\u043e<\/h3>\t\t\t\t<\/div>\n\t\t\t\t<\/div>\n\t\t\t\t<\/a>\n\t\t<a class=\"elementor-element elementor-element-148b144 e-con-full e-flex e-con e-child\" data-id=\"148b144\" data-element_type=\"container\" href=\"https:\/\/tuzilastvo.me\/sr_rs\/osnovna-drzavna-tuzilastva\/odt-kotor\/odnosi-s-javnoscu\/mediji\/istrazivanja\/\">\n\t\t\t\t<div class=\"elementor-element elementor-element-afe8978 title elementor-widget elementor-widget-heading\" data-id=\"afe8978\" data-element_type=\"widget\" data-widget_type=\"heading.default\">\n\t\t\t\t<div class=\"elementor-widget-container\">\n\t\t\t\t\t<h3 class=\"elementor-heading-title elementor-size-default\">\u0418\u0441\u0442\u0440\u0430\u0436\u0438\u0432\u0430\u045a\u0430<\/h3>\t\t\t\t<\/div>\n\t\t\t\t<\/div>\n\t\t\t\t<\/a>\n\t\t<a class=\"elementor-element elementor-element-4bb759e e-con-full e-flex e-con e-child\" data-id=\"4bb759e\" data-element_type=\"container\" href=\"https:\/\/tuzilastvo.me\/sr_rs\/osnovna-drzavna-tuzilastva\/odt-kotor\/kontakt-2\/\">\n\t\t\t\t<div class=\"elementor-element elementor-element-c43fce4 title elementor-widget elementor-widget-heading\" data-id=\"c43fce4\" data-element_type=\"widget\" data-widget_type=\"heading.default\">\n\t\t\t\t<div class=\"elementor-widget-container\">\n\t\t\t\t\t<h3 class=\"elementor-heading-title elementor-size-default\">\u041a\u043e\u043d\u0442\u0430\u043a\u0442<\/h3>\t\t\t\t<\/div>\n\t\t\t\t<\/div>\n\t\t\t\t<\/a>\n\t\t\t\t<\/div>\n\t\t<div class=\"elementor-element elementor-element-8d19134 e-con-full e-flex e-con e-child\" data-id=\"8d19134\" data-element_type=\"container\" data-settings=\"{&quot;background_background&quot;:&quot;classic&quot;}\">\n\t\t<div class=\"elementor-element elementor-element-acf773c e-con-full e-flex e-con e-child\" data-id=\"acf773c\" data-element_type=\"container\">\n\t\t\t\t<div class=\"elementor-element elementor-element-3978ea3 elementor-widget elementor-widget-heading\" data-id=\"3978ea3\" data-element_type=\"widget\" data-widget_type=\"heading.default\">\n\t\t\t\t<div class=\"elementor-widget-container\">\n\t\t\t\t\t<h3 class=\"elementor-heading-title elementor-size-default\"><a href=\"https:\/\/tuzilastvo.me\/sr_rs\/?page_id=27608\">Izvje\u0161taji o radu\nDr\u017eavnog tu\u017eila\u0161tva i\nTu\u017eila\u010dkog savjeta\n<\/a><\/h3>\t\t\t\t<\/div>\n\t\t\t\t<\/div>\n\t\t\t\t<div class=\"elementor-element elementor-element-3099434 elementor-widget-divider--view-line elementor-widget elementor-widget-divider\" data-id=\"3099434\" data-element_type=\"widget\" data-widget_type=\"divider.default\">\n\t\t\t\t<div class=\"elementor-widget-container\">\n\t\t\t\t\t\t\t<div class=\"elementor-divider\">\n\t\t\t<span class=\"elementor-divider-separator\">\n\t\t\t\t\t\t<\/span>\n\t\t<\/div>\n\t\t\t\t\t\t<\/div>\n\t\t\t\t<\/div>\n\t\t\t\t<\/div>\n\t\t<div class=\"elementor-element elementor-element-13ea0a5 e-con-full e-flex e-con e-child\" data-id=\"13ea0a5\" data-element_type=\"container\">\n\t\t\t\t<div class=\"elementor-element elementor-element-ff6f95c elementor-widget elementor-widget-heading\" data-id=\"ff6f95c\" data-element_type=\"widget\" data-widget_type=\"heading.default\">\n\t\t\t\t<div class=\"elementor-widget-container\">\n\t\t\t\t\t<h3 class=\"elementor-heading-title elementor-size-default\"><a href=\"https:\/\/tuzilastvo.me\/sr_rs\/?page_id=27700\">\u0418\u0441\u0442\u0440\u0430\u0436\u0438\u0432\u0430\u045a\u0430 \u043e \u043f\u0435\u0440\u0446\u0435\u043f\u0446\u0438\u0458\u0438<\/a><\/h3>\t\t\t\t<\/div>\n\t\t\t\t<\/div>\n\t\t\t\t<div class=\"elementor-element elementor-element-807924d elementor-widget-divider--view-line elementor-widget elementor-widget-divider\" data-id=\"807924d\" data-element_type=\"widget\" data-widget_type=\"divider.default\">\n\t\t\t\t<div class=\"elementor-widget-container\">\n\t\t\t\t\t\t\t<div class=\"elementor-divider\">\n\t\t\t<span class=\"elementor-divider-separator\">\n\t\t\t\t\t\t<\/span>\n\t\t<\/div>\n\t\t\t\t\t\t<\/div>\n\t\t\t\t<\/div>\n\t\t\t\t<\/div>\n\t\t<div class=\"elementor-element elementor-element-dbafa7d e-con-full e-flex e-con e-child\" data-id=\"dbafa7d\" data-element_type=\"container\">\n\t\t\t\t<div class=\"elementor-element elementor-element-f05a873 elementor-widget elementor-widget-heading\" data-id=\"f05a873\" data-element_type=\"widget\" data-widget_type=\"heading.default\">\n\t\t\t\t<div class=\"elementor-widget-container\">\n\t\t\t\t\t<h3 class=\"elementor-heading-title elementor-size-default\"><a href=\"https:\/\/tuzilastvo.me\/sr_rs\/vrhovno-drzavno-tuzilastvo\/vdt-biblioteka\/vdt-biblioteka-uputstva\/\">\u041e\u0431\u0430\u0432\u0435\u0437\u0443\u0458\u0443\u045b\u0430 \u0423\u043f\u0443\u0442\u0441\u0442\u0432\u0430\n\u0412\u0414\u0422-\u0430   \n<\/a><\/h3>\t\t\t\t<\/div>\n\t\t\t\t<\/div>\n\t\t\t\t<div class=\"elementor-element elementor-element-1c03626 elementor-widget-divider--view-line elementor-widget elementor-widget-divider\" data-id=\"1c03626\" data-element_type=\"widget\" data-widget_type=\"divider.default\">\n\t\t\t\t<div class=\"elementor-widget-container\">\n\t\t\t\t\t\t\t<div class=\"elementor-divider\">\n\t\t\t<span class=\"elementor-divider-separator\">\n\t\t\t\t\t\t<\/span>\n\t\t<\/div>\n\t\t\t\t\t\t<\/div>\n\t\t\t\t<\/div>\n\t\t\t\t<\/div>\n\t\t\t\t<\/div>\n\t\t\t\t<\/div>\n\t\t\t\t<\/div>","protected":false},"excerpt":{"rendered":"<p>Mediji Aktuelnosti Najave Upoznajte tu\u017eila\u0161tvo Istra\u017eivanja Kontakt Izvje\u0161taji o radu Dr\u017eavnog tu\u017eila\u0161tva i Tu\u017eila\u010dkog savjeta Istra\u017eivanja o percepciji Obavezuju\u0107a Uputstva [&hellip;]<\/p>","protected":false},"author":13,"featured_media":0,"parent":5369,"menu_order":0,"comment_status":"closed","ping_status":"closed","template":"","meta":{"_acf_changed":false,"site-sidebar-layout":"no-sidebar","site-content-layout":"","ast-site-content-layout":"full-width-container","site-content-style":"default","site-sidebar-style":"default","ast-global-header-display":"","ast-banner-title-visibility":"","ast-main-header-display":"","ast-hfb-above-header-display":"","ast-hfb-below-header-display":"","ast-hfb-mobile-header-display":"","site-post-title":"disabled","ast-breadcrumbs-content":"","ast-featured-img":"disabled","footer-sml-layout":"","theme-transparent-header-meta":"","adv-header-id-meta":"","stick-header-meta":"","header-above-stick-meta":"","header-main-stick-meta":"","header-below-stick-meta":"","astra-migrate-meta-layouts":"default","ast-page-background-enabled":"default","ast-page-background-meta":{"desktop":{"background-color":"var(--ast-global-color-4)","background-image":"","background-repeat":"repeat","background-position":"center center","background-size":"auto","background-attachment":"scroll","background-type":"","background-media":"","overlay-type":"","overlay-color":"","overlay-opacity":"","overlay-gradient":""},"tablet":{"background-color":"","background-image":"","background-repeat":"repeat","background-position":"center center","background-size":"auto","background-attachment":"scroll","background-type":"","background-media":"","overlay-type":"","overlay-color":"","overlay-opacity":"","overlay-gradient":""},"mobile":{"background-color":"","background-image":"","background-repeat":"repeat","background-position":"center center","background-size":"auto","background-attachment":"scroll","background-type":"","background-media":"","overlay-type":"","overlay-color":"","overlay-opacity":"","overlay-gradient":""}},"ast-content-background-meta":{"desktop":{"background-color":"var(--ast-global-color-5)","background-image":"","background-repeat":"repeat","background-position":"center center","background-size":"auto","background-attachment":"scroll","background-type":"","background-media":"","overlay-type":"","overlay-color":"","overlay-opacity":"","overlay-gradient":""},"tablet":{"background-color":"var(--ast-global-color-5)","background-image":"","background-repeat":"repeat","background-position":"center center","background-size":"auto","background-attachment":"scroll","background-type":"","background-media":"","overlay-type":"","overlay-color":"","overlay-opacity":"","overlay-gradient":""},"mobile":{"background-color":"var(--ast-global-color-5)","background-image":"","background-repeat":"repeat","background-position":"center center","background-size":"auto","background-attachment":"scroll","background-type":"","background-media":"","overlay-type":"","overlay-color":"","overlay-opacity":"","overlay-gradient":""}},"footnotes":""},"class_list":["post-5426","page","type-page","status-publish","hentry"],"acf":[],"_links":{"self":[{"href":"https:\/\/tuzilastvo.me\/sr_rs\/wp-json\/wp\/v2\/pages\/5426","targetHints":{"allow":["GET"]}}],"collection":[{"href":"https:\/\/tuzilastvo.me\/sr_rs\/wp-json\/wp\/v2\/pages"}],"about":[{"href":"https:\/\/tuzilastvo.me\/sr_rs\/wp-json\/wp\/v2\/types\/page"}],"author":[{"embeddable":true,"href":"https:\/\/tuzilastvo.me\/sr_rs\/wp-json\/wp\/v2\/users\/13"}],"replies":[{"embeddable":true,"href":"https:\/\/tuzilastvo.me\/sr_rs\/wp-json\/wp\/v2\/comments?post=5426"}],"version-history":[{"count":28,"href":"https:\/\/tuzilastvo.me\/sr_rs\/wp-json\/wp\/v2\/pages\/5426\/revisions"}],"predecessor-version":[{"id":64863,"href":"https:\/\/tuzilastvo.me\/sr_rs\/wp-json\/wp\/v2\/pages\/5426\/revisions\/64863"}],"up":[{"embeddable":true,"href":"https:\/\/tuzilastvo.me\/sr_rs\/wp-json\/wp\/v2\/pages\/5369"}],"wp:attachment":[{"href":"https:\/\/tuzilastvo.me\/sr_rs\/wp-json\/wp\/v2\/media?parent=5426"}],"curies":[{"name":"wp","href":"https:\/\/api.w.org\/{rel}","templated":true}]}}