{"id":5871,"date":"2024-12-27T04:11:59","date_gmt":"2024-12-27T04:11:59","guid":{"rendered":"https:\/\/istorijskaistrazivanja.com\/?page_id=5871"},"modified":"2025-11-18T08:58:50","modified_gmt":"2025-11-18T08:58:50","slug":"rukovodilac","status":"publish","type":"page","link":"https:\/\/tuzilastvo.me\/sr_rs\/osnovna-drzavna-tuzilastva\/odt-bijelo-polje\/o-nama\/rukovodilac\/","title":{"rendered":"\u0420\u0443\u043a\u043e\u0432\u043e\u0434\u0438\u043b\u0430\u0446"},"content":{"rendered":"<div data-elementor-type=\"wp-page\" data-elementor-id=\"5871\" class=\"elementor elementor-5871\" data-elementor-post-type=\"page\">\n\t\t\t\t<div class=\"elementor-element elementor-element-b2f2787 e-con-full e-flex e-con e-parent\" data-id=\"b2f2787\" data-element_type=\"container\">\n\t\t\t\t<div class=\"elementor-element elementor-element-7ec197e elementor-widget elementor-widget-template\" data-id=\"7ec197e\" data-element_type=\"widget\" data-widget_type=\"template.default\">\n\t\t\t\t<div class=\"elementor-widget-container\">\n\t\t\t\t\t\t\t<div class=\"elementor-template\">\n\t\t\t\t\t<div data-elementor-type=\"container\" data-elementor-id=\"63277\" class=\"elementor elementor-63277\" data-elementor-post-type=\"elementor_library\">\n\t\t\t\t<div class=\"elementor-element elementor-element-7d83efb5 e-flex e-con-boxed e-con e-parent\" data-id=\"7d83efb5\" data-element_type=\"container\" data-settings=\"{&quot;background_background&quot;:&quot;classic&quot;,&quot;sticky&quot;:&quot;top&quot;,&quot;sticky_on&quot;:[&quot;desktop&quot;,&quot;tablet&quot;,&quot;mobile&quot;],&quot;sticky_offset&quot;:0,&quot;sticky_effects_offset&quot;:0,&quot;sticky_anchor_link_offset&quot;:0}\">\n\t\t\t\t\t<div class=\"e-con-inner\">\n\t\t\t\t<div class=\"elementor-element elementor-element-3330ccf3 elementor-widget elementor-widget-heading\" data-id=\"3330ccf3\" data-element_type=\"widget\" data-widget_type=\"heading.default\">\n\t\t\t\t<div class=\"elementor-widget-container\">\n\t\t\t\t\t<h1 class=\"elementor-heading-title elementor-size-default\">\u041e\u0414\u0422 \u0411\u0418\u0408\u0415\u041b\u041e \u041f\u041e\u0409\u0415<\/h1>\t\t\t\t<\/div>\n\t\t\t\t<\/div>\n\t\t\t\t<div class=\"elementor-element elementor-element-2ed7e16 elementor-search-form--skin-classic elementor-search-form--button-type-icon elementor-search-form--icon-search elementor-widget elementor-widget-search-form\" data-id=\"2ed7e16\" data-element_type=\"widget\" data-settings=\"{&quot;skin&quot;:&quot;classic&quot;}\" data-widget_type=\"search-form.default\">\n\t\t\t\t<div class=\"elementor-widget-container\">\n\t\t\t\t\t\t\t<search role=\"search\">\n\t\t\t<form class=\"elementor-search-form\" action=\"https:\/\/tuzilastvo.me\/sr_rs\/\" method=\"get\" data-trp-original-action=\"https:\/\/tuzilastvo.me\/sr_rs\">\n\t\t\t\t\t\t\t\t\t\t\t\t<div class=\"elementor-search-form__container\">\n\t\t\t\t\t<label class=\"elementor-screen-only\" for=\"elementor-search-form-2ed7e16\">\u041f\u0440\u0435\u0442\u0440\u0430\u0433\u0430<\/label>\n\n\t\t\t\t\t\n\t\t\t\t\t<input id=\"elementor-search-form-2ed7e16\" placeholder=\"\u041f\u0440\u0435\u0442\u0440\u0430\u0436\u0438\u0442\u0435\" class=\"elementor-search-form__input\" type=\"search\" name=\"s\" value=\"\">\n\t\t\t\t\t\n\t\t\t\t\t\t\t\t\t\t\t<button class=\"elementor-search-form__submit\" type=\"submit\" aria-label=\"\u041f\u0440\u0435\u0442\u0440\u0430\u0433\u0430\">\n\t\t\t\t\t\t\t\t\t\t\t\t\t\t\t<div class=\"e-font-icon-svg-container\"><svg class=\"fa fa-search e-font-icon-svg e-fas-search\" viewbox=\"0 0 512 512\" xmlns=\"http:\/\/www.w3.org\/2000\/svg\"><path d=\"M505 442.7L405.3 343c-4.5-4.5-10.6-7-17-7H372c27.6-35.3 44-79.7 44-128C416 93.1 322.9 0 208 0S0 93.1 0 208s93.1 208 208 208c48.3 0 92.7-16.4 128-44v16.3c0 6.4 2.5 12.5 7 17l99.7 99.7c9.4 9.4 24.6 9.4 33.9 0l28.3-28.3c9.4-9.4 9.4-24.6.1-34zM208 336c-70.7 0-128-57.2-128-128 0-70.7 57.2-128 128-128 70.7 0 128 57.2 128 128 0 70.7-57.2 128-128 128z\"><\/path><\/svg><\/div>\t\t\t\t\t\t\t\t\t\t\t\t\t<\/button>\n\t\t\t\t\t\n\t\t\t\t\t\t\t\t\t<\/div>\n\t\t\t<input type=\"hidden\" name=\"trp-form-language\" value=\"sr_rs\"\/><\/form>\n\t\t<\/search>\n\t\t\t\t\t\t<\/div>\n\t\t\t\t<\/div>\n\t\t<div class=\"elementor-element elementor-element-1c2b05ae e-con-full header-row e-flex e-con e-child\" data-id=\"1c2b05ae\" data-element_type=\"container\">\n\t\t\t\t<div class=\"elementor-element elementor-element-64fad946 title elementor-widget elementor-widget-heading\" data-id=\"64fad946\" data-element_type=\"widget\" data-widget_type=\"heading.default\">\n\t\t\t\t<div class=\"elementor-widget-container\">\n\t\t\t\t\t<h3 class=\"elementor-heading-title elementor-size-default\"><a href=\"https:\/\/tuzilastvo.me\/sr_rs\/osnovna-drzavna-tuzilastva\/odt-bijelo-polje\/\">\u041d\u0430\u0441\u043b\u043e\u0432\u043d\u0430<\/a><\/h3>\t\t\t\t<\/div>\n\t\t\t\t<\/div>\n\t\t\t\t<div class=\"elementor-element elementor-element-1f49d7ac title elementor-widget elementor-widget-heading\" data-id=\"1f49d7ac\" data-element_type=\"widget\" data-widget_type=\"heading.default\">\n\t\t\t\t<div class=\"elementor-widget-container\">\n\t\t\t\t\t<h3 class=\"elementor-heading-title elementor-size-default\"><a href=\"https:\/\/tuzilastvo.me\/sr_rs\/osnovna-drzavna-tuzilastva\/odt-bijelo-polje\/o-nama\/\">\u041e \u043d\u0430\u043c\u0430<\/a><\/h3>\t\t\t\t<\/div>\n\t\t\t\t<\/div>\n\t\t\t\t<div class=\"elementor-element elementor-element-53c65d4b title elementor-widget elementor-widget-heading\" data-id=\"53c65d4b\" data-element_type=\"widget\" data-widget_type=\"heading.default\">\n\t\t\t\t<div class=\"elementor-widget-container\">\n\t\t\t\t\t<h3 class=\"elementor-heading-title elementor-size-default\"><a href=\"https:\/\/tuzilastvo.me\/sr_rs\/osnovna-drzavna-tuzilastva\/odt-bijelo-polje\/biblioteka\/\">\u0411\u0438\u0431\u043b\u0438\u043e\u0442\u0435\u043a\u0430<\/a><\/h3>\t\t\t\t<\/div>\n\t\t\t\t<\/div>\n\t\t\t\t<div class=\"elementor-element elementor-element-5de709a title elementor-widget elementor-widget-heading\" data-id=\"5de709a\" data-element_type=\"widget\" data-widget_type=\"heading.default\">\n\t\t\t\t<div class=\"elementor-widget-container\">\n\t\t\t\t\t<h3 class=\"elementor-heading-title elementor-size-default\"><a href=\"https:\/\/tuzilastvo.me\/sr_rs\/osnovna-drzavna-tuzilastva\/odt-bijelo-polje\/odluke\/\">\u041e\u0434\u043b\u0443\u043a\u0435<\/a><\/h3>\t\t\t\t<\/div>\n\t\t\t\t<\/div>\n\t\t\t\t<div class=\"elementor-element elementor-element-76653a2 title elementor-widget elementor-widget-heading\" data-id=\"76653a2\" data-element_type=\"widget\" data-widget_type=\"heading.default\">\n\t\t\t\t<div class=\"elementor-widget-container\">\n\t\t\t\t\t<h3 class=\"elementor-heading-title elementor-size-default\"><a href=\"https:\/\/tuzilastvo.me\/sr_rs\/osnovna-drzavna-tuzilastva\/odt-bijelo-polje\/odnosi-s-javnoscu\/\">\u041e\u0434\u043d\u043e\u0441\u0438 \u0441 \u0458\u0430\u0432\u043d\u043e\u0448\u045b\u0443<\/a><\/h3>\t\t\t\t<\/div>\n\t\t\t\t<\/div>\n\t\t\t\t<div class=\"elementor-element elementor-element-33a1d187 title elementor-widget elementor-widget-heading\" data-id=\"33a1d187\" data-element_type=\"widget\" data-widget_type=\"heading.default\">\n\t\t\t\t<div class=\"elementor-widget-container\">\n\t\t\t\t\t<h3 class=\"elementor-heading-title elementor-size-default\"><a href=\"https:\/\/tuzilastvo.me\/sr_rs\/osnovna-drzavna-tuzilastva\/odt-bijelo-polje\/dezurni-tuzioci\/\">\u0414\u0435\u0436\u0443\u0440\u043d\u0438 \u0442\u0443\u0436\u0438\u043e\u0446\u0438<\/a><\/h3>\t\t\t\t<\/div>\n\t\t\t\t<\/div>\n\t\t\t\t<div class=\"elementor-element elementor-element-719d5de6 title elementor-widget elementor-widget-heading\" data-id=\"719d5de6\" data-element_type=\"widget\" data-widget_type=\"heading.default\">\n\t\t\t\t<div class=\"elementor-widget-container\">\n\t\t\t\t\t<h3 class=\"elementor-heading-title elementor-size-default\"><a href=\"https:\/\/tuzilastvo.me\/sr_rs\/osnovna-drzavna-tuzilastva\/odt-bijelo-polje\/oglasi\/\">\u041e\u0433\u043b\u0430\u0441\u0438<\/a><\/h3>\t\t\t\t<\/div>\n\t\t\t\t<\/div>\n\t\t\t\t<div class=\"elementor-element elementor-element-3a1af0fe title elementor-widget elementor-widget-heading\" data-id=\"3a1af0fe\" data-element_type=\"widget\" data-widget_type=\"heading.default\">\n\t\t\t\t<div class=\"elementor-widget-container\">\n\t\t\t\t\t<h3 class=\"elementor-heading-title elementor-size-default\"><a href=\"https:\/\/tuzilastvo.me\/sr_rs\/osnovna-drzavna-tuzilastva\/odt-bijelo-polje\/kontakt\/\">\u041a\u043e\u043d\u0442\u0430\u043a\u0442<\/a><\/h3>\t\t\t\t<\/div>\n\t\t\t\t<\/div>\n\t\t\t\t<\/div>\n\t\t\t\t\t<\/div>\n\t\t\t\t<\/div>\n\t\t\t\t<\/div>\n\t\t\t\t<\/div>\n\t\t\t\t\t\t<\/div>\n\t\t\t\t<\/div>\n\t\t\t\t<\/div>\n\t\t<div class=\"elementor-element elementor-element-32ad977 e-con-full e-flex e-con e-parent\" data-id=\"32ad977\" data-element_type=\"container\">\n\t\t\t\t<div class=\"elementor-element elementor-element-3f29652 elementor-widget elementor-widget-heading\" data-id=\"3f29652\" data-element_type=\"widget\" data-widget_type=\"heading.default\">\n\t\t\t\t<div class=\"elementor-widget-container\">\n\t\t\t\t\t<h2 class=\"elementor-heading-title elementor-size-default\">\u041e \u043d\u0430\u043c\u0430<\/h2>\t\t\t\t<\/div>\n\t\t\t\t<\/div>\n\t\t<div class=\"elementor-element elementor-element-5f6f442 e-con-full e-flex e-con e-child\" data-id=\"5f6f442\" data-element_type=\"container\">\n\t\t\t\t<div class=\"elementor-element elementor-element-dd34c13 elementor-widget elementor-widget-heading\" data-id=\"dd34c13\" data-element_type=\"widget\" data-widget_type=\"heading.default\">\n\t\t\t\t<div class=\"elementor-widget-container\">\n\t\t\t\t\t<h3 class=\"elementor-heading-title elementor-size-default\">\u0420\u0443\u043a\u043e\u0432\u043e\u0434\u0438\u043b\u0430\u0446<\/h3>\t\t\t\t<\/div>\n\t\t\t\t<\/div>\n\t\t\t\t<div class=\"elementor-element elementor-element-e41d2d3 elementor-widget__width-initial elementor-position-top elementor-widget elementor-widget-image-box\" data-id=\"e41d2d3\" data-element_type=\"widget\" data-widget_type=\"image-box.default\">\n\t\t\t\t<div class=\"elementor-widget-container\">\n\t\t\t\t\t<div class=\"elementor-image-box-wrapper\"><figure class=\"elementor-image-box-img\"><img fetchpriority=\"high\" decoding=\"async\" width=\"300\" height=\"228\" src=\"https:\/\/tuzilastvo.me\/wp-content\/uploads\/2025\/06\/Fotografija-Vladan-Dalovic-e1753688227834.jpg\" class=\"attachment-full size-full wp-image-51380\" alt=\"\" \/><\/figure><div class=\"elementor-image-box-content\"><h3 class=\"elementor-image-box-title\">\u0412\u043b\u0430\u0434\u0430\u043d \u0402\u0430\u043b\u043e\u0432\u0438\u045b<\/h3><p class=\"elementor-image-box-description\">\u0420\u0443\u043a\u043e\u0432\u043e\u0434\u0438\u043b\u0430\u0446 \u041e\u0441\u043d\u043e\u0432\u043d\u043e\u0433 \u0434\u0440\u0436\u0430\u0432\u043d\u043e\u0433 \u0442\u0443\u0436\u0438\u043b\u0430\u0448\u0442\u0432\u0430 \u0443 \u0411\u0438\u0458\u0435\u043b\u043e\u043c \u041f\u043e\u0459\u0443<\/p><\/div><\/div>\t\t\t\t<\/div>\n\t\t\t\t<\/div>\n\t\t\t\t<\/div>\n\t\t\t\t<div class=\"elementor-element elementor-element-1a11ec5 elementor-widget elementor-widget-text-editor\" data-id=\"1a11ec5\" data-element_type=\"widget\" data-widget_type=\"text-editor.default\">\n\t\t\t\t<div class=\"elementor-widget-container\">\n\t\t\t\t\t\t\t\t\t<p>\u0420\u043e\u0452\u0435\u043d 20.06.1978. \u0433\u043e\u0434\u0438\u043d\u0435 \u0443 \u0411\u0438\u0458\u0435\u043b\u043e\u043c \u041f\u043e\u0459\u0443, \u0433\u0434\u0458\u0435 \u0458\u0435 \u0441\u0442\u0435\u043a\u0430\u043e \u043e\u0441\u043d\u043e\u0432\u043d\u043e \u0438 \u0441\u0440\u0435\u0434\u045a\u0435 \u043e\u0431\u0440\u0430\u0437\u043e\u0432\u0430\u045a\u0435. \u041f\u0440\u0430\u0432\u043d\u0438 \u0444\u0430\u043a\u0443\u043b\u0442\u0435\u0442 \u0437\u0430\u0432\u0440\u0448\u0438\u043e \u043d\u0430 \u041f\u0440\u0430\u0432\u043d\u043e\u043c \u0444\u0430\u043a\u0443\u043b\u0442\u0435\u0442\u0443 \u0423\u043d\u0438\u0432\u0435\u0440\u0437\u0438\u0442\u0435\u0442\u0430 \u0443 \u041a\u0440\u0430\u0433\u0443\u0458\u0435\u0432\u0446\u0443.<\/p>\n<ul>\n<li>\u041f\u0440\u0438\u043f\u0440\u0430\u0432\u043d\u0438\u0447\u043a\u0438 \u0441\u0442\u0430\u0436 \u043e\u0431\u0430\u0432\u0438\u043e \u0443 \u0412\u0438\u0448\u0435\u043c \u0434\u0440\u0436\u0430\u0432\u043d\u043e\u043c \u0442\u0443\u0436\u0438\u043b\u0430\u0448\u0442\u0432\u0443 \u0443 \u0411\u0438\u0458\u0435\u043b\u043e\u043c \u041f\u043e\u0459\u0443.<\/li>\n<li>\u041f\u043e\u0441\u043b\u043e\u0432\u0435 \u0441\u0442\u0440\u0443\u0447\u043d\u043e\u0433 \u0441\u0430\u0440\u0430\u0434\u043d\u0438\u043a\u0430 \u043e\u0431\u0430\u0432\u0459\u0430\u043e \u0443 \u041e\u0441\u043d\u043e\u0432\u043d\u043e\u043c \u0438 \u0412\u0438\u0448\u0435\u043c \u0441\u0443\u0434\u0443 \u0443 \u0411\u0438\u0458\u0435\u043b\u043e\u043c \u041f\u043e\u0459\u0443, \u0442\u043e\u043a\u043e\u043c 2009. \u0438 2010. \u0433\u043e\u0434\u0438\u043d\u0435.<\/li>\n<li>\u0417\u0430 \u0434\u0440\u0436\u0430\u0432\u043d\u043e\u0433 \u0442\u0443\u0436\u0438\u043e\u0446\u0430 \u0443 \u041e\u0441\u043d\u043e\u0432\u043d\u043e\u043c \u0434\u0440\u0436\u0430\u0432\u043d\u043e\u043c \u0442\u0443\u0436\u0438\u043b\u0430\u0448\u0442\u0432\u0443 \u0443 \u0411\u0435\u0440\u0430\u043d\u0430\u043c\u0430 \u0438\u0437\u0430\u0431\u0440\u0430\u043d 30.07.2010. \u0433\u043e\u0434\u0438\u043d\u0435, \u043a\u043e\u0458\u0443 \u0444\u0443\u043d\u043a\u0446\u0438\u0458\u0443 \u043e\u0431\u0430\u0432\u0459\u0430 \u0434\u043e \u0458\u0443\u043d\u0430 2016. \u0433\u043e\u0434\u0438\u043d\u0435, \u043a\u0430\u0434\u0430 \u0458\u0435 \u043e\u0434\u043b\u0443\u043a\u043e\u043c \u0422\u0443\u0436\u0438\u043b\u0430\u0447\u043a\u043e\u0433 \u0441\u0430\u0432\u0435\u0442\u0430 \u043e \u0434\u043e\u0431\u0440\u043e\u0432\u043e\u0459\u043d\u043e\u043c \u0440\u0430\u0441\u043f\u043e\u0440\u0435\u0452\u0438\u0432\u0430\u045a\u0443 \u0438\u0437\u0430\u0431\u0440\u0430\u043d \u0437\u0430 \u0442\u0443\u0436\u0438\u043e\u0446\u0430 \u0443 \u041e\u0441\u043d\u043e\u0432\u043d\u043e\u043c \u0434\u0440\u0436\u0430\u0432\u043d\u043e\u043c \u0442\u0443\u0436\u0438\u043b\u0430\u0448\u0442\u0432\u0443 \u0443 \u0411\u0438\u0458\u0435\u043b\u043e\u043c \u041f\u043e\u0459\u0443.<\/li>\n<\/ul>\n<p>\u041e\u0434\u043b\u0443\u043a\u043e\u043c \u0422\u0443\u0436\u0438\u043b\u0430\u0447\u043a\u043e\u0433 \u0441\u0430\u0432\u0458\u0435\u0442\u0430 \u043e\u0434 28.06.2019. \u0433\u043e\u0434\u0438\u043d\u0435 \u0438\u0437\u0430\u0431\u0440\u0430\u043d \u0458\u0435 \u0437\u0430 \u0434\u0440\u0436\u0430\u0432\u043d\u043e\u0433 \u0442\u0443\u0436\u0438\u043e\u0446\u0430 \u0443 \u0412\u0438\u0448\u0435\u043c \u0434\u0440\u0436\u0430\u0432\u043d\u043e\u043c \u0442\u0443\u0436\u0438\u043b\u0430\u0448\u0442\u0432\u0443 \u0443 \u0411\u0438\u0458\u0435\u043b\u043e\u043c \u041f\u043e\u0459\u0443, \u043a\u043e\u0458\u0443 \u0444\u0443\u043d\u043a\u0446\u0438\u0458\u0443 \u043e\u0431\u0430\u0432\u0459\u0430 \u0434\u043e 06.05.2024. \u0433\u043e\u0434\u0438\u043d\u0435, \u043d\u0430\u043a\u043e\u043d \u0447\u0435\u0433\u0430 \u0458\u0435 \u0434\u0430\u043d\u0430 07.05.2024. \u0433\u043e\u0434\u0438\u043d\u0435, \u043e\u0434\u043b\u0443\u043a\u043e\u043c \u0422\u0443\u0436\u0438\u043b\u0430\u0447\u043a\u043e\u0433 \u0441\u0430\u0432\u0458\u0435\u0442\u0430 \u0438\u0437\u0430\u0431\u0440\u0430\u043d \u0437\u0430 \u0440\u0443\u043a\u043e\u0432\u043e\u0434\u0438\u043e\u0446\u0430 \u041e\u0441\u043d\u043e\u0432\u043d\u043e\u0433 \u0434\u0440\u0436\u0430\u0432\u043d\u043e\u0433 \u0442\u0443\u0436\u0438\u043b\u0430\u0448\u0442\u0432\u0430 \u0443 \u0411\u0438\u0458\u0435\u043b\u043e\u043c \u041f\u043e\u0459\u0443.<\/p>\t\t\t\t\t\t\t\t<\/div>\n\t\t\t\t<\/div>\n\t\t\t\t<\/div>\n\t\t\t\t<\/div>","protected":false},"excerpt":{"rendered":"<p>O nama Rukovodilac Vladan \u0110alovi\u0107 Rukovodilac Osnovnog Dr\u017eavnog tu\u017eila\u0161tva u Bijelom Polju Ro\u0111en 20.06.1978. godine u Bijelom Polju, gdje je [&hellip;]<\/p>","protected":false},"author":17,"featured_media":0,"parent":5835,"menu_order":0,"comment_status":"closed","ping_status":"closed","template":"","meta":{"_acf_changed":false,"site-sidebar-layout":"no-sidebar","site-content-layout":"","ast-site-content-layout":"full-width-container","site-content-style":"default","site-sidebar-style":"default","ast-global-header-display":"","ast-banner-title-visibility":"","ast-main-header-display":"","ast-hfb-above-header-display":"","ast-hfb-below-header-display":"","ast-hfb-mobile-header-display":"","site-post-title":"disabled","ast-breadcrumbs-content":"","ast-featured-img":"disabled","footer-sml-layout":"","theme-transparent-header-meta":"","adv-header-id-meta":"","stick-header-meta":"","header-above-stick-meta":"","header-main-stick-meta":"","header-below-stick-meta":"","astra-migrate-meta-layouts":"default","ast-page-background-enabled":"default","ast-page-background-meta":{"desktop":{"background-color":"var(--ast-global-color-4)","background-image":"","background-repeat":"repeat","background-position":"center center","background-size":"auto","background-attachment":"scroll","background-type":"","background-media":"","overlay-type":"","overlay-color":"","overlay-opacity":"","overlay-gradient":""},"tablet":{"background-color":"","background-image":"","background-repeat":"repeat","background-position":"center center","background-size":"auto","background-attachment":"scroll","background-type":"","background-media":"","overlay-type":"","overlay-color":"","overlay-opacity":"","overlay-gradient":""},"mobile":{"background-color":"","background-image":"","background-repeat":"repeat","background-position":"center center","background-size":"auto","background-attachment":"scroll","background-type":"","background-media":"","overlay-type":"","overlay-color":"","overlay-opacity":"","overlay-gradient":""}},"ast-content-background-meta":{"desktop":{"background-color":"var(--ast-global-color-5)","background-image":"","background-repeat":"repeat","background-position":"center center","background-size":"auto","background-attachment":"scroll","background-type":"","background-media":"","overlay-type":"","overlay-color":"","overlay-opacity":"","overlay-gradient":""},"tablet":{"background-color":"var(--ast-global-color-5)","background-image":"","background-repeat":"repeat","background-position":"center center","background-size":"auto","background-attachment":"scroll","background-type":"","background-media":"","overlay-type":"","overlay-color":"","overlay-opacity":"","overlay-gradient":""},"mobile":{"background-color":"var(--ast-global-color-5)","background-image":"","background-repeat":"repeat","background-position":"center center","background-size":"auto","background-attachment":"scroll","background-type":"","background-media":"","overlay-type":"","overlay-color":"","overlay-opacity":"","overlay-gradient":""}},"footnotes":""},"class_list":["post-5871","page","type-page","status-publish","hentry"],"acf":[],"_links":{"self":[{"href":"https:\/\/tuzilastvo.me\/sr_rs\/wp-json\/wp\/v2\/pages\/5871","targetHints":{"allow":["GET"]}}],"collection":[{"href":"https:\/\/tuzilastvo.me\/sr_rs\/wp-json\/wp\/v2\/pages"}],"about":[{"href":"https:\/\/tuzilastvo.me\/sr_rs\/wp-json\/wp\/v2\/types\/page"}],"author":[{"embeddable":true,"href":"https:\/\/tuzilastvo.me\/sr_rs\/wp-json\/wp\/v2\/users\/17"}],"replies":[{"embeddable":true,"href":"https:\/\/tuzilastvo.me\/sr_rs\/wp-json\/wp\/v2\/comments?post=5871"}],"version-history":[{"count":22,"href":"https:\/\/tuzilastvo.me\/sr_rs\/wp-json\/wp\/v2\/pages\/5871\/revisions"}],"predecessor-version":[{"id":71844,"href":"https:\/\/tuzilastvo.me\/sr_rs\/wp-json\/wp\/v2\/pages\/5871\/revisions\/71844"}],"up":[{"embeddable":true,"href":"https:\/\/tuzilastvo.me\/sr_rs\/wp-json\/wp\/v2\/pages\/5835"}],"wp:attachment":[{"href":"https:\/\/tuzilastvo.me\/sr_rs\/wp-json\/wp\/v2\/media?parent=5871"}],"curies":[{"name":"wp","href":"https:\/\/api.w.org\/{rel}","templated":true}]}}