{"id":6226,"date":"2024-12-27T05:19:26","date_gmt":"2024-12-27T05:19:26","guid":{"rendered":"https:\/\/istorijskaistrazivanja.com\/?page_id=6226"},"modified":"2025-11-18T11:59:58","modified_gmt":"2025-11-18T11:59:58","slug":"rukovodilac","status":"publish","type":"page","link":"https:\/\/tuzilastvo.me\/sr_rs\/osnovna-drzavna-tuzilastva\/odt-rozaje\/o-nama\/rukovodilac\/","title":{"rendered":"\u0420\u0443\u043a\u043e\u0432\u043e\u0434\u0438\u043b\u0430\u0446"},"content":{"rendered":"<div data-elementor-type=\"wp-page\" data-elementor-id=\"6226\" class=\"elementor elementor-6226\" data-elementor-post-type=\"page\">\n\t\t\t\t<div class=\"elementor-element elementor-element-a3210f1 e-con-full e-flex e-con e-parent\" data-id=\"a3210f1\" data-element_type=\"container\">\n\t\t\t\t<div class=\"elementor-element elementor-element-95da469 elementor-widget elementor-widget-template\" data-id=\"95da469\" data-element_type=\"widget\" data-widget_type=\"template.default\">\n\t\t\t\t<div class=\"elementor-widget-container\">\n\t\t\t\t\t\t\t<div class=\"elementor-template\">\n\t\t\t\t\t<div data-elementor-type=\"container\" data-elementor-id=\"65866\" class=\"elementor elementor-65866\" data-elementor-post-type=\"elementor_library\">\n\t\t\t\t<div class=\"elementor-element elementor-element-6eb04907 e-flex e-con-boxed e-con e-parent\" data-id=\"6eb04907\" data-element_type=\"container\" data-settings=\"{&quot;background_background&quot;:&quot;classic&quot;,&quot;sticky&quot;:&quot;top&quot;,&quot;sticky_on&quot;:[&quot;desktop&quot;,&quot;tablet&quot;,&quot;mobile&quot;],&quot;sticky_offset&quot;:0,&quot;sticky_effects_offset&quot;:0,&quot;sticky_anchor_link_offset&quot;:0}\">\n\t\t\t\t\t<div class=\"e-con-inner\">\n\t\t\t\t<div class=\"elementor-element elementor-element-294dadd1 elementor-widget elementor-widget-heading\" data-id=\"294dadd1\" data-element_type=\"widget\" data-widget_type=\"heading.default\">\n\t\t\t\t<div class=\"elementor-widget-container\">\n\t\t\t\t\t<h1 class=\"elementor-heading-title elementor-size-default\">\u041e\u0414\u0422 \u0420\u041e\u0416\u0410\u0408\u0415<\/h1>\t\t\t\t<\/div>\n\t\t\t\t<\/div>\n\t\t\t\t<div class=\"elementor-element elementor-element-51efbae3 elementor-search-form--skin-classic elementor-search-form--button-type-icon elementor-search-form--icon-search elementor-widget elementor-widget-search-form\" data-id=\"51efbae3\" data-element_type=\"widget\" data-settings=\"{&quot;skin&quot;:&quot;classic&quot;}\" data-widget_type=\"search-form.default\">\n\t\t\t\t<div class=\"elementor-widget-container\">\n\t\t\t\t\t\t\t<search role=\"search\">\n\t\t\t<form class=\"elementor-search-form\" action=\"https:\/\/tuzilastvo.me\/sr_rs\/\" method=\"get\" data-trp-original-action=\"https:\/\/tuzilastvo.me\/sr_rs\">\n\t\t\t\t\t\t\t\t\t\t\t\t<div class=\"elementor-search-form__container\">\n\t\t\t\t\t<label class=\"elementor-screen-only\" for=\"elementor-search-form-51efbae3\">\u041f\u0440\u0435\u0442\u0440\u0430\u0433\u0430<\/label>\n\n\t\t\t\t\t\n\t\t\t\t\t<input id=\"elementor-search-form-51efbae3\" placeholder=\"\u041f\u0440\u0435\u0442\u0440\u0430\u0436\u0438\u0442\u0435\" class=\"elementor-search-form__input\" type=\"search\" name=\"s\" value=\"\">\n\t\t\t\t\t\n\t\t\t\t\t\t\t\t\t\t\t<button class=\"elementor-search-form__submit\" type=\"submit\" aria-label=\"\u041f\u0440\u0435\u0442\u0440\u0430\u0433\u0430\">\n\t\t\t\t\t\t\t\t\t\t\t\t\t\t\t<div class=\"e-font-icon-svg-container\"><svg class=\"fa fa-search e-font-icon-svg e-fas-search\" viewbox=\"0 0 512 512\" xmlns=\"http:\/\/www.w3.org\/2000\/svg\"><path d=\"M505 442.7L405.3 343c-4.5-4.5-10.6-7-17-7H372c27.6-35.3 44-79.7 44-128C416 93.1 322.9 0 208 0S0 93.1 0 208s93.1 208 208 208c48.3 0 92.7-16.4 128-44v16.3c0 6.4 2.5 12.5 7 17l99.7 99.7c9.4 9.4 24.6 9.4 33.9 0l28.3-28.3c9.4-9.4 9.4-24.6.1-34zM208 336c-70.7 0-128-57.2-128-128 0-70.7 57.2-128 128-128 70.7 0 128 57.2 128 128 0 70.7-57.2 128-128 128z\"><\/path><\/svg><\/div>\t\t\t\t\t\t\t\t\t\t\t\t\t<\/button>\n\t\t\t\t\t\n\t\t\t\t\t\t\t\t\t<\/div>\n\t\t\t<input type=\"hidden\" name=\"trp-form-language\" value=\"sr_rs\"\/><\/form>\n\t\t<\/search>\n\t\t\t\t\t\t<\/div>\n\t\t\t\t<\/div>\n\t\t<div class=\"elementor-element elementor-element-813354a e-con-full header-row e-flex e-con e-child\" data-id=\"813354a\" data-element_type=\"container\">\n\t\t\t\t<div class=\"elementor-element elementor-element-3781298a title elementor-widget elementor-widget-heading\" data-id=\"3781298a\" data-element_type=\"widget\" data-widget_type=\"heading.default\">\n\t\t\t\t<div class=\"elementor-widget-container\">\n\t\t\t\t\t<h3 class=\"elementor-heading-title elementor-size-default\"><a href=\"https:\/\/tuzilastvo.me\/sr_rs\/osnovna-drzavna-tuzilastva\/odt-rozaje\/\">\u041d\u0430\u0441\u043b\u043e\u0432\u043d\u0430<\/a><\/h3>\t\t\t\t<\/div>\n\t\t\t\t<\/div>\n\t\t\t\t<div class=\"elementor-element elementor-element-2cf34deb title elementor-widget elementor-widget-heading\" data-id=\"2cf34deb\" data-element_type=\"widget\" data-widget_type=\"heading.default\">\n\t\t\t\t<div class=\"elementor-widget-container\">\n\t\t\t\t\t<h3 class=\"elementor-heading-title elementor-size-default\"><a href=\"https:\/\/tuzilastvo.me\/sr_rs\/osnovna-drzavna-tuzilastva\/odt-rozaje\/o-nama\/\">\u041e \u043d\u0430\u043c\u0430<\/a><\/h3>\t\t\t\t<\/div>\n\t\t\t\t<\/div>\n\t\t\t\t<div class=\"elementor-element elementor-element-394041 title elementor-widget elementor-widget-heading\" data-id=\"394041\" data-element_type=\"widget\" data-widget_type=\"heading.default\">\n\t\t\t\t<div class=\"elementor-widget-container\">\n\t\t\t\t\t<h3 class=\"elementor-heading-title elementor-size-default\"><a href=\"https:\/\/tuzilastvo.me\/sr_rs\/osnovna-drzavna-tuzilastva\/odt-rozaje\/biblioteka\/\">\u0411\u0438\u0431\u043b\u0438\u043e\u0442\u0435\u043a\u0430<\/a><\/h3>\t\t\t\t<\/div>\n\t\t\t\t<\/div>\n\t\t\t\t<div class=\"elementor-element elementor-element-47d33b3 title elementor-widget elementor-widget-heading\" data-id=\"47d33b3\" data-element_type=\"widget\" data-widget_type=\"heading.default\">\n\t\t\t\t<div class=\"elementor-widget-container\">\n\t\t\t\t\t<h3 class=\"elementor-heading-title elementor-size-default\"><a href=\"https:\/\/tuzilastvo.me\/sr_rs\/osnovna-drzavna-tuzilastva\/odt-rozaje\/odluke\/\">\u041e\u0434\u043b\u0443\u043a\u0435<\/a><\/h3>\t\t\t\t<\/div>\n\t\t\t\t<\/div>\n\t\t\t\t<div class=\"elementor-element elementor-element-69bc9bd7 title elementor-widget elementor-widget-heading\" data-id=\"69bc9bd7\" data-element_type=\"widget\" data-widget_type=\"heading.default\">\n\t\t\t\t<div class=\"elementor-widget-container\">\n\t\t\t\t\t<h3 class=\"elementor-heading-title elementor-size-default\"><a href=\"https:\/\/tuzilastvo.me\/sr_rs\/osnovna-drzavna-tuzilastva\/odt-rozaje\/odnosi-s-javnoscu\/\">\u041e\u0434\u043d\u043e\u0441\u0438 \u0441 \u0458\u0430\u0432\u043d\u043e\u0448\u045b\u0443 <\/a><\/h3>\t\t\t\t<\/div>\n\t\t\t\t<\/div>\n\t\t\t\t<div class=\"elementor-element elementor-element-35c43991 title elementor-widget elementor-widget-heading\" data-id=\"35c43991\" data-element_type=\"widget\" data-widget_type=\"heading.default\">\n\t\t\t\t<div class=\"elementor-widget-container\">\n\t\t\t\t\t<h3 class=\"elementor-heading-title elementor-size-default\"><a href=\"https:\/\/tuzilastvo.me\/sr_rs\/osnovna-drzavna-tuzilastva\/odt-rozaje\/dezurni-tuzioci\/\">\u0414\u0435\u0436\u0443\u0440\u043d\u0438 \u0442\u0443\u0436\u0438\u043e\u0446\u0438<\/a><\/h3>\t\t\t\t<\/div>\n\t\t\t\t<\/div>\n\t\t\t\t<div class=\"elementor-element elementor-element-4ee0bac title elementor-widget elementor-widget-heading\" data-id=\"4ee0bac\" data-element_type=\"widget\" data-widget_type=\"heading.default\">\n\t\t\t\t<div class=\"elementor-widget-container\">\n\t\t\t\t\t<h3 class=\"elementor-heading-title elementor-size-default\"><a href=\"https:\/\/tuzilastvo.me\/sr_rs\/osnovna-drzavna-tuzilastva\/odt-rozaje\/oglasi\/\">\u041e\u0433\u043b\u0430\u0441\u0438<\/a><\/h3>\t\t\t\t<\/div>\n\t\t\t\t<\/div>\n\t\t\t\t<div class=\"elementor-element elementor-element-72a41458 title elementor-widget elementor-widget-heading\" data-id=\"72a41458\" data-element_type=\"widget\" data-widget_type=\"heading.default\">\n\t\t\t\t<div class=\"elementor-widget-container\">\n\t\t\t\t\t<h3 class=\"elementor-heading-title elementor-size-default\"><a href=\"https:\/\/tuzilastvo.me\/sr_rs\/osnovna-drzavna-tuzilastva\/odt-rozaje\/kontakt\/\">\u041a\u043e\u043d\u0442\u0430\u043a\u0442<\/a><\/h3>\t\t\t\t<\/div>\n\t\t\t\t<\/div>\n\t\t\t\t<\/div>\n\t\t\t\t\t<\/div>\n\t\t\t\t<\/div>\n\t\t\t\t<\/div>\n\t\t\t\t<\/div>\n\t\t\t\t\t\t<\/div>\n\t\t\t\t<\/div>\n\t\t\t\t<\/div>\n\t\t<div class=\"elementor-element elementor-element-32ad977 e-con-full e-flex e-con e-parent\" data-id=\"32ad977\" data-element_type=\"container\">\n\t\t\t\t<div class=\"elementor-element elementor-element-3f29652 elementor-widget elementor-widget-heading\" data-id=\"3f29652\" data-element_type=\"widget\" data-widget_type=\"heading.default\">\n\t\t\t\t<div class=\"elementor-widget-container\">\n\t\t\t\t\t<h2 class=\"elementor-heading-title elementor-size-default\">\u0420\u0443\u043a\u043e\u0432\u043e\u0434\u0438\u043b\u0430\u0446<\/h2>\t\t\t\t<\/div>\n\t\t\t\t<\/div>\n\t\t<div class=\"elementor-element elementor-element-5f6f442 e-con-full e-flex e-con e-child\" data-id=\"5f6f442\" data-element_type=\"container\">\n\t\t\t\t<div class=\"elementor-element elementor-element-e41d2d3 elementor-widget__width-initial elementor-position-top elementor-widget elementor-widget-image-box\" data-id=\"e41d2d3\" data-element_type=\"widget\" data-widget_type=\"image-box.default\">\n\t\t\t\t<div class=\"elementor-widget-container\">\n\t\t\t\t\t<div class=\"elementor-image-box-wrapper\"><figure class=\"elementor-image-box-img\"><img fetchpriority=\"high\" decoding=\"async\" width=\"272\" height=\"300\" src=\"https:\/\/tuzilastvo.me\/wp-content\/uploads\/2025\/06\/Aldin-Foto-272x300.jpeg\" class=\"attachment-medium size-medium wp-image-51241\" alt=\"\" srcset=\"https:\/\/tuzilastvo.me\/wp-content\/uploads\/2025\/06\/Aldin-Foto-272x300.jpeg 272w, https:\/\/tuzilastvo.me\/wp-content\/uploads\/2025\/06\/Aldin-Foto-11x12.jpeg 11w, https:\/\/tuzilastvo.me\/wp-content\/uploads\/2025\/06\/Aldin-Foto.jpeg 602w\" sizes=\"(max-width: 272px) 100vw, 272px\" \/><\/figure><div class=\"elementor-image-box-content\"><h3 class=\"elementor-image-box-title\">\u0410\u043b\u0434\u0438\u043d \u041a\u0430\u043b\u0430\u0447<br>\u0420\u0443\u043a\u043e\u0432\u043e\u0434\u0438\u043b\u0430\u0446 - \u0434\u0440\u0436\u0430\u0432\u043d\u0438 \u0442\u0443\u0436\u0438\u043b\u0430\u0446<\/h3><\/div><\/div>\t\t\t\t<\/div>\n\t\t\t\t<\/div>\n\t\t\t\t<\/div>\n\t\t\t\t<\/div>\n\t\t<div class=\"elementor-element elementor-element-5fea27b e-flex e-con-boxed e-con e-parent\" data-id=\"5fea27b\" data-element_type=\"container\">\n\t\t\t\t\t<div class=\"e-con-inner\">\n\t\t\t\t<div class=\"elementor-element elementor-element-2d4813f elementor-widget elementor-widget-text-editor\" data-id=\"2d4813f\" data-element_type=\"widget\" data-widget_type=\"text-editor.default\">\n\t\t\t\t<div class=\"elementor-widget-container\">\n\t\t\t\t\t\t\t\t\t<p>\u0420\u043e\u0452\u0435\u043d 14. \u0458\u0443\u043b\u0430 1983. \u0433\u043e\u0434\u0438\u043d\u0435 \u0443 \u0420\u043e\u0436\u0430\u0458\u0430\u043c\u0430.<\/p><p><strong>\u041e\u0431\u0440\u0430\u0437\u043e\u0432\u0430\u045a\u0435:<\/strong><\/p><p>\u041e\u0441\u043d\u043e\u0432\u043d\u0443 \u0448\u043a\u043e\u043b\u0443 \u0438 \u0433\u0438\u043c\u043d\u0430\u0437\u0438\u0458\u0443 \u0437\u0430\u0432\u0440\u0448\u0438\u043e \u0458\u0435 \u0443 \u0420\u043e\u0436\u0430\u0458\u0430\u043c\u0430, \u0430 \u041f\u0440\u0430\u0432\u043d\u0438 \u0444\u0430\u043a\u0443\u043b\u0442\u0435\u0442 \u0423\u043d\u0438\u0432\u0435\u0440\u0437\u0438\u0442\u0435\u0442\u0430 \u0426\u0440\u043d\u0435 \u0413\u043e\u0440\u0435 \u0443 \u041f\u043e\u0434\u0433\u043e\u0440\u0438\u0446\u0438.<\/p><p><strong>\u0420\u0430\u0434 \u0443 \u0441\u043b\u0443\u0436\u0431\u0438:<\/strong><\/p><ul><li>\u043e\u0434 30.04.2007. \u0433\u043e\u0434\u0438\u043d\u0435, \u0434\u043e 01.05.2010. \u0433\u043e\u0434\u0438\u043d\u0435, \u043e\u0431\u0430\u0432\u0459\u0430 \u043f\u0440\u0438\u043f\u0440\u0430\u0432\u043d\u0438\u0447\u043a\u0438 \u0441\u0442\u0430\u0436 \u0443 \u041e\u0441\u043d\u043e\u0432\u043d\u043e\u043c \u0434\u0440\u0436\u0430\u0432\u043d\u043e\u043c \u0442\u0443\u0436\u0438\u043b\u0430\u0448\u0442\u0432\u0443 \u0443 \u0420\u043e\u0436\u0430\u0458\u0430\u043c\u0430,<\/li><li>\u043e\u0434 01.05.2010. \u0433\u043e\u0434\u0438\u043d\u0435, \u0434\u043e 27.07.2011.\u0433\u043e\u0434\u0438\u043d\u0435, \u0443\u043f\u0440\u0430\u0432\u0438\u0442\u0435\u0459 \u043f\u0438\u0441\u0430\u0440\u043d\u0438\u0446\u0435 \u0443 \u041e\u0441\u043d\u043e\u0432\u043d\u043e\u043c \u0434\u0440\u0436\u0430\u0432\u043d\u043e\u043c \u0442\u0443\u0436\u0438\u043b\u0430\u0448\u0442\u0432\u0443 \u0443 \u0420\u043e\u0436\u0430\u0458\u0430\u043c\u0430.<\/li><li>\u043e\u0434 27.07.2011. \u0433\u043e\u0434\u0438\u043d\u0435, \u0434\u043e 27.07.2014. \u0433\u043e\u0434\u0438\u043d\u0435, \u0437\u0430\u043c\u0458\u0435\u043d\u0438\u043a \u0442\u0443\u0436\u0438\u043e\u0446\u0430 \u0443 \u041e\u0441\u043d\u043e\u0432\u043d\u043e\u043c \u0434\u0440\u0436\u0430\u0432\u043d\u043e\u043c \u0442\u0443\u0436\u0438\u043b\u0430\u0448\u0442\u0432\u0443 \u0443 \u0420\u043e\u0436\u0430\u0458\u0430\u043c\u0430.<\/li><li>\u043e\u0434 06.07.2015. \u0433\u043e\u0434\u0438\u043d\u0435, \u0434\u0440\u0436\u0430\u0432\u043d\u0438 \u0442\u0443\u0436\u0438\u043b\u0430\u0446 \u0443 \u041e\u0441\u043d\u043e\u0432\u043d\u043e\u043c \u0434\u0440\u0436\u0430\u0432\u043d\u043e\u043c \u0442\u0443\u0436\u0438\u043b\u0430\u0448\u0442\u0432\u0443 \u0443 \u0420\u043e\u0436\u0430\u0458\u0430\u043c\u0430.<\/li><li>\u043e\u0434 12.10.2016. \u0433\u043e\u0434\u0438\u043d\u0435, \u0434\u043e 12.01.2017. \u0433\u043e\u0434\u0438\u043d\u0435, \u0443\u043f\u0443\u045b\u0435\u043d \u043d\u0430 \u0440\u0430\u0434 \u0443 \u0421\u043f\u0435\u0446\u0438\u0458\u0430\u043b\u043d\u043e \u0434\u0440\u0436\u0430\u0432\u043d\u043e \u0442\u0443\u0436\u0438\u043b\u0430\u0448\u0442\u0432\u043e \u0443 \u043a\u043e\u0458\u0435\u043c \u0458\u0435 \u043e\u0431\u0440\u0430\u0452\u0438\u0432\u0430\u043e \u043a\u0440\u0438\u0432\u0438\u0447\u043d\u0430 \u0434\u0458\u0435\u043b\u0430 \u0438\u0437 \u0433\u043b\u0430\u0432\u0435 XVI \u041a\u0440\u0438\u0432\u0438\u0447\u043d\u043e\u0433 \u0437\u0430\u043a\u043e\u043d\u0438\u043a\u0430 \u0426\u0440\u043d\u0435 \u0413\u043e\u0440\u0435 \u2013 \u043f\u0440\u043e\u0442\u0438\u0432 \u0438\u0437\u0431\u043e\u0440\u043d\u0438\u0445 \u043f\u0440\u0430\u0432\u0430, \u043d\u0430\u043a\u043e\u043d \u0447\u0435\u0433\u0430 \u0458\u0435 \u043d\u0430\u0441\u0442\u0430\u0432\u0438\u043e \u0441\u0430 \u043f\u043e\u0441\u043b\u043e\u0432\u0438\u043c\u0430 \u0434\u0440\u0436\u0430\u0432\u043d\u043e\u0433 \u0442\u0443\u0436\u0438\u043e\u0446\u0430 \u0443 \u041e\u0441\u043d\u043e\u0432\u043d\u043e\u043c \u0434\u0440\u0436\u0430\u0432\u043d\u043e\u043c \u0442\u0443\u0436\u0438\u043b\u0430\u0448\u0442\u0432\u0443 \u0443 \u0420\u043e\u0436\u0430\u0458\u0430\u043c\u0430.<\/li><li>\u0434\u0430\u043d\u0430 12.05.2021. \u0433\u043e\u0434\u0438\u043d\u0435, \u0438\u0437\u0430\u0431\u0440\u0430\u043d \u0458\u0435 \u0437\u0430 \u0440\u0443\u043a\u043e\u0432\u043e\u0434\u0438\u043e\u0446\u0430 \u041e\u0441\u043d\u043e\u0432\u043d\u043e\u0433 \u0434\u0440\u0436\u0430\u0432\u043d\u043e\u0433 \u0442\u0443\u0436\u0438\u043b\u0430\u0448\u0442\u0432\u0430 \u0443 \u0420\u043e\u0436\u0430\u0458\u0430\u043c\u0430.<\/li><\/ul><p><strong>\u0410\u043a\u0442\u0438\u0432\u043d\u043e\u0441\u0442\u0438 \u0443 \u0441\u0442\u0440\u0443\u0446\u0438:<\/strong><\/p><p>\u041d\u0430 \u0432\u0438\u0448\u0435 \u043a\u043e\u043d\u0442\u0438\u043d\u0443\u0438\u0440\u0430\u043d\u0438\u0445 \u043e\u0431\u0443\u043a\u0430, \u0440\u0430\u0437\u043d\u0438\u0445 \u0435\u0434\u0443\u043a\u0430\u0446\u0438\u0458\u0430 \u0438 \u043a\u0443\u0440\u0441\u0435\u0432\u0430 \u043e \u0447\u0435\u043c\u0443 \u043f\u043e\u0441\u0458\u0435\u0434\u0443\u0458\u0435 \u0431\u0440\u043e\u0458\u043d\u0435 \u0441\u0435\u0440\u0442\u0438\u0444\u0438\u043a\u0430\u0442\u0435 \u043e\u0434 \u043a\u043e\u0458\u0438\u0445 \u0441\u0435 \u0438\u0437\u0434\u0432\u0430\u0458\u0430\u0458\u0443 \u0441\u0435\u0440\u0442\u0438\u0444\u0438\u043a\u0430\u0442\u0438 \u043e \u0437\u0430\u0432\u0440\u0448\u0435\u043d\u043e\u0458 \u0441\u043f\u0435\u0446\u0438\u0458\u0430\u043b\u0438\u0441\u0442\u0438\u0447\u043a\u043e\u0458 \u043e\u0431\u0443\u0446\u0438 \u0437\u0430 \u0442\u0443\u0436\u0438\u043e\u0446\u0435 \u0437\u0430 \u043c\u0430\u043b\u043e\u0459\u0435\u0442\u043d\u0438\u043a\u0435, \u043e\u0434\u043d\u043e\u0441\u0435 \u0441\u0430 \u0458\u0430\u0432\u043d\u043e\u0448\u045b\u0443, \u0444\u0438\u043d\u0430\u043d\u0441\u0438\u0458\u0441\u043a\u0435 \u0438\u0441\u0442\u0440\u0430\u0433\u0435, \u0441\u0430\u0458\u0431\u0435\u0440 \u043a\u0440\u0438\u043c\u0438\u043d\u0430\u043b \u0438 \u0430\u043d\u0442\u0438\u0434\u0438\u0441\u043a\u0440\u0438\u043c\u0438\u043d\u0430\u0446\u0438\u043e\u043d\u0438 \u043a\u0443\u0440\u0441 \u0421\u0430\u0432\u0458\u0435\u0442\u0430 \u0415\u0432\u0440\u043e\u043f\u0435.<\/p>\t\t\t\t\t\t\t\t<\/div>\n\t\t\t\t<\/div>\n\t\t\t\t\t<\/div>\n\t\t\t\t<\/div>\n\t\t\t\t<\/div>","protected":false},"excerpt":{"rendered":"<p>Rukovodilac Aldin Kala\u010dRukovodilac &#8211; dr\u017eavni tu\u017eilac Ro\u0111en 14. jula 1983.godine u Ro\u017eajama. Obrazovanje: Osnovnu \u0161kolu i gimnaziju zavr\u0161io u Ro\u017eajama, [&hellip;]<\/p>","protected":false},"author":20,"featured_media":0,"parent":6190,"menu_order":0,"comment_status":"closed","ping_status":"closed","template":"","meta":{"_acf_changed":false,"site-sidebar-layout":"no-sidebar","site-content-layout":"","ast-site-content-layout":"full-width-container","site-content-style":"default","site-sidebar-style":"default","ast-global-header-display":"","ast-banner-title-visibility":"","ast-main-header-display":"","ast-hfb-above-header-display":"","ast-hfb-below-header-display":"","ast-hfb-mobile-header-display":"","site-post-title":"disabled","ast-breadcrumbs-content":"","ast-featured-img":"disabled","footer-sml-layout":"","theme-transparent-header-meta":"","adv-header-id-meta":"","stick-header-meta":"","header-above-stick-meta":"","header-main-stick-meta":"","header-below-stick-meta":"","astra-migrate-meta-layouts":"default","ast-page-background-enabled":"default","ast-page-background-meta":{"desktop":{"background-color":"var(--ast-global-color-4)","background-image":"","background-repeat":"repeat","background-position":"center center","background-size":"auto","background-attachment":"scroll","background-type":"","background-media":"","overlay-type":"","overlay-color":"","overlay-opacity":"","overlay-gradient":""},"tablet":{"background-color":"","background-image":"","background-repeat":"repeat","background-position":"center center","background-size":"auto","background-attachment":"scroll","background-type":"","background-media":"","overlay-type":"","overlay-color":"","overlay-opacity":"","overlay-gradient":""},"mobile":{"background-color":"","background-image":"","background-repeat":"repeat","background-position":"center center","background-size":"auto","background-attachment":"scroll","background-type":"","background-media":"","overlay-type":"","overlay-color":"","overlay-opacity":"","overlay-gradient":""}},"ast-content-background-meta":{"desktop":{"background-color":"var(--ast-global-color-5)","background-image":"","background-repeat":"repeat","background-position":"center center","background-size":"auto","background-attachment":"scroll","background-type":"","background-media":"","overlay-type":"","overlay-color":"","overlay-opacity":"","overlay-gradient":""},"tablet":{"background-color":"var(--ast-global-color-5)","background-image":"","background-repeat":"repeat","background-position":"center center","background-size":"auto","background-attachment":"scroll","background-type":"","background-media":"","overlay-type":"","overlay-color":"","overlay-opacity":"","overlay-gradient":""},"mobile":{"background-color":"var(--ast-global-color-5)","background-image":"","background-repeat":"repeat","background-position":"center center","background-size":"auto","background-attachment":"scroll","background-type":"","background-media":"","overlay-type":"","overlay-color":"","overlay-opacity":"","overlay-gradient":""}},"footnotes":""},"class_list":["post-6226","page","type-page","status-publish","hentry"],"acf":[],"_links":{"self":[{"href":"https:\/\/tuzilastvo.me\/sr_rs\/wp-json\/wp\/v2\/pages\/6226","targetHints":{"allow":["GET"]}}],"collection":[{"href":"https:\/\/tuzilastvo.me\/sr_rs\/wp-json\/wp\/v2\/pages"}],"about":[{"href":"https:\/\/tuzilastvo.me\/sr_rs\/wp-json\/wp\/v2\/types\/page"}],"author":[{"embeddable":true,"href":"https:\/\/tuzilastvo.me\/sr_rs\/wp-json\/wp\/v2\/users\/20"}],"replies":[{"embeddable":true,"href":"https:\/\/tuzilastvo.me\/sr_rs\/wp-json\/wp\/v2\/comments?post=6226"}],"version-history":[{"count":37,"href":"https:\/\/tuzilastvo.me\/sr_rs\/wp-json\/wp\/v2\/pages\/6226\/revisions"}],"predecessor-version":[{"id":71897,"href":"https:\/\/tuzilastvo.me\/sr_rs\/wp-json\/wp\/v2\/pages\/6226\/revisions\/71897"}],"up":[{"embeddable":true,"href":"https:\/\/tuzilastvo.me\/sr_rs\/wp-json\/wp\/v2\/pages\/6190"}],"wp:attachment":[{"href":"https:\/\/tuzilastvo.me\/sr_rs\/wp-json\/wp\/v2\/media?parent=6226"}],"curies":[{"name":"wp","href":"https:\/\/api.w.org\/{rel}","templated":true}]}}