{"id":6323,"date":"2024-12-27T06:40:43","date_gmt":"2024-12-27T06:40:43","guid":{"rendered":"https:\/\/istorijskaistrazivanja.com\/tuzilacki-savjet\/ostale-komisije\/"},"modified":"2025-11-04T14:02:57","modified_gmt":"2025-11-04T14:02:57","slug":"ostale-komisije","status":"publish","type":"page","link":"https:\/\/tuzilastvo.me\/sr_rs\/tuzilacki-savjet\/komisije-i-vijeca\/ostale-komisije\/","title":{"rendered":"\u041e\u0441\u0442\u0430\u043b\u0435 \u043a\u043e\u043c\u0438\u0441\u0438\u0458\u0435"},"content":{"rendered":"<div data-elementor-type=\"wp-page\" data-elementor-id=\"6323\" class=\"elementor elementor-6323\" data-elementor-post-type=\"page\">\n\t\t\t\t<div class=\"elementor-element elementor-element-37f59f0 e-con-full e-flex e-con e-parent\" data-id=\"37f59f0\" data-element_type=\"container\">\n\t\t\t\t<div class=\"elementor-element elementor-element-b25f249 elementor-widget elementor-widget-template\" data-id=\"b25f249\" data-element_type=\"widget\" data-widget_type=\"template.default\">\n\t\t\t\t<div class=\"elementor-widget-container\">\n\t\t\t\t\t\t\t<div class=\"elementor-template\">\n\t\t\t\t\t<div data-elementor-type=\"container\" data-elementor-id=\"65994\" class=\"elementor elementor-65994\" data-elementor-post-type=\"elementor_library\">\n\t\t\t\t<div class=\"elementor-element elementor-element-e086cdd e-flex e-con-boxed e-con e-parent\" data-id=\"e086cdd\" data-element_type=\"container\" data-settings=\"{&quot;background_background&quot;:&quot;classic&quot;,&quot;sticky&quot;:&quot;top&quot;,&quot;sticky_on&quot;:[&quot;desktop&quot;,&quot;tablet&quot;,&quot;mobile&quot;],&quot;sticky_offset&quot;:0,&quot;sticky_effects_offset&quot;:0,&quot;sticky_anchor_link_offset&quot;:0}\">\n\t\t\t\t\t<div class=\"e-con-inner\">\n\t\t\t\t<div class=\"elementor-element elementor-element-4f44890c elementor-widget elementor-widget-heading\" data-id=\"4f44890c\" data-element_type=\"widget\" data-widget_type=\"heading.default\">\n\t\t\t\t<div class=\"elementor-widget-container\">\n\t\t\t\t\t<h1 class=\"elementor-heading-title elementor-size-default\">\u0422\u0423\u0416\u0418\u041b\u0410\u0427\u041a\u0418 \u0421\u0410\u0412\u0408\u0415\u0422<\/h1>\t\t\t\t<\/div>\n\t\t\t\t<\/div>\n\t\t\t\t<div class=\"elementor-element elementor-element-54b4746b elementor-search-form--skin-classic elementor-search-form--button-type-icon elementor-search-form--icon-search elementor-widget elementor-widget-search-form\" data-id=\"54b4746b\" data-element_type=\"widget\" data-settings=\"{&quot;skin&quot;:&quot;classic&quot;}\" data-widget_type=\"search-form.default\">\n\t\t\t\t<div class=\"elementor-widget-container\">\n\t\t\t\t\t\t\t<search role=\"search\">\n\t\t\t<form class=\"elementor-search-form\" action=\"https:\/\/tuzilastvo.me\/sr_rs\/\" method=\"get\" data-trp-original-action=\"https:\/\/tuzilastvo.me\/sr_rs\">\n\t\t\t\t\t\t\t\t\t\t\t\t<div class=\"elementor-search-form__container\">\n\t\t\t\t\t<label class=\"elementor-screen-only\" for=\"elementor-search-form-54b4746b\">\u041f\u0440\u0435\u0442\u0440\u0430\u0433\u0430<\/label>\n\n\t\t\t\t\t\n\t\t\t\t\t<input id=\"elementor-search-form-54b4746b\" placeholder=\"\u041f\u0440\u0435\u0442\u0440\u0430\u0436\u0438\u0442\u0435\" class=\"elementor-search-form__input\" type=\"search\" name=\"s\" value=\"\">\n\t\t\t\t\t\n\t\t\t\t\t\t\t\t\t\t\t<button class=\"elementor-search-form__submit\" type=\"submit\" aria-label=\"\u041f\u0440\u0435\u0442\u0440\u0430\u0433\u0430\">\n\t\t\t\t\t\t\t\t\t\t\t\t\t\t\t<div class=\"e-font-icon-svg-container\"><svg class=\"fa fa-search e-font-icon-svg e-fas-search\" viewbox=\"0 0 512 512\" xmlns=\"http:\/\/www.w3.org\/2000\/svg\"><path d=\"M505 442.7L405.3 343c-4.5-4.5-10.6-7-17-7H372c27.6-35.3 44-79.7 44-128C416 93.1 322.9 0 208 0S0 93.1 0 208s93.1 208 208 208c48.3 0 92.7-16.4 128-44v16.3c0 6.4 2.5 12.5 7 17l99.7 99.7c9.4 9.4 24.6 9.4 33.9 0l28.3-28.3c9.4-9.4 9.4-24.6.1-34zM208 336c-70.7 0-128-57.2-128-128 0-70.7 57.2-128 128-128 70.7 0 128 57.2 128 128 0 70.7-57.2 128-128 128z\"><\/path><\/svg><\/div>\t\t\t\t\t\t\t\t\t\t\t\t\t<\/button>\n\t\t\t\t\t\n\t\t\t\t\t\t\t\t\t<\/div>\n\t\t\t<input type=\"hidden\" name=\"trp-form-language\" value=\"sr_rs\"\/><\/form>\n\t\t<\/search>\n\t\t\t\t\t\t<\/div>\n\t\t\t\t<\/div>\n\t\t<div class=\"elementor-element elementor-element-158414c2 e-con-full e-flex e-con e-child\" data-id=\"158414c2\" data-element_type=\"container\" data-settings=\"{&quot;position&quot;:&quot;absolute&quot;}\">\n\t\t\t\t<\/div>\n\t\t<div class=\"elementor-element elementor-element-1c1c6b56 e-con-full header-row e-flex e-con e-child\" data-id=\"1c1c6b56\" data-element_type=\"container\">\n\t\t\t\t<div class=\"elementor-element elementor-element-75710121 title elementor-widget elementor-widget-heading\" data-id=\"75710121\" data-element_type=\"widget\" data-widget_type=\"heading.default\">\n\t\t\t\t<div class=\"elementor-widget-container\">\n\t\t\t\t\t<h3 class=\"elementor-heading-title elementor-size-default\"><a href=\"https:\/\/tuzilastvo.me\/sr_rs\/tuzilacki-savjet\/\">\u041d\u0430\u0441\u043b\u043e\u0432\u043d\u0430<\/a><\/h3>\t\t\t\t<\/div>\n\t\t\t\t<\/div>\n\t\t\t\t<div class=\"elementor-element elementor-element-38071568 title elementor-widget elementor-widget-heading\" data-id=\"38071568\" data-element_type=\"widget\" data-widget_type=\"heading.default\">\n\t\t\t\t<div class=\"elementor-widget-container\">\n\t\t\t\t\t<h3 class=\"elementor-heading-title elementor-size-default\"><a href=\"https:\/\/tuzilastvo.me\/sr_rs\/tuzilacki-savjet\/sekretarijat-tuzilackog-savjeta\/\">\u0421\u0435\u043a\u0440\u0435\u0442\u0430\u0440\u0438\u0458\u0430\u0442 \u0422\u0443\u0436\u0438\u043b\u0430\u0447\u043a\u043e\u0433 \u0441\u0430\u0432\u0458\u0435\u0442\u0430<\/a><\/h3>\t\t\t\t<\/div>\n\t\t\t\t<\/div>\n\t\t\t\t<div class=\"elementor-element elementor-element-7569ca6b title elementor-widget elementor-widget-heading\" data-id=\"7569ca6b\" data-element_type=\"widget\" data-widget_type=\"heading.default\">\n\t\t\t\t<div class=\"elementor-widget-container\">\n\t\t\t\t\t<h3 class=\"elementor-heading-title elementor-size-default\"><a href=\"https:\/\/tuzilastvo.me\/sr_rs\/tuzilacki-savjet\/mediji\/aktuelnosti\/\">\u0410\u043a\u0442\u0443\u0435\u043b\u043d\u043e\u0441\u0442\u0438<\/a><\/h3>\t\t\t\t<\/div>\n\t\t\t\t<\/div>\n\t\t\t\t<div class=\"elementor-element elementor-element-22f0a3ea title elementor-widget elementor-widget-heading\" data-id=\"22f0a3ea\" data-element_type=\"widget\" data-widget_type=\"heading.default\">\n\t\t\t\t<div class=\"elementor-widget-container\">\n\t\t\t\t\t<h3 class=\"elementor-heading-title elementor-size-default\"><a href=\"https:\/\/tuzilastvo.me\/sr_rs\/tuzilacki-savjet\/slobodan-pristup-informacijama\/izvjestaji-i-druga-dokumenta-o-radu-2\/\">\u0418\u0437\u0432\u0458\u0435\u0448\u0442\u0430\u0458\u0438 \u043e \u0440\u0430\u0434\u0443<\/a><\/h3>\t\t\t\t<\/div>\n\t\t\t\t<\/div>\n\t\t\t\t<div class=\"elementor-element elementor-element-1d666b25 title elementor-widget elementor-widget-heading\" data-id=\"1d666b25\" data-element_type=\"widget\" data-widget_type=\"heading.default\">\n\t\t\t\t<div class=\"elementor-widget-container\">\n\t\t\t\t\t<h3 class=\"elementor-heading-title elementor-size-default\"><a href=\"https:\/\/tuzilastvo.me\/sr_rs\/tuzilacki-savjet\/oglasi-i-javni-pozivi\/\">\u0408\u0430\u0432\u043d\u0438 \u043f\u043e\u0437\u0438\u0432\u0438\/\u041e\u0433\u043b\u0430\u0441\u0438<\/a><\/h3>\t\t\t\t<\/div>\n\t\t\t\t<\/div>\n\t\t\t\t<div class=\"elementor-element elementor-element-1d60d34f title elementor-widget elementor-widget-heading\" data-id=\"1d60d34f\" data-element_type=\"widget\" data-widget_type=\"heading.default\">\n\t\t\t\t<div class=\"elementor-widget-container\">\n\t\t\t\t\t<h3 class=\"elementor-heading-title elementor-size-default\"><a href=\"https:\/\/tuzilastvo.me\/sr_rs\/tuzilacki-savjet\/kontakt-2\/\">\u041a\u043e\u043d\u0442\u0430\u043a\u0442<\/a><\/h3>\t\t\t\t<\/div>\n\t\t\t\t<\/div>\n\t\t\t\t<\/div>\n\t\t\t\t\t<\/div>\n\t\t\t\t<\/div>\n\t\t\t\t<\/div>\n\t\t\t\t<\/div>\n\t\t\t\t\t\t<\/div>\n\t\t\t\t<\/div>\n\t\t\t\t<\/div>\n\t\t<div class=\"elementor-element elementor-element-247308e e-con-full e-flex e-con e-parent\" data-id=\"247308e\" data-element_type=\"container\">\n\t\t\t\t<div class=\"elementor-element elementor-element-8db62b0 elementor-widget elementor-widget-heading\" data-id=\"8db62b0\" data-element_type=\"widget\" data-widget_type=\"heading.default\">\n\t\t\t\t<div class=\"elementor-widget-container\">\n\t\t\t\t\t<h2 class=\"elementor-heading-title elementor-size-default\">\u041e\u0441\u0442\u0430\u043b\u0435 \u043a\u043e\u043c\u0438\u0441\u0438\u0458\u0435<\/h2>\t\t\t\t<\/div>\n\t\t\t\t<\/div>\n\t\t<div class=\"elementor-element elementor-element-c399f2d e-grid e-con-full e-con e-child\" data-id=\"c399f2d\" data-element_type=\"container\">\n\t\t<a class=\"elementor-element elementor-element-256406d e-con-full e-flex e-con e-child\" data-id=\"256406d\" data-element_type=\"container\" href=\"https:\/\/tuzilastvo.me\/sr_rs\/tuzilacki-savjet\/komisije-i-vijeca\/ostale-komisije\/komisija-za-ocjenjivanje-rada-drzavnih-tuzilaca\/\">\n\t\t\t\t<div class=\"elementor-element elementor-element-6d0da71 title elementor-widget elementor-widget-heading\" data-id=\"6d0da71\" data-element_type=\"widget\" data-widget_type=\"heading.default\">\n\t\t\t\t<div class=\"elementor-widget-container\">\n\t\t\t\t\t<h3 class=\"elementor-heading-title elementor-size-default\">\u041a\u043e\u043c\u0438\u0441\u0438\u0458\u0430 \u0437\u0430 \u043e\u0446\u0458\u0435\u045a\u0438\u0432\u0430\u045a\u0435 \u0440\u0430\u0434\u0430 \u0434\u0440\u0436\u0430\u0432\u043d\u0438\u0445 \u0442\u0443\u0436\u0438\u043b\u0430\u0446\u0430             \n<\/h3>\t\t\t\t<\/div>\n\t\t\t\t<\/div>\n\t\t\t\t<\/a>\n\t\t<a class=\"elementor-element elementor-element-36c292f e-con-full e-flex e-con e-child\" data-id=\"36c292f\" data-element_type=\"container\" href=\"https:\/\/tuzilastvo.me\/sr_rs\/tuzilacki-savjet\/komisije-i-vijeca\/ostale-komisije\/komisija-za-razmatranje-prituzbi-rukovodilaca-drzavnih\/\">\n\t\t\t\t<div class=\"elementor-element elementor-element-ddfc7d0 title elementor-widget elementor-widget-heading\" data-id=\"ddfc7d0\" data-element_type=\"widget\" data-widget_type=\"heading.default\">\n\t\t\t\t<div class=\"elementor-widget-container\">\n\t\t\t\t\t<h3 class=\"elementor-heading-title elementor-size-default\">\u041a\u043e\u043c\u0438\u0441\u0438\u0458\u0430 \u0437\u0430 \u0440\u0430\u0437\u043c\u0430\u0442\u0440\u0430\u045a\u0435 \u043f\u0440\u0438\u0442\u0443\u0436\u0431\u0438  \u0440\u0443\u043a\u043e\u0432\u043e\u0434\u0438\u043b\u0430\u0446\u0430 \u0438 \u0434\u0440\u0436\u0430\u0432\u043d\u0438\u0445 \u0442\u0443\u0436\u0438\u043b\u0430\u0446\u0430 \u0443 \u0432\u0435\u0437\u0438 \u0443\u0433\u0440\u043e\u0436\u0430\u0432\u0430\u045a\u0430 \u045a\u0438\u0445\u043e\u0432\u0435 \u0441\u0430\u043c\u043e\u0441\u0442\u0430\u043b\u043d\u043e\u0441\u0442\u0438                                                                                           \n<\/h3>\t\t\t\t<\/div>\n\t\t\t\t<\/div>\n\t\t\t\t<\/a>\n\t\t<a class=\"elementor-element elementor-element-388571a e-con-full e-flex e-con e-child\" data-id=\"388571a\" data-element_type=\"container\" href=\"https:\/\/tuzilastvo.me\/sr_rs\/tuzilacki-savjet\/komisije-i-vijeca\/ostale-komisije\/komisija-za-normativnu-djelatnost\/\">\n\t\t\t\t<div class=\"elementor-element elementor-element-bb6c98b title elementor-widget elementor-widget-heading\" data-id=\"bb6c98b\" data-element_type=\"widget\" data-widget_type=\"heading.default\">\n\t\t\t\t<div class=\"elementor-widget-container\">\n\t\t\t\t\t<h3 class=\"elementor-heading-title elementor-size-default\">\u041a\u043e\u043c\u0438\u0441\u0438\u0458\u0430 \u0437\u0430 \u043d\u043e\u0440\u043c\u0430\u0442\u0438\u0432\u043d\u0443 \u0434\u0458\u0435\u043b\u0430\u0442\u043d\u043e\u0441\u0442<\/h3>\t\t\t\t<\/div>\n\t\t\t\t<\/div>\n\t\t\t\t<\/a>\n\t\t<a class=\"elementor-element elementor-element-ef01c6d e-con-full e-flex e-con e-child\" data-id=\"ef01c6d\" data-element_type=\"container\" href=\"https:\/\/tuzilastvo.me\/sr_rs\/tuzilacki-savjet\/komisije-i-vijeca\/ostale-komisije\/komisija-koja-sacinjava-prijedlog-ocjene\/\">\n\t\t\t\t<div class=\"elementor-element elementor-element-4309de2 title elementor-widget elementor-widget-heading\" data-id=\"4309de2\" data-element_type=\"widget\" data-widget_type=\"heading.default\">\n\t\t\t\t<div class=\"elementor-widget-container\">\n\t\t\t\t\t<h3 class=\"elementor-heading-title elementor-size-default\">\u041a\u043e\u043c\u0438\u0441\u0438\u0458\u0430 \u043a\u043e\u0458\u0430 \u0441\u0430\u0447\u0438\u045a\u0430\u0432\u0430 \u043f\u0440\u0438\u0458\u0435\u0434\u043b\u043e\u0433 \u043e\u0446\u0458\u0435\u043d\u0435 \u043f\u043e\u0434\u043d\u0435\u0441\u0435\u043d\u0438\u0445 \u043f\u0440\u043e\u0433\u0440\u0430\u043c\u0430 \u0440\u0430\u0434\u0430                                                                             \n<\/h3>\t\t\t\t<\/div>\n\t\t\t\t<\/div>\n\t\t\t\t<\/a>\n\t\t<a class=\"elementor-element elementor-element-bae1c67 e-con-full e-flex e-con e-child\" data-id=\"bae1c67\" data-element_type=\"container\" href=\"https:\/\/tuzilastvo.me\/sr_rs\/tuzilacki-savjet\/komisije-i-vijeca\/ostale-komisije\/komisija-za-trajno-dobrovoljno-rasporedvanje\/\">\n\t\t\t\t<div class=\"elementor-element elementor-element-6acde03 title elementor-widget elementor-widget-heading\" data-id=\"6acde03\" data-element_type=\"widget\" data-widget_type=\"heading.default\">\n\t\t\t\t<div class=\"elementor-widget-container\">\n\t\t\t\t\t<h3 class=\"elementor-heading-title elementor-size-default\">\u041a\u043e\u043c\u0438\u0441\u0438\u0458\u0430 \u0437\u0430 \u0442\u0440\u0430\u0458\u043d\u043e \u0434\u043e\u0431\u0440\u043e\u0432\u043e\u0459\u043d\u043e \u0440\u0430\u0441\u043f\u043e\u0440\u0435\u0452\u0432\u0430\u045a\u0435<\/h3>\t\t\t\t<\/div>\n\t\t\t\t<\/div>\n\t\t\t\t<\/a>\n\t\t<a class=\"elementor-element elementor-element-d83985f e-con-full e-flex e-con e-child\" data-id=\"d83985f\" data-element_type=\"container\" href=\"https:\/\/tuzilastvo.me\/sr_rs\/tuzilacki-savjet\/komisije-i-vijeca\/ostale-komisije\/komisija-za-testiranje\/\">\n\t\t\t\t<div class=\"elementor-element elementor-element-23cf2b7 title elementor-widget elementor-widget-heading\" data-id=\"23cf2b7\" data-element_type=\"widget\" data-widget_type=\"heading.default\">\n\t\t\t\t<div class=\"elementor-widget-container\">\n\t\t\t\t\t<h3 class=\"elementor-heading-title elementor-size-default\">\u041a\u043e\u043c\u0438\u0441\u0438\u0458\u0430 \u0437\u0430 \u0442\u0435\u0441\u0442\u0438\u0440\u0430\u045a\u0435                              <\/h3>\t\t\t\t<\/div>\n\t\t\t\t<\/div>\n\t\t\t\t<\/a>\n\t\t<a class=\"elementor-element elementor-element-1e9edef e-con-full e-flex e-con e-child\" data-id=\"1e9edef\" data-element_type=\"container\" href=\"https:\/\/tuzilastvo.me\/sr_rs\/tuzilacki-savjet\/komisije-i-vijeca\/ostale-komisije\/komisija-za-napredovanje\/\">\n\t\t\t\t<div class=\"elementor-element elementor-element-6cd34c4 title elementor-widget elementor-widget-heading\" data-id=\"6cd34c4\" data-element_type=\"widget\" data-widget_type=\"heading.default\">\n\t\t\t\t<div class=\"elementor-widget-container\">\n\t\t\t\t\t<h3 class=\"elementor-heading-title elementor-size-default\">\u041a\u043e\u043c\u0438\u0441\u0438\u0458\u0430 \u0437\u0430 \u043d\u0430\u043f\u0440\u0435\u0434\u043e\u0432\u0430\u045a\u0435                                    <\/h3>\t\t\t\t<\/div>\n\t\t\t\t<\/div>\n\t\t\t\t<\/a>\n\t\t\t\t<\/div>\n\t\t\t\t<\/div>\n\t\t\t\t<\/div>","protected":false},"excerpt":{"rendered":"<p>Ostale komisije Komisija za ocjenjivanje rada dr\u017eavnih tu\u017eilaca Komisija za razmatranje pritu\u017ebi rukovodilaca i dr\u017eavnih tu\u017eilaca u vezi ugro\u017eavanja njihove [&hellip;]<\/p>","protected":false},"author":25,"featured_media":0,"parent":65739,"menu_order":102,"comment_status":"closed","ping_status":"closed","template":"","meta":{"_acf_changed":false,"site-sidebar-layout":"no-sidebar","site-content-layout":"","ast-site-content-layout":"full-width-container","site-content-style":"default","site-sidebar-style":"default","ast-global-header-display":"","ast-banner-title-visibility":"","ast-main-header-display":"","ast-hfb-above-header-display":"","ast-hfb-below-header-display":"","ast-hfb-mobile-header-display":"","site-post-title":"disabled","ast-breadcrumbs-content":"","ast-featured-img":"disabled","footer-sml-layout":"","theme-transparent-header-meta":"","adv-header-id-meta":"","stick-header-meta":"","header-above-stick-meta":"","header-main-stick-meta":"","header-below-stick-meta":"","astra-migrate-meta-layouts":"default","ast-page-background-enabled":"default","ast-page-background-meta":{"desktop":{"background-color":"var(--ast-global-color-4)","background-image":"","background-repeat":"repeat","background-position":"center center","background-size":"auto","background-attachment":"scroll","background-type":"","background-media":"","overlay-type":"","overlay-color":"","overlay-opacity":"","overlay-gradient":""},"tablet":{"background-color":"","background-image":"","background-repeat":"repeat","background-position":"center center","background-size":"auto","background-attachment":"scroll","background-type":"","background-media":"","overlay-type":"","overlay-color":"","overlay-opacity":"","overlay-gradient":""},"mobile":{"background-color":"","background-image":"","background-repeat":"repeat","background-position":"center center","background-size":"auto","background-attachment":"scroll","background-type":"","background-media":"","overlay-type":"","overlay-color":"","overlay-opacity":"","overlay-gradient":""}},"ast-content-background-meta":{"desktop":{"background-color":"var(--ast-global-color-5)","background-image":"","background-repeat":"repeat","background-position":"center center","background-size":"auto","background-attachment":"scroll","background-type":"","background-media":"","overlay-type":"","overlay-color":"","overlay-opacity":"","overlay-gradient":""},"tablet":{"background-color":"var(--ast-global-color-5)","background-image":"","background-repeat":"repeat","background-position":"center center","background-size":"auto","background-attachment":"scroll","background-type":"","background-media":"","overlay-type":"","overlay-color":"","overlay-opacity":"","overlay-gradient":""},"mobile":{"background-color":"var(--ast-global-color-5)","background-image":"","background-repeat":"repeat","background-position":"center center","background-size":"auto","background-attachment":"scroll","background-type":"","background-media":"","overlay-type":"","overlay-color":"","overlay-opacity":"","overlay-gradient":""}},"footnotes":""},"class_list":["post-6323","page","type-page","status-publish","hentry"],"acf":[],"_links":{"self":[{"href":"https:\/\/tuzilastvo.me\/sr_rs\/wp-json\/wp\/v2\/pages\/6323","targetHints":{"allow":["GET"]}}],"collection":[{"href":"https:\/\/tuzilastvo.me\/sr_rs\/wp-json\/wp\/v2\/pages"}],"about":[{"href":"https:\/\/tuzilastvo.me\/sr_rs\/wp-json\/wp\/v2\/types\/page"}],"author":[{"embeddable":true,"href":"https:\/\/tuzilastvo.me\/sr_rs\/wp-json\/wp\/v2\/users\/25"}],"replies":[{"embeddable":true,"href":"https:\/\/tuzilastvo.me\/sr_rs\/wp-json\/wp\/v2\/comments?post=6323"}],"version-history":[{"count":60,"href":"https:\/\/tuzilastvo.me\/sr_rs\/wp-json\/wp\/v2\/pages\/6323\/revisions"}],"predecessor-version":[{"id":71438,"href":"https:\/\/tuzilastvo.me\/sr_rs\/wp-json\/wp\/v2\/pages\/6323\/revisions\/71438"}],"up":[{"embeddable":true,"href":"https:\/\/tuzilastvo.me\/sr_rs\/wp-json\/wp\/v2\/pages\/65739"}],"wp:attachment":[{"href":"https:\/\/tuzilastvo.me\/sr_rs\/wp-json\/wp\/v2\/media?parent=6323"}],"curies":[{"name":"wp","href":"https:\/\/api.w.org\/{rel}","templated":true}]}}