{"id":6327,"date":"2024-12-27T06:40:43","date_gmt":"2024-12-27T06:40:43","guid":{"rendered":"https:\/\/istorijskaistrazivanja.com\/tuzilacki-savjet\/slobodan-pristup-informacijama\/"},"modified":"2025-10-20T14:03:46","modified_gmt":"2025-10-20T14:03:46","slug":"slobodan-pristup-informacijama","status":"publish","type":"page","link":"https:\/\/tuzilastvo.me\/sr_rs\/tuzilacki-savjet\/slobodan-pristup-informacijama\/","title":{"rendered":"\u0421\u043b\u043e\u0431\u043e\u0434\u0430\u043d \u043f\u0440\u0438\u0441\u0442\u0443\u043f \u0438\u043d\u0444\u043e\u0440\u043c\u0430\u0446\u0438\u0458\u0430\u043c\u0430"},"content":{"rendered":"<div data-elementor-type=\"wp-page\" data-elementor-id=\"6327\" class=\"elementor elementor-6327\" data-elementor-post-type=\"page\">\n\t\t\t\t<div class=\"elementor-element elementor-element-a71e5db e-con-full e-flex e-con e-parent\" data-id=\"a71e5db\" data-element_type=\"container\">\n\t\t\t\t<div class=\"elementor-element elementor-element-84f5d02 elementor-widget elementor-widget-template\" data-id=\"84f5d02\" data-element_type=\"widget\" data-widget_type=\"template.default\">\n\t\t\t\t<div class=\"elementor-widget-container\">\n\t\t\t\t\t\t\t<div class=\"elementor-template\">\n\t\t\t\t\t<div data-elementor-type=\"container\" data-elementor-id=\"65994\" class=\"elementor elementor-65994\" data-elementor-post-type=\"elementor_library\">\n\t\t\t\t<div class=\"elementor-element elementor-element-e086cdd e-flex e-con-boxed e-con e-parent\" data-id=\"e086cdd\" data-element_type=\"container\" data-settings=\"{&quot;background_background&quot;:&quot;classic&quot;,&quot;sticky&quot;:&quot;top&quot;,&quot;sticky_on&quot;:[&quot;desktop&quot;,&quot;tablet&quot;,&quot;mobile&quot;],&quot;sticky_offset&quot;:0,&quot;sticky_effects_offset&quot;:0,&quot;sticky_anchor_link_offset&quot;:0}\">\n\t\t\t\t\t<div class=\"e-con-inner\">\n\t\t\t\t<div class=\"elementor-element elementor-element-4f44890c elementor-widget elementor-widget-heading\" data-id=\"4f44890c\" data-element_type=\"widget\" data-widget_type=\"heading.default\">\n\t\t\t\t<div class=\"elementor-widget-container\">\n\t\t\t\t\t<h1 class=\"elementor-heading-title elementor-size-default\">\u0422\u0423\u0416\u0418\u041b\u0410\u0427\u041a\u0418 \u0421\u0410\u0412\u0408\u0415\u0422<\/h1>\t\t\t\t<\/div>\n\t\t\t\t<\/div>\n\t\t\t\t<div class=\"elementor-element elementor-element-54b4746b elementor-search-form--skin-classic elementor-search-form--button-type-icon elementor-search-form--icon-search elementor-widget elementor-widget-search-form\" data-id=\"54b4746b\" data-element_type=\"widget\" data-settings=\"{&quot;skin&quot;:&quot;classic&quot;}\" data-widget_type=\"search-form.default\">\n\t\t\t\t<div class=\"elementor-widget-container\">\n\t\t\t\t\t\t\t<search role=\"search\">\n\t\t\t<form class=\"elementor-search-form\" action=\"https:\/\/tuzilastvo.me\/sr_rs\/\" method=\"get\" data-trp-original-action=\"https:\/\/tuzilastvo.me\/sr_rs\">\n\t\t\t\t\t\t\t\t\t\t\t\t<div class=\"elementor-search-form__container\">\n\t\t\t\t\t<label class=\"elementor-screen-only\" for=\"elementor-search-form-54b4746b\">\u041f\u0440\u0435\u0442\u0440\u0430\u0433\u0430<\/label>\n\n\t\t\t\t\t\n\t\t\t\t\t<input id=\"elementor-search-form-54b4746b\" placeholder=\"\u041f\u0440\u0435\u0442\u0440\u0430\u0436\u0438\u0442\u0435\" class=\"elementor-search-form__input\" type=\"search\" name=\"s\" value=\"\">\n\t\t\t\t\t\n\t\t\t\t\t\t\t\t\t\t\t<button class=\"elementor-search-form__submit\" type=\"submit\" aria-label=\"\u041f\u0440\u0435\u0442\u0440\u0430\u0433\u0430\">\n\t\t\t\t\t\t\t\t\t\t\t\t\t\t\t<div class=\"e-font-icon-svg-container\"><svg class=\"fa fa-search e-font-icon-svg e-fas-search\" viewbox=\"0 0 512 512\" xmlns=\"http:\/\/www.w3.org\/2000\/svg\"><path d=\"M505 442.7L405.3 343c-4.5-4.5-10.6-7-17-7H372c27.6-35.3 44-79.7 44-128C416 93.1 322.9 0 208 0S0 93.1 0 208s93.1 208 208 208c48.3 0 92.7-16.4 128-44v16.3c0 6.4 2.5 12.5 7 17l99.7 99.7c9.4 9.4 24.6 9.4 33.9 0l28.3-28.3c9.4-9.4 9.4-24.6.1-34zM208 336c-70.7 0-128-57.2-128-128 0-70.7 57.2-128 128-128 70.7 0 128 57.2 128 128 0 70.7-57.2 128-128 128z\"><\/path><\/svg><\/div>\t\t\t\t\t\t\t\t\t\t\t\t\t<\/button>\n\t\t\t\t\t\n\t\t\t\t\t\t\t\t\t<\/div>\n\t\t\t<input type=\"hidden\" name=\"trp-form-language\" value=\"sr_rs\"\/><\/form>\n\t\t<\/search>\n\t\t\t\t\t\t<\/div>\n\t\t\t\t<\/div>\n\t\t<div class=\"elementor-element elementor-element-158414c2 e-con-full e-flex e-con e-child\" data-id=\"158414c2\" data-element_type=\"container\" data-settings=\"{&quot;position&quot;:&quot;absolute&quot;}\">\n\t\t\t\t<\/div>\n\t\t<div class=\"elementor-element elementor-element-1c1c6b56 e-con-full header-row e-flex e-con e-child\" data-id=\"1c1c6b56\" data-element_type=\"container\">\n\t\t\t\t<div class=\"elementor-element elementor-element-75710121 title elementor-widget elementor-widget-heading\" data-id=\"75710121\" data-element_type=\"widget\" data-widget_type=\"heading.default\">\n\t\t\t\t<div class=\"elementor-widget-container\">\n\t\t\t\t\t<h3 class=\"elementor-heading-title elementor-size-default\"><a href=\"https:\/\/tuzilastvo.me\/sr_rs\/tuzilacki-savjet\/\">\u041d\u0430\u0441\u043b\u043e\u0432\u043d\u0430<\/a><\/h3>\t\t\t\t<\/div>\n\t\t\t\t<\/div>\n\t\t\t\t<div class=\"elementor-element elementor-element-38071568 title elementor-widget elementor-widget-heading\" data-id=\"38071568\" data-element_type=\"widget\" data-widget_type=\"heading.default\">\n\t\t\t\t<div class=\"elementor-widget-container\">\n\t\t\t\t\t<h3 class=\"elementor-heading-title elementor-size-default\"><a href=\"https:\/\/tuzilastvo.me\/sr_rs\/tuzilacki-savjet\/sekretarijat-tuzilackog-savjeta\/\">\u0421\u0435\u043a\u0440\u0435\u0442\u0430\u0440\u0438\u0458\u0430\u0442 \u0422\u0443\u0436\u0438\u043b\u0430\u0447\u043a\u043e\u0433 \u0441\u0430\u0432\u0458\u0435\u0442\u0430<\/a><\/h3>\t\t\t\t<\/div>\n\t\t\t\t<\/div>\n\t\t\t\t<div class=\"elementor-element elementor-element-7569ca6b title elementor-widget elementor-widget-heading\" data-id=\"7569ca6b\" data-element_type=\"widget\" data-widget_type=\"heading.default\">\n\t\t\t\t<div class=\"elementor-widget-container\">\n\t\t\t\t\t<h3 class=\"elementor-heading-title elementor-size-default\"><a href=\"https:\/\/tuzilastvo.me\/sr_rs\/tuzilacki-savjet\/mediji\/aktuelnosti\/\">\u0410\u043a\u0442\u0443\u0435\u043b\u043d\u043e\u0441\u0442\u0438<\/a><\/h3>\t\t\t\t<\/div>\n\t\t\t\t<\/div>\n\t\t\t\t<div class=\"elementor-element elementor-element-22f0a3ea title elementor-widget elementor-widget-heading\" data-id=\"22f0a3ea\" data-element_type=\"widget\" data-widget_type=\"heading.default\">\n\t\t\t\t<div class=\"elementor-widget-container\">\n\t\t\t\t\t<h3 class=\"elementor-heading-title elementor-size-default\"><a href=\"https:\/\/tuzilastvo.me\/sr_rs\/tuzilacki-savjet\/slobodan-pristup-informacijama\/izvjestaji-i-druga-dokumenta-o-radu-2\/\">\u0418\u0437\u0432\u0458\u0435\u0448\u0442\u0430\u0458\u0438 \u043e \u0440\u0430\u0434\u0443<\/a><\/h3>\t\t\t\t<\/div>\n\t\t\t\t<\/div>\n\t\t\t\t<div class=\"elementor-element elementor-element-1d666b25 title elementor-widget elementor-widget-heading\" data-id=\"1d666b25\" data-element_type=\"widget\" data-widget_type=\"heading.default\">\n\t\t\t\t<div class=\"elementor-widget-container\">\n\t\t\t\t\t<h3 class=\"elementor-heading-title elementor-size-default\"><a href=\"https:\/\/tuzilastvo.me\/sr_rs\/tuzilacki-savjet\/oglasi-i-javni-pozivi\/\">\u0408\u0430\u0432\u043d\u0438 \u043f\u043e\u0437\u0438\u0432\u0438\/\u041e\u0433\u043b\u0430\u0441\u0438<\/a><\/h3>\t\t\t\t<\/div>\n\t\t\t\t<\/div>\n\t\t\t\t<div class=\"elementor-element elementor-element-1d60d34f title elementor-widget elementor-widget-heading\" data-id=\"1d60d34f\" data-element_type=\"widget\" data-widget_type=\"heading.default\">\n\t\t\t\t<div class=\"elementor-widget-container\">\n\t\t\t\t\t<h3 class=\"elementor-heading-title elementor-size-default\"><a href=\"https:\/\/tuzilastvo.me\/sr_rs\/tuzilacki-savjet\/kontakt-2\/\">\u041a\u043e\u043d\u0442\u0430\u043a\u0442<\/a><\/h3>\t\t\t\t<\/div>\n\t\t\t\t<\/div>\n\t\t\t\t<\/div>\n\t\t\t\t\t<\/div>\n\t\t\t\t<\/div>\n\t\t\t\t<\/div>\n\t\t\t\t<\/div>\n\t\t\t\t\t\t<\/div>\n\t\t\t\t<\/div>\n\t\t\t\t<\/div>\n\t\t<div class=\"elementor-element elementor-element-bb2b915 e-con-full e-flex e-con e-parent\" data-id=\"bb2b915\" data-element_type=\"container\">\n\t\t\t\t<div class=\"elementor-element elementor-element-bcc22de elementor-widget elementor-widget-heading\" data-id=\"bcc22de\" data-element_type=\"widget\" data-widget_type=\"heading.default\">\n\t\t\t\t<div class=\"elementor-widget-container\">\n\t\t\t\t\t<h2 class=\"elementor-heading-title elementor-size-default\">\u0421\u043b\u043e\u0431\u043e\u0434\u0430\u043d \u043f\u0440\u0438\u0441\u0442\u0443\u043f \u0438\u043d\u0444\u043e\u0440\u043c\u0430\u0446\u0438\u0458\u0430\u043c\u0430<\/h2>\t\t\t\t<\/div>\n\t\t\t\t<\/div>\n\t\t<div class=\"elementor-element elementor-element-53a38c2 e-grid e-con-full e-con e-child\" data-id=\"53a38c2\" data-element_type=\"container\">\n\t\t<a class=\"elementor-element elementor-element-d2aa55c e-con-full e-flex e-con e-child\" data-id=\"d2aa55c\" data-element_type=\"container\" href=\"https:\/\/tuzilastvo.me\/sr_rs\/tuzilacki-savjet\/slobodan-pristup-informacijama\/vodic-za-pristup-informacijama\/\">\n\t\t\t\t<div class=\"elementor-element elementor-element-a1058c4 title elementor-widget elementor-widget-heading\" data-id=\"a1058c4\" data-element_type=\"widget\" data-widget_type=\"heading.default\">\n\t\t\t\t<div class=\"elementor-widget-container\">\n\t\t\t\t\t<h3 class=\"elementor-heading-title elementor-size-default\">\u0412\u043e\u0434\u0438\u0447 \u0437\u0430 \u043f\u0440\u0438\u0441\u0442\u0443\u043f \u0438\u043d\u0444\u043e\u0440\u043c\u0430\u0446\u0438\u0458\u0430\u043c\u0430<\/h3>\t\t\t\t<\/div>\n\t\t\t\t<\/div>\n\t\t\t\t<\/a>\n\t\t<a class=\"elementor-element elementor-element-fcb3651 e-con-full e-flex e-con e-child\" data-id=\"fcb3651\" data-element_type=\"container\" href=\"https:\/\/tuzilastvo.me\/sr_rs\/tuzilacki-savjet\/slobodan-pristup-informacijama\/javni-registri-i-javne-evidencije\/\">\n\t\t\t\t<div class=\"elementor-element elementor-element-a3a255f title elementor-widget elementor-widget-heading\" data-id=\"a3a255f\" data-element_type=\"widget\" data-widget_type=\"heading.default\">\n\t\t\t\t<div class=\"elementor-widget-container\">\n\t\t\t\t\t<h3 class=\"elementor-heading-title elementor-size-default\">\u0408\u0430\u0432\u043d\u0438 \u0440\u0435\u0433\u0438\u0441\u0442\u0440\u0438 \u0438 \u0458\u0430\u0432\u043d\u0435 \u0435\u0432\u0438\u0434\u0435\u043d\u0446\u0438\u0458\u0435<\/h3>\t\t\t\t<\/div>\n\t\t\t\t<\/div>\n\t\t\t\t<\/a>\n\t\t<a class=\"elementor-element elementor-element-7d4e524 e-con-full e-flex e-con e-child\" data-id=\"7d4e524\" data-element_type=\"container\" href=\"https:\/\/tuzilastvo.me\/sr_rs\/tuzilacki-savjet\/slobodan-pristup-informacijama\/program\/\">\n\t\t\t\t<div class=\"elementor-element elementor-element-0c1089a title elementor-widget elementor-widget-heading\" data-id=\"0c1089a\" data-element_type=\"widget\" data-widget_type=\"heading.default\">\n\t\t\t\t<div class=\"elementor-widget-container\">\n\t\t\t\t\t<h3 class=\"elementor-heading-title elementor-size-default\">\u041f\u0440\u043e\u0433\u0440\u0430\u043c\u0438 \u0438 \u043f\u043b\u0430\u043d\u043e\u0432\u0438 \u0440\u0430\u0434\u0430<\/h3>\t\t\t\t<\/div>\n\t\t\t\t<\/div>\n\t\t\t\t<\/a>\n\t\t<a class=\"elementor-element elementor-element-d2a38d4 e-con-full e-flex e-con e-child\" data-id=\"d2a38d4\" data-element_type=\"container\" href=\"https:\/\/tuzilastvo.me\/sr_rs\/tuzilacki-savjet\/slobodan-pristup-informacijama\/izvjestaji-i-druga-dokumenta-o-radu-2\/\">\n\t\t\t\t<div class=\"elementor-element elementor-element-91e4769 title elementor-widget elementor-widget-heading\" data-id=\"91e4769\" data-element_type=\"widget\" data-widget_type=\"heading.default\">\n\t\t\t\t<div class=\"elementor-widget-container\">\n\t\t\t\t\t<h3 class=\"elementor-heading-title elementor-size-default\">Izvje\u0161taji i druga dokumenta o radu<\/h3>\t\t\t\t<\/div>\n\t\t\t\t<\/div>\n\t\t\t\t<\/a>\n\t\t<a class=\"elementor-element elementor-element-140c146 e-con-full e-flex e-con e-child\" data-id=\"140c146\" data-element_type=\"container\" href=\"https:\/\/tuzilastvo.me\/sr_rs\/tuzilacki-savjet\/slobodan-pristup-informacijama\/nacrti-predlozi-i-konacni-tekstovi-strateskih-dokumenata\/\">\n\t\t\t\t<div class=\"elementor-element elementor-element-12685c9 title elementor-widget elementor-widget-heading\" data-id=\"12685c9\" data-element_type=\"widget\" data-widget_type=\"heading.default\">\n\t\t\t\t<div class=\"elementor-widget-container\">\n\t\t\t\t\t<h3 class=\"elementor-heading-title elementor-size-default\">Nacrti, predlozi i kona\u010dni tekstovi strate\u0161kih dokumenata i planova i programa za njihovo sprovo\u0111enje<\/h3>\t\t\t\t<\/div>\n\t\t\t\t<\/div>\n\t\t\t\t<\/a>\n\t\t<a class=\"elementor-element elementor-element-8a24b69 e-con-full e-flex e-con e-child\" data-id=\"8a24b69\" data-element_type=\"container\" href=\"https:\/\/tuzilastvo.me\/sr_rs\/tuzilacki-savjet\/slobodan-pristup-informacijama\/nacrti-i-predlozi-zakona\/\">\n\t\t\t\t<div class=\"elementor-element elementor-element-fe452b7 title elementor-widget elementor-widget-heading\" data-id=\"fe452b7\" data-element_type=\"widget\" data-widget_type=\"heading.default\">\n\t\t\t\t<div class=\"elementor-widget-container\">\n\t\t\t\t\t<h3 class=\"elementor-heading-title elementor-size-default\">Nacrti i predlozi zakona i drugih propisa, kao i mi\u0161ljenja eksperata na te propise<\/h3>\t\t\t\t<\/div>\n\t\t\t\t<\/div>\n\t\t\t\t<\/a>\n\t\t<a class=\"elementor-element elementor-element-4c23211 e-con-full e-flex e-con e-child\" data-id=\"4c23211\" data-element_type=\"container\" href=\"https:\/\/tuzilastvo.me\/sr_rs\/tuzilacki-savjet\/slobodan-pristup-informacijama\/izvjestaji\/\">\n\t\t\t\t<div class=\"elementor-element elementor-element-723fd60 title elementor-widget elementor-widget-heading\" data-id=\"723fd60\" data-element_type=\"widget\" data-widget_type=\"heading.default\">\n\t\t\t\t<div class=\"elementor-widget-container\">\n\t\t\t\t\t<h3 class=\"elementor-heading-title elementor-size-default\">\u0418\u043d\u0444\u043e\u0440\u043c\u0430\u0446\u0438\u0458\u0435 \u043a\u043e\u0458\u0438\u043c\u0430 \u0458\u0435 \u043f\u043e \u0437\u0430\u0445\u0442\u0458\u0435\u0432\u0443 \u043f\u0440\u0438\u0441\u0442\u0443\u043f \u043e\u0434\u043e\u0431\u0440\u0435\u043d<\/h3>\t\t\t\t<\/div>\n\t\t\t\t<\/div>\n\t\t\t\t<\/a>\n\t\t<a class=\"elementor-element elementor-element-54b2bde e-con-full e-flex e-con e-child\" data-id=\"54b2bde\" data-element_type=\"container\" href=\"https:\/\/tuzilastvo.me\/sr_rs\/tuzilacki-savjet\/slobodan-pristup-informacijama\/pojedinacni-akti-i-ugovori\/\">\n\t\t\t\t<div class=\"elementor-element elementor-element-c4ae42a title elementor-widget elementor-widget-heading\" data-id=\"c4ae42a\" data-element_type=\"widget\" data-widget_type=\"heading.default\">\n\t\t\t\t<div class=\"elementor-widget-container\">\n\t\t\t\t\t<h3 class=\"elementor-heading-title elementor-size-default\">Pojedina\u010dni aktoi i ugovori o raspolaganju finansijskim sredstvima iz javnih prihoda i dr\u017eavnom imovinom<\/h3>\t\t\t\t<\/div>\n\t\t\t\t<\/div>\n\t\t\t\t<\/a>\n\t\t<a class=\"elementor-element elementor-element-3635521 e-con-full e-flex e-con e-child\" data-id=\"3635521\" data-element_type=\"container\" href=\"https:\/\/tuzilastvo.me\/sr_rs\/tuzilacki-savjet\/slobodan-pristup-informacijama\/spisak-drzavnih-sluzbenika-i-namjestenika\/\">\n\t\t\t\t<div class=\"elementor-element elementor-element-eec29f0 title elementor-widget elementor-widget-heading\" data-id=\"eec29f0\" data-element_type=\"widget\" data-widget_type=\"heading.default\">\n\t\t\t\t<div class=\"elementor-widget-container\">\n\t\t\t\t\t<h3 class=\"elementor-heading-title elementor-size-default\">Spisak dr\u017eavnih slu\u017ebenika i namje\u0161tenika, sa njihovim slu\u017ebeni\u010dkim i namje\u0161teni\u010dkim zvanjima<\/h3>\t\t\t\t<\/div>\n\t\t\t\t<\/div>\n\t\t\t\t<\/a>\n\t\t<a class=\"elementor-element elementor-element-b1dff5b e-con-full e-flex e-con e-child\" data-id=\"b1dff5b\" data-element_type=\"container\" href=\"https:\/\/tuzilastvo.me\/sr_rs\/tuzilacki-savjet\/slobodan-pristup-informacijama\/spisak-javnih-funkcionera\/\">\n\t\t\t\t<div class=\"elementor-element elementor-element-9468317 title elementor-widget elementor-widget-heading\" data-id=\"9468317\" data-element_type=\"widget\" data-widget_type=\"heading.default\">\n\t\t\t\t<div class=\"elementor-widget-container\">\n\t\t\t\t\t<h3 class=\"elementor-heading-title elementor-size-default\">Spisak javnih funkcionera i liste obra\u010duna njihovih zarada i drugih primanja i naknada u vezi sa vr\u0161enjem javne funkcije<\/h3>\t\t\t\t<\/div>\n\t\t\t\t<\/div>\n\t\t\t\t<\/a>\n\t\t<a class=\"elementor-element elementor-element-9a3118d e-con-full e-flex e-con e-child\" data-id=\"9a3118d\" data-element_type=\"container\">\n\t\t\t\t<div class=\"elementor-element elementor-element-d087d9e title elementor-widget elementor-widget-heading\" data-id=\"d087d9e\" data-element_type=\"widget\" data-widget_type=\"heading.default\">\n\t\t\t\t<div class=\"elementor-widget-container\">\n\t\t\t\t\t<h3 class=\"elementor-heading-title elementor-size-default\">Rje\u0161enja i drugi pojedina\u010dni akti koji su od zna\u010daja za prava, obaveze i interese tre\u0107ih lica<\/h3>\t\t\t\t<\/div>\n\t\t\t\t<\/div>\n\t\t\t\t<\/a>\n\t\t<a class=\"elementor-element elementor-element-aef850c e-con-full e-flex e-con e-child\" data-id=\"aef850c\" data-element_type=\"container\" href=\"https:\/\/tuzilastvo.me\/sr_rs\/tuzilacki-savjet\/slobodan-pristup-informacijama\/spisak-sluzbenih-vozila\/\">\n\t\t\t\t<div class=\"elementor-element elementor-element-cab28ce title elementor-widget elementor-widget-heading\" data-id=\"cab28ce\" data-element_type=\"widget\" data-widget_type=\"heading.default\">\n\t\t\t\t<div class=\"elementor-widget-container\">\n\t\t\t\t\t<h3 class=\"elementor-heading-title elementor-size-default\">\u0421\u043f\u0438\u0441\u0430\u043a \u0441\u043b\u0443\u0436\u0431\u0435\u043d\u0438\u0445 \u0432\u043e\u0437\u0438\u043b\u0430<\/h3>\t\t\t\t<\/div>\n\t\t\t\t<\/div>\n\t\t\t\t<\/a>\n\t\t<a class=\"elementor-element elementor-element-e7270a5 e-con-full e-flex e-con e-child\" data-id=\"e7270a5\" data-element_type=\"container\" href=\"https:\/\/tuzilastvo.me\/sr_rs\/tuzilacki-savjet\/slobodan-pristup-informacijama\/zakon-o-slobodnom-pristupu-informacijama\/\">\n\t\t\t\t<div class=\"elementor-element elementor-element-7b9a5c6 title elementor-widget elementor-widget-heading\" data-id=\"7b9a5c6\" data-element_type=\"widget\" data-widget_type=\"heading.default\">\n\t\t\t\t<div class=\"elementor-widget-container\">\n\t\t\t\t\t<h3 class=\"elementor-heading-title elementor-size-default\">\u0417\u0430\u043a\u043e\u043d \u043e \u0441\u043b\u043e\u0431\u043e\u0434\u043d\u043e\u043c \u043f\u0440\u0438\u0441\u0442\u0443\u043f\u0443 \u0438\u043d\u0444\u043e\u0440\u043c\u0430\u0446\u0438\u0458\u0430\u043c\u0430<\/h3>\t\t\t\t<\/div>\n\t\t\t\t<\/div>\n\t\t\t\t<\/a>\n\t\t\t\t<\/div>\n\t\t\t\t<\/div>\n\t\t\t\t<\/div>","protected":false},"excerpt":{"rendered":"<p>Slobodan pristup informacijama Vodi\u010d za pristup informacijama Javni registri i javne evidencije Programi i planovi rada Izvje\u0161taji i druga dokumenta [&hellip;]<\/p>","protected":false},"author":25,"featured_media":0,"parent":6306,"menu_order":104,"comment_status":"closed","ping_status":"closed","template":"","meta":{"_acf_changed":false,"site-sidebar-layout":"no-sidebar","site-content-layout":"","ast-site-content-layout":"full-width-container","site-content-style":"default","site-sidebar-style":"default","ast-global-header-display":"","ast-banner-title-visibility":"","ast-main-header-display":"","ast-hfb-above-header-display":"","ast-hfb-below-header-display":"","ast-hfb-mobile-header-display":"","site-post-title":"disabled","ast-breadcrumbs-content":"","ast-featured-img":"disabled","footer-sml-layout":"","theme-transparent-header-meta":"","adv-header-id-meta":"","stick-header-meta":"","header-above-stick-meta":"","header-main-stick-meta":"","header-below-stick-meta":"","astra-migrate-meta-layouts":"default","ast-page-background-enabled":"default","ast-page-background-meta":{"desktop":{"background-color":"var(--ast-global-color-4)","background-image":"","background-repeat":"repeat","background-position":"center center","background-size":"auto","background-attachment":"scroll","background-type":"","background-media":"","overlay-type":"","overlay-color":"","overlay-opacity":"","overlay-gradient":""},"tablet":{"background-color":"","background-image":"","background-repeat":"repeat","background-position":"center center","background-size":"auto","background-attachment":"scroll","background-type":"","background-media":"","overlay-type":"","overlay-color":"","overlay-opacity":"","overlay-gradient":""},"mobile":{"background-color":"","background-image":"","background-repeat":"repeat","background-position":"center center","background-size":"auto","background-attachment":"scroll","background-type":"","background-media":"","overlay-type":"","overlay-color":"","overlay-opacity":"","overlay-gradient":""}},"ast-content-background-meta":{"desktop":{"background-color":"var(--ast-global-color-5)","background-image":"","background-repeat":"repeat","background-position":"center center","background-size":"auto","background-attachment":"scroll","background-type":"","background-media":"","overlay-type":"","overlay-color":"","overlay-opacity":"","overlay-gradient":""},"tablet":{"background-color":"var(--ast-global-color-5)","background-image":"","background-repeat":"repeat","background-position":"center center","background-size":"auto","background-attachment":"scroll","background-type":"","background-media":"","overlay-type":"","overlay-color":"","overlay-opacity":"","overlay-gradient":""},"mobile":{"background-color":"var(--ast-global-color-5)","background-image":"","background-repeat":"repeat","background-position":"center center","background-size":"auto","background-attachment":"scroll","background-type":"","background-media":"","overlay-type":"","overlay-color":"","overlay-opacity":"","overlay-gradient":""}},"footnotes":""},"class_list":["post-6327","page","type-page","status-publish","hentry"],"acf":[],"_links":{"self":[{"href":"https:\/\/tuzilastvo.me\/sr_rs\/wp-json\/wp\/v2\/pages\/6327","targetHints":{"allow":["GET"]}}],"collection":[{"href":"https:\/\/tuzilastvo.me\/sr_rs\/wp-json\/wp\/v2\/pages"}],"about":[{"href":"https:\/\/tuzilastvo.me\/sr_rs\/wp-json\/wp\/v2\/types\/page"}],"author":[{"embeddable":true,"href":"https:\/\/tuzilastvo.me\/sr_rs\/wp-json\/wp\/v2\/users\/25"}],"replies":[{"embeddable":true,"href":"https:\/\/tuzilastvo.me\/sr_rs\/wp-json\/wp\/v2\/comments?post=6327"}],"version-history":[{"count":33,"href":"https:\/\/tuzilastvo.me\/sr_rs\/wp-json\/wp\/v2\/pages\/6327\/revisions"}],"predecessor-version":[{"id":66020,"href":"https:\/\/tuzilastvo.me\/sr_rs\/wp-json\/wp\/v2\/pages\/6327\/revisions\/66020"}],"up":[{"embeddable":true,"href":"https:\/\/tuzilastvo.me\/sr_rs\/wp-json\/wp\/v2\/pages\/6306"}],"wp:attachment":[{"href":"https:\/\/tuzilastvo.me\/sr_rs\/wp-json\/wp\/v2\/media?parent=6327"}],"curies":[{"name":"wp","href":"https:\/\/api.w.org\/{rel}","templated":true}]}}