{"id":6602,"date":"2024-12-27T11:08:31","date_gmt":"2024-12-27T11:08:31","guid":{"rendered":"https:\/\/istorijskaistrazivanja.com\/?page_id=6602"},"modified":"2025-11-12T11:59:10","modified_gmt":"2025-11-12T11:59:10","slug":"slobodan-pristup-informacijama","status":"publish","type":"page","link":"https:\/\/tuzilastvo.me\/sr_rs\/visa-drzavna-tuzilastva\/vdt-bijelo-polje\/odnosi-s-javnoscu\/slobodan-pristup-informacijama\/","title":{"rendered":"\u0421\u043b\u043e\u0431\u043e\u0434\u0430\u043d \u043f\u0440\u0438\u0441\u0442\u0443\u043f \u0438\u043d\u0444\u043e\u0440\u043c\u0430\u0446\u0438\u0458\u0430\u043c\u0430"},"content":{"rendered":"<div data-elementor-type=\"wp-page\" data-elementor-id=\"6602\" class=\"elementor elementor-6602\" data-elementor-post-type=\"page\">\n\t\t\t\t<div class=\"elementor-element elementor-element-f93eb8f e-con-full e-flex e-con e-parent\" data-id=\"f93eb8f\" data-element_type=\"container\">\n\t\t\t\t<div class=\"elementor-element elementor-element-2c5e85b elementor-widget elementor-widget-template\" data-id=\"2c5e85b\" data-element_type=\"widget\" data-widget_type=\"template.default\">\n\t\t\t\t<div class=\"elementor-widget-container\">\n\t\t\t\t\t\t\t<div class=\"elementor-template\">\n\t\t\t\t\t<div data-elementor-type=\"container\" data-elementor-id=\"61818\" class=\"elementor elementor-61818\" data-elementor-post-type=\"elementor_library\">\n\t\t\t\t<div class=\"elementor-element elementor-element-1d7ba27d e-flex e-con-boxed e-con e-parent\" data-id=\"1d7ba27d\" data-element_type=\"container\" data-settings=\"{&quot;background_background&quot;:&quot;classic&quot;,&quot;sticky&quot;:&quot;top&quot;,&quot;sticky_on&quot;:[&quot;desktop&quot;,&quot;tablet&quot;,&quot;mobile&quot;],&quot;sticky_offset&quot;:0,&quot;sticky_effects_offset&quot;:0,&quot;sticky_anchor_link_offset&quot;:0}\">\n\t\t\t\t\t<div class=\"e-con-inner\">\n\t\t\t\t<div class=\"elementor-element elementor-element-14046ab2 elementor-widget elementor-widget-heading\" data-id=\"14046ab2\" data-element_type=\"widget\" data-widget_type=\"heading.default\">\n\t\t\t\t<div class=\"elementor-widget-container\">\n\t\t\t\t\t<h1 class=\"elementor-heading-title elementor-size-default\">\u0412\u0414\u0422 \u0411\u0418\u0408\u0415\u041b\u041e \u041f\u041e\u0409\u0415<\/h1>\t\t\t\t<\/div>\n\t\t\t\t<\/div>\n\t\t\t\t<div class=\"elementor-element elementor-element-6eecc2ac elementor-search-form--skin-classic elementor-search-form--button-type-icon elementor-search-form--icon-search elementor-widget elementor-widget-search-form\" data-id=\"6eecc2ac\" data-element_type=\"widget\" data-settings=\"{&quot;skin&quot;:&quot;classic&quot;}\" data-widget_type=\"search-form.default\">\n\t\t\t\t<div class=\"elementor-widget-container\">\n\t\t\t\t\t\t\t<search role=\"search\">\n\t\t\t<form class=\"elementor-search-form\" action=\"https:\/\/tuzilastvo.me\/sr_rs\/\" method=\"get\" data-trp-original-action=\"https:\/\/tuzilastvo.me\/sr_rs\">\n\t\t\t\t\t\t\t\t\t\t\t\t<div class=\"elementor-search-form__container\">\n\t\t\t\t\t<label class=\"elementor-screen-only\" for=\"elementor-search-form-6eecc2ac\">\u041f\u0440\u0435\u0442\u0440\u0430\u0433\u0430<\/label>\n\n\t\t\t\t\t\n\t\t\t\t\t<input id=\"elementor-search-form-6eecc2ac\" placeholder=\"\u041f\u0440\u0435\u0442\u0440\u0430\u0436\u0438\u0442\u0435\" class=\"elementor-search-form__input\" type=\"search\" name=\"s\" value=\"\">\n\t\t\t\t\t\n\t\t\t\t\t\t\t\t\t\t\t<button class=\"elementor-search-form__submit\" type=\"submit\" aria-label=\"\u041f\u0440\u0435\u0442\u0440\u0430\u0433\u0430\">\n\t\t\t\t\t\t\t\t\t\t\t\t\t\t\t<div class=\"e-font-icon-svg-container\"><svg class=\"fa fa-search e-font-icon-svg e-fas-search\" viewbox=\"0 0 512 512\" xmlns=\"http:\/\/www.w3.org\/2000\/svg\"><path d=\"M505 442.7L405.3 343c-4.5-4.5-10.6-7-17-7H372c27.6-35.3 44-79.7 44-128C416 93.1 322.9 0 208 0S0 93.1 0 208s93.1 208 208 208c48.3 0 92.7-16.4 128-44v16.3c0 6.4 2.5 12.5 7 17l99.7 99.7c9.4 9.4 24.6 9.4 33.9 0l28.3-28.3c9.4-9.4 9.4-24.6.1-34zM208 336c-70.7 0-128-57.2-128-128 0-70.7 57.2-128 128-128 70.7 0 128 57.2 128 128 0 70.7-57.2 128-128 128z\"><\/path><\/svg><\/div>\t\t\t\t\t\t\t\t\t\t\t\t\t<\/button>\n\t\t\t\t\t\n\t\t\t\t\t\t\t\t\t<\/div>\n\t\t\t<input type=\"hidden\" name=\"trp-form-language\" value=\"sr_rs\"\/><\/form>\n\t\t<\/search>\n\t\t\t\t\t\t<\/div>\n\t\t\t\t<\/div>\n\t\t<div class=\"elementor-element elementor-element-4a0de510 e-con-full e-flex e-con e-child\" data-id=\"4a0de510\" data-element_type=\"container\" data-settings=\"{&quot;position&quot;:&quot;absolute&quot;}\">\n\t\t\t\t<\/div>\n\t\t<div class=\"elementor-element elementor-element-191fd01e e-con-full header-row e-flex e-con e-child\" data-id=\"191fd01e\" data-element_type=\"container\">\n\t\t\t\t<div class=\"elementor-element elementor-element-5870d3ee title elementor-widget elementor-widget-heading\" data-id=\"5870d3ee\" data-element_type=\"widget\" data-widget_type=\"heading.default\">\n\t\t\t\t<div class=\"elementor-widget-container\">\n\t\t\t\t\t<h3 class=\"elementor-heading-title elementor-size-default\"><a href=\"https:\/\/tuzilastvo.me\/sr_rs\/visa-drzavna-tuzilastva\/vdt-bijelo-polje\/\">\u041d\u0430\u0441\u043b\u043e\u0432\u043d\u0430<\/a><\/h3>\t\t\t\t<\/div>\n\t\t\t\t<\/div>\n\t\t\t\t<div class=\"elementor-element elementor-element-119e158e title elementor-widget elementor-widget-heading\" data-id=\"119e158e\" data-element_type=\"widget\" data-widget_type=\"heading.default\">\n\t\t\t\t<div class=\"elementor-widget-container\">\n\t\t\t\t\t<h3 class=\"elementor-heading-title elementor-size-default\"><a href=\"https:\/\/tuzilastvo.me\/sr_rs\/visa-drzavna-tuzilastva\/vdt-bijelo-polje\/o-nama\/\">\u041e \u043d\u0430\u043c\u0430<\/a><\/h3>\t\t\t\t<\/div>\n\t\t\t\t<\/div>\n\t\t\t\t<div class=\"elementor-element elementor-element-8a790ef title elementor-widget elementor-widget-heading\" data-id=\"8a790ef\" data-element_type=\"widget\" data-widget_type=\"heading.default\">\n\t\t\t\t<div class=\"elementor-widget-container\">\n\t\t\t\t\t<h3 class=\"elementor-heading-title elementor-size-default\"><a href=\"https:\/\/tuzilastvo.me\/sr_rs\/visa-drzavna-tuzilastva\/vdt-bijelo-polje\/biblioteka\/\">\u0411\u0438\u0431\u043b\u0438\u043e\u0442\u0435\u043a\u0430<\/a><\/h3>\t\t\t\t<\/div>\n\t\t\t\t<\/div>\n\t\t\t\t<div class=\"elementor-element elementor-element-31401dfb title elementor-widget elementor-widget-heading\" data-id=\"31401dfb\" data-element_type=\"widget\" data-widget_type=\"heading.default\">\n\t\t\t\t<div class=\"elementor-widget-container\">\n\t\t\t\t\t<h3 class=\"elementor-heading-title elementor-size-default\"><a href=\"https:\/\/tuzilastvo.me\/sr_rs\/visa-drzavna-tuzilastva\/vdt-bijelo-polje\/odluke\/\">\u041e\u0434\u043b\u0443\u043a\u0435<\/a><\/h3>\t\t\t\t<\/div>\n\t\t\t\t<\/div>\n\t\t\t\t<div class=\"elementor-element elementor-element-6fa1c132 title elementor-widget elementor-widget-heading\" data-id=\"6fa1c132\" data-element_type=\"widget\" data-widget_type=\"heading.default\">\n\t\t\t\t<div class=\"elementor-widget-container\">\n\t\t\t\t\t<h3 class=\"elementor-heading-title elementor-size-default\"><a href=\"https:\/\/tuzilastvo.me\/sr_rs\/visa-drzavna-tuzilastva\/vdt-bijelo-polje\/odnosi-s-javnoscu\/\">\u041e\u0434\u043d\u043e\u0441\u0438 \u0441 \u0458\u0430\u0432\u043d\u043e\u0448\u045b\u0443<\/a><\/h3>\t\t\t\t<\/div>\n\t\t\t\t<\/div>\n\t\t\t\t<div class=\"elementor-element elementor-element-594d3a98 title elementor-widget elementor-widget-heading\" data-id=\"594d3a98\" data-element_type=\"widget\" data-widget_type=\"heading.default\">\n\t\t\t\t<div class=\"elementor-widget-container\">\n\t\t\t\t\t<h3 class=\"elementor-heading-title elementor-size-default\"><a href=\"https:\/\/tuzilastvo.me\/sr_rs\/visa-drzavna-tuzilastva\/vdt-bijelo-polje\/dezurni-tuzioci\/\">\u0414\u0435\u0436\u0443\u0440\u043d\u0438 \u0442\u0443\u0436\u0438\u043e\u0446\u0438<\/a><\/h3>\t\t\t\t<\/div>\n\t\t\t\t<\/div>\n\t\t\t\t<div class=\"elementor-element elementor-element-20e6877d title elementor-widget elementor-widget-heading\" data-id=\"20e6877d\" data-element_type=\"widget\" data-widget_type=\"heading.default\">\n\t\t\t\t<div class=\"elementor-widget-container\">\n\t\t\t\t\t<h3 class=\"elementor-heading-title elementor-size-default\"><a href=\"https:\/\/tuzilastvo.me\/sr_rs\/visa-drzavna-tuzilastva\/vdt-bijelo-polje\/oglasi\/\">\u041e\u0433\u043b\u0430\u0441\u0438<\/a><\/h3>\t\t\t\t<\/div>\n\t\t\t\t<\/div>\n\t\t\t\t<div class=\"elementor-element elementor-element-3e179719 title elementor-widget elementor-widget-heading\" data-id=\"3e179719\" data-element_type=\"widget\" data-widget_type=\"heading.default\">\n\t\t\t\t<div class=\"elementor-widget-container\">\n\t\t\t\t\t<h3 class=\"elementor-heading-title elementor-size-default\"><a href=\"https:\/\/tuzilastvo.me\/sr_rs\/visa-drzavna-tuzilastva\/vdt-bijelo-polje\/kontakt-2\/\">\u041a\u043e\u043d\u0442\u0430\u043a\u0442<\/a><\/h3>\t\t\t\t<\/div>\n\t\t\t\t<\/div>\n\t\t\t\t<\/div>\n\t\t\t\t\t<\/div>\n\t\t\t\t<\/div>\n\t\t\t\t<\/div>\n\t\t\t\t<\/div>\n\t\t\t\t\t\t<\/div>\n\t\t\t\t<\/div>\n\t\t\t\t<\/div>\n\t\t<div class=\"elementor-element elementor-element-818bb42 e-con-full e-flex e-con e-parent\" data-id=\"818bb42\" data-element_type=\"container\">\n\t\t\t\t<div class=\"elementor-element elementor-element-b7bff57 elementor-widget elementor-widget-heading\" data-id=\"b7bff57\" data-element_type=\"widget\" data-widget_type=\"heading.default\">\n\t\t\t\t<div class=\"elementor-widget-container\">\n\t\t\t\t\t<h2 class=\"elementor-heading-title elementor-size-default\"> \u041e\u0434\u043d\u043e\u0441\u0438 \u0441 \u0458\u0430\u0432\u043d\u043e\u0448\u045b\u0443<\/h2>\t\t\t\t<\/div>\n\t\t\t\t<\/div>\n\t\t\t\t<div class=\"elementor-element elementor-element-9671cd7 elementor-widget elementor-widget-heading\" data-id=\"9671cd7\" data-element_type=\"widget\" data-widget_type=\"heading.default\">\n\t\t\t\t<div class=\"elementor-widget-container\">\n\t\t\t\t\t<h3 class=\"elementor-heading-title elementor-size-default\">\u0421\u043b\u043e\u0431\u043e\u0434\u0430\u043d \u043f\u0440\u0438\u0441\u0442\u0443\u043f \u0438\u043d\u0444\u043e\u0440\u043c\u0430\u0446\u0438\u0458\u0430\u043c\u0430<\/h3>\t\t\t\t<\/div>\n\t\t\t\t<\/div>\n\t\t<div class=\"elementor-element elementor-element-63b730c e-grid e-con-full e-con e-child\" data-id=\"63b730c\" data-element_type=\"container\">\n\t\t<a class=\"elementor-element elementor-element-fbfc9d3 e-con-full e-flex e-con e-child\" data-id=\"fbfc9d3\" data-element_type=\"container\" href=\"https:\/\/tuzilastvo.me\/sr_rs\/visa-drzavna-tuzilastva\/vdt-bijelo-polje\/odnosi-s-javnoscu\/slobodan-pristup-informacijama\/zakon-o-slobodnom-pristupu-informacijama\/\">\n\t\t\t\t<div class=\"elementor-element elementor-element-3451a95 title elementor-widget elementor-widget-heading\" data-id=\"3451a95\" data-element_type=\"widget\" data-widget_type=\"heading.default\">\n\t\t\t\t<div class=\"elementor-widget-container\">\n\t\t\t\t\t<h3 class=\"elementor-heading-title elementor-size-default\">\u0417\u0430\u043a\u043e\u043d \u043e \u0441\u043b\u043e\u0431\u043e\u0434\u043d\u043e\u043c \u043f\u0440\u0438\u0441\u0442\u0443\u043f\u0443 \u0438\u043d\u0444\u043e\u0440\u043c\u0430\u0446\u0438\u0458\u0430\u043c\u0430<\/h3>\t\t\t\t<\/div>\n\t\t\t\t<\/div>\n\t\t\t\t<\/a>\n\t\t<a class=\"elementor-element elementor-element-a25c37e e-con-full e-flex e-con e-child\" data-id=\"a25c37e\" data-element_type=\"container\" href=\"https:\/\/tuzilastvo.me\/sr_rs\/visa-drzavna-tuzilastva\/vdt-bijelo-polje\/odnosi-s-javnoscu\/slobodan-pristup-informacijama\/vodic-za-slobodan-pristup-informacijama\/\">\n\t\t\t\t<div class=\"elementor-element elementor-element-d78f5ef title elementor-widget elementor-widget-heading\" data-id=\"d78f5ef\" data-element_type=\"widget\" data-widget_type=\"heading.default\">\n\t\t\t\t<div class=\"elementor-widget-container\">\n\t\t\t\t\t<h3 class=\"elementor-heading-title elementor-size-default\">\u0412\u043e\u0434\u0438\u0447 \u0437\u0430 \u0441\u043b\u043e\u0431\u043e\u0434\u0430\u043d \u043f\u0440\u0438\u0441\u0442\u0443\u043f \u0438\u043d\u0444\u043e\u0440\u043c\u0430\u0446\u0438\u0458\u0430\u043c\u0430<\/h3>\t\t\t\t<\/div>\n\t\t\t\t<\/div>\n\t\t\t\t<\/a>\n\t\t<a class=\"elementor-element elementor-element-d709734 e-con-full e-flex e-con e-child\" data-id=\"d709734\" data-element_type=\"container\" href=\"https:\/\/tuzilastvo.me\/sr_rs\/visa-drzavna-tuzilastva\/vdt-bijelo-polje\/odnosi-s-javnoscu\/slobodan-pristup-informacijama\/javni-registri-i-javne-evidencije\/\">\n\t\t\t\t<div class=\"elementor-element elementor-element-8adca9b title elementor-widget elementor-widget-heading\" data-id=\"8adca9b\" data-element_type=\"widget\" data-widget_type=\"heading.default\">\n\t\t\t\t<div class=\"elementor-widget-container\">\n\t\t\t\t\t<h3 class=\"elementor-heading-title elementor-size-default\">\u0408\u0430\u0432\u043d\u0438 \u0440\u0435\u0433\u0438\u0441\u0442\u0440\u0438 \u0438 \u0458\u0430\u0432\u043d\u0435 \u0435\u0432\u0438\u0434\u0435\u043d\u0446\u0438\u0458\u0435<\/h3>\t\t\t\t<\/div>\n\t\t\t\t<\/div>\n\t\t\t\t<\/a>\n\t\t<a class=\"elementor-element elementor-element-092cd4c e-con-full e-flex e-con e-child\" data-id=\"092cd4c\" data-element_type=\"container\" href=\"https:\/\/tuzilastvo.me\/sr_rs\/visa-drzavna-tuzilastva\/vdt-bijelo-polje\/odnosi-s-javnoscu\/slobodan-pristup-informacijama\/programi-i-planovi-rada\/\">\n\t\t\t\t<div class=\"elementor-element elementor-element-7e4acb2 title elementor-widget elementor-widget-heading\" data-id=\"7e4acb2\" data-element_type=\"widget\" data-widget_type=\"heading.default\">\n\t\t\t\t<div class=\"elementor-widget-container\">\n\t\t\t\t\t<h3 class=\"elementor-heading-title elementor-size-default\">\u041f\u0440\u043e\u0433\u0440\u0430\u043c\u0438 \u0438 \u043f\u043b\u0430\u043d\u043e\u0432\u0438 \u0440\u0430\u0434\u0430<\/h3>\t\t\t\t<\/div>\n\t\t\t\t<\/div>\n\t\t\t\t<\/a>\n\t\t<a class=\"elementor-element elementor-element-fa8a8cf e-con-full e-flex e-con e-child\" data-id=\"fa8a8cf\" data-element_type=\"container\" href=\"https:\/\/tuzilastvo.me\/sr_rs\/visa-drzavna-tuzilastva\/vdt-bijelo-polje\/odnosi-s-javnoscu\/slobodan-pristup-informacijama\/spisak-javnih-funkcionera\/\">\n\t\t\t\t<div class=\"elementor-element elementor-element-a9b75d5 title elementor-widget elementor-widget-heading\" data-id=\"a9b75d5\" data-element_type=\"widget\" data-widget_type=\"heading.default\">\n\t\t\t\t<div class=\"elementor-widget-container\">\n\t\t\t\t\t<h3 class=\"elementor-heading-title elementor-size-default\">\u0421\u043f\u0438\u0441\u0430\u043a \u0458\u0430\u0432\u043d\u0438\u0445 \u0444\u0443\u043d\u043a\u0446\u0438\u043e\u043d\u0435\u0440\u0430<\/h3>\t\t\t\t<\/div>\n\t\t\t\t<\/div>\n\t\t\t\t<\/a>\n\t\t<a class=\"elementor-element elementor-element-679d384 e-con-full e-flex e-con e-child\" data-id=\"679d384\" data-element_type=\"container\" href=\"https:\/\/tuzilastvo.me\/sr_rs\/visa-drzavna-tuzilastva\/vdt-bijelo-polje\/odnosi-s-javnoscu\/slobodan-pristup-informacijama\/spisak-drzavnih-sluzbenika-i-namjestenika-2\/\">\n\t\t\t\t<div class=\"elementor-element elementor-element-3f11fd6 title elementor-widget elementor-widget-heading\" data-id=\"3f11fd6\" data-element_type=\"widget\" data-widget_type=\"heading.default\">\n\t\t\t\t<div class=\"elementor-widget-container\">\n\t\t\t\t\t<h3 class=\"elementor-heading-title elementor-size-default\">\u0421\u043f\u0438\u0441\u0430\u043a \u0434\u0440\u0436\u0430\u0432\u043d\u0438\u0445 \u0441\u043b\u0443\u0436\u0431\u0435\u043d\u0438\u043a\u0430 \u0438 \u043d\u0430\u043c\u0458\u0435\u0448\u0442\u0435\u043d\u0438\u043a\u0430<\/h3>\t\t\t\t<\/div>\n\t\t\t\t<\/div>\n\t\t\t\t<\/a>\n\t\t<a class=\"elementor-element elementor-element-e37dfff e-con-full e-flex e-con e-child\" data-id=\"e37dfff\" data-element_type=\"container\" href=\"https:\/\/tuzilastvo.me\/sr_rs\/visa-drzavna-tuzilastva\/vdt-bijelo-polje\/odnosi-s-javnoscu\/slobodan-pristup-informacijama\/spisak-sluzbenih-vozila\/\">\n\t\t\t\t<div class=\"elementor-element elementor-element-c643340 title elementor-widget elementor-widget-heading\" data-id=\"c643340\" data-element_type=\"widget\" data-widget_type=\"heading.default\">\n\t\t\t\t<div class=\"elementor-widget-container\">\n\t\t\t\t\t<h3 class=\"elementor-heading-title elementor-size-default\">\u0421\u043f\u0438\u0441\u0430\u043a \u0441\u043b\u0443\u0436\u0431\u0435\u043d\u0438\u0445 \u0432\u043e\u0437\u0438\u043b\u0430<\/h3>\t\t\t\t<\/div>\n\t\t\t\t<\/div>\n\t\t\t\t<\/a>\n\t\t<a class=\"elementor-element elementor-element-18e6105 e-con-full e-flex e-con e-child\" data-id=\"18e6105\" data-element_type=\"container\" href=\"https:\/\/tuzilastvo.me\/sr_rs\/visa-drzavna-tuzilastva\/vdt-bijelo-polje\/odnosi-s-javnoscu\/slobodan-pristup-informacijama\/lista-zahtjeva-za-slobodan-pristup-informacijama\/\">\n\t\t\t\t<div class=\"elementor-element elementor-element-6efa5d0 title elementor-widget elementor-widget-heading\" data-id=\"6efa5d0\" data-element_type=\"widget\" data-widget_type=\"heading.default\">\n\t\t\t\t<div class=\"elementor-widget-container\">\n\t\t\t\t\t<h3 class=\"elementor-heading-title elementor-size-default\">\u041b\u0438\u0441\u0442\u0430 \u0437\u0430\u0445\u0442\u0458\u0435\u0432\u0430 \u0437\u0430 \u0441\u043b\u043e\u0431\u043e\u0434\u0430\u043d \u043f\u0440\u0438\u0441\u0442\u0443\u043f \u0438\u043d\u0444\u043e\u0440\u043c\u0430\u0446\u0438\u0458\u0430\u043c\u0430<\/h3>\t\t\t\t<\/div>\n\t\t\t\t<\/div>\n\t\t\t\t<\/a>\n\t\t<a class=\"elementor-element elementor-element-ed12155 e-con-full e-flex e-con e-child\" data-id=\"ed12155\" data-element_type=\"container\" href=\"https:\/\/tuzilastvo.me\/sr_rs\/visa-drzavna-tuzilastva\/vdt-bijelo-polje\/odnosi-s-javnoscu\/slobodan-pristup-informacijama\/zahtjevi-kojima-je-pristup-odobren\/\">\n\t\t\t\t<div class=\"elementor-element elementor-element-31555be title elementor-widget elementor-widget-heading\" data-id=\"31555be\" data-element_type=\"widget\" data-widget_type=\"heading.default\">\n\t\t\t\t<div class=\"elementor-widget-container\">\n\t\t\t\t\t<h3 class=\"elementor-heading-title elementor-size-default\">\u0417\u0430\u0445\u0442\u0458\u0435\u0432\u0438 \u043a\u043e\u0458\u0438\u043c\u0430 \u0458\u0435 \u043f\u0440\u0438\u0441\u0442\u0443\u043f \u043e\u0434\u043e\u0431\u0440\u0435\u043d<\/h3>\t\t\t\t<\/div>\n\t\t\t\t<\/div>\n\t\t\t\t<\/a>\n\t\t<a class=\"elementor-element elementor-element-a52aa07 e-con-full e-flex e-con e-child\" data-id=\"a52aa07\" data-element_type=\"container\" href=\"https:\/\/tuzilastvo.me\/sr_rs\/visa-drzavna-tuzilastva\/vdt-bijelo-polje\/odnosi-s-javnoscu\/slobodan-pristup-informacijama\/analiticke-kartice\/\">\n\t\t\t\t<div class=\"elementor-element elementor-element-617cdad title elementor-widget elementor-widget-heading\" data-id=\"617cdad\" data-element_type=\"widget\" data-widget_type=\"heading.default\">\n\t\t\t\t<div class=\"elementor-widget-container\">\n\t\t\t\t\t<h3 class=\"elementor-heading-title elementor-size-default\">\u0410\u043d\u0430\u043b\u0438\u0442\u0438\u0447\u043a\u0435 \u043a\u0430\u0440\u0442\u0438\u0446\u0435<\/h3>\t\t\t\t<\/div>\n\t\t\t\t<\/div>\n\t\t\t\t<\/a>\n\t\t<a class=\"elementor-element elementor-element-a1bb840 e-con-full e-flex e-con e-child\" data-id=\"a1bb840\" data-element_type=\"container\" href=\"https:\/\/tuzilastvo.me\/sr_rs\/visa-drzavna-tuzilastva\/vdt-bijelo-polje\/odnosi-s-javnoscu\/slobodan-pristup-informacijama\/putni-nalozi\/\">\n\t\t\t\t<div class=\"elementor-element elementor-element-8b1a51d title elementor-widget elementor-widget-heading\" data-id=\"8b1a51d\" data-element_type=\"widget\" data-widget_type=\"heading.default\">\n\t\t\t\t<div class=\"elementor-widget-container\">\n\t\t\t\t\t<h3 class=\"elementor-heading-title elementor-size-default\">\u041f\u0443\u0442\u043d\u0438 \u043d\u0430\u043b\u043e\u0437\u0438<\/h3>\t\t\t\t<\/div>\n\t\t\t\t<\/div>\n\t\t\t\t<\/a>\n\t\t<a class=\"elementor-element elementor-element-96c6c63 e-con-full e-flex e-con e-child\" data-id=\"96c6c63\" data-element_type=\"container\" href=\"https:\/\/tuzilastvo.me\/sr_rs\/visa-drzavna-tuzilastva\/vdt-bijelo-polje\/odnosi-s-javnoscu\/slobodan-pristup-informacijama\/transparentnost-finansiranja-medija\/\">\n\t\t\t\t<div class=\"elementor-element elementor-element-c04014a title elementor-widget elementor-widget-heading\" data-id=\"c04014a\" data-element_type=\"widget\" data-widget_type=\"heading.default\">\n\t\t\t\t<div class=\"elementor-widget-container\">\n\t\t\t\t\t<h3 class=\"elementor-heading-title elementor-size-default\">\u0422\u0440\u0430\u043d\u0441\u043f\u0430\u0440\u0435\u043d\u0442\u043d\u043e\u0441\u0442 \u0444\u0438\u043d\u0430\u043d\u0441\u0438\u0440\u0430\u045a\u0430 \u043c\u0435\u0434\u0438\u0458\u0430<\/h3>\t\t\t\t<\/div>\n\t\t\t\t<\/div>\n\t\t\t\t<\/a>\n\t\t\t\t<\/div>\n\t\t\t\t<\/div>\n\t\t\t\t<\/div>","protected":false},"excerpt":{"rendered":"<p>Odnosi s javno\u0161\u0107u Slobodan pristup informacijama Zakon o slobodnom pristupu informacijama Vodi\u010d za slobodan pristup informacijama Javni registri i javne [&hellip;]<\/p>","protected":false},"author":28,"featured_media":0,"parent":6544,"menu_order":0,"comment_status":"closed","ping_status":"closed","template":"","meta":{"_acf_changed":false,"site-sidebar-layout":"no-sidebar","site-content-layout":"","ast-site-content-layout":"full-width-container","site-content-style":"default","site-sidebar-style":"default","ast-global-header-display":"","ast-banner-title-visibility":"","ast-main-header-display":"","ast-hfb-above-header-display":"","ast-hfb-below-header-display":"","ast-hfb-mobile-header-display":"","site-post-title":"disabled","ast-breadcrumbs-content":"","ast-featured-img":"disabled","footer-sml-layout":"","theme-transparent-header-meta":"","adv-header-id-meta":"","stick-header-meta":"","header-above-stick-meta":"","header-main-stick-meta":"","header-below-stick-meta":"","astra-migrate-meta-layouts":"default","ast-page-background-enabled":"default","ast-page-background-meta":{"desktop":{"background-color":"var(--ast-global-color-4)","background-image":"","background-repeat":"repeat","background-position":"center center","background-size":"auto","background-attachment":"scroll","background-type":"","background-media":"","overlay-type":"","overlay-color":"","overlay-opacity":"","overlay-gradient":""},"tablet":{"background-color":"","background-image":"","background-repeat":"repeat","background-position":"center center","background-size":"auto","background-attachment":"scroll","background-type":"","background-media":"","overlay-type":"","overlay-color":"","overlay-opacity":"","overlay-gradient":""},"mobile":{"background-color":"","background-image":"","background-repeat":"repeat","background-position":"center center","background-size":"auto","background-attachment":"scroll","background-type":"","background-media":"","overlay-type":"","overlay-color":"","overlay-opacity":"","overlay-gradient":""}},"ast-content-background-meta":{"desktop":{"background-color":"var(--ast-global-color-5)","background-image":"","background-repeat":"repeat","background-position":"center center","background-size":"auto","background-attachment":"scroll","background-type":"","background-media":"","overlay-type":"","overlay-color":"","overlay-opacity":"","overlay-gradient":""},"tablet":{"background-color":"var(--ast-global-color-5)","background-image":"","background-repeat":"repeat","background-position":"center center","background-size":"auto","background-attachment":"scroll","background-type":"","background-media":"","overlay-type":"","overlay-color":"","overlay-opacity":"","overlay-gradient":""},"mobile":{"background-color":"var(--ast-global-color-5)","background-image":"","background-repeat":"repeat","background-position":"center center","background-size":"auto","background-attachment":"scroll","background-type":"","background-media":"","overlay-type":"","overlay-color":"","overlay-opacity":"","overlay-gradient":""}},"footnotes":""},"class_list":["post-6602","page","type-page","status-publish","hentry"],"acf":[],"_links":{"self":[{"href":"https:\/\/tuzilastvo.me\/sr_rs\/wp-json\/wp\/v2\/pages\/6602","targetHints":{"allow":["GET"]}}],"collection":[{"href":"https:\/\/tuzilastvo.me\/sr_rs\/wp-json\/wp\/v2\/pages"}],"about":[{"href":"https:\/\/tuzilastvo.me\/sr_rs\/wp-json\/wp\/v2\/types\/page"}],"author":[{"embeddable":true,"href":"https:\/\/tuzilastvo.me\/sr_rs\/wp-json\/wp\/v2\/users\/28"}],"replies":[{"embeddable":true,"href":"https:\/\/tuzilastvo.me\/sr_rs\/wp-json\/wp\/v2\/comments?post=6602"}],"version-history":[{"count":40,"href":"https:\/\/tuzilastvo.me\/sr_rs\/wp-json\/wp\/v2\/pages\/6602\/revisions"}],"predecessor-version":[{"id":71692,"href":"https:\/\/tuzilastvo.me\/sr_rs\/wp-json\/wp\/v2\/pages\/6602\/revisions\/71692"}],"up":[{"embeddable":true,"href":"https:\/\/tuzilastvo.me\/sr_rs\/wp-json\/wp\/v2\/pages\/6544"}],"wp:attachment":[{"href":"https:\/\/tuzilastvo.me\/sr_rs\/wp-json\/wp\/v2\/media?parent=6602"}],"curies":[{"name":"wp","href":"https:\/\/api.w.org\/{rel}","templated":true}]}}