{"id":696,"date":"2025-02-25T08:44:45","date_gmt":"2025-02-25T08:44:45","guid":{"rendered":"https:\/\/istorijskaistrazivanja.com\/?page_id=696"},"modified":"2025-10-12T17:14:56","modified_gmt":"2025-10-12T17:14:56","slug":"vdt-slobodan-pristup-informacijama","status":"publish","type":"page","link":"https:\/\/tuzilastvo.me\/sr_rs\/vrhovno-drzavno-tuzilastvo\/vdt-odnosi-s-javnoscu\/vdt-slobodan-pristup-informacijama\/","title":{"rendered":"\u0421\u043b\u043e\u0431\u043e\u0434\u0430\u043d \u043f\u0440\u0438\u0441\u0442\u0443\u043f \u0438\u043d\u0444\u043e\u0440\u043c\u0430\u0446\u0438\u0458\u0430\u043c\u0430"},"content":{"rendered":"<div data-elementor-type=\"wp-page\" data-elementor-id=\"696\" class=\"elementor elementor-696\" data-elementor-post-type=\"page\">\n\t\t\t\t<div class=\"elementor-element elementor-element-70c62b5 e-con-full e-flex e-con e-parent\" data-id=\"70c62b5\" data-element_type=\"container\">\n\t\t\t\t<div class=\"elementor-element elementor-element-38cc9b4 elementor-widget elementor-widget-template\" data-id=\"38cc9b4\" data-element_type=\"widget\" data-widget_type=\"template.default\">\n\t\t\t\t<div class=\"elementor-widget-container\">\n\t\t\t\t\t\t\t<div class=\"elementor-template\">\n\t\t\t\t\t<div data-elementor-type=\"container\" data-elementor-id=\"61407\" class=\"elementor elementor-61407\" data-elementor-post-type=\"elementor_library\">\n\t\t\t\t<div class=\"elementor-element elementor-element-6e25e4e e-flex e-con-boxed e-con e-parent\" data-id=\"6e25e4e\" data-element_type=\"container\" data-settings=\"{&quot;background_background&quot;:&quot;classic&quot;,&quot;sticky&quot;:&quot;top&quot;,&quot;sticky_offset_mobile&quot;:0,&quot;sticky_on&quot;:[&quot;desktop&quot;,&quot;tablet&quot;,&quot;mobile&quot;],&quot;sticky_offset&quot;:0,&quot;sticky_effects_offset&quot;:0,&quot;sticky_anchor_link_offset&quot;:0}\">\n\t\t\t\t\t<div class=\"e-con-inner\">\n\t\t\t\t<div class=\"elementor-element elementor-element-3eb3815a elementor-widget elementor-widget-heading\" data-id=\"3eb3815a\" data-element_type=\"widget\" data-widget_type=\"heading.default\">\n\t\t\t\t<div class=\"elementor-widget-container\">\n\t\t\t\t\t<h1 class=\"elementor-heading-title elementor-size-default\">\u0412\u0420\u0425\u041e\u0412\u041d\u041e  \u0414\u0420\u0416\u0410\u0412\u041d\u041e \u0422\u0423\u0416\u0418\u041b\u0410\u0428\u0422\u0412\u041e <\/h1>\t\t\t\t<\/div>\n\t\t\t\t<\/div>\n\t\t\t\t<div class=\"elementor-element elementor-element-2b4b62df elementor-search-form--skin-classic elementor-search-form--button-type-icon elementor-search-form--icon-search elementor-widget elementor-widget-search-form\" data-id=\"2b4b62df\" data-element_type=\"widget\" data-settings=\"{&quot;skin&quot;:&quot;classic&quot;}\" data-widget_type=\"search-form.default\">\n\t\t\t\t<div class=\"elementor-widget-container\">\n\t\t\t\t\t\t\t<search role=\"search\">\n\t\t\t<form class=\"elementor-search-form\" action=\"https:\/\/tuzilastvo.me\/sr_rs\/\" method=\"get\" data-trp-original-action=\"https:\/\/tuzilastvo.me\/sr_rs\">\n\t\t\t\t\t\t\t\t\t\t\t\t<div class=\"elementor-search-form__container\">\n\t\t\t\t\t<label class=\"elementor-screen-only\" for=\"elementor-search-form-2b4b62df\">\u041f\u0440\u0435\u0442\u0440\u0430\u0433\u0430<\/label>\n\n\t\t\t\t\t\n\t\t\t\t\t<input id=\"elementor-search-form-2b4b62df\" placeholder=\"\u041f\u0440\u0435\u0442\u0440\u0430\u0436\u0438\u0442\u0435\" class=\"elementor-search-form__input\" type=\"search\" name=\"s\" value=\"\">\n\t\t\t\t\t\n\t\t\t\t\t\t\t\t\t\t\t<button class=\"elementor-search-form__submit\" type=\"submit\" aria-label=\"\u041f\u0440\u0435\u0442\u0440\u0430\u0433\u0430\">\n\t\t\t\t\t\t\t\t\t\t\t\t\t\t\t<div class=\"e-font-icon-svg-container\"><svg class=\"fa fa-search e-font-icon-svg e-fas-search\" viewbox=\"0 0 512 512\" xmlns=\"http:\/\/www.w3.org\/2000\/svg\"><path d=\"M505 442.7L405.3 343c-4.5-4.5-10.6-7-17-7H372c27.6-35.3 44-79.7 44-128C416 93.1 322.9 0 208 0S0 93.1 0 208s93.1 208 208 208c48.3 0 92.7-16.4 128-44v16.3c0 6.4 2.5 12.5 7 17l99.7 99.7c9.4 9.4 24.6 9.4 33.9 0l28.3-28.3c9.4-9.4 9.4-24.6.1-34zM208 336c-70.7 0-128-57.2-128-128 0-70.7 57.2-128 128-128 70.7 0 128 57.2 128 128 0 70.7-57.2 128-128 128z\"><\/path><\/svg><\/div>\t\t\t\t\t\t\t\t\t\t\t\t\t<\/button>\n\t\t\t\t\t\n\t\t\t\t\t\t\t\t\t<\/div>\n\t\t\t<input type=\"hidden\" name=\"trp-form-language\" value=\"sr_rs\"\/><\/form>\n\t\t<\/search>\n\t\t\t\t\t\t<\/div>\n\t\t\t\t<\/div>\n\t\t<div class=\"elementor-element elementor-element-2b4f77d0 e-con-full header-row e-flex e-con e-child\" data-id=\"2b4f77d0\" data-element_type=\"container\">\n\t\t\t\t<div class=\"elementor-element elementor-element-10262192 title elementor-widget elementor-widget-heading\" data-id=\"10262192\" data-element_type=\"widget\" data-widget_type=\"heading.default\">\n\t\t\t\t<div class=\"elementor-widget-container\">\n\t\t\t\t\t<h3 class=\"elementor-heading-title elementor-size-default\"><a href=\"https:\/\/tuzilastvo.me\/sr_rs\/vrhovno-drzavno-tuzilastvo\/\">\u041d\u0430\u0441\u043b\u043e\u0432\u043d\u0430<\/a><\/h3>\t\t\t\t<\/div>\n\t\t\t\t<\/div>\n\t\t\t\t<div class=\"elementor-element elementor-element-75a22957 title elementor-widget elementor-widget-heading\" data-id=\"75a22957\" data-element_type=\"widget\" data-widget_type=\"heading.default\">\n\t\t\t\t<div class=\"elementor-widget-container\">\n\t\t\t\t\t<h3 class=\"elementor-heading-title elementor-size-default\"><a href=\"https:\/\/tuzilastvo.me\/sr_rs\/vrhovno-drzavno-tuzilastvo\/vdt-o-nama\/\">\u041e \u043d\u0430\u043c\u0430<\/a><\/h3>\t\t\t\t<\/div>\n\t\t\t\t<\/div>\n\t\t\t\t<div class=\"elementor-element elementor-element-60e6f539 title elementor-widget elementor-widget-heading\" data-id=\"60e6f539\" data-element_type=\"widget\" data-widget_type=\"heading.default\">\n\t\t\t\t<div class=\"elementor-widget-container\">\n\t\t\t\t\t<h3 class=\"elementor-heading-title elementor-size-default\"><a href=\"https:\/\/tuzilastvo.me\/sr_rs\/vrhovno-drzavno-tuzilastvo\/vdt-biblioteka\/\">\u0411\u0438\u0431\u043b\u0438\u043e\u0442\u0435\u043a\u0430<\/a><\/h3>\t\t\t\t<\/div>\n\t\t\t\t<\/div>\n\t\t\t\t<div class=\"elementor-element elementor-element-5cc4fd47 title elementor-widget elementor-widget-heading\" data-id=\"5cc4fd47\" data-element_type=\"widget\" data-widget_type=\"heading.default\">\n\t\t\t\t<div class=\"elementor-widget-container\">\n\t\t\t\t\t<h3 class=\"elementor-heading-title elementor-size-default\"><a href=\"https:\/\/tuzilastvo.me\/sr_rs\/vrhovno-drzavno-tuzilastvo\/vdt-medjunarodna-saradnja\/\">\u041c\u0435\u0452\u0443\u043d\u0430\u0440\u043e\u0434\u043d\u0430 \u0441\u0430\u0440\u0430\u0434\u045a\u0430<\/a><\/h3>\t\t\t\t<\/div>\n\t\t\t\t<\/div>\n\t\t\t\t<div class=\"elementor-element elementor-element-44d29f7 title elementor-widget elementor-widget-heading\" data-id=\"44d29f7\" data-element_type=\"widget\" data-widget_type=\"heading.default\">\n\t\t\t\t<div class=\"elementor-widget-container\">\n\t\t\t\t\t<h3 class=\"elementor-heading-title elementor-size-default\"><a href=\"https:\/\/tuzilastvo.me\/sr_rs\/vrhovno-drzavno-tuzilastvo\/vdt-tuzilacka-praksa-odluke\/\">\u0422\u0443\u0436\u0438\u043b\u0430\u0447\u043a\u0430 \u043f\u0440\u0430\u043a\u0441\u0430\/\u043e\u0434\u043b\u0443\u043a\u0435<\/a><\/h3>\t\t\t\t<\/div>\n\t\t\t\t<\/div>\n\t\t\t\t<div class=\"elementor-element elementor-element-73e34f67 title elementor-widget elementor-widget-heading\" data-id=\"73e34f67\" data-element_type=\"widget\" data-widget_type=\"heading.default\">\n\t\t\t\t<div class=\"elementor-widget-container\">\n\t\t\t\t\t<h3 class=\"elementor-heading-title elementor-size-default\"><a href=\"https:\/\/tuzilastvo.me\/sr_rs\/vrhovno-drzavno-tuzilastvo\/vdt-odnosi-s-javnoscu\/\">\u041e\u0434\u043d\u043e\u0441\u0438 \u0441 \u0458\u0430\u0432\u043d\u043e\u0448\u045b\u0443<\/a><\/h3>\t\t\t\t<\/div>\n\t\t\t\t<\/div>\n\t\t\t\t<div class=\"elementor-element elementor-element-8a459f0 title elementor-widget elementor-widget-heading\" data-id=\"8a459f0\" data-element_type=\"widget\" data-widget_type=\"heading.default\">\n\t\t\t\t<div class=\"elementor-widget-container\">\n\t\t\t\t\t<h3 class=\"elementor-heading-title elementor-size-default\"><a href=\"https:\/\/tuzilastvo.me\/sr_rs\/vrhovno-drzavno-tuzilastvo\/vdt-strucna-sluzba\/\">\u0421\u0442\u0440\u0443\u0447\u043d\u0430 \u0441\u043b\u0443\u0436\u0431\u0430 \u0437\u0430 \u043f\u043e\u0434\u0440\u0448\u043a\u0443 \u043c\u0430\u043b\u043e\u0459\u0435\u0442\u043d\u0438\u0446\u0438\u043c\u0430<\/a><\/h3>\t\t\t\t<\/div>\n\t\t\t\t<\/div>\n\t\t\t\t<div class=\"elementor-element elementor-element-2f78b256 title elementor-widget elementor-widget-heading\" data-id=\"2f78b256\" data-element_type=\"widget\" data-widget_type=\"heading.default\">\n\t\t\t\t<div class=\"elementor-widget-container\">\n\t\t\t\t\t<h3 class=\"elementor-heading-title elementor-size-default\"><a href=\"https:\/\/tuzilastvo.me\/sr_rs\/vrhovno-drzavno-tuzilastvo\/vdt-oglasi\/\">\u041e\u0433\u043b\u0430\u0441\u0438<\/a><\/h3>\t\t\t\t<\/div>\n\t\t\t\t<\/div>\n\t\t\t\t<div class=\"elementor-element elementor-element-4f958d7c title elementor-widget elementor-widget-heading\" data-id=\"4f958d7c\" data-element_type=\"widget\" data-widget_type=\"heading.default\">\n\t\t\t\t<div class=\"elementor-widget-container\">\n\t\t\t\t\t<h3 class=\"elementor-heading-title elementor-size-default\"><a href=\"https:\/\/tuzilastvo.me\/sr_rs\/vrhovno-drzavno-tuzilastvo\/vdt-kontakt\/\">\u041a\u043e\u043d\u0442\u0430\u043a\u0442<\/a><\/h3>\t\t\t\t<\/div>\n\t\t\t\t<\/div>\n\t\t\t\t<\/div>\n\t\t\t\t\t<\/div>\n\t\t\t\t<\/div>\n\t\t\t\t<\/div>\n\t\t\t\t<\/div>\n\t\t\t\t\t\t<\/div>\n\t\t\t\t<\/div>\n\t\t\t\t<\/div>\n\t\t<div class=\"elementor-element elementor-element-a30d07f e-con-full e-flex e-con e-parent\" data-id=\"a30d07f\" data-element_type=\"container\">\n\t\t\t\t<div class=\"elementor-element elementor-element-e2401f8 elementor-widget elementor-widget-heading\" data-id=\"e2401f8\" data-element_type=\"widget\" data-widget_type=\"heading.default\">\n\t\t\t\t<div class=\"elementor-widget-container\">\n\t\t\t\t\t<h2 class=\"elementor-heading-title elementor-size-default\"> \u041e\u0434\u043d\u043e\u0441\u0438 \u0441 \u0458\u0430\u0432\u043d\u043e\u0448\u045b\u0443<\/h2>\t\t\t\t<\/div>\n\t\t\t\t<\/div>\n\t\t\t\t<div class=\"elementor-element elementor-element-4ddedc1 elementor-widget elementor-widget-heading\" data-id=\"4ddedc1\" data-element_type=\"widget\" data-widget_type=\"heading.default\">\n\t\t\t\t<div class=\"elementor-widget-container\">\n\t\t\t\t\t<h3 class=\"elementor-heading-title elementor-size-default\">\u0421\u043b\u043e\u0431\u043e\u0434\u0430\u043d \u043f\u0440\u0438\u0441\u0442\u0443\u043f \u0438\u043d\u0444\u043e\u0440\u043c\u0430\u0446\u0438\u0458\u0430\u043c\u0430<\/h3>\t\t\t\t<\/div>\n\t\t\t\t<\/div>\n\t\t<div class=\"elementor-element elementor-element-c7b066d e-grid e-con-full e-con e-child\" data-id=\"c7b066d\" data-element_type=\"container\">\n\t\t<a class=\"elementor-element elementor-element-ceb1568 e-con-full e-flex e-con e-child\" data-id=\"ceb1568\" data-element_type=\"container\" href=\"https:\/\/tuzilastvo.me\/sr_rs\/vrhovno-drzavno-tuzilastvo\/vdt-odnosi-s-javnoscu\/vdt-slobodan-pristup-informacijama\/zakon-o-slobodnom-pristupu-informacijama\/\">\n\t\t\t\t<div class=\"elementor-element elementor-element-a197ff5 title elementor-widget elementor-widget-heading\" data-id=\"a197ff5\" data-element_type=\"widget\" data-widget_type=\"heading.default\">\n\t\t\t\t<div class=\"elementor-widget-container\">\n\t\t\t\t\t<h3 class=\"elementor-heading-title elementor-size-default\">\u0417\u0430\u043a\u043e\u043d \u043e \u0441\u043b\u043e\u0431\u043e\u0434\u043d\u043e\u043c \u043f\u0440\u0438\u0441\u0442\u0443\u043f\u0443 \u0438\u043d\u0444\u043e\u0440\u043c\u0430\u0446\u0438\u0458\u0430\u043c\u0430<\/h3>\t\t\t\t<\/div>\n\t\t\t\t<\/div>\n\t\t\t\t<\/a>\n\t\t<a class=\"elementor-element elementor-element-a23edb9 e-con-full e-flex e-con e-child\" data-id=\"a23edb9\" data-element_type=\"container\" href=\"https:\/\/tuzilastvo.me\/sr_rs\/vrhovno-drzavno-tuzilastvo\/vdt-odnosi-s-javnoscu\/vdt-slobodan-pristup-informacijama\/vodic-za-slobodan-pristup-informacijama\/\">\n\t\t\t\t<div class=\"elementor-element elementor-element-e0b4fdc title elementor-widget elementor-widget-heading\" data-id=\"e0b4fdc\" data-element_type=\"widget\" data-widget_type=\"heading.default\">\n\t\t\t\t<div class=\"elementor-widget-container\">\n\t\t\t\t\t<h3 class=\"elementor-heading-title elementor-size-default\">\u0412\u043e\u0434\u0438\u0447 \u0437\u0430 \u0441\u043b\u043e\u0431\u043e\u0434\u0430\u043d \u043f\u0440\u0438\u0441\u0442\u0443\u043f \u0438\u043d\u0444\u043e\u0440\u043c\u0430\u0446\u0438\u0458\u0430\u043c\u0430<\/h3>\t\t\t\t<\/div>\n\t\t\t\t<\/div>\n\t\t\t\t<\/a>\n\t\t<a class=\"elementor-element elementor-element-ae904dd e-con-full e-flex e-con e-child\" data-id=\"ae904dd\" data-element_type=\"container\" href=\"https:\/\/tuzilastvo.me\/sr_rs\/vrhovno-drzavno-tuzilastvo\/vdt-odnosi-s-javnoscu\/vdt-slobodan-pristup-informacijama\/javni-registri-i-javne-evidencije\/\">\n\t\t\t\t<div class=\"elementor-element elementor-element-f856456 title elementor-widget elementor-widget-heading\" data-id=\"f856456\" data-element_type=\"widget\" data-widget_type=\"heading.default\">\n\t\t\t\t<div class=\"elementor-widget-container\">\n\t\t\t\t\t<h3 class=\"elementor-heading-title elementor-size-default\">\u0408\u0430\u0432\u043d\u0438 \u0440\u0435\u0433\u0438\u0441\u0442\u0440\u0438 \u0438 \u0458\u0430\u0432\u043d\u0435 \u0435\u0432\u0438\u0434\u0435\u043d\u0446\u0438\u0458\u0435<\/h3>\t\t\t\t<\/div>\n\t\t\t\t<\/div>\n\t\t\t\t<\/a>\n\t\t<a class=\"elementor-element elementor-element-9742498 e-con-full e-flex e-con e-child\" data-id=\"9742498\" data-element_type=\"container\" href=\"https:\/\/tuzilastvo.me\/sr_rs\/vrhovno-drzavno-tuzilastvo\/vdt-odnosi-s-javnoscu\/vdt-slobodan-pristup-informacijama\/programi-i-planovi-rada\/\">\n\t\t\t\t<div class=\"elementor-element elementor-element-43d09a5 title elementor-widget elementor-widget-heading\" data-id=\"43d09a5\" data-element_type=\"widget\" data-widget_type=\"heading.default\">\n\t\t\t\t<div class=\"elementor-widget-container\">\n\t\t\t\t\t<h3 class=\"elementor-heading-title elementor-size-default\">\u041f\u0440\u043e\u0433\u0440\u0430\u043c\u0438 \u0438 \u043f\u043b\u0430\u043d\u043e\u0432\u0438 \u0440\u0430\u0434\u0430<\/h3>\t\t\t\t<\/div>\n\t\t\t\t<\/div>\n\t\t\t\t<\/a>\n\t\t<a class=\"elementor-element elementor-element-6c0ac17 e-con-full e-flex e-con e-child\" data-id=\"6c0ac17\" data-element_type=\"container\" href=\"https:\/\/tuzilastvo.me\/sr_rs\/vrhovno-drzavno-tuzilastvo\/vdt-odnosi-s-javnoscu\/vdt-slobodan-pristup-informacijama\/spisak-javnih-funkcionera\/\">\n\t\t\t\t<div class=\"elementor-element elementor-element-71f23ab title elementor-widget elementor-widget-heading\" data-id=\"71f23ab\" data-element_type=\"widget\" data-widget_type=\"heading.default\">\n\t\t\t\t<div class=\"elementor-widget-container\">\n\t\t\t\t\t<h3 class=\"elementor-heading-title elementor-size-default\">\u0421\u043f\u0438\u0441\u0430\u043a \u0458\u0430\u0432\u043d\u0438\u0445 \u0444\u0443\u043d\u043a\u0446\u0438\u043e\u043d\u0435\u0440\u0430<\/h3>\t\t\t\t<\/div>\n\t\t\t\t<\/div>\n\t\t\t\t<\/a>\n\t\t<a class=\"elementor-element elementor-element-c42477b e-con-full e-flex e-con e-child\" data-id=\"c42477b\" data-element_type=\"container\" href=\"https:\/\/tuzilastvo.me\/sr_rs\/vrhovno-drzavno-tuzilastvo\/vdt-odnosi-s-javnoscu\/vdt-slobodan-pristup-informacijama\/spisak-javnih-funkcionera\/\">\n\t\t\t\t<div class=\"elementor-element elementor-element-e77298a title elementor-widget elementor-widget-heading\" data-id=\"e77298a\" data-element_type=\"widget\" data-widget_type=\"heading.default\">\n\t\t\t\t<div class=\"elementor-widget-container\">\n\t\t\t\t\t<h3 class=\"elementor-heading-title elementor-size-default\">\u0421\u043f\u0438\u0441\u0430\u043a \u0434\u0440\u0436\u0430\u0432\u043d\u0438\u0445 \u0441\u043b\u0443\u0436\u0431\u0435\u043d\u0438\u043a\u0430 \u0438 \u043d\u0430\u043c\u0458\u0435\u0448\u0442\u0435\u043d\u0438\u043a\u0430<\/h3>\t\t\t\t<\/div>\n\t\t\t\t<\/div>\n\t\t\t\t<\/a>\n\t\t<a class=\"elementor-element elementor-element-966ac16 e-con-full e-flex e-con e-child\" data-id=\"966ac16\" data-element_type=\"container\" href=\"https:\/\/tuzilastvo.me\/sr_rs\/vrhovno-drzavno-tuzilastvo\/vdt-odnosi-s-javnoscu\/vdt-slobodan-pristup-informacijama\/spisak-sluzbenih-vozila\/\">\n\t\t\t\t<div class=\"elementor-element elementor-element-48dad07 title elementor-widget elementor-widget-heading\" data-id=\"48dad07\" data-element_type=\"widget\" data-widget_type=\"heading.default\">\n\t\t\t\t<div class=\"elementor-widget-container\">\n\t\t\t\t\t<h3 class=\"elementor-heading-title elementor-size-default\">\u0421\u043f\u0438\u0441\u0430\u043a \u0441\u043b\u0443\u0436\u0431\u0435\u043d\u0438\u0445 \u0432\u043e\u0437\u0438\u043b\u0430<\/h3>\t\t\t\t<\/div>\n\t\t\t\t<\/div>\n\t\t\t\t<\/a>\n\t\t<a class=\"elementor-element elementor-element-c485817 e-con-full e-flex e-con e-child\" data-id=\"c485817\" data-element_type=\"container\" href=\"https:\/\/tuzilastvo.me\/sr_rs\/vrhovno-drzavno-tuzilastvo\/vdt-odnosi-s-javnoscu\/vdt-slobodan-pristup-informacijama\/zahtjevi-kojima-je-pristup-odobren\/\">\n\t\t\t\t<div class=\"elementor-element elementor-element-96f75db title elementor-widget elementor-widget-heading\" data-id=\"96f75db\" data-element_type=\"widget\" data-widget_type=\"heading.default\">\n\t\t\t\t<div class=\"elementor-widget-container\">\n\t\t\t\t\t<h3 class=\"elementor-heading-title elementor-size-default\">\u0417\u0430\u0445\u0442\u0458\u0435\u0432\u0438 \u043a\u043e\u0458\u0438\u043c\u0430 \u0458\u0435 \u043f\u0440\u0438\u0441\u0442\u0443\u043f \u043e\u0434\u043e\u0431\u0440\u0435\u043d<\/h3>\t\t\t\t<\/div>\n\t\t\t\t<\/div>\n\t\t\t\t<\/a>\n\t\t<a class=\"elementor-element elementor-element-9880139 e-con-full e-flex e-con e-child\" data-id=\"9880139\" data-element_type=\"container\" href=\"https:\/\/tuzilastvo.me\/sr_rs\/vrhovno-drzavno-tuzilastvo\/vdt-odnosi-s-javnoscu\/vdt-slobodan-pristup-informacijama\/analiticke-kartice\/\">\n\t\t\t\t<div class=\"elementor-element elementor-element-77353cf title elementor-widget elementor-widget-heading\" data-id=\"77353cf\" data-element_type=\"widget\" data-widget_type=\"heading.default\">\n\t\t\t\t<div class=\"elementor-widget-container\">\n\t\t\t\t\t<h3 class=\"elementor-heading-title elementor-size-default\">\u0410\u043d\u0430\u043b\u0438\u0442\u0438\u0447\u043a\u0435 \u043a\u0430\u0440\u0442\u0438\u0446\u0435<\/h3>\t\t\t\t<\/div>\n\t\t\t\t<\/div>\n\t\t\t\t<\/a>\n\t\t<a class=\"elementor-element elementor-element-b6ae44b e-con-full e-flex e-con e-child\" data-id=\"b6ae44b\" data-element_type=\"container\" href=\"https:\/\/tuzilastvo.me\/sr_rs\/vrhovno-drzavno-tuzilastvo\/vdt-odnosi-s-javnoscu\/vdt-slobodan-pristup-informacijama\/putni-nalozi\/\">\n\t\t\t\t<div class=\"elementor-element elementor-element-266151c title elementor-widget elementor-widget-heading\" data-id=\"266151c\" data-element_type=\"widget\" data-widget_type=\"heading.default\">\n\t\t\t\t<div class=\"elementor-widget-container\">\n\t\t\t\t\t<h3 class=\"elementor-heading-title elementor-size-default\">\u041f\u0443\u0442\u043d\u0438 \u043d\u0430\u043b\u043e\u0437\u0438<\/h3>\t\t\t\t<\/div>\n\t\t\t\t<\/div>\n\t\t\t\t<\/a>\n\t\t\t\t<\/div>\n\t\t\t\t<\/div>\n\t\t\t\t<\/div>","protected":false},"excerpt":{"rendered":"<p>Odnosi s javno\u0161\u0107u Slobodan pristup informacijama Zakon o slobodnom pristupu informacijama Vodi\u010d za slobodan pristup informacijama Javni registri i javne [&hellip;]<\/p>","protected":false},"author":23,"featured_media":0,"parent":2296,"menu_order":0,"comment_status":"closed","ping_status":"closed","template":"","meta":{"_acf_changed":false,"site-sidebar-layout":"no-sidebar","site-content-layout":"","ast-site-content-layout":"full-width-container","site-content-style":"default","site-sidebar-style":"default","ast-global-header-display":"","ast-banner-title-visibility":"","ast-main-header-display":"","ast-hfb-above-header-display":"","ast-hfb-below-header-display":"","ast-hfb-mobile-header-display":"","site-post-title":"disabled","ast-breadcrumbs-content":"","ast-featured-img":"disabled","footer-sml-layout":"","theme-transparent-header-meta":"","adv-header-id-meta":"","stick-header-meta":"","header-above-stick-meta":"","header-main-stick-meta":"","header-below-stick-meta":"","astra-migrate-meta-layouts":"default","ast-page-background-enabled":"default","ast-page-background-meta":{"desktop":{"background-color":"var(--ast-global-color-4)","background-image":"","background-repeat":"repeat","background-position":"center center","background-size":"auto","background-attachment":"scroll","background-type":"","background-media":"","overlay-type":"","overlay-color":"","overlay-opacity":"","overlay-gradient":""},"tablet":{"background-color":"","background-image":"","background-repeat":"repeat","background-position":"center center","background-size":"auto","background-attachment":"scroll","background-type":"","background-media":"","overlay-type":"","overlay-color":"","overlay-opacity":"","overlay-gradient":""},"mobile":{"background-color":"","background-image":"","background-repeat":"repeat","background-position":"center center","background-size":"auto","background-attachment":"scroll","background-type":"","background-media":"","overlay-type":"","overlay-color":"","overlay-opacity":"","overlay-gradient":""}},"ast-content-background-meta":{"desktop":{"background-color":"var(--ast-global-color-5)","background-image":"","background-repeat":"repeat","background-position":"center center","background-size":"auto","background-attachment":"scroll","background-type":"","background-media":"","overlay-type":"","overlay-color":"","overlay-opacity":"","overlay-gradient":""},"tablet":{"background-color":"var(--ast-global-color-5)","background-image":"","background-repeat":"repeat","background-position":"center center","background-size":"auto","background-attachment":"scroll","background-type":"","background-media":"","overlay-type":"","overlay-color":"","overlay-opacity":"","overlay-gradient":""},"mobile":{"background-color":"var(--ast-global-color-5)","background-image":"","background-repeat":"repeat","background-position":"center center","background-size":"auto","background-attachment":"scroll","background-type":"","background-media":"","overlay-type":"","overlay-color":"","overlay-opacity":"","overlay-gradient":""}},"footnotes":""},"class_list":["post-696","page","type-page","status-publish","hentry"],"acf":[],"_links":{"self":[{"href":"https:\/\/tuzilastvo.me\/sr_rs\/wp-json\/wp\/v2\/pages\/696","targetHints":{"allow":["GET"]}}],"collection":[{"href":"https:\/\/tuzilastvo.me\/sr_rs\/wp-json\/wp\/v2\/pages"}],"about":[{"href":"https:\/\/tuzilastvo.me\/sr_rs\/wp-json\/wp\/v2\/types\/page"}],"author":[{"embeddable":true,"href":"https:\/\/tuzilastvo.me\/sr_rs\/wp-json\/wp\/v2\/users\/23"}],"replies":[{"embeddable":true,"href":"https:\/\/tuzilastvo.me\/sr_rs\/wp-json\/wp\/v2\/comments?post=696"}],"version-history":[{"count":91,"href":"https:\/\/tuzilastvo.me\/sr_rs\/wp-json\/wp\/v2\/pages\/696\/revisions"}],"predecessor-version":[{"id":62706,"href":"https:\/\/tuzilastvo.me\/sr_rs\/wp-json\/wp\/v2\/pages\/696\/revisions\/62706"}],"up":[{"embeddable":true,"href":"https:\/\/tuzilastvo.me\/sr_rs\/wp-json\/wp\/v2\/pages\/2296"}],"wp:attachment":[{"href":"https:\/\/tuzilastvo.me\/sr_rs\/wp-json\/wp\/v2\/media?parent=696"}],"curies":[{"name":"wp","href":"https:\/\/api.w.org\/{rel}","templated":true}]}}